{"id":778,"date":"2018-07-02T12:50:01","date_gmt":"2018-07-02T09:50:01","guid":{"rendered":"https:\/\/www.epa.lt\/?page_id=778"},"modified":"2023-06-26T12:17:15","modified_gmt":"2023-06-26T09:17:15","slug":"privatumo-politika","status":"publish","type":"page","link":"https:\/\/www.epa.lt\/en\/privatumo-politika\/","title":{"rendered":"Privatumo politika"},"content":{"rendered":"<h4 style=\"text-align: center;\">Asociacijos \u201eEEPA\u201c Privatumo politika<\/h4>\n<h4 style=\"text-align: center;\">I SKYRIUS<br \/>\nPRIVATUMO POLITIKOS DALYKAS IR TIKSLAS<\/h4>\n<p>1.1. Asociacijos \u201eEEPA\u201c Privatumo politika parengta \u012fgyvendinant 2016 m. baland\u017eio 27 d. Europos Parlamento ir Tarybos reglamento (ES) 2016\/679 d\u0117l fizini\u0173 asmen\u0173 apsaugos tvarkant asmens duomenis ir d\u0117l laisvo toki\u0173 duomen\u0173 jud\u0117jimo ir kuriuo panaikinama Direktyva 95\/46\/EB (toliau \u2013 Reglamentas) nuostatas.<br \/>\n1.2. Asociacijos \u201eEEPA\u201c Privatumo politikos tikslas \u2013 nustatyti asmens duomen\u0173 tvarkymo principus, naudojantis Asociacijos \u201eEEPA\u201c teikiamomis paslaugomis, taip pat apibr\u0117\u017eti J\u016bs\u0173 kaip duomen\u0173 subjekto teises ir Asociacijos \u201eEEPA\u201c kaip duomen\u0173 valdytojo pareigas.<br \/>\n1.3. Jeigu J\u016bs nesutinkate su \u0161ia Privatumo politika ar atskiromis j\u0173 s\u0105lygomis, mes, deja, negal\u0117sime suteikti Jums galimyb\u0117s naudotis visomis ar bet kuria i\u0161 m\u016bs\u0173 teikiam\u0173 paslaug\u0173.<br \/>\n1.4. \u0160ioje Privatumo politikoje J\u016bs rasite vis\u0105 informacij\u0105, kokius J\u016bs\u0173 duomenis mes renkame ir tvarkome, kam juos naudojame, kiek laiko saugome ir kt. \u0160i informacija svarbi, tod\u0117l tikim\u0117s, kad atid\u017eiai j\u0105 perskaitysite.<br \/>\n1.5. Atkreipiame J\u016bs\u0173 d\u0117mes\u012f \u012f tai, kad Privatumo politika gali b\u016bti kei\u010diama, pildoma, atnaujinama. M\u016bs\u0173 interneto puslapyje skelbiame aktuali\u0105 Privatumo politikos redakcij\u0105, nurodydami, kokios datos redakcija pateikiama.<\/p>\n<h4 style=\"text-align: center;\">II SKYRIUS<br \/>\nDUOMEN\u0172 VALDYTOJO IDENTIFIKACINIAI DUOMENYS IR VEIKLOS PASKIRTIS<\/h4>\n<p>2.1. Asociacija \u201eEEPA\u201c yra licencijuota ne pelno siekianti gamintoj\u0173 ir importuotoj\u0173 pavedimu organizuojanti elektros ir elektronin\u0117s \u012frangos atliek\u0173 surinkim\u0105 ir tvarkym\u0105 organizacija turinti Aplinkos ministerijos i\u0161duotas Elektros ir elektronin\u0117s \u012frangos atliek\u0173 tvarkymo bei Apmokestinam\u0173j\u0173 gamini\u0173 atliek\u0173 tvarkymo licencijas.<br \/>\n2.2. Asociacijos \u201eEEPA\u201c juridinio asmens kodas \u2013 300543821.<br \/>\n2.3. Asociacijos \u201eEEPA\u201c registruotos buvein\u0117s adresas \u2013 \u017demait\u0117s g. 21-101, Vilnius; faktin\u0117 veiklos vykdymo vieta \u2013 Mindaugo g. 44-84, Vilnius.<\/p>\n<h4 style=\"text-align: center;\">III SKYRIUS<br \/>\nASOCIACIJOS \u201eEEPA\u201c RENKAM\u0172 IR TVARKOM\u0172 ASMENS DUOMEN\u0172 APIB\u016aDINIMAS<\/h4>\n<p>3.1. J\u016bs\u0173 asmens duomenis renkame ir tvarkome Jums pageidaujant pasinaudoti Asociacijos \u201eEEPA\u201c teikiama paslauga \u2013 elektros ir elektronin\u0117s \u012frangos bei baterij\u0173 ir akumuliatori\u0173 i\u0161ve\u017eimo i\u0161 nam\u0173 \u016bki\u0173 paslauga.<br \/>\n3.2. Elektros ir elektronin\u0117s \u012frangos bei baterij\u0173 ir akumuliatori\u0173 i\u0161ve\u017eim\u0105 i\u0161 nam\u0173 \u016bki\u0173 J\u016bs galite u\u017eregistruoti \u0161iais b\u016bdais:<br \/>\n3.2.1. registruodamiesi telefonu +370 695 55111;<br \/>\n3.2.2. u\u017epildydami registracijos form\u0105 interneto puslapyje www.epa.lt;<br \/>\n3.2.3. kitais registracijos b\u016bdais, kuriuos Asociacija \u201eEEPA\u201c gali pasi\u016blyti (pvz., per vie\u0161\u0105sias bibliotekas ir pan.).<br \/>\n3.3. Registracijos metu yra renkami \u0161ie J\u016bs\u0173 asmens duomenys:<br \/>\n3.3.1. J\u016bs\u0173 vardas ir pavard\u0117;<br \/>\n3.3.2. J\u016bs\u0173 gyvenamosios vietos (darboviet\u0117s ar kitas) adresas, kuriuo pageidaujate, kad b\u016bt\u0173 \u012fvykdytas atliek\u0173 i\u0161ve\u017eimas;<br \/>\n3.3.3. J\u016bs\u0173 telefono numeris, kuriuo atliek\u0173 i\u0161ve\u017eimo klausimu galima su Jumis susisiekti;<br \/>\n3.3.4. J\u016bs\u0173 elektroninio pa\u0161to adresas, kuriuo atliek\u0173 i\u0161ve\u017eimo klausimu galima su Jumis susisiekti;<br \/>\n3.3.5. J\u016bs\u0173 sutikimas (i\u0161reik\u0161tas telefonu arba u\u017epild\u017eius registracijos form\u0105).<br \/>\n3.4. Asociacija \u201eEEPA\u201c taip pat vykdo \u012fvairius nenuolatinius edukacinius projektus (pvz. Nacionalin\u0117 aplinkosaugos olimpiada). \u0160i\u0173 projekt\u0173 metu renkam\u0173 ir tvarkom\u0173 duomen\u0173 kategorij\u0173 ir tvarkymo tiksl\u0173 apib\u016bdinimas yra pateikiamas konkretaus projekto taisykl\u0117se, kurios skelbiamos interneto puslapyje <a href=\"https:\/\/www.epa.lt\">www.epa.lt<\/a>.<\/p>\n<h4 style=\"text-align: center;\">IV SKYRIUS<br \/>\nASOCIACIJOS \u201eEEPA\u201c ASMENS DUOMEN\u0172 TVARKYMO PAGRIND\u0172 APIB\u016aDINIMAS<\/h4>\n<p>4.1. Asociacija \u201eEEPA\u201c renka ir tvarko \u0161ios Privatumo politikos 3.3 punkte i\u0161vardintus J\u016bs\u0173 asmens duomenis \u0161iais teisiniais pagrindais:<br \/>\n4.1.1. J\u016bs\u0173 sutikimas \u0161ioje Privatumo politikoje numatytomis s\u0105lygomis, pateiktas registruojant elektros ir elektronin\u0117s \u012frangos bei baterij\u0173 ir akumuliatori\u0173 i\u0161ve\u017eim\u0105 i\u0161 nam\u0173 \u016bki\u0173 (Reglamento 6 straipsnio 1 dalies a) punktas);<br \/>\n4.1.2. tvarkyti duomenis b\u016btina siekiant \u012fvykdyti sutart\u012f \u2013 suteikti elektros ir elektronin\u0117s \u012frangos bei baterij\u0173 ir akumuliatori\u0173 i\u0161ve\u017eimo i\u0161 nam\u0173 \u016bki\u0173 paslaug\u0105 (Reglamento 6 straipsnio 1 dalies b) punktas);<br \/>\n4.1.3. tvarkyti duomenis b\u016btina, kad b\u016bt\u0173 \u012fvykdyta duomen\u0173 valdytojui taikoma teisin\u0117 prievol\u0117 (Reglamento 6 straipsnio 1 dalies c) punktas).<br \/>\n4.2. T\u0173 pa\u010di\u0173 J\u016bs\u0173 asmens duomen\u0173 tvarkymui gali b\u016bti taikomas vienas ar keli auk\u0161\u010diau nurodyti teisiniai pagrindai.<br \/>\n4.3. Vykdant nenuolatinius edukacinius projektus Asociacija \u201eEEPA\u201c renka ir tvarko J\u016bs\u0173 asmens duomenis i\u0161skirtinai ir tik J\u016bs\u0173 sutikimo pagrindu (Reglamento 6 straipsnio 1 dalies a) punktas) pagal konkretaus projekto taisykl\u0117se numatyt\u0105 tvark\u0105.<\/p>\n<h4 style=\"text-align: center;\">V SKYRIUS<br \/>\nDUOMEN\u0172 TVARKYMO TERMIN\u0172 APIB\u016aDINIMAS<\/h4>\n<p>5.1. Asociacija \u201eEEPA\u201c \u0161ios Privatumo politikos 3.3.1 \u2013 3.3.4 punktuose nurodytus J\u016bs\u0173 asmens duomenis tvarko iki J\u016bs\u0173 sutikimo at\u0161aukimo, o jo neat\u0161aukus ne ilgiau nei 6 m\u0117nesius nuo J\u016bs\u0173 registracijos apie elektros ir elektronin\u0117s \u012frangos bei baterij\u0173 ir akumuliatori\u0173 i\u0161ve\u017eim\u0105 i\u0161 nam\u0173 \u016bki\u0173 dienos. At\u0161aukus J\u016bs\u0173 sutikim\u0105 arba pasibaigus nurodytam terminui J\u016bs\u0173 pateikti \u0161ios Privatumo politikos 3.3.1 \u2013 3.3.4 punktuose nurodyti J\u016bs\u0173 asmens duomenys saugiai sunaikinami.<br \/>\n5.2. Asociacija \u201eEEPA\u201c \u0161ios Privatumo politikos 3.3.5 punkte nurodyt\u0105 J\u016bs\u0173 sutikim\u0105 (i\u0161reik\u0161t\u0105 telefonu arba u\u017epild\u017eius registracijos form\u0105) saugo vienerius metus nuo J\u016bs\u0173 registracijos apie elektros ir elektronin\u0117s \u012frangos bei baterij\u0173 ir akumuliatori\u0173 i\u0161ve\u017eim\u0105 i\u0161 nam\u0173 \u016bki\u0173 dienos.<br \/>\n5.3. Vykdant nenuolatinius edukacinius projektus Asociacija \u201eEEPA\u201c renka ir tvarko J\u016bs\u0173 asmens duomenis ne ilgiau nei tai yra b\u016btina tais tikslais, kuriais asmens duomenys yra tvarkomi (pvz., iki J\u016bs\u0173 sutikimo at\u0161aukimo, iki konkurso prizo \u012fteikimo ir pan.). Konkret\u016bs duomen\u0173 tvarkymo terminai nurodomi konkretaus projekto taisykl\u0117se.<\/p>\n<h4 style=\"text-align: center;\">VI SKYRIUS<br \/>\nATVEJAI, KURIAIS J\u016aS\u0172 ASMENS DUOMENYS TEIKIAMI TRETIESIEMS ASMENIMS<\/h4>\n<p>6.1. J\u016bs\u0173 asmens duomenys, nurodyti \u0161ios Privatumo politikos 3.3.1 \u2013 3.3.4 punktuose, bus pateikti duomen\u0173 gav\u0117jui \u2013 atliek\u0173 surinkim\u0105 ir ve\u017eim\u0105 vykdan\u010diam juridiniam asmeniui \u2013 UAB \u201eKaravanas LT\u201c, kad \u0161is gal\u0117t\u0173 suteikti paslaug\u0105 \u2013 i\u0161ve\u017eti elektros ir elektronin\u0117s \u012frangos bei baterij\u0173 ir akumuliatori\u0173 atliekas i\u0161 nam\u0173 \u016bki\u0173. Paslaugos teikimo (atliek\u0173 pa\u0117mimo) metu surinkti J\u016bs\u0173 asmens duomenys bus fiksuojami atliek\u0173 pri\u0117mimo \u2013 perdavimo \u017einiara\u0161\u010diuose bei atliek\u0173 surinkimo \u017einiara\u0161\u010diuose, kituose teis\u0117s aktuose numatytuose dokumentuose, kurie v\u0117liau pateikiami atliek\u0173 tvarkytojams, turintiems teis\u0119 tvarkyti atliekas.<br \/>\n6.2. Duomenys taip pat gali b\u016bti pateikiami kompetentingoms vald\u017eios arba teis\u0117saugoms \u012fstaigoms, pvz., aplinkos apsaugos institucijoms, teis\u0117saugos institucijoms, ta\u010diau tik joms pareikalavus ir tik tada, kai reikalaujama pagal galiojan\u010dius teis\u0117s aktus arba teis\u0117s akt\u0173 numatytais atvejais ir tvarka.<br \/>\n6.3. Vykdant nenuolatinius edukacinius projektus Asociacija \u201eEEPA\u201c gali pateikti J\u016bs\u0173 asmens duomenis duomen\u0173 gav\u0117jams \u2013 tretiesiems asmenims, kurie gauna asmens duomenis j\u0173 tikslams (pvz., konkurso priz\u0105 \u012fsteigusi \u012fmon\u0117). Visais atvejais d\u0117l asmens duomen\u0173 perdavimo duomen\u0173 gav\u0117jams bus gaunamas atskiras J\u016bs\u0173 sutikimas ir duomen\u0173 gav\u0117jai bus nurodyti konkretaus projekto taisykl\u0117se.<\/p>\n<h4 style=\"text-align: center;\">VII SKYRIUS<br \/>\nDUOMEN\u0172 SUBJEKTO TEIS\u0116S IR J\u0172 \u012eGYVENDINIMAS<\/h4>\n<p>7.1. Reglamentas suteikia Jums daug teisi\u0173, kuriomis J\u016bs galite laisvai naudotis, o mes turime u\u017etikrinti Jums toki\u0105 galimyb\u0119. Informacij\u0105 apie konkre\u010dias J\u016bs\u0173 teises ir j\u0173 \u012fgyvendinimo b\u016bdus mes pateikiame \u0161ioje Privatumo politikoje:<br \/>\n7.1.1.<strong> Teis\u0117 susipa\u017einti su m\u016bs\u0173 tvarkomais J\u016bs\u0173 asmens duomenimis.<\/strong> J\u016bs turite teis\u0119 gauti m\u016bs\u0173 patvirtinim\u0105, ar mes tvarkome J\u016bs\u0173 asmens duomenis, o taip pat teis\u0119 susipa\u017einti su m\u016bs\u0173 tvarkomais J\u016bs\u0173 asmens duomenimis ir informacija apie duomen\u0173 tvarkymo tikslus, tvarkom\u0173 duomen\u0173 kategorijas, duomen\u0173 tvarkymo laikotarp\u012f, duomen\u0173 gavimo \u0161altinius. Did\u017ei\u0105j\u0105 dal\u012f \u0161ios informacijos mes pateikiame Jums \u0161ioje Privatumo politikoje. Jeigu \u0161ioje Privatumo politikoje pateikta informacija yra Jums nepakankama, galite kreiptis elektroniniu pa\u0161tu bendras@epa.lt;<br \/>\n7.1.2. <strong>Teis\u0117 i\u0161taisyti asmens duomenis.<\/strong> Jeigu pasikeit\u0117 J\u016bs\u0173 registracijos anketoje mums pateikti duomenys arba J\u016bs manote, kad m\u016bs\u0173 tvarkoma informacija apie Jus yra netiksli ar neteisinga, J\u016bs turite teis\u0119 reikalauti \u0161i\u0105 informacij\u0105 pakeisti, patikslinti ar i\u0161taisyti. \u0160iuo tikslu galite kreiptis elektroniniu pa\u0161tu bendras@epa.lt;<br \/>\n7.1.3. <strong>Teis\u0117 at\u0161aukti sutikim\u0105.<\/strong> Tais atvejais, kai J\u016bs\u0173 duomenis mes tvarkome J\u016bs\u0173 sutikimo pagrindu, J\u016bs turite teis\u0119 bet kada at\u0161aukti savo sutikim\u0105 ir J\u016bs\u0173 sutikimu grind\u017eiamas duomen\u0173 tvarkymas bus nutrauktas. Tam tikrais atvejais tai gali reik\u0161ti, kad nebegal\u0117sime suteikti galimyb\u0117s toliau naudotis m\u016bs\u0173 paslaugomis. Savo sutikimus J\u016bs galite koreguoti (juos at\u0161aukti ar i\u0161 naujo suteikti) pateikdami atitinkamai atnaujint\u0105 registracijos anket\u0105 arba susisiek\u0119 su mumis elektroniniu pa\u0161tu bendras@epa.lt. Nustojus galioti J\u016bs\u0173 sutikimui, j\u012f at\u0161aukus arba panaikinus, mes J\u016bs\u0173 sutikimu tvarkytus duomenis sunaikiname. Bet kokiu atveju J\u016bs\u0173 suteikt\u0105 sutikim\u0105 mes saugome vienerius metus nuo sutikimo pateikimo dienos, kad gal\u0117tume apsiginti nuo mums pareik\u0161t\u0173 reikalavim\u0173, pretenzij\u0173 ar ie\u0161kini\u0173;<br \/>\n7.1.4. <strong>Teis\u0117 pateikti skund\u0105.<\/strong> Jeigu J\u016bs manote, kad J\u016bs\u0173 duomenis mes tvarkome pa\u017eeisdami Reglamento reikalavimus, mes visuomet pirmiausia pra\u0161ome kreiptis tiesiogiai \u012f mus. Mes tikime, kad mums pavyks i\u0161sklaidyti visas J\u016bs\u0173 abejones, patenkinti pra\u0161ymus ir i\u0161taisyti m\u016bs\u0173 padarytas klaidas, jeigu toki\u0173 bus. Jeigu J\u016bs\u0173 netenkins m\u016bs\u0173 si\u016blomas problemos i\u0161sprendimo b\u016bdas arba, J\u016bs\u0173 nuomone, mes nesiimsime pagal J\u016bs\u0173 pra\u0161ym\u0105 b\u016btin\u0173 veiksm\u0173, J\u016bs tur\u0117site teis\u0119 pateikti skund\u0105 prie\u017ei\u016bros institucijai, kuria Lietuvos Respublikoje yra Valstybin\u0117 duomen\u0173 apsaugos inspekcija;<br \/>\n7.1.5. <strong>Teis\u0117 i\u0161trinti duomenis (teis\u0117 b\u016bti pamir\u0161tam).<\/strong> Esant tam tikroms Reglamente \u012fvardintoms aplinkyb\u0117ms (kai asmens duomenys tvarkomi neteis\u0117tai, i\u0161nyko duomen\u0173 tvarkymo pagrindas ir kt.), J\u016bs turite teis\u0119 pra\u0161yti, kad mes i\u0161trintume J\u016bs\u0173 asmens duomenis. Nor\u0117dami pasinaudoti \u0161ia teise, pra\u0161om pateikti pra\u0161ym\u0105 elektroniniu pa\u0161tu bendras@epa.lt. Svarbu pa\u017eym\u0117ti, kad J\u016bs\u0173 registracijos metu pateikti duomenys be J\u016bs\u0173 atskiro pra\u0161ymo bus i\u0161trinti, jeigu J\u016bs at\u0161auksite savo sutikim\u0105 arba pasibaigus \u0161ioje Privatumo politikoje nurodytam duomen\u0173 tvarkymo terminui;<br \/>\n7.1.6. <strong>Teis\u0117 apriboti duomen\u0173 tvarkym\u0105.<\/strong> Esant tam tikroms Reglamente \u012fvardintoms aplinkyb\u0117ms (kai asmens duomenys tvarkomi neteis\u0117tai, J\u016bs u\u017egin\u010dijate duomen\u0173 tikslum\u0105 ir kt.), J\u016bs turite teis\u0119 apriboti J\u016bs\u0173 duomen\u0173 tvarkym\u0105. Visgi, turime pa\u017eym\u0117ti, kad d\u0117l duomen\u0173 tvarkymo apribojimo ir tokio apribojimo laikotarpiu mes galime netur\u0117ti galimyb\u0117s u\u017etikrinti Jums paslaug\u0173 teikimo. Nor\u0117dami pasinaudoti \u0161iame skirsnyje nurodyta teise, pra\u0161ome pateikti pra\u0161ym\u0105 elektroniniu pa\u0161tu bendras@epa.lt;<br \/>\n7.1.7.<strong> Teis\u0117 \u012f duomen\u0173 perkeliamum\u0105.<\/strong> Duomenis, kuriuos mes tvarkome pagal J\u016bs\u0173 sutikim\u0105 ir kuri\u0173 tvarkymas atliekamas taikant automatizuotas priemones, J\u016bs turite teis\u0119 perkelti kitam duomen\u0173 valdytojui. J\u016bs\u0173 pageidaujamus perkelti duomenis mes Jums pateiksime \u012fprastai m\u016bs\u0173 sistemose naudojamu ir kompiuterio skaitomu formatu, o Jums pageidaujant ir esant technin\u0117ms galimyb\u0117ms, persi\u0173sime duomenis tiesiogiai J\u016bs\u0173 nurodytam kitam duomen\u0173 valdytojui. Nor\u0117dami pasinaudoti teise \u012f duomen\u0173 perkeliamum\u0105, pra\u0161om pateikti pra\u0161ym\u0105 elektroniniu pa\u0161tu bendras@epa.lt.<br \/>\n7.2. Siekdami apsaugoti J\u016bs\u0173 duomenis nuo neteis\u0117to atskleidimo, mes, gav\u0119 J\u016bs\u0173 pra\u0161ym\u0105 pateikti duomenis ar \u012fgyvendinti kitas J\u016bs\u0173 teises, prival\u0117sime nustatyti J\u016bs\u0173 tapatyb\u0119. \u0160iuo tikslu mes galime pra\u0161yti Jus nurodyti J\u016bs\u0173 registracijos anketoje pateiktus aktualius anketinius duomenis (pvz.: vard\u0105, elektroninio pa\u0161to adres\u0105 ar telefono numer\u012f) ir lyginsime, ar J\u016bs\u0173 nurodyti duomenys sutampa su atitinkamais registracijos metu pateiktais duomenimis. Vykdydami \u0161\u012f patikrinim\u0105, mes taip pat galime i\u0161si\u0173sti kontrolin\u012f prane\u0161im\u0105 registracijos anketoje nurodytu kontaktu (SMS arba elektroniniu pa\u0161tu), pra\u0161ydami atlikti autorizacijos veiksm\u0105. Jeigu patikrinimo proced\u016bra bus nes\u0117kminga (pvz.: J\u016bs\u0173 nurodytieji anketiniai duomenys nesutaps su registracijos anketoje nurodytais duomenimis arba J\u016bs nesiautorizuosite pagal gaut\u0105 SMS ar elektroninio pa\u0161to prane\u0161im\u0105), mes b\u016bsime priversti konstatuoti, kad J\u016bs nesate pra\u0161om\u0173 duomen\u0173 subjektas ir prival\u0117sime atmesti J\u016bs\u0173 pateikt\u0105 pra\u0161ym\u0105. Gav\u0119 J\u016bs\u0173 pra\u0161ym\u0105 d\u0117l bet kurios J\u016bs\u0173 teis\u0117s \u012fgyvendinimo ir s\u0117kmingai atlik\u0119 auk\u0161\u010diau nurodyt\u0105 patikrinimo proced\u016br\u0105, mes \u012fsipareigojame nepagr\u012fstai nedelsdami, ta\u010diau bet kuriuo atveju ne v\u0117liau kaip per vien\u0105 m\u0117nes\u012f nuo J\u016bs\u0173 pra\u0161ymo gavimo pateikti Jums informacij\u0105 apie veiksmus, kuri\u0173 \u0117m\u0117m\u0117s pagal J\u016bs\u0173 pateikt\u0105 pra\u0161ym\u0105. Jeigu J\u016bs\u0173 pra\u0161ymas pateikiamas elektronin\u0117mis priemon\u0117mis, atsakym\u0105 mes Jums taip pat pateiksime elektronin\u0117mis priemon\u0117mis, i\u0161skyrus atvejus, kai tai bus ne\u012fmanoma (pvz.: d\u0117l itin didel\u0117s informacijos apimties) arba tuomet, jei J\u016bs pra\u0161ysite Jums atsakyti kitu b\u016bdu. Mes atsisakysime tenkinti J\u016bs\u0173 pra\u0161ym\u0105 motyvuotu atsakymu, kai bus nustatytos teis\u0117s aktuose nurodytos aplinkyb\u0117s, apie tai ra\u0161tu informuodami Jus.<\/p>\n<h4 style=\"text-align: center;\">VIII SKYRIUS<br \/>\nTAIKOMOS ORGANIZACIN\u0116S IR TECHNIN\u0116S PRIEMON\u0116S<\/h4>\n<p>8.1. Mes naudojame \u012fvairias saugum\u0105 u\u017etikrinan\u010dias technologijas ir proced\u016bras, siekdami apsaugoti J\u016bs\u0173 asmenin\u0119 informacij\u0105 nuo neteis\u0117tos prieigos, naudojimo ar atskleidimo.<br \/>\n8.2. J\u016bs\u0173 informacijos teikimo internetu ar mobiliuoju ry\u0161iu saugumas negali b\u016bti pilnai u\u017etikrintas ir nepriklauso nuo m\u016bs\u0173 valios, tod\u0117l bet koks informacijos mums perdavimas nurodytais b\u016bdais yra vykdomas J\u016bs\u0173 pa\u010di\u0173 rizika.<\/p>\n<h4 style=\"text-align: center;\">IX SKYRIUS<br \/>\nPRIVATUMO POLITIKOS GALIOJIMAS IR PAKEITIMAI<\/h4>\n<p>\u0160i Privatumo politika galioja nuo 2018 m. gegu\u017e\u0117s 24 d. Jei pakeisime \u0161i\u0105 Privatumo politik\u0105, paskelbsime jos atnaujint\u0105 versij\u0105 \u0161iame puslapyje, nurodydami atnaujinimo dat\u0105.<\/p>\n","protected":false},"excerpt":{"rendered":"<p>Asociacijos \u201eEEPA\u201c Privatumo politika I SKYRIUS PRIVATUMO POLITIKOS DALYKAS IR TIKSLAS 1.1. Asociacijos \u201eEEPA\u201c Privatumo politika parengta \u012fgyvendinant 2016 m. baland\u017eio 27 d. Europos Parlamento ir Tarybos reglamento (ES) 2016\/679 d\u0117l fizini\u0173 asmen\u0173 apsaugos tvarkant asmens duomenis ir d\u0117l laisvo toki\u0173 duomen\u0173 jud\u0117jimo ir kuriuo panaikinama Direktyva 95\/46\/EB (toliau \u2013 Reglamentas) nuostatas. 1.2. Asociacijos \u201eEEPA\u201c [&hellip;]<\/p>\n","protected":false},"author":2,"featured_media":0,"parent":0,"menu_order":0,"comment_status":"closed","ping_status":"closed","template":"","meta":{"_acf_changed":false,"sfsi_plus_gutenberg_text_before_share":"","sfsi_plus_gutenberg_show_text_before_share":"","sfsi_plus_gutenberg_icon_type":"","sfsi_plus_gutenberg_icon_alignemt":"","sfsi_plus_gutenburg_max_per_row":"","footnotes":""},"class_list":["post-778","page","type-page","status-publish","hentry"],"translation":{"provider":"WPGlobus","version":"3.0.0","language":"en","enabled_languages":["lt","en"],"languages":{"lt":{"title":true,"content":true,"excerpt":false},"en":{"title":false,"content":false,"excerpt":false}}},"acf":[],"yoast_head":"<!-- This site is optimized with the Yoast SEO Premium plugin v25.6 (Yoast SEO v25.6) - https:\/\/yoast.com\/wordpress\/plugins\/seo\/ -->\n<title>Privatumo politika - EPA (Distributors of electronics association)<\/title>\n<meta name=\"robots\" content=\"index, follow, max-snippet:-1, max-image-preview:large, max-video-preview:-1\" \/>\n<link rel=\"canonical\" href=\"https:\/\/www.epa.lt\/en\/privatumo-politika\/\" \/>\n<meta property=\"og:locale\" content=\"en_US\" \/>\n<meta property=\"og:type\" content=\"article\" \/>\n<meta property=\"og:title\" content=\"Privatumo politika - EPA (Distributors of electronics association)\" \/>\n<meta property=\"og:url\" content=\"https:\/\/www.epa.lt\/en\/privatumo-politika\/\" \/>\n<meta property=\"og:site_name\" content=\"EPA (Distributors of electronics association)\" \/>\n<meta property=\"article:publisher\" content=\"https:\/\/www.facebook.com\/asociacija.epa\" \/>\n<meta property=\"article:modified_time\" content=\"2023-06-26T09:17:15+00:00\" \/>\n<meta name=\"twitter:card\" content=\"summary_large_image\" \/>\n<meta name=\"twitter:label1\" content=\"Est. reading time\" \/>\n\t<meta name=\"twitter:data1\" content=\"10 minutes\" \/>\n<script type=\"application\/ld+json\" class=\"yoast-schema-graph\">{\"@context\":\"https:\/\/schema.org\",\"@graph\":[{\"@type\":\"WebPage\",\"@id\":\"https:\/\/www.epa.lt\/en\/privatumo-politika\/\",\"url\":\"https:\/\/www.epa.lt\/en\/privatumo-politika\/\",\"name\":\"Privatumo politika - EPA (Distributors of electronics association)\",\"isPartOf\":{\"@id\":\"https:\/\/epa.lt\/#website\"},\"datePublished\":\"2018-07-02T09:50:01+00:00\",\"dateModified\":\"2023-06-26T09:17:15+00:00\",\"description\":\"EPA vykdoma privatumo politika.\",\"breadcrumb\":{\"@id\":\"https:\/\/www.epa.lt\/en\/privatumo-politika\/#breadcrumb\"},\"inLanguage\":\"en-US\",\"potentialAction\":[{\"@type\":\"ReadAction\",\"target\":[\"https:\/\/www.epa.lt\/en\/privatumo-politika\/\"]}]},{\"@type\":\"BreadcrumbList\",\"@id\":\"https:\/\/www.epa.lt\/en\/privatumo-politika\/#breadcrumb\",\"itemListElement\":[{\"@type\":\"ListItem\",\"position\":1,\"name\":\"Home\",\"item\":\"https:\/\/www.epa.lt\/\"},{\"@type\":\"ListItem\",\"position\":2,\"name\":\"Privatumo politika\"}]},{\"@type\":\"WebSite\",\"@id\":\"https:\/\/epa.lt\/#website\",\"url\":\"https:\/\/epa.lt\/\",\"name\":\"{:lt}EPA (Elektronikos platintoj\u0173 asociacija){:}{:en}EPA (Distributors of electronics association) {:}\",\"description\":\"Electronic waste management\",\"publisher\":{\"@id\":\"https:\/\/epa.lt\/#organization\"},\"potentialAction\":[{\"@type\":\"SearchAction\",\"target\":{\"@type\":\"EntryPoint\",\"urlTemplate\":\"https:\/\/epa.lt\/?s={search_term_string}\"},\"query-input\":{\"@type\":\"PropertyValueSpecification\",\"valueRequired\":true,\"valueName\":\"search_term_string\"}}],\"inLanguage\":\"en-US\"},{\"@type\":\"Organization\",\"@id\":\"https:\/\/epa.lt\/#organization\",\"name\":\"{:lt}EPA (Elektronikos platintoj\u0173 asociacija){:}{:en}EPA (Distributors of electronics association) {:}\",\"url\":\"https:\/\/epa.lt\/\",\"logo\":{\"@type\":\"ImageObject\",\"inLanguage\":\"en-US\",\"@id\":\"https:\/\/epa.lt\/#\/schema\/logo\/image\/\",\"url\":\"https:\/\/www.epa.lt\/wp-content\/uploads\/2018\/04\/EPA_logo_RGB_t_vidus.png\",\"contentUrl\":\"https:\/\/www.epa.lt\/wp-content\/uploads\/2018\/04\/EPA_logo_RGB_t_vidus.png\",\"width\":945,\"height\":945,\"caption\":\"{:lt}EPA (Elektronikos platintoj\u0173 asociacija){:}{:en}EPA (Distributors of electronics association) {:}\"},\"image\":{\"@id\":\"https:\/\/epa.lt\/#\/schema\/logo\/image\/\"},\"sameAs\":[\"https:\/\/www.facebook.com\/asociacija.epa\"]}]}<\/script>\n<!-- \/ Yoast SEO Premium plugin. -->","yoast_head_json":{"title":"Privatumo politika - EPA (Distributors of electronics association)","robots":{"index":"index","follow":"follow","max-snippet":"max-snippet:-1","max-image-preview":"max-image-preview:large","max-video-preview":"max-video-preview:-1"},"canonical":"https:\/\/www.epa.lt\/en\/privatumo-politika\/","og_locale":"en_US","og_type":"article","og_title":"Privatumo politika - EPA (Distributors of electronics association)","og_url":"https:\/\/www.epa.lt\/en\/privatumo-politika\/","og_site_name":"EPA (Distributors of electronics association)","article_publisher":"https:\/\/www.facebook.com\/asociacija.epa","article_modified_time":"2023-06-26T09:17:15+00:00","twitter_card":"summary_large_image","twitter_misc":{"Est. reading time":"10 minutes"},"schema":{"@context":"https:\/\/schema.org","@graph":[{"@type":"WebPage","@id":"https:\/\/www.epa.lt\/en\/privatumo-politika\/","url":"https:\/\/www.epa.lt\/en\/privatumo-politika\/","name":"Privatumo politika - EPA (Distributors of electronics association)","isPartOf":{"@id":"https:\/\/epa.lt\/#website"},"datePublished":"2018-07-02T09:50:01+00:00","dateModified":"2023-06-26T09:17:15+00:00","description":"EPA vykdoma privatumo politika.","breadcrumb":{"@id":"https:\/\/www.epa.lt\/en\/privatumo-politika\/#breadcrumb"},"inLanguage":"en-US","potentialAction":[{"@type":"ReadAction","target":["https:\/\/www.epa.lt\/en\/privatumo-politika\/"]}]},{"@type":"BreadcrumbList","@id":"https:\/\/www.epa.lt\/en\/privatumo-politika\/#breadcrumb","itemListElement":[{"@type":"ListItem","position":1,"name":"Home","item":"https:\/\/www.epa.lt\/"},{"@type":"ListItem","position":2,"name":"Privatumo politika"}]},{"@type":"WebSite","@id":"https:\/\/epa.lt\/#website","url":"https:\/\/epa.lt\/","name":"{:lt}EPA (Elektronikos platintoj\u0173 asociacija){:}{:en}EPA (Distributors of electronics association) {:}","description":"Electronic waste management","publisher":{"@id":"https:\/\/epa.lt\/#organization"},"potentialAction":[{"@type":"SearchAction","target":{"@type":"EntryPoint","urlTemplate":"https:\/\/epa.lt\/?s={search_term_string}"},"query-input":{"@type":"PropertyValueSpecification","valueRequired":true,"valueName":"search_term_string"}}],"inLanguage":"en-US"},{"@type":"Organization","@id":"https:\/\/epa.lt\/#organization","name":"{:lt}EPA (Elektronikos platintoj\u0173 asociacija){:}{:en}EPA (Distributors of electronics association) {:}","url":"https:\/\/epa.lt\/","logo":{"@type":"ImageObject","inLanguage":"en-US","@id":"https:\/\/epa.lt\/#\/schema\/logo\/image\/","url":"https:\/\/www.epa.lt\/wp-content\/uploads\/2018\/04\/EPA_logo_RGB_t_vidus.png","contentUrl":"https:\/\/www.epa.lt\/wp-content\/uploads\/2018\/04\/EPA_logo_RGB_t_vidus.png","width":945,"height":945,"caption":"{:lt}EPA (Elektronikos platintoj\u0173 asociacija){:}{:en}EPA (Distributors of electronics association) {:}"},"image":{"@id":"https:\/\/epa.lt\/#\/schema\/logo\/image\/"},"sameAs":["https:\/\/www.facebook.com\/asociacija.epa"]}]}},"_links":{"self":[{"href":"https:\/\/www.epa.lt\/en\/wp-json\/wp\/v2\/pages\/778","targetHints":{"allow":["GET"]}}],"collection":[{"href":"https:\/\/www.epa.lt\/en\/wp-json\/wp\/v2\/pages"}],"about":[{"href":"https:\/\/www.epa.lt\/en\/wp-json\/wp\/v2\/types\/page"}],"author":[{"embeddable":true,"href":"https:\/\/www.epa.lt\/en\/wp-json\/wp\/v2\/users\/2"}],"replies":[{"embeddable":true,"href":"https:\/\/www.epa.lt\/en\/wp-json\/wp\/v2\/comments?post=778"}],"version-history":[{"count":7,"href":"https:\/\/www.epa.lt\/en\/wp-json\/wp\/v2\/pages\/778\/revisions"}],"predecessor-version":[{"id":2440,"href":"https:\/\/www.epa.lt\/en\/wp-json\/wp\/v2\/pages\/778\/revisions\/2440"}],"wp:attachment":[{"href":"https:\/\/www.epa.lt\/en\/wp-json\/wp\/v2\/media?parent=778"}],"curies":[{"name":"wp","href":"https:\/\/api.w.org\/{rel}","templated":true}]}}