{"id":749,"date":"2018-05-31T18:38:58","date_gmt":"2018-05-31T15:38:58","guid":{"rendered":"https:\/\/www.epa.lt\/?page_id=749"},"modified":"2023-06-26T12:15:05","modified_gmt":"2023-06-26T09:15:05","slug":"surinkimo-vietu-sarasas","status":"publish","type":"page","link":"https:\/\/www.epa.lt\/en\/surinkimo-vietu-sarasas\/","title":{"rendered":"Surinkimo viet\u0173 s\u0105ra\u0161as"},"content":{"rendered":"","protected":false},"excerpt":{"rendered":"","protected":false},"author":2,"featured_media":0,"parent":0,"menu_order":0,"comment_status":"closed","ping_status":"closed","template":"list-locations-page.php","meta":{"_acf_changed":false,"sfsi_plus_gutenberg_text_before_share":"","sfsi_plus_gutenberg_show_text_before_share":"","sfsi_plus_gutenberg_icon_type":"","sfsi_plus_gutenberg_icon_alignemt":"","sfsi_plus_gutenburg_max_per_row":"","footnotes":""},"class_list":["post-749","page","type-page","status-publish","hentry"],"translation":{"provider":"WPGlobus","version":"3.0.0","language":"en","enabled_languages":["lt","en"],"languages":{"lt":{"title":true,"content":false,"excerpt":false},"en":{"title":false,"content":false,"excerpt":false}}},"acf":[],"yoast_head":"<!-- This site is optimized with the Yoast SEO Premium plugin v25.6 (Yoast SEO v25.6) - https:\/\/yoast.com\/wordpress\/plugins\/seo\/ -->\n<title>Surinkimo viet\u0173 s\u0105ra\u0161as - EPA (Distributors of electronics association)<\/title>\n<meta name=\"robots\" content=\"index, follow, max-snippet:-1, max-image-preview:large, max-video-preview:-1\" \/>\n<link rel=\"canonical\" href=\"https:\/\/www.epa.lt\/surinkimo-vietu-sarasas\/\" \/>\n<meta property=\"og:locale\" content=\"en_US\" \/>\n<meta property=\"og:type\" content=\"article\" \/>\n<meta property=\"og:title\" content=\"Surinkimo viet\u0173 s\u0105ra\u0161as - EPA (Distributors of electronics association)\" \/>\n<meta property=\"og:url\" content=\"https:\/\/www.epa.lt\/surinkimo-vietu-sarasas\/\" \/>\n<meta property=\"og:site_name\" content=\"EPA (Distributors of electronics association)\" \/>\n<meta property=\"article:publisher\" content=\"https:\/\/www.facebook.com\/asociacija.epa\" \/>\n<meta property=\"article:modified_time\" content=\"2023-06-26T09:15:05+00:00\" \/>\n<meta name=\"twitter:card\" content=\"summary_large_image\" \/>\n<script type=\"application\/ld+json\" class=\"yoast-schema-graph\">{\"@context\":\"https:\/\/schema.org\",\"@graph\":[{\"@type\":\"WebPage\",\"@id\":\"https:\/\/www.epa.lt\/surinkimo-vietu-sarasas\/\",\"url\":\"https:\/\/www.epa.lt\/surinkimo-vietu-sarasas\/\",\"name\":\"Surinkimo viet\u0173 s\u0105ra\u0161as - EPA (Distributors of electronics association)\",\"isPartOf\":{\"@id\":\"https:\/\/www.epa.lt\/#website\"},\"datePublished\":\"2018-05-31T15:38:58+00:00\",\"dateModified\":\"2023-06-26T09:15:05+00:00\",\"description\":\"Elektronikos atliek\u0173 surinkimo viet\u0173 s\u0105ra\u0161as. Susipa\u017einkite ir su\u017einokite kur galite palikti nenaudojam\u0105 \u012frang\u0105!\",\"breadcrumb\":{\"@id\":\"https:\/\/www.epa.lt\/surinkimo-vietu-sarasas\/#breadcrumb\"},\"inLanguage\":\"en-US\",\"potentialAction\":[{\"@type\":\"ReadAction\",\"target\":[\"https:\/\/www.epa.lt\/surinkimo-vietu-sarasas\/\"]}]},{\"@type\":\"BreadcrumbList\",\"@id\":\"https:\/\/www.epa.lt\/surinkimo-vietu-sarasas\/#breadcrumb\",\"itemListElement\":[{\"@type\":\"ListItem\",\"position\":1,\"name\":\"Home\",\"item\":\"https:\/\/www.epa.lt\/\"},{\"@type\":\"ListItem\",\"position\":2,\"name\":\"Surinkimo viet\u0173 s\u0105ra\u0161as\"}]},{\"@type\":\"WebSite\",\"@id\":\"https:\/\/www.epa.lt\/#website\",\"url\":\"https:\/\/www.epa.lt\/\",\"name\":\"{:lt}EPA (Elektronikos platintoj\u0173 asociacija){:}{:en}EPA (Distributors of electronics association) {:}\",\"description\":\"Electronic waste management\",\"publisher\":{\"@id\":\"https:\/\/www.epa.lt\/#organization\"},\"potentialAction\":[{\"@type\":\"SearchAction\",\"target\":{\"@type\":\"EntryPoint\",\"urlTemplate\":\"https:\/\/www.epa.lt\/?s={search_term_string}\"},\"query-input\":{\"@type\":\"PropertyValueSpecification\",\"valueRequired\":true,\"valueName\":\"search_term_string\"}}],\"inLanguage\":\"en-US\"},{\"@type\":\"Organization\",\"@id\":\"https:\/\/www.epa.lt\/#organization\",\"name\":\"{:lt}EPA (Elektronikos platintoj\u0173 asociacija){:}{:en}EPA (Distributors of electronics association) {:}\",\"url\":\"https:\/\/www.epa.lt\/\",\"logo\":{\"@type\":\"ImageObject\",\"inLanguage\":\"en-US\",\"@id\":\"https:\/\/www.epa.lt\/#\/schema\/logo\/image\/\",\"url\":\"https:\/\/www.epa.lt\/wp-content\/uploads\/2018\/04\/EPA_logo_RGB_t_vidus.png\",\"contentUrl\":\"https:\/\/www.epa.lt\/wp-content\/uploads\/2018\/04\/EPA_logo_RGB_t_vidus.png\",\"width\":945,\"height\":945,\"caption\":\"{:lt}EPA (Elektronikos platintoj\u0173 asociacija){:}{:en}EPA (Distributors of electronics association) {:}\"},\"image\":{\"@id\":\"https:\/\/www.epa.lt\/#\/schema\/logo\/image\/\"},\"sameAs\":[\"https:\/\/www.facebook.com\/asociacija.epa\"]}]}<\/script>\n<!-- \/ Yoast SEO Premium plugin. -->","yoast_head_json":{"title":"Surinkimo viet\u0173 s\u0105ra\u0161as - EPA (Distributors of electronics association)","robots":{"index":"index","follow":"follow","max-snippet":"max-snippet:-1","max-image-preview":"max-image-preview:large","max-video-preview":"max-video-preview:-1"},"canonical":"https:\/\/www.epa.lt\/surinkimo-vietu-sarasas\/","og_locale":"en_US","og_type":"article","og_title":"Surinkimo viet\u0173 s\u0105ra\u0161as - EPA (Distributors of electronics association)","og_url":"https:\/\/www.epa.lt\/surinkimo-vietu-sarasas\/","og_site_name":"EPA (Distributors of electronics association)","article_publisher":"https:\/\/www.facebook.com\/asociacija.epa","article_modified_time":"2023-06-26T09:15:05+00:00","twitter_card":"summary_large_image","schema":{"@context":"https:\/\/schema.org","@graph":[{"@type":"WebPage","@id":"https:\/\/www.epa.lt\/surinkimo-vietu-sarasas\/","url":"https:\/\/www.epa.lt\/surinkimo-vietu-sarasas\/","name":"Surinkimo viet\u0173 s\u0105ra\u0161as - EPA (Distributors of electronics association)","isPartOf":{"@id":"https:\/\/www.epa.lt\/#website"},"datePublished":"2018-05-31T15:38:58+00:00","dateModified":"2023-06-26T09:15:05+00:00","description":"Elektronikos atliek\u0173 surinkimo viet\u0173 s\u0105ra\u0161as. Susipa\u017einkite ir su\u017einokite kur galite palikti nenaudojam\u0105 \u012frang\u0105!","breadcrumb":{"@id":"https:\/\/www.epa.lt\/surinkimo-vietu-sarasas\/#breadcrumb"},"inLanguage":"en-US","potentialAction":[{"@type":"ReadAction","target":["https:\/\/www.epa.lt\/surinkimo-vietu-sarasas\/"]}]},{"@type":"BreadcrumbList","@id":"https:\/\/www.epa.lt\/surinkimo-vietu-sarasas\/#breadcrumb","itemListElement":[{"@type":"ListItem","position":1,"name":"Home","item":"https:\/\/www.epa.lt\/"},{"@type":"ListItem","position":2,"name":"Surinkimo viet\u0173 s\u0105ra\u0161as"}]},{"@type":"WebSite","@id":"https:\/\/www.epa.lt\/#website","url":"https:\/\/www.epa.lt\/","name":"{:lt}EPA (Elektronikos platintoj\u0173 asociacija){:}{:en}EPA (Distributors of electronics association) {:}","description":"Electronic waste management","publisher":{"@id":"https:\/\/www.epa.lt\/#organization"},"potentialAction":[{"@type":"SearchAction","target":{"@type":"EntryPoint","urlTemplate":"https:\/\/www.epa.lt\/?s={search_term_string}"},"query-input":{"@type":"PropertyValueSpecification","valueRequired":true,"valueName":"search_term_string"}}],"inLanguage":"en-US"},{"@type":"Organization","@id":"https:\/\/www.epa.lt\/#organization","name":"{:lt}EPA (Elektronikos platintoj\u0173 asociacija){:}{:en}EPA (Distributors of electronics association) {:}","url":"https:\/\/www.epa.lt\/","logo":{"@type":"ImageObject","inLanguage":"en-US","@id":"https:\/\/www.epa.lt\/#\/schema\/logo\/image\/","url":"https:\/\/www.epa.lt\/wp-content\/uploads\/2018\/04\/EPA_logo_RGB_t_vidus.png","contentUrl":"https:\/\/www.epa.lt\/wp-content\/uploads\/2018\/04\/EPA_logo_RGB_t_vidus.png","width":945,"height":945,"caption":"{:lt}EPA (Elektronikos platintoj\u0173 asociacija){:}{:en}EPA (Distributors of electronics association) {:}"},"image":{"@id":"https:\/\/www.epa.lt\/#\/schema\/logo\/image\/"},"sameAs":["https:\/\/www.facebook.com\/asociacija.epa"]}]}},"_links":{"self":[{"href":"https:\/\/www.epa.lt\/en\/wp-json\/wp\/v2\/pages\/749","targetHints":{"allow":["GET"]}}],"collection":[{"href":"https:\/\/www.epa.lt\/en\/wp-json\/wp\/v2\/pages"}],"about":[{"href":"https:\/\/www.epa.lt\/en\/wp-json\/wp\/v2\/types\/page"}],"author":[{"embeddable":true,"href":"https:\/\/www.epa.lt\/en\/wp-json\/wp\/v2\/users\/2"}],"replies":[{"embeddable":true,"href":"https:\/\/www.epa.lt\/en\/wp-json\/wp\/v2\/comments?post=749"}],"version-history":[{"count":2,"href":"https:\/\/www.epa.lt\/en\/wp-json\/wp\/v2\/pages\/749\/revisions"}],"predecessor-version":[{"id":1677,"href":"https:\/\/www.epa.lt\/en\/wp-json\/wp\/v2\/pages\/749\/revisions\/1677"}],"wp:attachment":[{"href":"https:\/\/www.epa.lt\/en\/wp-json\/wp\/v2\/media?parent=749"}],"curies":[{"name":"wp","href":"https:\/\/api.w.org\/{rel}","templated":true}]}}