{"id":62,"date":"2018-04-19T11:49:21","date_gmt":"2018-04-19T08:49:21","guid":{"rendered":"https:\/\/www.epa.lt\/?page_id=62"},"modified":"2023-06-26T12:21:55","modified_gmt":"2023-06-26T09:21:55","slug":"licencijos","status":"publish","type":"page","link":"https:\/\/www.epa.lt\/en\/licencijos\/","title":{"rendered":"Licencijos"},"content":{"rendered":"<div class=\"row\">\n<div class=\"col-12\">\n<p>Asociacija &#8220;EEPA&#8221; yra viena i\u0161 Lietuvos Respublikos aplinkos ministerijos licencijuot\u0173 elektros ir elektronin\u0117s \u012frangos bei baterij\u0173 ir akumuliatori\u0173 atliek\u0173 tvarkymo organizatori\u0173, turin\u010di\u0173 teis\u0119 vykdyti elektros ir elektronin\u0117s \u012frangos bei baterij\u0173 ir akumuliatori\u0173 gamintoj\u0173 ir importuotoj\u0173 atliek\u0173 tvarkymo prievoles t. y.: kurti atliek\u0173 surinkimo sistemas, vykdyti visuomen\u0117s \u0161vietimo programas, sudarin\u0117ti sutartis su \u0161alies savivaldyb\u0117mis ir pan.<\/p>\n<p>Asociacija &#8220;EEPA&#8221; 2006 ir 2008 metais yra gavusi Elektros ir elektronin\u0117s \u012frangos atliek\u0173 tvarkymo licencijas bei Apmokestinam\u0173j\u0173 gamini\u0173 (baterij\u0173 ir akumuliatori\u0173) atliek\u0173 tvarkymo licencij\u0105 2009 metais.<\/p>\n<\/div>\n<div class=\"col-4 col-md-3 col-lg-2\"><a href=\"https:\/\/www.epa.lt\/wp-content\/uploads\/2018\/04\/Elektros-ir-elektronines-irangos-atlieku-tvarkymo-licencija-2006-large.jpg\"><img loading=\"lazy\" decoding=\"async\" class=\"alignnone size-thumbnail wp-image-226\" src=\"https:\/\/www.epa.lt\/wp-content\/uploads\/2018\/04\/Elektros-ir-elektronines-irangos-atlieku-tvarkymo-licencija-2006-large-150x150.jpg\" alt=\"\" width=\"150\" height=\"150\" \/><\/a><\/div>\n<div class=\"col-4 col-md-3 col-lg-2\"><a href=\"https:\/\/www.epa.lt\/wp-content\/uploads\/2018\/04\/Elektros-ir-elektronines-irangos-atlieku-tvarkymo-licencija_2008_large.jpg\"><img loading=\"lazy\" decoding=\"async\" class=\"alignnone size-thumbnail wp-image-225\" src=\"https:\/\/www.epa.lt\/wp-content\/uploads\/2018\/04\/Elektros-ir-elektronines-irangos-atlieku-tvarkymo-licencija_2008_large-150x150.jpg\" alt=\"\" width=\"150\" height=\"150\" \/><\/a><\/div>\n<div class=\"col-4 col-md-3 col-lg-2\"><a href=\"https:\/\/www.epa.lt\/wp-content\/uploads\/2018\/04\/Apmokestinamuju-gaminiu-atlieku-tvarkymo-licencija-2009-large.jpg\"><img loading=\"lazy\" decoding=\"async\" class=\"alignnone size-thumbnail wp-image-224\" src=\"https:\/\/www.epa.lt\/wp-content\/uploads\/2018\/04\/Apmokestinamuju-gaminiu-atlieku-tvarkymo-licencija-2009-large-150x150.jpg\" alt=\"\" width=\"150\" height=\"150\" \/><\/a><\/div>\n<\/div>\n","protected":false},"excerpt":{"rendered":"<p>Asociacija &#8220;EEPA&#8221; yra viena i\u0161 Lietuvos Respublikos aplinkos ministerijos licencijuot\u0173 elektros ir elektronin\u0117s \u012frangos bei baterij\u0173 ir akumuliatori\u0173 atliek\u0173 tvarkymo organizatori\u0173, turin\u010di\u0173 teis\u0119 vykdyti elektros ir elektronin\u0117s \u012frangos bei baterij\u0173 ir akumuliatori\u0173 gamintoj\u0173 ir importuotoj\u0173 atliek\u0173 tvarkymo prievoles t. y.: kurti atliek\u0173 surinkimo sistemas, vykdyti visuomen\u0117s \u0161vietimo programas, sudarin\u0117ti sutartis su \u0161alies savivaldyb\u0117mis ir pan. [&hellip;]<\/p>\n","protected":false},"author":2,"featured_media":0,"parent":0,"menu_order":0,"comment_status":"closed","ping_status":"closed","template":"","meta":{"_acf_changed":false,"sfsi_plus_gutenberg_text_before_share":"","sfsi_plus_gutenberg_show_text_before_share":"","sfsi_plus_gutenberg_icon_type":"","sfsi_plus_gutenberg_icon_alignemt":"","sfsi_plus_gutenburg_max_per_row":"","footnotes":""},"class_list":["post-62","page","type-page","status-publish","hentry"],"translation":{"provider":"WPGlobus","version":"3.0.0","language":"en","enabled_languages":["lt","en"],"languages":{"lt":{"title":true,"content":true,"excerpt":false},"en":{"title":false,"content":false,"excerpt":false}}},"acf":[],"yoast_head":"<!-- This site is optimized with the Yoast SEO Premium plugin v25.6 (Yoast SEO v25.6) - https:\/\/yoast.com\/wordpress\/plugins\/seo\/ -->\n<title>Licencijos - EPA (Distributors of electronics association)<\/title>\n<meta name=\"robots\" content=\"index, follow, max-snippet:-1, max-image-preview:large, max-video-preview:-1\" \/>\n<link rel=\"canonical\" href=\"https:\/\/www.epa.lt\/licencijos\/\" \/>\n<meta property=\"og:locale\" content=\"en_US\" \/>\n<meta property=\"og:type\" content=\"article\" \/>\n<meta property=\"og:title\" content=\"Licencijos - EPA (Distributors of electronics association)\" \/>\n<meta property=\"og:url\" content=\"https:\/\/www.epa.lt\/licencijos\/\" \/>\n<meta property=\"og:site_name\" content=\"EPA (Distributors of electronics association)\" \/>\n<meta property=\"article:publisher\" content=\"https:\/\/www.facebook.com\/asociacija.epa\" \/>\n<meta property=\"article:modified_time\" content=\"2023-06-26T09:21:55+00:00\" \/>\n<meta property=\"og:image\" content=\"https:\/\/www.epa.lt\/wp-content\/uploads\/2018\/04\/Elektros-ir-elektronines-irangos-atlieku-tvarkymo-licencija-2006-large-150x150.jpg\" \/>\n<meta name=\"twitter:card\" content=\"summary_large_image\" \/>\n<meta name=\"twitter:label1\" content=\"Est. reading time\" \/>\n\t<meta name=\"twitter:data1\" content=\"2 minutes\" \/>\n<script type=\"application\/ld+json\" class=\"yoast-schema-graph\">{\"@context\":\"https:\/\/schema.org\",\"@graph\":[{\"@type\":\"WebPage\",\"@id\":\"https:\/\/www.epa.lt\/licencijos\/\",\"url\":\"https:\/\/www.epa.lt\/licencijos\/\",\"name\":\"Licencijos - EPA (Distributors of electronics association)\",\"isPartOf\":{\"@id\":\"https:\/\/epa.lt\/en\/#website\"},\"primaryImageOfPage\":{\"@id\":\"https:\/\/www.epa.lt\/licencijos\/#primaryimage\"},\"image\":{\"@id\":\"https:\/\/www.epa.lt\/licencijos\/#primaryimage\"},\"thumbnailUrl\":\"https:\/\/www.epa.lt\/wp-content\/uploads\/2018\/04\/Elektros-ir-elektronines-irangos-atlieku-tvarkymo-licencija-2006-large-150x150.jpg\",\"datePublished\":\"2018-04-19T08:49:21+00:00\",\"dateModified\":\"2023-06-26T09:21:55+00:00\",\"description\":\"EPA (elektronikos platintoj\u0173 asociacija) licencijos.\",\"breadcrumb\":{\"@id\":\"https:\/\/www.epa.lt\/licencijos\/#breadcrumb\"},\"inLanguage\":\"en-US\",\"potentialAction\":[{\"@type\":\"ReadAction\",\"target\":[\"https:\/\/www.epa.lt\/licencijos\/\"]}]},{\"@type\":\"ImageObject\",\"inLanguage\":\"en-US\",\"@id\":\"https:\/\/www.epa.lt\/licencijos\/#primaryimage\",\"url\":\"https:\/\/www.epa.lt\/wp-content\/uploads\/2018\/04\/Elektros-ir-elektronines-irangos-atlieku-tvarkymo-licencija-2006-large-150x150.jpg\",\"contentUrl\":\"https:\/\/www.epa.lt\/wp-content\/uploads\/2018\/04\/Elektros-ir-elektronines-irangos-atlieku-tvarkymo-licencija-2006-large-150x150.jpg\"},{\"@type\":\"BreadcrumbList\",\"@id\":\"https:\/\/www.epa.lt\/licencijos\/#breadcrumb\",\"itemListElement\":[{\"@type\":\"ListItem\",\"position\":1,\"name\":\"Home\",\"item\":\"https:\/\/epa.lt\/en\/\"},{\"@type\":\"ListItem\",\"position\":2,\"name\":\"Licencijos\"}]},{\"@type\":\"WebSite\",\"@id\":\"https:\/\/epa.lt\/en\/#website\",\"url\":\"https:\/\/epa.lt\/en\/\",\"name\":\"{:lt}EPA (Elektronikos platintoj\u0173 asociacija){:}{:en}EPA (Distributors of electronics association) {:}\",\"description\":\"Electronic waste management\",\"publisher\":{\"@id\":\"https:\/\/epa.lt\/en\/#organization\"},\"potentialAction\":[{\"@type\":\"SearchAction\",\"target\":{\"@type\":\"EntryPoint\",\"urlTemplate\":\"https:\/\/epa.lt\/en\/?s={search_term_string}\"},\"query-input\":{\"@type\":\"PropertyValueSpecification\",\"valueRequired\":true,\"valueName\":\"search_term_string\"}}],\"inLanguage\":\"en-US\"},{\"@type\":\"Organization\",\"@id\":\"https:\/\/epa.lt\/en\/#organization\",\"name\":\"{:lt}EPA (Elektronikos platintoj\u0173 asociacija){:}{:en}EPA (Distributors of electronics association) {:}\",\"url\":\"https:\/\/epa.lt\/en\/\",\"logo\":{\"@type\":\"ImageObject\",\"inLanguage\":\"en-US\",\"@id\":\"https:\/\/epa.lt\/en\/#\/schema\/logo\/image\/\",\"url\":\"https:\/\/www.epa.lt\/wp-content\/uploads\/2018\/04\/EPA_logo_RGB_t_vidus.png\",\"contentUrl\":\"https:\/\/www.epa.lt\/wp-content\/uploads\/2018\/04\/EPA_logo_RGB_t_vidus.png\",\"width\":945,\"height\":945,\"caption\":\"{:lt}EPA (Elektronikos platintoj\u0173 asociacija){:}{:en}EPA (Distributors of electronics association) {:}\"},\"image\":{\"@id\":\"https:\/\/epa.lt\/en\/#\/schema\/logo\/image\/\"},\"sameAs\":[\"https:\/\/www.facebook.com\/asociacija.epa\"]}]}<\/script>\n<!-- \/ Yoast SEO Premium plugin. -->","yoast_head_json":{"title":"Licencijos - EPA (Distributors of electronics association)","robots":{"index":"index","follow":"follow","max-snippet":"max-snippet:-1","max-image-preview":"max-image-preview:large","max-video-preview":"max-video-preview:-1"},"canonical":"https:\/\/www.epa.lt\/licencijos\/","og_locale":"en_US","og_type":"article","og_title":"Licencijos - EPA (Distributors of electronics association)","og_url":"https:\/\/www.epa.lt\/licencijos\/","og_site_name":"EPA (Distributors of electronics association)","article_publisher":"https:\/\/www.facebook.com\/asociacija.epa","article_modified_time":"2023-06-26T09:21:55+00:00","og_image":[{"url":"https:\/\/www.epa.lt\/wp-content\/uploads\/2018\/04\/Elektros-ir-elektronines-irangos-atlieku-tvarkymo-licencija-2006-large-150x150.jpg","type":"","width":"","height":""}],"twitter_card":"summary_large_image","twitter_misc":{"Est. reading time":"2 minutes"},"schema":{"@context":"https:\/\/schema.org","@graph":[{"@type":"WebPage","@id":"https:\/\/www.epa.lt\/licencijos\/","url":"https:\/\/www.epa.lt\/licencijos\/","name":"Licencijos - EPA (Distributors of electronics association)","isPartOf":{"@id":"https:\/\/epa.lt\/en\/#website"},"primaryImageOfPage":{"@id":"https:\/\/www.epa.lt\/licencijos\/#primaryimage"},"image":{"@id":"https:\/\/www.epa.lt\/licencijos\/#primaryimage"},"thumbnailUrl":"https:\/\/www.epa.lt\/wp-content\/uploads\/2018\/04\/Elektros-ir-elektronines-irangos-atlieku-tvarkymo-licencija-2006-large-150x150.jpg","datePublished":"2018-04-19T08:49:21+00:00","dateModified":"2023-06-26T09:21:55+00:00","description":"EPA (elektronikos platintoj\u0173 asociacija) licencijos.","breadcrumb":{"@id":"https:\/\/www.epa.lt\/licencijos\/#breadcrumb"},"inLanguage":"en-US","potentialAction":[{"@type":"ReadAction","target":["https:\/\/www.epa.lt\/licencijos\/"]}]},{"@type":"ImageObject","inLanguage":"en-US","@id":"https:\/\/www.epa.lt\/licencijos\/#primaryimage","url":"https:\/\/www.epa.lt\/wp-content\/uploads\/2018\/04\/Elektros-ir-elektronines-irangos-atlieku-tvarkymo-licencija-2006-large-150x150.jpg","contentUrl":"https:\/\/www.epa.lt\/wp-content\/uploads\/2018\/04\/Elektros-ir-elektronines-irangos-atlieku-tvarkymo-licencija-2006-large-150x150.jpg"},{"@type":"BreadcrumbList","@id":"https:\/\/www.epa.lt\/licencijos\/#breadcrumb","itemListElement":[{"@type":"ListItem","position":1,"name":"Home","item":"https:\/\/epa.lt\/en\/"},{"@type":"ListItem","position":2,"name":"Licencijos"}]},{"@type":"WebSite","@id":"https:\/\/epa.lt\/en\/#website","url":"https:\/\/epa.lt\/en\/","name":"{:lt}EPA (Elektronikos platintoj\u0173 asociacija){:}{:en}EPA (Distributors of electronics association) {:}","description":"Electronic waste management","publisher":{"@id":"https:\/\/epa.lt\/en\/#organization"},"potentialAction":[{"@type":"SearchAction","target":{"@type":"EntryPoint","urlTemplate":"https:\/\/epa.lt\/en\/?s={search_term_string}"},"query-input":{"@type":"PropertyValueSpecification","valueRequired":true,"valueName":"search_term_string"}}],"inLanguage":"en-US"},{"@type":"Organization","@id":"https:\/\/epa.lt\/en\/#organization","name":"{:lt}EPA (Elektronikos platintoj\u0173 asociacija){:}{:en}EPA (Distributors of electronics association) {:}","url":"https:\/\/epa.lt\/en\/","logo":{"@type":"ImageObject","inLanguage":"en-US","@id":"https:\/\/epa.lt\/en\/#\/schema\/logo\/image\/","url":"https:\/\/www.epa.lt\/wp-content\/uploads\/2018\/04\/EPA_logo_RGB_t_vidus.png","contentUrl":"https:\/\/www.epa.lt\/wp-content\/uploads\/2018\/04\/EPA_logo_RGB_t_vidus.png","width":945,"height":945,"caption":"{:lt}EPA (Elektronikos platintoj\u0173 asociacija){:}{:en}EPA (Distributors of electronics association) {:}"},"image":{"@id":"https:\/\/epa.lt\/en\/#\/schema\/logo\/image\/"},"sameAs":["https:\/\/www.facebook.com\/asociacija.epa"]}]}},"_links":{"self":[{"href":"https:\/\/www.epa.lt\/en\/wp-json\/wp\/v2\/pages\/62","targetHints":{"allow":["GET"]}}],"collection":[{"href":"https:\/\/www.epa.lt\/en\/wp-json\/wp\/v2\/pages"}],"about":[{"href":"https:\/\/www.epa.lt\/en\/wp-json\/wp\/v2\/types\/page"}],"author":[{"embeddable":true,"href":"https:\/\/www.epa.lt\/en\/wp-json\/wp\/v2\/users\/2"}],"replies":[{"embeddable":true,"href":"https:\/\/www.epa.lt\/en\/wp-json\/wp\/v2\/comments?post=62"}],"version-history":[{"count":18,"href":"https:\/\/www.epa.lt\/en\/wp-json\/wp\/v2\/pages\/62\/revisions"}],"predecessor-version":[{"id":2441,"href":"https:\/\/www.epa.lt\/en\/wp-json\/wp\/v2\/pages\/62\/revisions\/2441"}],"wp:attachment":[{"href":"https:\/\/www.epa.lt\/en\/wp-json\/wp\/v2\/media?parent=62"}],"curies":[{"name":"wp","href":"https:\/\/api.w.org\/{rel}","templated":true}]}}