{"id":58,"date":"2018-04-19T11:49:01","date_gmt":"2018-04-19T08:49:01","guid":{"rendered":"https:\/\/www.epa.lt\/?page_id=58"},"modified":"2024-07-08T12:27:46","modified_gmt":"2024-07-08T09:27:46","slug":"gamintojams-ir-importuotojams","status":"publish","type":"page","link":"https:\/\/www.epa.lt\/en\/gamintojams-ir-importuotojams\/","title":{"rendered":"For manufacturers and importers"},"content":{"rendered":"<h1 class=\"pagrindinio\">For manufacturers and importers<\/h1>\n<p>If you import electric and electronic equipment, batteries and accumulators, we invite your enterprise to join the largest organisation of importers and producers of electronic equipment, batteries and accumulators in Lithuania.<br \/>\nParticipation in the licenced organisation is one of the possibilities provided in the legislation for proper management of waste. The type of collective responsibility allows more efficient exploitation of the current resources, developing unified waste management system. The Association has the largest collection network for electric and electronic equipment, batteries and accumulators in Lithuania, which ensures that the performance of obligations of its members would be transparent and optimized.<br \/>\nPlease call telephone number +370 695 55 111 with all the questions regarding the membership or send them to the email address <a href=\"mailto:bendras@www.epa.lt\">bendras@www.epa.lt<\/a>.<br \/>\nFor all importers, distributing electric and electronic equipment or batteries and accumulators, we provide recommended obligatory informational material for the residents. Print the poster and place it in a visible position. IMPORTANT: the poster must be in the A3 format. Information for EEE and BA importers.<\/p>\n<h4>For distributors<\/h4>\n<p>If you are distributing electric and electronic equipment or batteries and accumulators, if you want to encourage environmental-friendly intentions of your colleagues and if you are approached by residents, we are inviting your company to join the largest collection network of used electronic equipment and batteries in Lithuania.<br \/>\nThe Association is the first of its kind in Lithuania, which has created and further develops battery collection network in compliance with the legislation.<br \/>\nWe will provide you with collection containers for batteries and electronics, and we will pay you for the electronic waste you collected. The aim of our work is that the obligatory collection of electronic equipment and batteries for distributors would become a natural habit, not causing any concern.<br \/>\nFor all places of distribution accepting batteries and electronic waste, we provide information which must be provided to the residents. Just print the poster and place it in a visible place:<br \/>\nFor distributors of batteries and accumulators<br \/>\nFor distributors of electronic and electric equipment, please call +370 695 55 111 or write to the address <a href=\"mailto:bendras@www.epa.lt\">bendras@www.epa.lt<\/a>.<\/p>\n","protected":false},"excerpt":{"rendered":"<p>For manufacturers and importers If you import electric and electronic equipment, batteries and accumulators, we invite your enterprise to join the largest organisation of importers and producers of electronic equipment, batteries and accumulators in Lithuania. Participation in the licenced organisation is one of the possibilities provided in the legislation for proper management of waste. The [&hellip;]<\/p>\n","protected":false},"author":2,"featured_media":0,"parent":0,"menu_order":0,"comment_status":"closed","ping_status":"closed","template":"","meta":{"_acf_changed":false,"sfsi_plus_gutenberg_text_before_share":"","sfsi_plus_gutenberg_show_text_before_share":"","sfsi_plus_gutenberg_icon_type":"","sfsi_plus_gutenberg_icon_alignemt":"","sfsi_plus_gutenburg_max_per_row":"","footnotes":""},"class_list":["post-58","page","type-page","status-publish","hentry"],"translation":{"provider":"WPGlobus","version":"3.0.0","language":"en","enabled_languages":["lt","en"],"languages":{"lt":{"title":true,"content":true,"excerpt":false},"en":{"title":true,"content":true,"excerpt":false}}},"acf":[],"yoast_head":"<!-- This site is optimized with the Yoast SEO Premium plugin v25.6 (Yoast SEO v25.6) - https:\/\/yoast.com\/wordpress\/plugins\/seo\/ -->\n<title>For manufacturers and importers - EPA (Distributors of electronics association)<\/title>\n<meta name=\"robots\" content=\"index, follow, max-snippet:-1, max-image-preview:large, max-video-preview:-1\" \/>\n<link rel=\"canonical\" href=\"https:\/\/epa.lt\/gamintojams-ir-importuotojams\/\" \/>\n<meta property=\"og:locale\" content=\"en_US\" \/>\n<meta property=\"og:type\" content=\"article\" \/>\n<meta property=\"og:title\" content=\"For manufacturers and importers - EPA (Distributors of electronics association)\" \/>\n<meta property=\"og:url\" content=\"https:\/\/epa.lt\/gamintojams-ir-importuotojams\/\" \/>\n<meta property=\"og:site_name\" content=\"EPA (Distributors of electronics association)\" \/>\n<meta property=\"article:publisher\" content=\"https:\/\/www.facebook.com\/asociacija.epa\" \/>\n<meta property=\"article:modified_time\" content=\"2024-07-08T09:27:46+00:00\" \/>\n<meta name=\"twitter:card\" content=\"summary_large_image\" \/>\n<meta name=\"twitter:label1\" content=\"Est. reading time\" \/>\n\t<meta name=\"twitter:data1\" content=\"3 minutes\" \/>\n<script type=\"application\/ld+json\" class=\"yoast-schema-graph\">{\"@context\":\"https:\/\/schema.org\",\"@graph\":[{\"@type\":\"WebPage\",\"@id\":\"https:\/\/epa.lt\/gamintojams-ir-importuotojams\/\",\"url\":\"https:\/\/epa.lt\/gamintojams-ir-importuotojams\/\",\"name\":\"For manufacturers and importers - EPA (Distributors of electronics association)\",\"isPartOf\":{\"@id\":\"https:\/\/epa.lt\/#website\"},\"datePublished\":\"2018-04-19T08:49:01+00:00\",\"dateModified\":\"2024-07-08T09:27:46+00:00\",\"description\":\"Svarbi informacija elektros ir elektronin\u0117s \u012frangos platintojams bei importuotojams. Susipa\u017einkite!\",\"breadcrumb\":{\"@id\":\"https:\/\/epa.lt\/gamintojams-ir-importuotojams\/#breadcrumb\"},\"inLanguage\":\"en-US\",\"potentialAction\":[{\"@type\":\"ReadAction\",\"target\":[\"https:\/\/epa.lt\/gamintojams-ir-importuotojams\/\"]}]},{\"@type\":\"BreadcrumbList\",\"@id\":\"https:\/\/epa.lt\/gamintojams-ir-importuotojams\/#breadcrumb\",\"itemListElement\":[{\"@type\":\"ListItem\",\"position\":1,\"name\":\"Home\",\"item\":\"https:\/\/www.epa.lt\/\"},{\"@type\":\"ListItem\",\"position\":2,\"name\":\"Gamintojams ir importuotojams\"}]},{\"@type\":\"WebSite\",\"@id\":\"https:\/\/epa.lt\/#website\",\"url\":\"https:\/\/epa.lt\/\",\"name\":\"{:lt}EPA (Elektronikos platintoj\u0173 asociacija){:}{:en}EPA (Distributors of electronics association) {:}\",\"description\":\"Electronic waste management\",\"publisher\":{\"@id\":\"https:\/\/epa.lt\/#organization\"},\"potentialAction\":[{\"@type\":\"SearchAction\",\"target\":{\"@type\":\"EntryPoint\",\"urlTemplate\":\"https:\/\/epa.lt\/?s={search_term_string}\"},\"query-input\":{\"@type\":\"PropertyValueSpecification\",\"valueRequired\":true,\"valueName\":\"search_term_string\"}}],\"inLanguage\":\"en-US\"},{\"@type\":\"Organization\",\"@id\":\"https:\/\/epa.lt\/#organization\",\"name\":\"{:lt}EPA (Elektronikos platintoj\u0173 asociacija){:}{:en}EPA (Distributors of electronics association) {:}\",\"url\":\"https:\/\/epa.lt\/\",\"logo\":{\"@type\":\"ImageObject\",\"inLanguage\":\"en-US\",\"@id\":\"https:\/\/epa.lt\/#\/schema\/logo\/image\/\",\"url\":\"https:\/\/www.epa.lt\/wp-content\/uploads\/2018\/04\/EPA_logo_RGB_t_vidus.png\",\"contentUrl\":\"https:\/\/www.epa.lt\/wp-content\/uploads\/2018\/04\/EPA_logo_RGB_t_vidus.png\",\"width\":945,\"height\":945,\"caption\":\"{:lt}EPA (Elektronikos platintoj\u0173 asociacija){:}{:en}EPA (Distributors of electronics association) {:}\"},\"image\":{\"@id\":\"https:\/\/epa.lt\/#\/schema\/logo\/image\/\"},\"sameAs\":[\"https:\/\/www.facebook.com\/asociacija.epa\"]}]}<\/script>\n<!-- \/ Yoast SEO Premium plugin. -->","yoast_head_json":{"title":"For manufacturers and importers - EPA (Distributors of electronics association)","robots":{"index":"index","follow":"follow","max-snippet":"max-snippet:-1","max-image-preview":"max-image-preview:large","max-video-preview":"max-video-preview:-1"},"canonical":"https:\/\/epa.lt\/gamintojams-ir-importuotojams\/","og_locale":"en_US","og_type":"article","og_title":"For manufacturers and importers - EPA (Distributors of electronics association)","og_url":"https:\/\/epa.lt\/gamintojams-ir-importuotojams\/","og_site_name":"EPA (Distributors of electronics association)","article_publisher":"https:\/\/www.facebook.com\/asociacija.epa","article_modified_time":"2024-07-08T09:27:46+00:00","twitter_card":"summary_large_image","twitter_misc":{"Est. reading time":"3 minutes"},"schema":{"@context":"https:\/\/schema.org","@graph":[{"@type":"WebPage","@id":"https:\/\/epa.lt\/gamintojams-ir-importuotojams\/","url":"https:\/\/epa.lt\/gamintojams-ir-importuotojams\/","name":"For manufacturers and importers - EPA (Distributors of electronics association)","isPartOf":{"@id":"https:\/\/epa.lt\/#website"},"datePublished":"2018-04-19T08:49:01+00:00","dateModified":"2024-07-08T09:27:46+00:00","description":"Svarbi informacija elektros ir elektronin\u0117s \u012frangos platintojams bei importuotojams. Susipa\u017einkite!","breadcrumb":{"@id":"https:\/\/epa.lt\/gamintojams-ir-importuotojams\/#breadcrumb"},"inLanguage":"en-US","potentialAction":[{"@type":"ReadAction","target":["https:\/\/epa.lt\/gamintojams-ir-importuotojams\/"]}]},{"@type":"BreadcrumbList","@id":"https:\/\/epa.lt\/gamintojams-ir-importuotojams\/#breadcrumb","itemListElement":[{"@type":"ListItem","position":1,"name":"Home","item":"https:\/\/www.epa.lt\/"},{"@type":"ListItem","position":2,"name":"Gamintojams ir importuotojams"}]},{"@type":"WebSite","@id":"https:\/\/epa.lt\/#website","url":"https:\/\/epa.lt\/","name":"{:lt}EPA (Elektronikos platintoj\u0173 asociacija){:}{:en}EPA (Distributors of electronics association) {:}","description":"Electronic waste management","publisher":{"@id":"https:\/\/epa.lt\/#organization"},"potentialAction":[{"@type":"SearchAction","target":{"@type":"EntryPoint","urlTemplate":"https:\/\/epa.lt\/?s={search_term_string}"},"query-input":{"@type":"PropertyValueSpecification","valueRequired":true,"valueName":"search_term_string"}}],"inLanguage":"en-US"},{"@type":"Organization","@id":"https:\/\/epa.lt\/#organization","name":"{:lt}EPA (Elektronikos platintoj\u0173 asociacija){:}{:en}EPA (Distributors of electronics association) {:}","url":"https:\/\/epa.lt\/","logo":{"@type":"ImageObject","inLanguage":"en-US","@id":"https:\/\/epa.lt\/#\/schema\/logo\/image\/","url":"https:\/\/www.epa.lt\/wp-content\/uploads\/2018\/04\/EPA_logo_RGB_t_vidus.png","contentUrl":"https:\/\/www.epa.lt\/wp-content\/uploads\/2018\/04\/EPA_logo_RGB_t_vidus.png","width":945,"height":945,"caption":"{:lt}EPA (Elektronikos platintoj\u0173 asociacija){:}{:en}EPA (Distributors of electronics association) {:}"},"image":{"@id":"https:\/\/epa.lt\/#\/schema\/logo\/image\/"},"sameAs":["https:\/\/www.facebook.com\/asociacija.epa"]}]}},"_links":{"self":[{"href":"https:\/\/www.epa.lt\/en\/wp-json\/wp\/v2\/pages\/58","targetHints":{"allow":["GET"]}}],"collection":[{"href":"https:\/\/www.epa.lt\/en\/wp-json\/wp\/v2\/pages"}],"about":[{"href":"https:\/\/www.epa.lt\/en\/wp-json\/wp\/v2\/types\/page"}],"author":[{"embeddable":true,"href":"https:\/\/www.epa.lt\/en\/wp-json\/wp\/v2\/users\/2"}],"replies":[{"embeddable":true,"href":"https:\/\/www.epa.lt\/en\/wp-json\/wp\/v2\/comments?post=58"}],"version-history":[{"count":31,"href":"https:\/\/www.epa.lt\/en\/wp-json\/wp\/v2\/pages\/58\/revisions"}],"predecessor-version":[{"id":2722,"href":"https:\/\/www.epa.lt\/en\/wp-json\/wp\/v2\/pages\/58\/revisions\/2722"}],"wp:attachment":[{"href":"https:\/\/www.epa.lt\/en\/wp-json\/wp\/v2\/media?parent=58"}],"curies":[{"name":"wp","href":"https:\/\/api.w.org\/{rel}","templated":true}]}}