{"id":2802,"date":"2024-09-06T09:58:07","date_gmt":"2024-09-06T06:58:07","guid":{"rendered":"https:\/\/www.epa.lt\/?page_id=2802"},"modified":"2024-09-06T10:08:01","modified_gmt":"2024-09-06T07:08:01","slug":"pagal-elektronikos-platintoju-asociacijos-epa-projekta-sukurtas-zinomo-skulptoriaus-martyno-gaubo-darbas-apetit-primena-augancia-elektronikos-atlieku-problematika","status":"publish","type":"page","link":"https:\/\/www.epa.lt\/en\/pagal-elektronikos-platintoju-asociacijos-epa-projekta-sukurtas-zinomo-skulptoriaus-martyno-gaubo-darbas-apetit-primena-augancia-elektronikos-atlieku-problematika\/","title":{"rendered":"Pagal Elektronikos platintoj\u0173 asociacijos (EPA) projekt\u0105 sukurtas \u017einomo skulptoriaus Martyno Gaubo darbas #apetit primena augan\u010di\u0105 elektronikos atliek\u0173 problematik\u0105"},"content":{"rendered":"<p><strong>#ape_tit.<\/strong> Taip pavadintas \u017einomo, didelio mastelio ir \u012fvairiomis technologijomis sukurtais darbais pagars\u0117jusio menininko Martyno Gaubo k\u016brybinis darbas.<\/p>\n<p><strong>Ape \/ apetit(-as) \/ tit.<\/strong> Pavadinime telpa 3 reik\u0161m\u0117s: ape (angl. be\u017ed\u017eion\u0117), apetit (angl. apetitas) ir tit (angl. slengo reik\u0161m\u0117 \u2013 kvailas \u017emogus). Be\u017ed\u017eion\u0117s persona\u017eas \u0161ioje skulpt\u016broje simbolizuoja vis\u0105 \u017emogbe\u017ed\u017eioni\u0173 \u0161eim\u0105, kuriai priklauso ir \u017emogus: jis tur\u0117t\u0173 b\u016bti atsakingas u\u017e savo vartojimo apetito pasekmes ir atliek\u0173 tvarkym\u0105 \u2013 u\u017euot neprotingai \u012fsivaizdav\u0119s save karaliumi, kuris nemato, kad jo sostas yra i\u0161 \u0161iuk\u0161li\u0173. <\/p>\n<p><strong>Aplinkosauga.<\/strong> Vidutiniame nam\u0173 \u016bkyje Europoje yra 11 nebenaudojam\u0173 arba sugedusi\u0173 daikt\u0173, 38 proc. gyventoj\u0173 sugedusius prietaisus kaupia sand\u0117liukuose ir spintel\u0117se. Net 31 proc. vartotoj\u0173 vis dar arba i\u0161meta sen\u0105 elektronik\u0105 kartu su buitin\u0117mis \u0161iuk\u0161l\u0117mis arba sumai\u0161o \u0161ias atliekas su kitomis perdirbamomis med\u017eiagomis. Tikslas yra atkreipti d\u0117mes\u012f \u012f elektronikos atliek\u0173 problematik\u0105 bei paskatinti gyventojus atsakingai r\u016b\u0161iuoti ir \u0161alinti \u0161ias atliekas. Meno k\u016brinys buvo skirtas 2022 m. bir\u017eelio 5 d. minimai Pasaulinei aplinkos apsaugos dienai.<\/p>\n<p><strong>Kult\u016bra.<\/strong> K\u016brinys 2022 m. rado viet\u0105 Bir\u0161tone, 2023 m. ji stov\u0117jo prie prekybos centro CUP, 2024 m. buvo eksponuojama Vilniaus gele\u017einkelio stoties perone.<\/p>\n<div class=\"gridIMG\" style=\"display: grid; gap: 10px;\">\n<p>        <img decoding=\"async\" src=\"https:\/\/www.epa.lt\/wp-content\/uploads\/2024\/09\/CUP_N.Rancevos-nuotraukos._4jpg-683x1024.jpg\" alt=\"\" style=\" object-fit: contain;\" \/><\/p>\n<p>        <img decoding=\"async\" src=\"https:\/\/www.epa.lt\/wp-content\/uploads\/2024\/09\/Martynas-Gaubas_foto-Giedrius-Akelis_1-683x1024.jpg\" alt=\"\" style=\" object-fit: contain;\" \/><\/p>\n<p>        <img decoding=\"async\" src=\"https:\/\/www.epa.lt\/wp-content\/uploads\/2024\/09\/LTG_Peronas-683x1024.jpg\" alt=\"\" style=\"object-fit: contain;\" \/><\/p>\n<p>        <img decoding=\"async\" src=\"https:\/\/www.epa.lt\/wp-content\/uploads\/2024\/09\/LTG-1024x683.jpg\" alt=\"\" style=\"object-fit: contain;\" \/><\/p>\n<\/div>\n<style>\n    @media (max-width: 1000px) {\n        .gridIMG {\n            grid-template-columns: repeat(1, minmax(0, 1fr));\n        }\n    }\n    @media (min-width: 1000px) {\n        .gridIMG {\n            grid-template-columns: repeat(2, minmax(0, 1fr));\n        }\n    }\n    @media (min-width: 1600px) {\n        .gridIMG {\n            grid-template-columns: repeat(2, minmax(0, 1fr));\n        }\n    }\n<\/style>\n","protected":false},"excerpt":{"rendered":"<p>#ape_tit. Taip pavadintas \u017einomo, didelio mastelio ir \u012fvairiomis technologijomis sukurtais darbais pagars\u0117jusio menininko Martyno Gaubo k\u016brybinis darbas. Ape \/ apetit(-as) \/ tit. Pavadinime telpa 3 reik\u0161m\u0117s: ape (angl. be\u017ed\u017eion\u0117), apetit (angl. apetitas) ir tit (angl. slengo reik\u0161m\u0117 \u2013 kvailas \u017emogus). Be\u017ed\u017eion\u0117s persona\u017eas \u0161ioje skulpt\u016broje simbolizuoja vis\u0105 \u017emogbe\u017ed\u017eioni\u0173 \u0161eim\u0105, kuriai priklauso ir \u017emogus: jis tur\u0117t\u0173 b\u016bti [&hellip;]<\/p>\n","protected":false},"author":3,"featured_media":0,"parent":0,"menu_order":0,"comment_status":"closed","ping_status":"closed","template":"","meta":{"_acf_changed":false,"sfsi_plus_gutenberg_text_before_share":"","sfsi_plus_gutenberg_show_text_before_share":"","sfsi_plus_gutenberg_icon_type":"","sfsi_plus_gutenberg_icon_alignemt":"","sfsi_plus_gutenburg_max_per_row":"","footnotes":""},"class_list":["post-2802","page","type-page","status-publish","hentry"],"translation":{"provider":"WPGlobus","version":"3.0.0","language":"en","enabled_languages":["lt","en"],"languages":{"lt":{"title":true,"content":true,"excerpt":false},"en":{"title":false,"content":false,"excerpt":false}}},"acf":[],"yoast_head":"<!-- This site is optimized with the Yoast SEO Premium plugin v25.6 (Yoast SEO v25.6) - https:\/\/yoast.com\/wordpress\/plugins\/seo\/ -->\n<title>Pagal Elektronikos platintoj\u0173 asociacijos (EPA) projekt\u0105 sukurtas \u017einomo skulptoriaus Martyno Gaubo darbas #apetit primena augan\u010di\u0105 elektronikos atliek\u0173 problematik\u0105 - EPA (Distributors of electronics association)<\/title>\n<meta name=\"robots\" content=\"index, follow, max-snippet:-1, max-image-preview:large, max-video-preview:-1\" \/>\n<link rel=\"canonical\" href=\"https:\/\/www.epa.lt\/pagal-elektronikos-platintoju-asociacijos-epa-projekta-sukurtas-zinomo-skulptoriaus-martyno-gaubo-darbas-apetit-primena-augancia-elektronikos-atlieku-problematika\/\" \/>\n<meta property=\"og:locale\" content=\"en_US\" \/>\n<meta property=\"og:type\" content=\"article\" \/>\n<meta property=\"og:title\" content=\"Pagal Elektronikos platintoj\u0173 asociacijos (EPA) projekt\u0105 sukurtas \u017einomo skulptoriaus Martyno Gaubo darbas #apetit primena augan\u010di\u0105 elektronikos atliek\u0173 problematik\u0105 - EPA (Distributors of electronics association)\" \/>\n<meta property=\"og:url\" content=\"https:\/\/www.epa.lt\/pagal-elektronikos-platintoju-asociacijos-epa-projekta-sukurtas-zinomo-skulptoriaus-martyno-gaubo-darbas-apetit-primena-augancia-elektronikos-atlieku-problematika\/\" \/>\n<meta property=\"og:site_name\" content=\"EPA (Distributors of electronics association)\" \/>\n<meta property=\"article:publisher\" content=\"https:\/\/www.facebook.com\/asociacija.epa\" \/>\n<meta property=\"article:modified_time\" content=\"2024-09-06T07:08:01+00:00\" \/>\n<meta property=\"og:image\" content=\"https:\/\/www.epa.lt\/wp-content\/uploads\/2024\/09\/CUP_N.Rancevos-nuotraukos._4jpg-683x1024.jpg\" \/>\n<meta name=\"twitter:card\" content=\"summary_large_image\" \/>\n<meta name=\"twitter:label1\" content=\"Est. reading time\" \/>\n\t<meta name=\"twitter:data1\" content=\"2 minutes\" \/>\n<script type=\"application\/ld+json\" class=\"yoast-schema-graph\">{\"@context\":\"https:\/\/schema.org\",\"@graph\":[{\"@type\":\"WebPage\",\"@id\":\"https:\/\/www.epa.lt\/pagal-elektronikos-platintoju-asociacijos-epa-projekta-sukurtas-zinomo-skulptoriaus-martyno-gaubo-darbas-apetit-primena-augancia-elektronikos-atlieku-problematika\/\",\"url\":\"https:\/\/www.epa.lt\/pagal-elektronikos-platintoju-asociacijos-epa-projekta-sukurtas-zinomo-skulptoriaus-martyno-gaubo-darbas-apetit-primena-augancia-elektronikos-atlieku-problematika\/\",\"name\":\"Pagal Elektronikos platintoj\u0173 asociacijos (EPA) projekt\u0105 sukurtas \u017einomo skulptoriaus Martyno Gaubo darbas #apetit primena augan\u010di\u0105 elektronikos atliek\u0173 problematik\u0105 - EPA (Distributors of electronics association)\",\"isPartOf\":{\"@id\":\"https:\/\/epa.lt\/#website\"},\"primaryImageOfPage\":{\"@id\":\"https:\/\/www.epa.lt\/pagal-elektronikos-platintoju-asociacijos-epa-projekta-sukurtas-zinomo-skulptoriaus-martyno-gaubo-darbas-apetit-primena-augancia-elektronikos-atlieku-problematika\/#primaryimage\"},\"image\":{\"@id\":\"https:\/\/www.epa.lt\/pagal-elektronikos-platintoju-asociacijos-epa-projekta-sukurtas-zinomo-skulptoriaus-martyno-gaubo-darbas-apetit-primena-augancia-elektronikos-atlieku-problematika\/#primaryimage\"},\"thumbnailUrl\":\"https:\/\/www.epa.lt\/wp-content\/uploads\/2024\/09\/CUP_N.Rancevos-nuotraukos._4jpg-683x1024.jpg\",\"datePublished\":\"2024-09-06T06:58:07+00:00\",\"dateModified\":\"2024-09-06T07:08:01+00:00\",\"breadcrumb\":{\"@id\":\"https:\/\/www.epa.lt\/pagal-elektronikos-platintoju-asociacijos-epa-projekta-sukurtas-zinomo-skulptoriaus-martyno-gaubo-darbas-apetit-primena-augancia-elektronikos-atlieku-problematika\/#breadcrumb\"},\"inLanguage\":\"en-US\",\"potentialAction\":[{\"@type\":\"ReadAction\",\"target\":[\"https:\/\/www.epa.lt\/pagal-elektronikos-platintoju-asociacijos-epa-projekta-sukurtas-zinomo-skulptoriaus-martyno-gaubo-darbas-apetit-primena-augancia-elektronikos-atlieku-problematika\/\"]}]},{\"@type\":\"ImageObject\",\"inLanguage\":\"en-US\",\"@id\":\"https:\/\/www.epa.lt\/pagal-elektronikos-platintoju-asociacijos-epa-projekta-sukurtas-zinomo-skulptoriaus-martyno-gaubo-darbas-apetit-primena-augancia-elektronikos-atlieku-problematika\/#primaryimage\",\"url\":\"https:\/\/www.epa.lt\/wp-content\/uploads\/2024\/09\/CUP_N.Rancevos-nuotraukos._4jpg-683x1024.jpg\",\"contentUrl\":\"https:\/\/www.epa.lt\/wp-content\/uploads\/2024\/09\/CUP_N.Rancevos-nuotraukos._4jpg-683x1024.jpg\"},{\"@type\":\"BreadcrumbList\",\"@id\":\"https:\/\/www.epa.lt\/pagal-elektronikos-platintoju-asociacijos-epa-projekta-sukurtas-zinomo-skulptoriaus-martyno-gaubo-darbas-apetit-primena-augancia-elektronikos-atlieku-problematika\/#breadcrumb\",\"itemListElement\":[{\"@type\":\"ListItem\",\"position\":1,\"name\":\"Home\",\"item\":\"https:\/\/www.epa.lt\/\"},{\"@type\":\"ListItem\",\"position\":2,\"name\":\"Pagal Elektronikos platintoj\u0173 asociacijos (EPA) projekt\u0105 sukurtas \u017einomo skulptoriaus Martyno Gaubo darbas #apetit primena augan\u010di\u0105 elektronikos atliek\u0173 problematik\u0105\"}]},{\"@type\":\"WebSite\",\"@id\":\"https:\/\/epa.lt\/#website\",\"url\":\"https:\/\/epa.lt\/\",\"name\":\"{:lt}EPA (Elektronikos platintoj\u0173 asociacija){:}{:en}EPA (Distributors of electronics association) {:}\",\"description\":\"Electronic waste management\",\"publisher\":{\"@id\":\"https:\/\/epa.lt\/#organization\"},\"potentialAction\":[{\"@type\":\"SearchAction\",\"target\":{\"@type\":\"EntryPoint\",\"urlTemplate\":\"https:\/\/epa.lt\/?s={search_term_string}\"},\"query-input\":{\"@type\":\"PropertyValueSpecification\",\"valueRequired\":true,\"valueName\":\"search_term_string\"}}],\"inLanguage\":\"en-US\"},{\"@type\":\"Organization\",\"@id\":\"https:\/\/epa.lt\/#organization\",\"name\":\"{:lt}EPA (Elektronikos platintoj\u0173 asociacija){:}{:en}EPA (Distributors of electronics association) {:}\",\"url\":\"https:\/\/epa.lt\/\",\"logo\":{\"@type\":\"ImageObject\",\"inLanguage\":\"en-US\",\"@id\":\"https:\/\/epa.lt\/#\/schema\/logo\/image\/\",\"url\":\"https:\/\/www.epa.lt\/wp-content\/uploads\/2018\/04\/EPA_logo_RGB_t_vidus.png\",\"contentUrl\":\"https:\/\/www.epa.lt\/wp-content\/uploads\/2018\/04\/EPA_logo_RGB_t_vidus.png\",\"width\":945,\"height\":945,\"caption\":\"{:lt}EPA (Elektronikos platintoj\u0173 asociacija){:}{:en}EPA (Distributors of electronics association) {:}\"},\"image\":{\"@id\":\"https:\/\/epa.lt\/#\/schema\/logo\/image\/\"},\"sameAs\":[\"https:\/\/www.facebook.com\/asociacija.epa\"]}]}<\/script>\n<!-- \/ Yoast SEO Premium plugin. -->","yoast_head_json":{"title":"Pagal Elektronikos platintoj\u0173 asociacijos (EPA) projekt\u0105 sukurtas \u017einomo skulptoriaus Martyno Gaubo darbas #apetit primena augan\u010di\u0105 elektronikos atliek\u0173 problematik\u0105 - EPA (Distributors of electronics association)","robots":{"index":"index","follow":"follow","max-snippet":"max-snippet:-1","max-image-preview":"max-image-preview:large","max-video-preview":"max-video-preview:-1"},"canonical":"https:\/\/www.epa.lt\/pagal-elektronikos-platintoju-asociacijos-epa-projekta-sukurtas-zinomo-skulptoriaus-martyno-gaubo-darbas-apetit-primena-augancia-elektronikos-atlieku-problematika\/","og_locale":"en_US","og_type":"article","og_title":"Pagal Elektronikos platintoj\u0173 asociacijos (EPA) projekt\u0105 sukurtas \u017einomo skulptoriaus Martyno Gaubo darbas #apetit primena augan\u010di\u0105 elektronikos atliek\u0173 problematik\u0105 - EPA (Distributors of electronics association)","og_url":"https:\/\/www.epa.lt\/pagal-elektronikos-platintoju-asociacijos-epa-projekta-sukurtas-zinomo-skulptoriaus-martyno-gaubo-darbas-apetit-primena-augancia-elektronikos-atlieku-problematika\/","og_site_name":"EPA (Distributors of electronics association)","article_publisher":"https:\/\/www.facebook.com\/asociacija.epa","article_modified_time":"2024-09-06T07:08:01+00:00","og_image":[{"url":"https:\/\/www.epa.lt\/wp-content\/uploads\/2024\/09\/CUP_N.Rancevos-nuotraukos._4jpg-683x1024.jpg","type":"","width":"","height":""}],"twitter_card":"summary_large_image","twitter_misc":{"Est. reading time":"2 minutes"},"schema":{"@context":"https:\/\/schema.org","@graph":[{"@type":"WebPage","@id":"https:\/\/www.epa.lt\/pagal-elektronikos-platintoju-asociacijos-epa-projekta-sukurtas-zinomo-skulptoriaus-martyno-gaubo-darbas-apetit-primena-augancia-elektronikos-atlieku-problematika\/","url":"https:\/\/www.epa.lt\/pagal-elektronikos-platintoju-asociacijos-epa-projekta-sukurtas-zinomo-skulptoriaus-martyno-gaubo-darbas-apetit-primena-augancia-elektronikos-atlieku-problematika\/","name":"Pagal Elektronikos platintoj\u0173 asociacijos (EPA) projekt\u0105 sukurtas \u017einomo skulptoriaus Martyno Gaubo darbas #apetit primena augan\u010di\u0105 elektronikos atliek\u0173 problematik\u0105 - EPA (Distributors of electronics association)","isPartOf":{"@id":"https:\/\/epa.lt\/#website"},"primaryImageOfPage":{"@id":"https:\/\/www.epa.lt\/pagal-elektronikos-platintoju-asociacijos-epa-projekta-sukurtas-zinomo-skulptoriaus-martyno-gaubo-darbas-apetit-primena-augancia-elektronikos-atlieku-problematika\/#primaryimage"},"image":{"@id":"https:\/\/www.epa.lt\/pagal-elektronikos-platintoju-asociacijos-epa-projekta-sukurtas-zinomo-skulptoriaus-martyno-gaubo-darbas-apetit-primena-augancia-elektronikos-atlieku-problematika\/#primaryimage"},"thumbnailUrl":"https:\/\/www.epa.lt\/wp-content\/uploads\/2024\/09\/CUP_N.Rancevos-nuotraukos._4jpg-683x1024.jpg","datePublished":"2024-09-06T06:58:07+00:00","dateModified":"2024-09-06T07:08:01+00:00","breadcrumb":{"@id":"https:\/\/www.epa.lt\/pagal-elektronikos-platintoju-asociacijos-epa-projekta-sukurtas-zinomo-skulptoriaus-martyno-gaubo-darbas-apetit-primena-augancia-elektronikos-atlieku-problematika\/#breadcrumb"},"inLanguage":"en-US","potentialAction":[{"@type":"ReadAction","target":["https:\/\/www.epa.lt\/pagal-elektronikos-platintoju-asociacijos-epa-projekta-sukurtas-zinomo-skulptoriaus-martyno-gaubo-darbas-apetit-primena-augancia-elektronikos-atlieku-problematika\/"]}]},{"@type":"ImageObject","inLanguage":"en-US","@id":"https:\/\/www.epa.lt\/pagal-elektronikos-platintoju-asociacijos-epa-projekta-sukurtas-zinomo-skulptoriaus-martyno-gaubo-darbas-apetit-primena-augancia-elektronikos-atlieku-problematika\/#primaryimage","url":"https:\/\/www.epa.lt\/wp-content\/uploads\/2024\/09\/CUP_N.Rancevos-nuotraukos._4jpg-683x1024.jpg","contentUrl":"https:\/\/www.epa.lt\/wp-content\/uploads\/2024\/09\/CUP_N.Rancevos-nuotraukos._4jpg-683x1024.jpg"},{"@type":"BreadcrumbList","@id":"https:\/\/www.epa.lt\/pagal-elektronikos-platintoju-asociacijos-epa-projekta-sukurtas-zinomo-skulptoriaus-martyno-gaubo-darbas-apetit-primena-augancia-elektronikos-atlieku-problematika\/#breadcrumb","itemListElement":[{"@type":"ListItem","position":1,"name":"Home","item":"https:\/\/www.epa.lt\/"},{"@type":"ListItem","position":2,"name":"Pagal Elektronikos platintoj\u0173 asociacijos (EPA) projekt\u0105 sukurtas \u017einomo skulptoriaus Martyno Gaubo darbas #apetit primena augan\u010di\u0105 elektronikos atliek\u0173 problematik\u0105"}]},{"@type":"WebSite","@id":"https:\/\/epa.lt\/#website","url":"https:\/\/epa.lt\/","name":"{:lt}EPA (Elektronikos platintoj\u0173 asociacija){:}{:en}EPA (Distributors of electronics association) {:}","description":"Electronic waste management","publisher":{"@id":"https:\/\/epa.lt\/#organization"},"potentialAction":[{"@type":"SearchAction","target":{"@type":"EntryPoint","urlTemplate":"https:\/\/epa.lt\/?s={search_term_string}"},"query-input":{"@type":"PropertyValueSpecification","valueRequired":true,"valueName":"search_term_string"}}],"inLanguage":"en-US"},{"@type":"Organization","@id":"https:\/\/epa.lt\/#organization","name":"{:lt}EPA (Elektronikos platintoj\u0173 asociacija){:}{:en}EPA (Distributors of electronics association) {:}","url":"https:\/\/epa.lt\/","logo":{"@type":"ImageObject","inLanguage":"en-US","@id":"https:\/\/epa.lt\/#\/schema\/logo\/image\/","url":"https:\/\/www.epa.lt\/wp-content\/uploads\/2018\/04\/EPA_logo_RGB_t_vidus.png","contentUrl":"https:\/\/www.epa.lt\/wp-content\/uploads\/2018\/04\/EPA_logo_RGB_t_vidus.png","width":945,"height":945,"caption":"{:lt}EPA (Elektronikos platintoj\u0173 asociacija){:}{:en}EPA (Distributors of electronics association) {:}"},"image":{"@id":"https:\/\/epa.lt\/#\/schema\/logo\/image\/"},"sameAs":["https:\/\/www.facebook.com\/asociacija.epa"]}]}},"_links":{"self":[{"href":"https:\/\/www.epa.lt\/en\/wp-json\/wp\/v2\/pages\/2802","targetHints":{"allow":["GET"]}}],"collection":[{"href":"https:\/\/www.epa.lt\/en\/wp-json\/wp\/v2\/pages"}],"about":[{"href":"https:\/\/www.epa.lt\/en\/wp-json\/wp\/v2\/types\/page"}],"author":[{"embeddable":true,"href":"https:\/\/www.epa.lt\/en\/wp-json\/wp\/v2\/users\/3"}],"replies":[{"embeddable":true,"href":"https:\/\/www.epa.lt\/en\/wp-json\/wp\/v2\/comments?post=2802"}],"version-history":[{"count":7,"href":"https:\/\/www.epa.lt\/en\/wp-json\/wp\/v2\/pages\/2802\/revisions"}],"predecessor-version":[{"id":2833,"href":"https:\/\/www.epa.lt\/en\/wp-json\/wp\/v2\/pages\/2802\/revisions\/2833"}],"wp:attachment":[{"href":"https:\/\/www.epa.lt\/en\/wp-json\/wp\/v2\/media?parent=2802"}],"curies":[{"name":"wp","href":"https:\/\/api.w.org\/{rel}","templated":true}]}}