{"id":2426,"date":"2023-06-22T18:47:34","date_gmt":"2023-06-22T15:47:34","guid":{"rendered":"https:\/\/www.epa.lt\/?page_id=2426"},"modified":"2026-02-05T22:53:16","modified_gmt":"2026-02-05T19:53:16","slug":"elektronikos-atlieku-surinkimas","status":"publish","type":"page","link":"https:\/\/www.epa.lt\/en\/elektronikos-atlieku-surinkimas\/","title":{"rendered":"Elektronikos atliek\u0173 surinkimas"},"content":{"rendered":"<p><strong>Lietuvoje \u2013 gerai i\u0161vystytas elektronikos atliek\u0173 surinkimo tinklas<\/strong><strong>\u00a0<\/strong><\/p>\n<p>Europos S\u0105jungos (ES) valstyb\u0117se nar\u0117se, \u012fskaitant ir Lietuv\u0105, <strong>elektronikos atliek\u0173 surinkimas<\/strong> yra reguliuojamas, atsi\u017evelgiant \u012f Europos S\u0105jungos direktyvas ir nacionalin\u0119 \u012fstatym\u0173 sistem\u0105. Pagrindinis tikslas yra u\u017etikrinti, kad elektronikos \u012frenginiai, kurie pasiekia savo gyvavimo pabaig\u0105 ir vertinami kaip <strong>elektronikos atliekos<\/strong>, b\u016bt\u0173 surenkamos, tvarkomos ir perdirbamos aplink\u0105 ir \u017eem\u0117s i\u0161teklius tausojan\u010diu b\u016bdu.<\/p>\n<p>ES ir Lietuvoje yra \u012fkurtos specialios organizacijos ir \u012fmon\u0117s, atsakingos u\u017e elektronikos atliek\u0173 tvarkym\u0105. Viena i\u0161 elektronikos atliek\u0173 surinkim\u0105 organizuojan\u010di\u0173 organizacij\u0173 yra Elektronikos platintoj\u0173 asociacija (EPA). Jos r\u016bpestis \u2013 sklandus ir efektyvus nebereikalingos, nepataisomos, savo gyvavimo cikl\u0105 baigusios <strong>elektronikos surinkimas<\/strong> bei gyventoj\u0173 edukacija, kad toks <strong>elektronikos surinkimas<\/strong> tapt\u0173 atsakingos gyventoj\u0173 elgsenos dalimi. Visa \u0161i sistema yra sukurta siekiant suma\u017einti neigiam\u0105 elektronikos atliek\u0173 poveik\u012f aplinkai ir \u017emoni\u0173 sveikatai bei skatinti atliek\u0173 perdirbim\u0105 ir perdirbimo proces\u0173 efektyvum\u0105.<\/p>\n<p>EPA Lietuvoje yra \u012frengusi daugiau nei 400 specializuot\u0173 konteineri\u0173 elektros ir elektronikos, baterij\u0173 ir dujo\u0161vy\u010di\u0173 lemp\u0173 atliekoms surinkti. Joms skirti konteineriai yra prieinami \u012fvairiose vietose visoje Lietuvoje, \u012fskaitant prekybos centrus, parduotuves ir kitus vie\u0161uosius ta\u0161kus. Tai \u2013 ne tik savo gyvavimo cikl\u0105 baigusios <strong>elektronikos surinkimas Vilniuje<\/strong>, <strong>Kaune<\/strong>, bet ir daugelyje \u0161alies miest\u0173 ir miesteli\u0173.<\/p>\n<p><strong>Elektronikos atliek\u0173 surinkimas<\/strong> Lietuvoje pasi\u017eymi gerai i\u0161vystyta infrastrukt\u016bra, siekiant u\u017etikrinti patogum\u0105 ir prieinamum\u0105 gyventojams.<\/p>\n<p><strong>Surinkimo viet\u0173 prieinamumas.<\/strong> Surinkimo konteineriai ir vietos yra visoje Lietuvoje, \u012fskaitant didesnius miestus, miestelius ir kaimus. Jie yra \u012frengti strategi\u0161kai patogiose vietose, pavyzd\u017eiui, prekybos centruose, parduotuv\u0117se, vie\u0161osiose \u012fstaigose ar specializuotose stambiagabari\u010di\u0173 atliek\u0173 surinkimo aik\u0161tel\u0117se. Tai padeda u\u017etikrinti, kad gyventojai tur\u0117t\u0173 patogi\u0105 prieig\u0105 prie surinkimo viet\u0173.<\/p>\n<p><strong><a href=\"https:\/\/www.epa.lt\/surinkimo-vietu-sarasas\/\">Elektronikos atliek\u0173 surinkimo vietos<\/a>.<\/strong> Elektronikos atliek\u0173 surinkimo vietose \u012frengiami special\u016bs konteineriai, skirti skirting\u0173 dyd\u017ei\u0173 elektros ir elektronikos \u012frangos atliekoms, panaudotoms baterijoms ir dujo\u0161vyt\u0117ms lempoms \u0161alinti. Tai leid\u017eia \u017emon\u0117ms tinkamai atsikratyti \u012fvairaus dyd\u017eio elektronikos prietais\u0173 ar \u012frangos atliekomis. Atskiri konteineriai tam tikram tipui ar kategorijai atliek\u0173 palengvina tinkam\u0105 atliek\u0173 tvarkym\u0105, \u012fskaitant perdirbim\u0105.<\/p>\n<p><strong>Informacijos sklaida.<\/strong> EPA da\u017enai skelbia informacij\u0105 bei vykdo \u0161vietimo programas, siekdama padidinti gyventoj\u0173 s\u0105moningum\u0105 ir supratim\u0105 apie elektronikos atliek\u0173 problemos bei paskatinti taisykling\u0105 atliek\u0173 surinkim\u0105. Informacija apie elektronikos atliek\u0173 surinkimo viet\u0173 adresus ir skelbiama interneto svetain\u0117je <a href=\"https:\/\/www.epa.lt\/nemokamas-buitines-technikos-isvezimas\/\">www.epa.lt<\/a>.<\/p>\n<p><strong>Elektronikos, baterij\u0173 ir dujo\u0161vy\u010di\u0173 lemp\u0173 atliekos surenkamos nemokamai. <\/strong>EPA paslaugos \u2013 tai ne <strong>elektronikos atliek\u0173 supirkimas<\/strong>, o j\u0173 nemokamas surinkimas. \u0160ios r\u016b\u0161ies smulki\u0173j\u0173 ir stambi\u0173j\u0173 atliek\u0173 konteineriai pastatyti gyventojams prieinamose vietose. Tuo tarpu stambiagabarites elektronikos atliekas EPA komanda nemokamai ne tik surenka, bet ir i\u0161ne\u0161a i\u0161 nam\u0173. Viskas, ko reikia \u2013 registruoti nemokam\u0105 i\u0161ve\u017eim\u0105 <a href=\"https:\/\/www.epa.lt\/nemokamas-buitines-technikos-isvezimas\/\">www.epa.lt<\/a> svetain\u0117je, u\u017epildant anket\u0105 arba tiesiog paskambinti telefonu +370 695 55111.<\/p>\n<p>Viskas, ko reikia, kad \u0161i infrastrukt\u016bra b\u016bt\u0173 efektyvi \u2013 s\u0105moningas gyventoj\u0173 \u012fsitraukimas. B\u016bkime atsakingi!<\/p>\n","protected":false},"excerpt":{"rendered":"<p>Lietuvoje \u2013 gerai i\u0161vystytas elektronikos atliek\u0173 surinkimo tinklas\u00a0 Europos S\u0105jungos (ES) valstyb\u0117se nar\u0117se, \u012fskaitant ir Lietuv\u0105, elektronikos atliek\u0173 surinkimas yra reguliuojamas, atsi\u017evelgiant \u012f Europos S\u0105jungos direktyvas ir nacionalin\u0119 \u012fstatym\u0173 sistem\u0105. Pagrindinis tikslas yra u\u017etikrinti, kad elektronikos \u012frenginiai, kurie pasiekia savo gyvavimo pabaig\u0105 ir vertinami kaip elektronikos atliekos, b\u016bt\u0173 surenkamos, tvarkomos ir perdirbamos aplink\u0105 ir \u017eem\u0117s [&hellip;]<\/p>\n","protected":false},"author":2,"featured_media":0,"parent":0,"menu_order":0,"comment_status":"closed","ping_status":"closed","template":"","meta":{"_acf_changed":false,"sfsi_plus_gutenberg_text_before_share":"","sfsi_plus_gutenberg_show_text_before_share":"","sfsi_plus_gutenberg_icon_type":"","sfsi_plus_gutenberg_icon_alignemt":"","sfsi_plus_gutenburg_max_per_row":"","footnotes":""},"class_list":["post-2426","page","type-page","status-publish","hentry"],"translation":{"provider":"WPGlobus","version":"3.0.0","language":"en","enabled_languages":["lt","en"],"languages":{"lt":{"title":true,"content":true,"excerpt":false},"en":{"title":false,"content":false,"excerpt":false}}},"acf":[],"yoast_head":"<!-- This site is optimized with the Yoast SEO Premium plugin v25.6 (Yoast SEO v25.6) - https:\/\/yoast.com\/wordpress\/plugins\/seo\/ -->\n<title>Elektronikos atliek\u0173 surinkimas - EPA (Distributors of electronics association)<\/title>\n<meta name=\"robots\" content=\"index, follow, max-snippet:-1, max-image-preview:large, max-video-preview:-1\" \/>\n<link rel=\"canonical\" href=\"https:\/\/www.epa.lt\/elektronikos-atlieku-surinkimas\/\" \/>\n<meta property=\"og:locale\" content=\"en_US\" \/>\n<meta property=\"og:type\" content=\"article\" \/>\n<meta property=\"og:title\" content=\"Elektronikos atliek\u0173 surinkimas - EPA (Distributors of electronics association)\" \/>\n<meta property=\"og:url\" content=\"https:\/\/www.epa.lt\/elektronikos-atlieku-surinkimas\/\" \/>\n<meta property=\"og:site_name\" content=\"EPA (Distributors of electronics association)\" \/>\n<meta property=\"article:publisher\" content=\"https:\/\/www.facebook.com\/asociacija.epa\" \/>\n<meta property=\"article:modified_time\" content=\"2026-02-05T19:53:16+00:00\" \/>\n<meta name=\"twitter:card\" content=\"summary_large_image\" \/>\n<meta name=\"twitter:label1\" content=\"Est. reading time\" \/>\n\t<meta name=\"twitter:data1\" content=\"3 minutes\" \/>\n<script type=\"application\/ld+json\" class=\"yoast-schema-graph\">{\"@context\":\"https:\/\/schema.org\",\"@graph\":[{\"@type\":\"WebPage\",\"@id\":\"https:\/\/www.epa.lt\/elektronikos-atlieku-surinkimas\/\",\"url\":\"https:\/\/www.epa.lt\/elektronikos-atlieku-surinkimas\/\",\"name\":\"Elektronikos atliek\u0173 surinkimas - EPA (Distributors of electronics association)\",\"isPartOf\":{\"@id\":\"https:\/\/epa.lt\/#website\"},\"datePublished\":\"2023-06-22T15:47:34+00:00\",\"dateModified\":\"2026-02-05T19:53:16+00:00\",\"description\":\"Elektronikos i\u0161metimo vietos ir surinkimas j\u016bs\u0173 mieste. Su\u017einokite!\",\"breadcrumb\":{\"@id\":\"https:\/\/www.epa.lt\/elektronikos-atlieku-surinkimas\/#breadcrumb\"},\"inLanguage\":\"en-US\",\"potentialAction\":[{\"@type\":\"ReadAction\",\"target\":[\"https:\/\/www.epa.lt\/elektronikos-atlieku-surinkimas\/\"]}]},{\"@type\":\"BreadcrumbList\",\"@id\":\"https:\/\/www.epa.lt\/elektronikos-atlieku-surinkimas\/#breadcrumb\",\"itemListElement\":[{\"@type\":\"ListItem\",\"position\":1,\"name\":\"Home\",\"item\":\"https:\/\/epa.lt\/\"},{\"@type\":\"ListItem\",\"position\":2,\"name\":\"Elektronikos atliek\u0173 surinkimas\"}]},{\"@type\":\"WebSite\",\"@id\":\"https:\/\/epa.lt\/#website\",\"url\":\"https:\/\/epa.lt\/\",\"name\":\"{:lt}EPA (Elektronikos platintoj\u0173 asociacija){:}{:en}EPA (Distributors of electronics association) {:}\",\"description\":\"Electronic waste management\",\"publisher\":{\"@id\":\"https:\/\/epa.lt\/#organization\"},\"potentialAction\":[{\"@type\":\"SearchAction\",\"target\":{\"@type\":\"EntryPoint\",\"urlTemplate\":\"https:\/\/epa.lt\/?s={search_term_string}\"},\"query-input\":{\"@type\":\"PropertyValueSpecification\",\"valueRequired\":true,\"valueName\":\"search_term_string\"}}],\"inLanguage\":\"en-US\"},{\"@type\":\"Organization\",\"@id\":\"https:\/\/epa.lt\/#organization\",\"name\":\"{:lt}EPA (Elektronikos platintoj\u0173 asociacija){:}{:en}EPA (Distributors of electronics association) {:}\",\"url\":\"https:\/\/epa.lt\/\",\"logo\":{\"@type\":\"ImageObject\",\"inLanguage\":\"en-US\",\"@id\":\"https:\/\/epa.lt\/#\/schema\/logo\/image\/\",\"url\":\"https:\/\/www.epa.lt\/wp-content\/uploads\/2018\/04\/EPA_logo_RGB_t_vidus.png\",\"contentUrl\":\"https:\/\/www.epa.lt\/wp-content\/uploads\/2018\/04\/EPA_logo_RGB_t_vidus.png\",\"width\":945,\"height\":945,\"caption\":\"{:lt}EPA (Elektronikos platintoj\u0173 asociacija){:}{:en}EPA (Distributors of electronics association) {:}\"},\"image\":{\"@id\":\"https:\/\/epa.lt\/#\/schema\/logo\/image\/\"},\"sameAs\":[\"https:\/\/www.facebook.com\/asociacija.epa\"]}]}<\/script>\n<!-- \/ Yoast SEO Premium plugin. -->","yoast_head_json":{"title":"Elektronikos atliek\u0173 surinkimas - EPA (Distributors of electronics association)","robots":{"index":"index","follow":"follow","max-snippet":"max-snippet:-1","max-image-preview":"max-image-preview:large","max-video-preview":"max-video-preview:-1"},"canonical":"https:\/\/www.epa.lt\/elektronikos-atlieku-surinkimas\/","og_locale":"en_US","og_type":"article","og_title":"Elektronikos atliek\u0173 surinkimas - EPA (Distributors of electronics association)","og_url":"https:\/\/www.epa.lt\/elektronikos-atlieku-surinkimas\/","og_site_name":"EPA (Distributors of electronics association)","article_publisher":"https:\/\/www.facebook.com\/asociacija.epa","article_modified_time":"2026-02-05T19:53:16+00:00","twitter_card":"summary_large_image","twitter_misc":{"Est. reading time":"3 minutes"},"schema":{"@context":"https:\/\/schema.org","@graph":[{"@type":"WebPage","@id":"https:\/\/www.epa.lt\/elektronikos-atlieku-surinkimas\/","url":"https:\/\/www.epa.lt\/elektronikos-atlieku-surinkimas\/","name":"Elektronikos atliek\u0173 surinkimas - EPA (Distributors of electronics association)","isPartOf":{"@id":"https:\/\/epa.lt\/#website"},"datePublished":"2023-06-22T15:47:34+00:00","dateModified":"2026-02-05T19:53:16+00:00","description":"Elektronikos i\u0161metimo vietos ir surinkimas j\u016bs\u0173 mieste. Su\u017einokite!","breadcrumb":{"@id":"https:\/\/www.epa.lt\/elektronikos-atlieku-surinkimas\/#breadcrumb"},"inLanguage":"en-US","potentialAction":[{"@type":"ReadAction","target":["https:\/\/www.epa.lt\/elektronikos-atlieku-surinkimas\/"]}]},{"@type":"BreadcrumbList","@id":"https:\/\/www.epa.lt\/elektronikos-atlieku-surinkimas\/#breadcrumb","itemListElement":[{"@type":"ListItem","position":1,"name":"Home","item":"https:\/\/epa.lt\/"},{"@type":"ListItem","position":2,"name":"Elektronikos atliek\u0173 surinkimas"}]},{"@type":"WebSite","@id":"https:\/\/epa.lt\/#website","url":"https:\/\/epa.lt\/","name":"{:lt}EPA (Elektronikos platintoj\u0173 asociacija){:}{:en}EPA (Distributors of electronics association) {:}","description":"Electronic waste management","publisher":{"@id":"https:\/\/epa.lt\/#organization"},"potentialAction":[{"@type":"SearchAction","target":{"@type":"EntryPoint","urlTemplate":"https:\/\/epa.lt\/?s={search_term_string}"},"query-input":{"@type":"PropertyValueSpecification","valueRequired":true,"valueName":"search_term_string"}}],"inLanguage":"en-US"},{"@type":"Organization","@id":"https:\/\/epa.lt\/#organization","name":"{:lt}EPA (Elektronikos platintoj\u0173 asociacija){:}{:en}EPA (Distributors of electronics association) {:}","url":"https:\/\/epa.lt\/","logo":{"@type":"ImageObject","inLanguage":"en-US","@id":"https:\/\/epa.lt\/#\/schema\/logo\/image\/","url":"https:\/\/www.epa.lt\/wp-content\/uploads\/2018\/04\/EPA_logo_RGB_t_vidus.png","contentUrl":"https:\/\/www.epa.lt\/wp-content\/uploads\/2018\/04\/EPA_logo_RGB_t_vidus.png","width":945,"height":945,"caption":"{:lt}EPA (Elektronikos platintoj\u0173 asociacija){:}{:en}EPA (Distributors of electronics association) {:}"},"image":{"@id":"https:\/\/epa.lt\/#\/schema\/logo\/image\/"},"sameAs":["https:\/\/www.facebook.com\/asociacija.epa"]}]}},"_links":{"self":[{"href":"https:\/\/www.epa.lt\/en\/wp-json\/wp\/v2\/pages\/2426","targetHints":{"allow":["GET"]}}],"collection":[{"href":"https:\/\/www.epa.lt\/en\/wp-json\/wp\/v2\/pages"}],"about":[{"href":"https:\/\/www.epa.lt\/en\/wp-json\/wp\/v2\/types\/page"}],"author":[{"embeddable":true,"href":"https:\/\/www.epa.lt\/en\/wp-json\/wp\/v2\/users\/2"}],"replies":[{"embeddable":true,"href":"https:\/\/www.epa.lt\/en\/wp-json\/wp\/v2\/comments?post=2426"}],"version-history":[{"count":6,"href":"https:\/\/www.epa.lt\/en\/wp-json\/wp\/v2\/pages\/2426\/revisions"}],"predecessor-version":[{"id":3618,"href":"https:\/\/www.epa.lt\/en\/wp-json\/wp\/v2\/pages\/2426\/revisions\/3618"}],"wp:attachment":[{"href":"https:\/\/www.epa.lt\/en\/wp-json\/wp\/v2\/media?parent=2426"}],"curies":[{"name":"wp","href":"https:\/\/api.w.org\/{rel}","templated":true}]}}