{"id":2375,"date":"2023-06-20T10:54:16","date_gmt":"2023-06-20T07:54:16","guid":{"rendered":"https:\/\/www.epa.lt\/?page_id=2375"},"modified":"2023-06-26T11:42:22","modified_gmt":"2023-06-26T08:42:22","slug":"atlieku-surinkimo-aiksteles","status":"publish","type":"page","link":"https:\/\/www.epa.lt\/en\/paslaugos\/atlieku-surinkimo-aiksteles\/","title":{"rendered":"Atliek\u0173 surinkimo aik\u0161tel\u0117s"},"content":{"rendered":"<p><strong>Atliek\u0173 surinkimo aik\u0161tel\u0117s: tai naudinga visiems<\/strong><\/p>\n<p>Kod\u0117l vis daugiau \u017emoni\u0173 visoje Lietuvoje naudojasi atliek\u0173 surinkimo aik\u0161tel\u0117mis, o \u0161alies mi\u0161kai ir pakel\u0117s pama\u017eu tampa vis \u0161varesni? Viena vertus, daugeliui gyventoj\u0173 vis labiau patinka \u0161vara, jie vis pagarbiau \u017ei\u016bri \u012f gamt\u0105, nori poilsiauti gra\u017eioje aplinkoje, supranta, kad ter\u0161dami aplink\u0105 kenkiame patys sau. Kita vertus, <strong>atliek\u0173 surinkimo aik\u0161tel\u0117s<\/strong> yra puiki galimyb\u0117 gyventojams apsi\u0161varinti nemokamai.<\/p>\n<p><strong>Priimamos ja<\/strong><strong>u sur\u016b\u0161iuotos atliekos<\/strong><\/p>\n<p>Stambiagabari\u010di\u0173 atliek\u0173 aik\u0161teles galima rasti beveik visose \u0161alies savivaldyb\u0117se. Tai \u2013 ne tik <strong>nemokamas padang\u0173 surinkimas Vilniuje<\/strong>, <strong>Kaune<\/strong>, Klaip\u0117doje, \u0160iauliuose ir <strong>Panev\u0117\u017eyje<\/strong>, bet ir patogumas, atsikratant metalo, betono, medienos, polistirolo, plastiko atliek\u0173, sen\u0173 nebereikaling\u0173 bald\u0173, lang\u0173, tekstil\u0117s atliek\u0173, u\u017eter\u0161t\u0173 pakuo\u010di\u0173 ir kit\u0173 med\u017eiag\u0173 bei, \u017einoma, <strong>elektronikos<\/strong>, dujo\u0161vy\u010di\u0173 lemp\u0173 bei baterij\u0173 ir akumuliatori\u0173 atliek\u0173.<\/p>\n<p>Be abejon\u0117s, reikia pasidom\u0117ti, kurioje vietoje ir kur ar\u010diausiai j\u016bs\u0173 nam\u0173 yra tokia atliek\u0173 surinkimo aik\u0161tel\u0117, kokios yra jos darbo valandos. Patartina taip pat su\u017einoti, ar visos atliekos nemokamai priimamos neribotai, ar vis d\u0117lto u\u017e tam tikr\u0105 norm\u0105 vir\u0161ijant\u012f kiek\u012f teks mok\u0117ti, kaip pavyzd\u017eiui, jei pristatysite didesn\u012f nei nustatytas kiekis automobilini\u0173 padang\u0173.<\/p>\n<p>Dalis gyventoj\u0173 paskuba atgabenti \u012fvairias atliekas, nepasidom\u0117j\u0119, kad prie\u0161 jas atve\u017eant vis d\u0117lto reik\u0117t\u0173 i\u0161r\u016b\u0161iuoti. Atliek\u0173 aik\u0161tel\u0117 \u2013 tikrai ne ta vieta, kur jos tur\u0117t\u0173 b\u016bti r\u016b\u0161iuojamos, tai reik\u0117t\u0173 padaryti dar prie\u0161 sukraunant atliekas \u012f automobil\u012f. R\u016b\u0161iuotos atliekos \u2013 tai tokie daiktai, kurias galima lengvai paskirstyti \u012f specialioms atliekoms skirtus konteinerius, negai\u0161inant darbuotoj\u0173 ir kit\u0173 aik\u0161tel\u0117s klient\u0173 laiko. Pavojingosios ar skystos atliekos turi b\u016bti atve\u017etos sandariai supakuotos ar supilstytos. Be to, der\u0117t\u0173 nepamir\u0161ti, kad j\u016bs\u0173 atliekos bus priimamos tik toje savivaldyb\u0117je, kurioje j\u016bs gyvenate \u2013 ten, kur deklaravote savo gyvenam\u0105j\u0105 viet\u0105.<\/p>\n<p>Atliekos aik\u0161tel\u0117se pagal j\u0173 r\u016b\u0161is dedamos \u012f atskirus konteinerius, siekiant kuo efektyvesnio j\u0173 tolesnio tvarkymo ir perdirbimo. I\u0161 kai kuri\u0173 bus atgaunamos vertingos med\u017eiagos naujiems produktams gaminti, o kitos keliaus \u012f deginimo \u012frenginius, kur saugiame deginimo procese i\u0161 j\u0173 bus i\u0161gaunama \u0161ilumos energija. Tai, kad kai kurios atliekos ne perdirbamos, o deginamos, visi\u0161kai nerei\u0161kia, kad tuos pa\u010dius dalykus gal\u0117tume deginti buitin\u0117se krosnyse ar lau\u017ee prie nam\u0173. Specializuotuose \u012frenginiuose deginamos atliekos nei\u0161skiria \u012f aplink\u0105 toksi\u0161k\u0173 med\u017eiag\u0173, o toki\u0173 \u012fmoni\u0173 kaminuose sugaudoma viskas, kad tik d\u016bmuose gal\u0117t\u0173 pakenkti aplinkai. Buitiniai kaminai tokiomis savyb\u0117mis nepasi\u017eymi, juose n\u0117ra \u012frengt\u0173 profesionali\u0173 filtr\u0173 ar kiet\u0173j\u0173 ir toksi\u0161k\u0173 daleli\u0173 gaudykli\u0173.<\/p>\n<p><strong>Elektronika priimama nei\u0161komplektuota <\/strong><\/p>\n<p>Atkreiptinas d\u0117mesys, kad \u012f stambiagabari\u010di\u0173 atliek\u0173 surinkimo aik\u0161teles gyventojai vienu metu atve\u017ea \u012fvairi\u0173 r\u016b\u0161i\u0173 atliekas. Tai yra ypa\u010d patogu atliekant generalin\u0119 tvark\u0105 namuose, persikraustant ar remontuojant b\u016bst\u0105, kai paai\u0161k\u0117ja, kiek daug nereikaling\u0173, nenaudojam\u0173 daikt\u0173 esame prikaup\u0119. Tad, nepaisant \u012fvairi\u0173 kit\u0173 galimybi\u0173 \u0161alinti elektronikos, dujo\u0161vy\u010di\u0173 lemp\u0173, baterij\u0173 ir akumuliatori\u0173 atliekas, jos atgabenamos kartu su kitais daiktais. Toks sprendimas gali b\u016bti patogus, tik reik\u0117t\u0173 \u012fsid\u0117m\u0117ti, kad elektronikos atliek\u0173 <strong>surinkimas<\/strong> specializuotose aik\u0161tel\u0117se vykdomas su s\u0105lyga, kad tokios atliekos b\u016bt\u0173 nei\u0161komplektuotos. Kitaip sakant, negal\u0117site \u010dia priduoti tik seno televizoriaus kineskopo ar \u0161aldytuvo plastikin\u0117s dalies. Tokia tvarka yra nustatyta, vykdant nelegalaus ir nesaugaus elektronikos ardymo bei perdirbimo prevencij\u0105 bei vykdant Europos S\u0105jungoje privalom\u0105 bei nacionaliniu mastu \u0161alyje priimt\u0105 atliek\u0173 apskait\u0105.<\/p>\n<p>Gabenant \u012f tokias aik\u0161teles didesnius atliek\u0173 kiekius rekomenduojama pasiskambinti konkre\u010dios aik\u0161tel\u0117s darbuotojams ir pasitarti, ar bus galimyb\u0117 tiek daug atliek\u0173 priimti bei pasir\u016bpinti efektyviu j\u0173 i\u0161krovimu.<\/p>\n<p>Pastaruoju metu stambiagabari\u010di\u0173 atliek\u0173 aik\u0161teles papildo daikt\u0173 dalijimosi platformos, tad \u012f tokias aik\u0161teles priimami ir dar tinkami naudoti, veikiantys daiktai. Tad jei turite vis dar funkcionuojant\u012f \u0161aldytuv\u0105, elektrin\u0119 virykl\u0119, mikrobang\u0173 krosnel\u0119, gartrauk\u012f, dulki\u0173 siurbl\u012f ar kit\u0105 elektronikos prietais\u0105, pasir\u016bpinkite j\u012f pristatyti kuo geresn\u0117s estetin\u0117s i\u0161vaizdos, \u0161var\u0173 \u2013 tada jis tur\u0117s daugiau \u0161ans\u0173 pakartotinai tapti naudingu kieno nors nam\u0173 daiktu. Tai yra labai svarbu, ma\u017einant atliek\u0173 kiekius, taupant \u017ealiavas naujiems gaminiams, siekiant tvarumo ir stabdant klimato kait\u0105. Tas pats pasakytina ir apie tokius jums nereikalingus daiktus kaip baldai, indai, interjero puo\u0161ybos elementai, drabu\u017eiai, knygos, \u017eaislai. D\u0117l \u0161i\u0173 daikt\u0173 pri\u0117mimo atliek\u0173 surinkimo aik\u0161tel\u0117se taip pat reik\u0117t\u0173 pasitarti su darbuotojais i\u0161 anksto.<\/p>\n<p><strong>I\u0161ve\u017ea i\u0161 nam\u0173 nemokamai<\/strong><\/p>\n<p>Svarbu pa\u017eym\u0117ti, kad yra \u012fvairi\u0173 b\u016bd\u0173, kaip perduoti jums nereikalingus daiktus \u012f antras rankas. Daugelis \u017eino apie skelbim\u0173 portalus internete, padedan\u010dius parduoti ar padovanoti tokius daiktus. Taip pat galima kreiptis \u012f labdaros organizacijas ar \u012fvairias dalijimosi ar daikt\u0173 pardavimo paskyras socialiniuose tinkluose.<\/p>\n<p>Jei namuose n\u0117ra joki\u0173 kit\u0173 atliek\u0173, o vien tik savo gyvavimo cikl\u0105 baigusi elektrin\u0117 skalbykl\u0117 ar \u0161aldytuvas, o j\u016bs neturite galimyb\u0117s i\u0161ne\u0161ti daikt\u0105 \u012f kiem\u0105 ir j\u012f atgabenti iki atliek\u0173 surinkimo aik\u0161tel\u0117s, Lietuvoje yra teikiama nemokamo stambiosios elektronikos atliek\u0173 i\u0161ve\u017eimo i\u0161 nam\u0173 paslauga. Elektronikos platintoj\u0173 asociacija (EPA) jau antras de\u0161imtmetis organizuoja nemokam\u0105 elektronikos prietais\u0173 atliek\u0173 surinkim\u0105 i\u0161 nam\u0173. \u012e \u0161i\u0105 paslaug\u0105 \u012feina ir prietais\u0173 i\u0161ne\u0161imo i\u0161 gyvenam\u0173j\u0173 patalp\u0173 paslauga. Tai sudaro galimyb\u0119 be vargo atsikratyti senos elektrin\u0117s virykl\u0117s. Be to, specialieji konteineriai stambiosioms elektronikos atliekoms yra pastatyti \u0161alia kai kuri\u0173 prekybos centr\u0173. Specializuot\u0173 konteineri\u0173 viet\u0173 galite ie\u0161koti www.epa.lt svetain\u0117je esan\u010diame s\u0105ra\u0161e, paskambinti telefonu +370 695 55111 arba registruoti i\u0161ve\u017eim\u0105 <a href=\"https:\/\/www.epa.lt\">www.epa.lt<\/a> svetain\u0117je.<\/p>\n<p>Visi b\u016bdai, padedantys saugiai atsisveikinti su elektronikos atliekomis, yra naudingi jums patiems ir aplinkai: padeda daiktams pasiekti naujus \u0161eimininkus, nukreipia elektronikos atliek\u0173 tvarkym\u0105 efektyviausia kryptimi, atgaunant naudingas med\u017eiagas ar energij\u0105, padeda gyventi \u0161variau ir tvariau, tausojant aplink\u0105, planet\u0105, savo ir artim\u0173j\u0173 sveikat\u0105.<\/p>\n","protected":false},"excerpt":{"rendered":"<p>Atliek\u0173 surinkimo aik\u0161tel\u0117s: tai naudinga visiems Kod\u0117l vis daugiau \u017emoni\u0173 visoje Lietuvoje naudojasi atliek\u0173 surinkimo aik\u0161tel\u0117mis, o \u0161alies mi\u0161kai ir pakel\u0117s pama\u017eu tampa vis \u0161varesni? Viena vertus, daugeliui gyventoj\u0173 vis labiau patinka \u0161vara, jie vis pagarbiau \u017ei\u016bri \u012f gamt\u0105, nori poilsiauti gra\u017eioje aplinkoje, supranta, kad ter\u0161dami aplink\u0105 kenkiame patys sau. Kita vertus, atliek\u0173 surinkimo aik\u0161tel\u0117s [&hellip;]<\/p>\n","protected":false},"author":2,"featured_media":0,"parent":2367,"menu_order":0,"comment_status":"closed","ping_status":"closed","template":"","meta":{"_acf_changed":false,"sfsi_plus_gutenberg_text_before_share":"","sfsi_plus_gutenberg_show_text_before_share":"","sfsi_plus_gutenberg_icon_type":"","sfsi_plus_gutenberg_icon_alignemt":"","sfsi_plus_gutenburg_max_per_row":"","footnotes":""},"class_list":["post-2375","page","type-page","status-publish","hentry"],"translation":{"provider":"WPGlobus","version":"3.0.0","language":"en","enabled_languages":["lt","en"],"languages":{"lt":{"title":true,"content":true,"excerpt":false},"en":{"title":false,"content":false,"excerpt":false}}},"acf":[],"yoast_head":"<!-- This site is optimized with the Yoast SEO Premium plugin v25.6 (Yoast SEO v25.6) - https:\/\/yoast.com\/wordpress\/plugins\/seo\/ -->\n<title>Atliek\u0173 surinkimo aik\u0161tel\u0117s - EPA (Distributors of electronics association)<\/title>\n<meta name=\"robots\" content=\"index, follow, max-snippet:-1, max-image-preview:large, max-video-preview:-1\" \/>\n<link rel=\"canonical\" href=\"https:\/\/www.epa.lt\/paslaugos\/atlieku-surinkimo-aiksteles\/\" \/>\n<meta property=\"og:locale\" content=\"en_US\" \/>\n<meta property=\"og:type\" content=\"article\" \/>\n<meta property=\"og:title\" content=\"Atliek\u0173 surinkimo aik\u0161tel\u0117s - EPA (Distributors of electronics association)\" \/>\n<meta property=\"og:url\" content=\"https:\/\/www.epa.lt\/paslaugos\/atlieku-surinkimo-aiksteles\/\" \/>\n<meta property=\"og:site_name\" content=\"EPA (Distributors of electronics association)\" \/>\n<meta property=\"article:publisher\" content=\"https:\/\/www.facebook.com\/asociacija.epa\" \/>\n<meta property=\"article:modified_time\" content=\"2023-06-26T08:42:22+00:00\" \/>\n<meta name=\"twitter:card\" content=\"summary_large_image\" \/>\n<meta name=\"twitter:label1\" content=\"Est. reading time\" \/>\n\t<meta name=\"twitter:data1\" content=\"5 minutes\" \/>\n<script type=\"application\/ld+json\" class=\"yoast-schema-graph\">{\"@context\":\"https:\/\/schema.org\",\"@graph\":[{\"@type\":\"WebPage\",\"@id\":\"https:\/\/www.epa.lt\/paslaugos\/atlieku-surinkimo-aiksteles\/\",\"url\":\"https:\/\/www.epa.lt\/paslaugos\/atlieku-surinkimo-aiksteles\/\",\"name\":\"Atliek\u0173 surinkimo aik\u0161tel\u0117s - EPA (Distributors of electronics association)\",\"isPartOf\":{\"@id\":\"https:\/\/epa.lt\/en\/#website\"},\"datePublished\":\"2023-06-20T07:54:16+00:00\",\"dateModified\":\"2023-06-26T08:42:22+00:00\",\"description\":\"EPA informuoja kur galite priduoti atliekas. Skaitykite pla\u010diau!\",\"breadcrumb\":{\"@id\":\"https:\/\/www.epa.lt\/paslaugos\/atlieku-surinkimo-aiksteles\/#breadcrumb\"},\"inLanguage\":\"en-US\",\"potentialAction\":[{\"@type\":\"ReadAction\",\"target\":[\"https:\/\/www.epa.lt\/paslaugos\/atlieku-surinkimo-aiksteles\/\"]}]},{\"@type\":\"BreadcrumbList\",\"@id\":\"https:\/\/www.epa.lt\/paslaugos\/atlieku-surinkimo-aiksteles\/#breadcrumb\",\"itemListElement\":[{\"@type\":\"ListItem\",\"position\":1,\"name\":\"Home\",\"item\":\"https:\/\/epa.lt\/en\/\"},{\"@type\":\"ListItem\",\"position\":2,\"name\":\"Paslaugos\",\"item\":\"https:\/\/www.epa.lt\/paslaugos\/\"},{\"@type\":\"ListItem\",\"position\":3,\"name\":\"Atliek\u0173 surinkimo aik\u0161tel\u0117s\"}]},{\"@type\":\"WebSite\",\"@id\":\"https:\/\/epa.lt\/en\/#website\",\"url\":\"https:\/\/epa.lt\/en\/\",\"name\":\"{:lt}EPA (Elektronikos platintoj\u0173 asociacija){:}{:en}EPA (Distributors of electronics association) {:}\",\"description\":\"Electronic waste management\",\"publisher\":{\"@id\":\"https:\/\/epa.lt\/en\/#organization\"},\"potentialAction\":[{\"@type\":\"SearchAction\",\"target\":{\"@type\":\"EntryPoint\",\"urlTemplate\":\"https:\/\/epa.lt\/en\/?s={search_term_string}\"},\"query-input\":{\"@type\":\"PropertyValueSpecification\",\"valueRequired\":true,\"valueName\":\"search_term_string\"}}],\"inLanguage\":\"en-US\"},{\"@type\":\"Organization\",\"@id\":\"https:\/\/epa.lt\/en\/#organization\",\"name\":\"{:lt}EPA (Elektronikos platintoj\u0173 asociacija){:}{:en}EPA (Distributors of electronics association) {:}\",\"url\":\"https:\/\/epa.lt\/en\/\",\"logo\":{\"@type\":\"ImageObject\",\"inLanguage\":\"en-US\",\"@id\":\"https:\/\/epa.lt\/en\/#\/schema\/logo\/image\/\",\"url\":\"https:\/\/www.epa.lt\/wp-content\/uploads\/2018\/04\/EPA_logo_RGB_t_vidus.png\",\"contentUrl\":\"https:\/\/www.epa.lt\/wp-content\/uploads\/2018\/04\/EPA_logo_RGB_t_vidus.png\",\"width\":945,\"height\":945,\"caption\":\"{:lt}EPA (Elektronikos platintoj\u0173 asociacija){:}{:en}EPA (Distributors of electronics association) {:}\"},\"image\":{\"@id\":\"https:\/\/epa.lt\/en\/#\/schema\/logo\/image\/\"},\"sameAs\":[\"https:\/\/www.facebook.com\/asociacija.epa\"]}]}<\/script>\n<!-- \/ Yoast SEO Premium plugin. -->","yoast_head_json":{"title":"Atliek\u0173 surinkimo aik\u0161tel\u0117s - EPA (Distributors of electronics association)","robots":{"index":"index","follow":"follow","max-snippet":"max-snippet:-1","max-image-preview":"max-image-preview:large","max-video-preview":"max-video-preview:-1"},"canonical":"https:\/\/www.epa.lt\/paslaugos\/atlieku-surinkimo-aiksteles\/","og_locale":"en_US","og_type":"article","og_title":"Atliek\u0173 surinkimo aik\u0161tel\u0117s - EPA (Distributors of electronics association)","og_url":"https:\/\/www.epa.lt\/paslaugos\/atlieku-surinkimo-aiksteles\/","og_site_name":"EPA (Distributors of electronics association)","article_publisher":"https:\/\/www.facebook.com\/asociacija.epa","article_modified_time":"2023-06-26T08:42:22+00:00","twitter_card":"summary_large_image","twitter_misc":{"Est. reading time":"5 minutes"},"schema":{"@context":"https:\/\/schema.org","@graph":[{"@type":"WebPage","@id":"https:\/\/www.epa.lt\/paslaugos\/atlieku-surinkimo-aiksteles\/","url":"https:\/\/www.epa.lt\/paslaugos\/atlieku-surinkimo-aiksteles\/","name":"Atliek\u0173 surinkimo aik\u0161tel\u0117s - EPA (Distributors of electronics association)","isPartOf":{"@id":"https:\/\/epa.lt\/en\/#website"},"datePublished":"2023-06-20T07:54:16+00:00","dateModified":"2023-06-26T08:42:22+00:00","description":"EPA informuoja kur galite priduoti atliekas. Skaitykite pla\u010diau!","breadcrumb":{"@id":"https:\/\/www.epa.lt\/paslaugos\/atlieku-surinkimo-aiksteles\/#breadcrumb"},"inLanguage":"en-US","potentialAction":[{"@type":"ReadAction","target":["https:\/\/www.epa.lt\/paslaugos\/atlieku-surinkimo-aiksteles\/"]}]},{"@type":"BreadcrumbList","@id":"https:\/\/www.epa.lt\/paslaugos\/atlieku-surinkimo-aiksteles\/#breadcrumb","itemListElement":[{"@type":"ListItem","position":1,"name":"Home","item":"https:\/\/epa.lt\/en\/"},{"@type":"ListItem","position":2,"name":"Paslaugos","item":"https:\/\/www.epa.lt\/paslaugos\/"},{"@type":"ListItem","position":3,"name":"Atliek\u0173 surinkimo aik\u0161tel\u0117s"}]},{"@type":"WebSite","@id":"https:\/\/epa.lt\/en\/#website","url":"https:\/\/epa.lt\/en\/","name":"{:lt}EPA (Elektronikos platintoj\u0173 asociacija){:}{:en}EPA (Distributors of electronics association) {:}","description":"Electronic waste management","publisher":{"@id":"https:\/\/epa.lt\/en\/#organization"},"potentialAction":[{"@type":"SearchAction","target":{"@type":"EntryPoint","urlTemplate":"https:\/\/epa.lt\/en\/?s={search_term_string}"},"query-input":{"@type":"PropertyValueSpecification","valueRequired":true,"valueName":"search_term_string"}}],"inLanguage":"en-US"},{"@type":"Organization","@id":"https:\/\/epa.lt\/en\/#organization","name":"{:lt}EPA (Elektronikos platintoj\u0173 asociacija){:}{:en}EPA (Distributors of electronics association) {:}","url":"https:\/\/epa.lt\/en\/","logo":{"@type":"ImageObject","inLanguage":"en-US","@id":"https:\/\/epa.lt\/en\/#\/schema\/logo\/image\/","url":"https:\/\/www.epa.lt\/wp-content\/uploads\/2018\/04\/EPA_logo_RGB_t_vidus.png","contentUrl":"https:\/\/www.epa.lt\/wp-content\/uploads\/2018\/04\/EPA_logo_RGB_t_vidus.png","width":945,"height":945,"caption":"{:lt}EPA (Elektronikos platintoj\u0173 asociacija){:}{:en}EPA (Distributors of electronics association) {:}"},"image":{"@id":"https:\/\/epa.lt\/en\/#\/schema\/logo\/image\/"},"sameAs":["https:\/\/www.facebook.com\/asociacija.epa"]}]}},"_links":{"self":[{"href":"https:\/\/www.epa.lt\/en\/wp-json\/wp\/v2\/pages\/2375","targetHints":{"allow":["GET"]}}],"collection":[{"href":"https:\/\/www.epa.lt\/en\/wp-json\/wp\/v2\/pages"}],"about":[{"href":"https:\/\/www.epa.lt\/en\/wp-json\/wp\/v2\/types\/page"}],"author":[{"embeddable":true,"href":"https:\/\/www.epa.lt\/en\/wp-json\/wp\/v2\/users\/2"}],"replies":[{"embeddable":true,"href":"https:\/\/www.epa.lt\/en\/wp-json\/wp\/v2\/comments?post=2375"}],"version-history":[{"count":4,"href":"https:\/\/www.epa.lt\/en\/wp-json\/wp\/v2\/pages\/2375\/revisions"}],"predecessor-version":[{"id":2418,"href":"https:\/\/www.epa.lt\/en\/wp-json\/wp\/v2\/pages\/2375\/revisions\/2418"}],"up":[{"embeddable":true,"href":"https:\/\/www.epa.lt\/en\/wp-json\/wp\/v2\/pages\/2367"}],"wp:attachment":[{"href":"https:\/\/www.epa.lt\/en\/wp-json\/wp\/v2\/media?parent=2375"}],"curies":[{"name":"wp","href":"https:\/\/api.w.org\/{rel}","templated":true}]}}