{"id":2373,"date":"2023-06-20T10:53:56","date_gmt":"2023-06-20T07:53:56","guid":{"rendered":"https:\/\/www.epa.lt\/?page_id=2373"},"modified":"2024-12-02T22:46:20","modified_gmt":"2024-12-02T19:46:20","slug":"skalbimo-masinu-isvezimas","status":"publish","type":"page","link":"https:\/\/www.epa.lt\/en\/paslaugos\/buitines-technikos-isvezimas\/skalbimo-masinu-isvezimas\/","title":{"rendered":"Skalbimo ma\u0161in\u0173 i\u0161ve\u017eimas"},"content":{"rendered":"\n<div class=\"wp-block-buttons is-layout-flex wp-block-buttons-is-layout-flex\">\n<div class=\"wp-block-button has-custom-width wp-block-button__width-100 has-custom-font-size has-small-font-size\"><a class=\"wp-block-button__link has-black-color has-light-green-cyan-background-color has-text-color has-background has-link-color wp-element-button\" href=\"https:\/\/epa.lt\/nemokamas-buitines-technikos-isvezimas\/\" style=\"border-radius:100px\"><strong>REGISTRUOKIS NEMOKAMAM I\u0160VE\u017dIMUI<\/strong><\/a><\/div>\n<\/div>\n\n\n\n<hr class=\"wp-block-separator has-alpha-channel-opacity\"\/>\n\n\n<p><strong>Sena skalbimo ma\u0161ina: atsisveikinti \u2013 nesud\u0117tinga<\/strong><\/p>\n<p>Dideli\u0173 gabarit\u0173 elektronikos prietaisai, kaip pavyzd\u017eiui, skalbimo ma\u0161ina, buityje tapo tokie \u012fprasti, kad be j\u0173 gyvenimo nebe\u012fsivaizduojame. \u017dinoma, d\u017eiaugiam\u0117s, kai \u0161i elektronika veikia skland\u017eiai, negenda. Ilgai naudojam\u0173 prietais\u0173 valdymas tampa mums \u012fprastas, tokiais daiktais naudojam\u0117s automati\u0161kai ir da\u017eniausiai neie\u0161kome, kuo gal\u0117tume juos pakeisti. Kad ir kaip nenor\u0117tume, ateina diena, kai sen\u0105 daikt\u0105 taisyti nebeapsimoka arba naujas ima atrodyti ir daug ekonomi\u0161kesnis, ir funkcionalesnis. Tik kur d\u0117ti sen\u0105 prietais\u0105?<\/p>\n<p><strong>Pakanka paskambinti arba u\u017esiregistruoti internetu<\/strong><\/p>\n<p>Savo gyvavimo cikl\u0105 baigusi\u0173 <strong>skalbimo ma\u0161in\u0173 i\u0161ve\u017eimas<\/strong> Lietuvoje jau seniai nebekelia sunkum\u0173 tiems, kurie \u017eino apie ger\u0105j\u0105 praktik\u0105. Stambiagabarit\u0117s elektronikos atliekas m\u016bs\u0173 \u0161alyje galima patogiai atiduoti \u012fgaliotiems tvarkytojams. Nemokamai i\u0161 nam\u0173 tokias atliekas turi teis\u0119 paimti ne viena \u0161i\u0105 veikl\u0105 vykdanti organizacija. Viena toki\u0173 yra Elektronikos platintoj\u0173 asociacija (EPA), teikianti nemokamo elektronikos atliek\u0173 i\u0161ve\u017eimo i\u0161 nam\u0173 paslaugas. Norint u\u017esisakyti toki\u0105 nemokam\u0105 paslaug\u0105, galima paskambinti telefonu +370 695 55111 arba registruotis <a href=\"https:\/\/www.epa.lt\">www.epa.lt<\/a> svetain\u0117je, u\u017epildant anket\u0105.<\/p>\n<p>Sen\u0173 <strong>skalbimo ma\u0161in\u0173 i\u0161ve\u017eimas Vilniuje<\/strong> ir kituose did\u017eiuosiuose miestuose niekuo nesiskiria nuo \u0161ios paslaugos ma\u017eesniuose miestuose ar kaimuose. Paskambinus ir u\u017esiregistravus internetu galima suderinti patog\u0173 paslaugos laik\u0105. Nemokamas <strong>skalbimo ma\u0161in\u0173 i\u0161ve\u017eimas<\/strong> i\u0161 nam\u0173 apima ir prietaiso i\u0161ne\u0161im\u0105 i\u0161 buto, gabenim\u0105 laiptais ar liftu \u017eemyn ar, prie\u0161inai, i\u0161k\u0117lim\u0105 i\u0161 r\u016bsio \u2013 netenka r\u016bpintis, kaip i\u0161ne\u0161ti sunk\u0173 daikt\u0105 i\u0161 pastato. Visa tai atlieka patikima darbuotoj\u0173 komanda.<\/p>\n<p><strong>Laikyti namuose nenaudojam\u0105 \u2013 nenaudinga<\/strong><\/p>\n<p>I\u0161ve\u017eimo paslaugos galimyb\u0117 visi\u0161kai nerei\u0161kia, kad tai \u2013 vienintelis kelias atsisveikinti su sena skalbimo ma\u0161ina. Gali b\u016bti, kad ji vis dar puikiai veikia arba gedimas, kuris jums suk\u0117l\u0117 r\u016bpes\u010di\u0173, yra nedidelis ir gali b\u016bti u\u017e prieinam\u0105 kain\u0105 pataisomas. Galb\u016bt gal\u0117tum\u0117te toki\u0105 ma\u0161in\u0105 padovanoti tiems, kurie ja dar nema\u017eai laiko naudosis, d\u017eiaugsis nesunkiai susiremontav\u0119?<\/p>\n<p>Atkreipiame d\u0117mes\u012f, kad vienas i\u0161 atsakingo vartojimo princip\u0173 yra pasir\u016bpinti, kad daiktas b\u016bt\u0173 naudojamas, o ne stov\u0117t\u0173 ir dulk\u0117t\u0173 kur nors sand\u0117liuke. Kaip rodo apklausos, nema\u017eai gyventoj\u0173 laiko savo namuose senus nenaudojamus elektros prietaisus neva atsargai. Es\u0105 j\u0173 prireikt\u0173 naujajam daiktui sugedus. Ta\u010diau yra \u017einoma, kad kuo ilgiau prietaisas stov\u0117s nenaudojamas, tuo suma\u017e\u0117s tikimyb\u0117, kad kada nors bus panaudotas. Visi\u0161kai senas, u\u017esigul\u0117j\u0119s, seniai jungtas prietaisas gali nesudominti net \u017emoni\u0173, kurie kokiu nors b\u016bdu liko be skalbimo ma\u0161inos. Juk tampa ai\u0161ku, kad ankstesni\u0173 kart\u0173 elektronika da\u017eniausiai eikvoja daug elektros energijos ar vandens, turi labai ma\u017eai funkcionalum\u0173 ar veikia labai garsiai. Be to, ilgai laikant elektronik\u0105 netinkamomis s\u0105lygomis ji gali ne tik sugesti, bet ir i\u0161skirti \u012f aplink\u0105 kenksmingas med\u017eiagas, prarasti ger\u0105 i\u0161vaizd\u0105.<\/p>\n<p>\u012evertin\u0119 daugel\u012f aplinkybi\u0173, gal\u0117tume nesunkiai \u012fsitikinti, kad bet kuriuo atveju n\u0117ra gera praktika namuose laikyti sen\u0105 nenaudojam\u0105 prietais\u0105.<\/p>","protected":false},"excerpt":{"rendered":"<p>Sena skalbimo ma\u0161ina: atsisveikinti \u2013 nesud\u0117tinga Dideli\u0173 gabarit\u0173 elektronikos prietaisai, kaip pavyzd\u017eiui, skalbimo ma\u0161ina, buityje tapo tokie \u012fprasti, kad be j\u0173 gyvenimo nebe\u012fsivaizduojame. \u017dinoma, d\u017eiaugiam\u0117s, kai \u0161i elektronika veikia skland\u017eiai, negenda. Ilgai naudojam\u0173 prietais\u0173 valdymas tampa mums \u012fprastas, tokiais daiktais naudojam\u0117s automati\u0161kai ir da\u017eniausiai neie\u0161kome, kuo gal\u0117tume juos pakeisti. Kad ir kaip nenor\u0117tume, ateina diena, [&hellip;]<\/p>\n","protected":false},"author":2,"featured_media":0,"parent":2369,"menu_order":0,"comment_status":"closed","ping_status":"closed","template":"","meta":{"_acf_changed":false,"sfsi_plus_gutenberg_text_before_share":"","sfsi_plus_gutenberg_show_text_before_share":"","sfsi_plus_gutenberg_icon_type":"","sfsi_plus_gutenberg_icon_alignemt":"","sfsi_plus_gutenburg_max_per_row":"","footnotes":""},"class_list":["post-2373","page","type-page","status-publish","hentry"],"translation":{"provider":"WPGlobus","version":"3.0.0","language":"en","enabled_languages":["lt","en"],"languages":{"lt":{"title":true,"content":true,"excerpt":false},"en":{"title":false,"content":false,"excerpt":false}}},"acf":[],"yoast_head":"<!-- This site is optimized with the Yoast SEO Premium plugin v25.6 (Yoast SEO v25.6) - https:\/\/yoast.com\/wordpress\/plugins\/seo\/ -->\n<title>Skalbimo ma\u0161in\u0173 i\u0161ve\u017eimas - EPA (Distributors of electronics association)<\/title>\n<meta name=\"robots\" content=\"index, follow, max-snippet:-1, max-image-preview:large, max-video-preview:-1\" \/>\n<link rel=\"canonical\" href=\"https:\/\/epa.lt\/en\/paslaugos\/buitines-technikos-isvezimas\/skalbimo-masinu-isvezimas\/\" \/>\n<meta property=\"og:locale\" content=\"en_US\" \/>\n<meta property=\"og:type\" content=\"article\" \/>\n<meta property=\"og:title\" content=\"Skalbimo ma\u0161in\u0173 i\u0161ve\u017eimas - EPA (Distributors of electronics association)\" \/>\n<meta property=\"og:url\" content=\"https:\/\/epa.lt\/en\/paslaugos\/buitines-technikos-isvezimas\/skalbimo-masinu-isvezimas\/\" \/>\n<meta property=\"og:site_name\" content=\"EPA (Distributors of electronics association)\" \/>\n<meta property=\"article:publisher\" content=\"https:\/\/www.facebook.com\/asociacija.epa\" \/>\n<meta property=\"article:modified_time\" content=\"2024-12-02T19:46:20+00:00\" \/>\n<meta name=\"twitter:card\" content=\"summary_large_image\" \/>\n<meta name=\"twitter:label1\" content=\"Est. reading time\" \/>\n\t<meta name=\"twitter:data1\" content=\"3 minutes\" \/>\n<script type=\"application\/ld+json\" class=\"yoast-schema-graph\">{\"@context\":\"https:\/\/schema.org\",\"@graph\":[{\"@type\":\"WebPage\",\"@id\":\"https:\/\/epa.lt\/en\/paslaugos\/buitines-technikos-isvezimas\/skalbimo-masinu-isvezimas\/\",\"url\":\"https:\/\/epa.lt\/en\/paslaugos\/buitines-technikos-isvezimas\/skalbimo-masinu-isvezimas\/\",\"name\":\"Skalbimo ma\u0161in\u0173 i\u0161ve\u017eimas - EPA (Distributors of electronics association)\",\"isPartOf\":{\"@id\":\"https:\/\/www.epa.lt\/#website\"},\"datePublished\":\"2023-06-20T07:53:56+00:00\",\"dateModified\":\"2024-12-02T19:46:20+00:00\",\"description\":\"Nenaudojama skalbimo ma\u0161ina u\u017eima viet\u0105? Susisiekite su EPA komanda ir rasime geriausi\u0105 sprendim\u0105!\",\"breadcrumb\":{\"@id\":\"https:\/\/epa.lt\/en\/paslaugos\/buitines-technikos-isvezimas\/skalbimo-masinu-isvezimas\/#breadcrumb\"},\"inLanguage\":\"en-US\",\"potentialAction\":[{\"@type\":\"ReadAction\",\"target\":[\"https:\/\/epa.lt\/en\/paslaugos\/buitines-technikos-isvezimas\/skalbimo-masinu-isvezimas\/\"]}]},{\"@type\":\"BreadcrumbList\",\"@id\":\"https:\/\/epa.lt\/en\/paslaugos\/buitines-technikos-isvezimas\/skalbimo-masinu-isvezimas\/#breadcrumb\",\"itemListElement\":[{\"@type\":\"ListItem\",\"position\":1,\"name\":\"Home\",\"item\":\"https:\/\/www.epa.lt\/\"},{\"@type\":\"ListItem\",\"position\":2,\"name\":\"Paslaugos\",\"item\":\"https:\/\/epa.lt\/en\/paslaugos\/\"},{\"@type\":\"ListItem\",\"position\":3,\"name\":\"Buitin\u0117s technikos i\u0161ve\u017eimas &#8211; J\u016bs\u0173 mieste!\",\"item\":\"https:\/\/epa.lt\/en\/paslaugos\/buitines-technikos-isvezimas\/\"},{\"@type\":\"ListItem\",\"position\":4,\"name\":\"Skalbimo ma\u0161in\u0173 i\u0161ve\u017eimas\"}]},{\"@type\":\"WebSite\",\"@id\":\"https:\/\/www.epa.lt\/#website\",\"url\":\"https:\/\/www.epa.lt\/\",\"name\":\"{:lt}EPA (Elektronikos platintoj\u0173 asociacija){:}{:en}EPA (Distributors of electronics association) {:}\",\"description\":\"Electronic waste management\",\"publisher\":{\"@id\":\"https:\/\/www.epa.lt\/#organization\"},\"potentialAction\":[{\"@type\":\"SearchAction\",\"target\":{\"@type\":\"EntryPoint\",\"urlTemplate\":\"https:\/\/www.epa.lt\/?s={search_term_string}\"},\"query-input\":{\"@type\":\"PropertyValueSpecification\",\"valueRequired\":true,\"valueName\":\"search_term_string\"}}],\"inLanguage\":\"en-US\"},{\"@type\":\"Organization\",\"@id\":\"https:\/\/www.epa.lt\/#organization\",\"name\":\"{:lt}EPA (Elektronikos platintoj\u0173 asociacija){:}{:en}EPA (Distributors of electronics association) {:}\",\"url\":\"https:\/\/www.epa.lt\/\",\"logo\":{\"@type\":\"ImageObject\",\"inLanguage\":\"en-US\",\"@id\":\"https:\/\/www.epa.lt\/#\/schema\/logo\/image\/\",\"url\":\"https:\/\/www.epa.lt\/wp-content\/uploads\/2018\/04\/EPA_logo_RGB_t_vidus.png\",\"contentUrl\":\"https:\/\/www.epa.lt\/wp-content\/uploads\/2018\/04\/EPA_logo_RGB_t_vidus.png\",\"width\":945,\"height\":945,\"caption\":\"{:lt}EPA (Elektronikos platintoj\u0173 asociacija){:}{:en}EPA (Distributors of electronics association) {:}\"},\"image\":{\"@id\":\"https:\/\/www.epa.lt\/#\/schema\/logo\/image\/\"},\"sameAs\":[\"https:\/\/www.facebook.com\/asociacija.epa\"]}]}<\/script>\n<!-- \/ Yoast SEO Premium plugin. -->","yoast_head_json":{"title":"Skalbimo ma\u0161in\u0173 i\u0161ve\u017eimas - EPA (Distributors of electronics association)","robots":{"index":"index","follow":"follow","max-snippet":"max-snippet:-1","max-image-preview":"max-image-preview:large","max-video-preview":"max-video-preview:-1"},"canonical":"https:\/\/epa.lt\/en\/paslaugos\/buitines-technikos-isvezimas\/skalbimo-masinu-isvezimas\/","og_locale":"en_US","og_type":"article","og_title":"Skalbimo ma\u0161in\u0173 i\u0161ve\u017eimas - EPA (Distributors of electronics association)","og_url":"https:\/\/epa.lt\/en\/paslaugos\/buitines-technikos-isvezimas\/skalbimo-masinu-isvezimas\/","og_site_name":"EPA (Distributors of electronics association)","article_publisher":"https:\/\/www.facebook.com\/asociacija.epa","article_modified_time":"2024-12-02T19:46:20+00:00","twitter_card":"summary_large_image","twitter_misc":{"Est. reading time":"3 minutes"},"schema":{"@context":"https:\/\/schema.org","@graph":[{"@type":"WebPage","@id":"https:\/\/epa.lt\/en\/paslaugos\/buitines-technikos-isvezimas\/skalbimo-masinu-isvezimas\/","url":"https:\/\/epa.lt\/en\/paslaugos\/buitines-technikos-isvezimas\/skalbimo-masinu-isvezimas\/","name":"Skalbimo ma\u0161in\u0173 i\u0161ve\u017eimas - EPA (Distributors of electronics association)","isPartOf":{"@id":"https:\/\/www.epa.lt\/#website"},"datePublished":"2023-06-20T07:53:56+00:00","dateModified":"2024-12-02T19:46:20+00:00","description":"Nenaudojama skalbimo ma\u0161ina u\u017eima viet\u0105? Susisiekite su EPA komanda ir rasime geriausi\u0105 sprendim\u0105!","breadcrumb":{"@id":"https:\/\/epa.lt\/en\/paslaugos\/buitines-technikos-isvezimas\/skalbimo-masinu-isvezimas\/#breadcrumb"},"inLanguage":"en-US","potentialAction":[{"@type":"ReadAction","target":["https:\/\/epa.lt\/en\/paslaugos\/buitines-technikos-isvezimas\/skalbimo-masinu-isvezimas\/"]}]},{"@type":"BreadcrumbList","@id":"https:\/\/epa.lt\/en\/paslaugos\/buitines-technikos-isvezimas\/skalbimo-masinu-isvezimas\/#breadcrumb","itemListElement":[{"@type":"ListItem","position":1,"name":"Home","item":"https:\/\/www.epa.lt\/"},{"@type":"ListItem","position":2,"name":"Paslaugos","item":"https:\/\/epa.lt\/en\/paslaugos\/"},{"@type":"ListItem","position":3,"name":"Buitin\u0117s technikos i\u0161ve\u017eimas &#8211; J\u016bs\u0173 mieste!","item":"https:\/\/epa.lt\/en\/paslaugos\/buitines-technikos-isvezimas\/"},{"@type":"ListItem","position":4,"name":"Skalbimo ma\u0161in\u0173 i\u0161ve\u017eimas"}]},{"@type":"WebSite","@id":"https:\/\/www.epa.lt\/#website","url":"https:\/\/www.epa.lt\/","name":"{:lt}EPA (Elektronikos platintoj\u0173 asociacija){:}{:en}EPA (Distributors of electronics association) {:}","description":"Electronic waste management","publisher":{"@id":"https:\/\/www.epa.lt\/#organization"},"potentialAction":[{"@type":"SearchAction","target":{"@type":"EntryPoint","urlTemplate":"https:\/\/www.epa.lt\/?s={search_term_string}"},"query-input":{"@type":"PropertyValueSpecification","valueRequired":true,"valueName":"search_term_string"}}],"inLanguage":"en-US"},{"@type":"Organization","@id":"https:\/\/www.epa.lt\/#organization","name":"{:lt}EPA (Elektronikos platintoj\u0173 asociacija){:}{:en}EPA (Distributors of electronics association) {:}","url":"https:\/\/www.epa.lt\/","logo":{"@type":"ImageObject","inLanguage":"en-US","@id":"https:\/\/www.epa.lt\/#\/schema\/logo\/image\/","url":"https:\/\/www.epa.lt\/wp-content\/uploads\/2018\/04\/EPA_logo_RGB_t_vidus.png","contentUrl":"https:\/\/www.epa.lt\/wp-content\/uploads\/2018\/04\/EPA_logo_RGB_t_vidus.png","width":945,"height":945,"caption":"{:lt}EPA (Elektronikos platintoj\u0173 asociacija){:}{:en}EPA (Distributors of electronics association) {:}"},"image":{"@id":"https:\/\/www.epa.lt\/#\/schema\/logo\/image\/"},"sameAs":["https:\/\/www.facebook.com\/asociacija.epa"]}]}},"_links":{"self":[{"href":"https:\/\/www.epa.lt\/en\/wp-json\/wp\/v2\/pages\/2373","targetHints":{"allow":["GET"]}}],"collection":[{"href":"https:\/\/www.epa.lt\/en\/wp-json\/wp\/v2\/pages"}],"about":[{"href":"https:\/\/www.epa.lt\/en\/wp-json\/wp\/v2\/types\/page"}],"author":[{"embeddable":true,"href":"https:\/\/www.epa.lt\/en\/wp-json\/wp\/v2\/users\/2"}],"replies":[{"embeddable":true,"href":"https:\/\/www.epa.lt\/en\/wp-json\/wp\/v2\/comments?post=2373"}],"version-history":[{"count":6,"href":"https:\/\/www.epa.lt\/en\/wp-json\/wp\/v2\/pages\/2373\/revisions"}],"predecessor-version":[{"id":3084,"href":"https:\/\/www.epa.lt\/en\/wp-json\/wp\/v2\/pages\/2373\/revisions\/3084"}],"up":[{"embeddable":true,"href":"https:\/\/www.epa.lt\/en\/wp-json\/wp\/v2\/pages\/2369"}],"wp:attachment":[{"href":"https:\/\/www.epa.lt\/en\/wp-json\/wp\/v2\/media?parent=2373"}],"curies":[{"name":"wp","href":"https:\/\/api.w.org\/{rel}","templated":true}]}}