{"id":2371,"date":"2023-06-20T10:53:31","date_gmt":"2023-06-20T07:53:31","guid":{"rendered":"https:\/\/www.epa.lt\/?page_id=2371"},"modified":"2024-12-02T22:47:03","modified_gmt":"2024-12-02T19:47:03","slug":"saldytuvo-isvezimas","status":"publish","type":"page","link":"https:\/\/www.epa.lt\/en\/paslaugos\/buitines-technikos-isvezimas\/saldytuvo-isvezimas\/","title":{"rendered":"\u0160aldytuvo i\u0161ve\u017eimas"},"content":{"rendered":"\n<div class=\"wp-block-buttons is-layout-flex wp-block-buttons-is-layout-flex\">\n<div class=\"wp-block-button has-custom-width wp-block-button__width-100 has-custom-font-size has-small-font-size\"><a class=\"wp-block-button__link has-black-color has-light-green-cyan-background-color has-text-color has-background has-link-color wp-element-button\" href=\"https:\/\/epa.lt\/nemokamas-buitines-technikos-isvezimas\/\"><strong>REGISTRUOKIS NEMOKAMAM I\u0160VE\u017dIMUI<\/strong><\/a><\/div>\n<\/div>\n\n\n\n<hr class=\"wp-block-separator has-alpha-channel-opacity\"\/>\n\n\n<p><strong>Atsisveikinimas su \u0161aldytuvu: lengvai ir atsakingai<\/strong><\/p>\n<p>Senas \u0161aldytuvas \u2013 ne visada ir ne visiems netinkamas daiktas, nes juk ir seni daiktai atlieka savo funkcijas. Vis d\u0117lto ateina diena, kai tenka su tokiu \u0161aldytuvu atsisveikinti. Galb\u016bt prietaisas sunaudodavo per daug elektros energijos ar per garsiai veik\u0117, prastai \u0161ald\u0117, kaup\u0117 kondensat\u0105 ar taisyti nebeapsimok\u0117jo. Kita vertus, beveik visi \u017eino, kur ir kaip \u012fsigyti nauj\u0105 \u0161aldytuv\u0105, bet ne visiems yra tek\u0119 atsakingai atsisveikinti su sena stambiagabarite elektronika. Pasitaiko, kad senas \u0161aldytuvas ilgai stovi sand\u0117liuke ar net po atviru dangumi, keldamas pavoj\u0173 ir pama\u017eu virsdamas aplinkai ir sveikatai kenksmingais ter\u0161alais. K\u0105 daryti?<\/p>\n<p><strong>Tai \u2013 seniai ne problema<\/strong><\/p>\n<p><strong>\u00a0<\/strong><\/p>\n<p>Lietuvoje nebereikalingo, savo gyvavimo cikl\u0105 baigusio <strong>\u0161aldytuvo i\u0161ve\u017eimas<\/strong> i\u0161 nam\u0173 jau seniai neb\u0117ra problema. \u0160alyje yra net keletas \u0161iai veiklai licencijuot\u0173 organizacij\u0173 bei \u012fmoni\u0173, kurios pasir\u016bpina saugiai i\u0161gabenti ir perdirbti ar perduoti perdirb\u0117jams \u0161aldytuv\u0105 ar kit\u0105 stambiosios elektronikos \u012frang\u0105.<\/p>\n<p>Elektronikos platintoj\u0173 asociacijos (EPA) komanda jau daugiau kaip 10 met\u0173 si\u016blo nemokam\u0105 paslaug\u0105, kuria naudojantis nebenaudojam\u0173 <strong>\u0161aldytuv\u0173 i\u0161ve\u017eimas<\/strong> yra patogus, saugus ir atitinka tvarumo reikalavimus, nes daiktas atsakingai perduodamas \u012f galiotiems atliek\u0173 perdirb\u0117jams. Viskas, ko reikia, kad gautum\u0117te \u0161i\u0105 nemokam\u0105 paslaug\u0105, tai \u2013 paskambinti telefonu +370 695 55111 arba registruotis <a href=\"https:\/\/www.epa.lt\">www.epa.lt<\/a> svetain\u0117je.<\/p>\n<p>Pasitaiko, kad senas \u0161aldytuvas, turintis metalin\u012f korpus\u0105, vertinamas kaip metalo lau\u017eas. Vietoje to, kad b\u016bt\u0173 ie\u0161koma elektronikos atliekas surenkan\u010dios organizacijos pagalbos, kreipiamasi \u012f metalo lau\u017eo surink\u0117jus, neretai net nepasidomint, ar jie turi tokios veiklos licencij\u0105. Svarbiausias siekis \u2013 kad stambus nebereikalingas daiktas kuo grei\u010diau dingt\u0173 i\u0161 akira\u010dio, nebeu\u017eimt\u0173 vietos namuose ir kad <strong>seno \u0161aldytuvo i\u0161ve\u017eimas<\/strong> b\u016bt\u0173 greitai atliekamas darbas. Deja, tai n\u0117ra atsakingas sprendimas, kurio pasekm\u0117s gali skaud\u017eiai atsiliepti tiek aplinkai, tiek ir \u017emoni\u0173 sveikatai. Pana\u0161iais atvejais kyla rizika, kad \u0161aldytuvo elektronin\u0117 dalis ar tokios kenksmingos med\u017eiagos kaip freonas pateks \u012f s\u0105vartyn\u0105, u\u017eter\u0161 grunt\u0105, or\u0105, vanden\u012f.<\/p>\n<p><strong>Sostin\u0117je ir kaimo vienkiemyje \u2013 paslauga ta pati<\/strong><\/p>\n<p><strong>\u00a0<\/strong><\/p>\n<p>\u0160alies \u012fstatymus atitinkanti stambiagabari\u010di\u0173 atliek\u0173 i\u0161ve\u017eimo i\u0161 nam\u0173 paslauga teikiama visoje Lietuvoje \u2013 nesvarbu, kur gyventum\u0117te \u2013 didmiestyje ar kaime, netgi vienkiemyje. Savo gyvavimo cikl\u0105 baigusi\u0173 <strong>\u0161aldytuv\u0173 i\u0161ve\u017eimas Vilniuje<\/strong>, Kaune, Klaip\u0117doje, Pasvalyje, Vievyje, Medininkuose ar bet kurioje kitoje Lietuvos vietov\u0117je vykdomas ta pa\u010dia tvarka. Svarbiausia \u2013 jausti atsakomyb\u0119, suprantant, kad tos pa\u010dios med\u017eiagos, atsi\u017evelgiant \u012f vartotoj\u0173 elgsen\u0105, gali virsti arba ter\u0161alais, arba \u017ealiavomis naujiems produktams gaminti, kra\u0161tutiniu atveju dalis j\u0173, saugiu b\u016bdu sudeginant specializuotuose \u012frenginiuose, gali b\u016bti paversta \u0161ilumos energija.<\/p>\n<p>Elgdamiesi atsakingai prisidedame prie aplinkosaugos, \u017eiedin\u0117s ekonomikos ir tvarumo: padedame tausoti \u017dem\u0117s i\u0161teklius, energij\u0105 ir s\u0105naudas tiems i\u0161tekliams i\u0161gauti kasybos b\u016bdu. Lygia greta padedame stabdyti klimato kait\u0105, nes efektyvus atliek\u0173 tvarkymas padeda suma\u017einti \u0161iltnamio efekt\u0105 sukelian\u010di\u0173 duj\u0173 i\u0161metimus.<\/p>","protected":false},"excerpt":{"rendered":"<p>Atsisveikinimas su \u0161aldytuvu: lengvai ir atsakingai Senas \u0161aldytuvas \u2013 ne visada ir ne visiems netinkamas daiktas, nes juk ir seni daiktai atlieka savo funkcijas. Vis d\u0117lto ateina diena, kai tenka su tokiu \u0161aldytuvu atsisveikinti. Galb\u016bt prietaisas sunaudodavo per daug elektros energijos ar per garsiai veik\u0117, prastai \u0161ald\u0117, kaup\u0117 kondensat\u0105 ar taisyti nebeapsimok\u0117jo. Kita vertus, beveik [&hellip;]<\/p>\n","protected":false},"author":2,"featured_media":0,"parent":2369,"menu_order":0,"comment_status":"closed","ping_status":"closed","template":"","meta":{"_acf_changed":false,"sfsi_plus_gutenberg_text_before_share":"","sfsi_plus_gutenberg_show_text_before_share":"","sfsi_plus_gutenberg_icon_type":"","sfsi_plus_gutenberg_icon_alignemt":"","sfsi_plus_gutenburg_max_per_row":"","footnotes":""},"class_list":["post-2371","page","type-page","status-publish","hentry"],"translation":{"provider":"WPGlobus","version":"3.0.0","language":"en","enabled_languages":["lt","en"],"languages":{"lt":{"title":true,"content":true,"excerpt":false},"en":{"title":false,"content":false,"excerpt":false}}},"acf":[],"yoast_head":"<!-- This site is optimized with the Yoast SEO Premium plugin v25.6 (Yoast SEO v25.6) - https:\/\/yoast.com\/wordpress\/plugins\/seo\/ -->\n<title>\u0160aldytuvo i\u0161ve\u017eimas - EPA (Distributors of electronics association)<\/title>\n<meta name=\"robots\" content=\"index, follow, max-snippet:-1, max-image-preview:large, max-video-preview:-1\" \/>\n<link rel=\"canonical\" href=\"https:\/\/www.epa.lt\/paslaugos\/buitines-technikos-isvezimas\/saldytuvo-isvezimas\/\" \/>\n<meta property=\"og:locale\" content=\"en_US\" \/>\n<meta property=\"og:type\" content=\"article\" \/>\n<meta property=\"og:title\" content=\"\u0160aldytuvo i\u0161ve\u017eimas - EPA (Distributors of electronics association)\" \/>\n<meta property=\"og:url\" content=\"https:\/\/www.epa.lt\/paslaugos\/buitines-technikos-isvezimas\/saldytuvo-isvezimas\/\" \/>\n<meta property=\"og:site_name\" content=\"EPA (Distributors of electronics association)\" \/>\n<meta property=\"article:publisher\" content=\"https:\/\/www.facebook.com\/asociacija.epa\" \/>\n<meta property=\"article:modified_time\" content=\"2024-12-02T19:47:03+00:00\" \/>\n<meta name=\"twitter:card\" content=\"summary_large_image\" \/>\n<meta name=\"twitter:label1\" content=\"Est. reading time\" \/>\n\t<meta name=\"twitter:data1\" content=\"3 minutes\" \/>\n<script type=\"application\/ld+json\" class=\"yoast-schema-graph\">{\"@context\":\"https:\/\/schema.org\",\"@graph\":[{\"@type\":\"WebPage\",\"@id\":\"https:\/\/www.epa.lt\/paslaugos\/buitines-technikos-isvezimas\/saldytuvo-isvezimas\/\",\"url\":\"https:\/\/www.epa.lt\/paslaugos\/buitines-technikos-isvezimas\/saldytuvo-isvezimas\/\",\"name\":\"\u0160aldytuvo i\u0161ve\u017eimas - EPA (Distributors of electronics association)\",\"isPartOf\":{\"@id\":\"https:\/\/www.epa.lt\/en\/#website\"},\"datePublished\":\"2023-06-20T07:53:31+00:00\",\"dateModified\":\"2024-12-02T19:47:03+00:00\",\"description\":\"Kur i\u0161ve\u017eti nenaudojam\u0105 \u0161aldytuv\u0105? EPA komanda tuo pasir\u016bpins. Susisiekite!\",\"breadcrumb\":{\"@id\":\"https:\/\/www.epa.lt\/paslaugos\/buitines-technikos-isvezimas\/saldytuvo-isvezimas\/#breadcrumb\"},\"inLanguage\":\"en-US\",\"potentialAction\":[{\"@type\":\"ReadAction\",\"target\":[\"https:\/\/www.epa.lt\/paslaugos\/buitines-technikos-isvezimas\/saldytuvo-isvezimas\/\"]}]},{\"@type\":\"BreadcrumbList\",\"@id\":\"https:\/\/www.epa.lt\/paslaugos\/buitines-technikos-isvezimas\/saldytuvo-isvezimas\/#breadcrumb\",\"itemListElement\":[{\"@type\":\"ListItem\",\"position\":1,\"name\":\"Home\",\"item\":\"https:\/\/www.epa.lt\/en\/\"},{\"@type\":\"ListItem\",\"position\":2,\"name\":\"Paslaugos\",\"item\":\"https:\/\/www.epa.lt\/paslaugos\/\"},{\"@type\":\"ListItem\",\"position\":3,\"name\":\"Buitin\u0117s technikos i\u0161ve\u017eimas &#8211; J\u016bs\u0173 mieste!\",\"item\":\"https:\/\/www.epa.lt\/paslaugos\/buitines-technikos-isvezimas\/\"},{\"@type\":\"ListItem\",\"position\":4,\"name\":\"\u0160aldytuvo i\u0161ve\u017eimas\"}]},{\"@type\":\"WebSite\",\"@id\":\"https:\/\/www.epa.lt\/en\/#website\",\"url\":\"https:\/\/www.epa.lt\/en\/\",\"name\":\"{:lt}EPA (Elektronikos platintoj\u0173 asociacija){:}{:en}EPA (Distributors of electronics association) {:}\",\"description\":\"Electronic waste management\",\"publisher\":{\"@id\":\"https:\/\/www.epa.lt\/en\/#organization\"},\"potentialAction\":[{\"@type\":\"SearchAction\",\"target\":{\"@type\":\"EntryPoint\",\"urlTemplate\":\"https:\/\/www.epa.lt\/en\/?s={search_term_string}\"},\"query-input\":{\"@type\":\"PropertyValueSpecification\",\"valueRequired\":true,\"valueName\":\"search_term_string\"}}],\"inLanguage\":\"en-US\"},{\"@type\":\"Organization\",\"@id\":\"https:\/\/www.epa.lt\/en\/#organization\",\"name\":\"{:lt}EPA (Elektronikos platintoj\u0173 asociacija){:}{:en}EPA (Distributors of electronics association) {:}\",\"url\":\"https:\/\/www.epa.lt\/en\/\",\"logo\":{\"@type\":\"ImageObject\",\"inLanguage\":\"en-US\",\"@id\":\"https:\/\/www.epa.lt\/en\/#\/schema\/logo\/image\/\",\"url\":\"https:\/\/www.epa.lt\/wp-content\/uploads\/2018\/04\/EPA_logo_RGB_t_vidus.png\",\"contentUrl\":\"https:\/\/www.epa.lt\/wp-content\/uploads\/2018\/04\/EPA_logo_RGB_t_vidus.png\",\"width\":945,\"height\":945,\"caption\":\"{:lt}EPA (Elektronikos platintoj\u0173 asociacija){:}{:en}EPA (Distributors of electronics association) {:}\"},\"image\":{\"@id\":\"https:\/\/www.epa.lt\/en\/#\/schema\/logo\/image\/\"},\"sameAs\":[\"https:\/\/www.facebook.com\/asociacija.epa\"]}]}<\/script>\n<!-- \/ Yoast SEO Premium plugin. -->","yoast_head_json":{"title":"\u0160aldytuvo i\u0161ve\u017eimas - EPA (Distributors of electronics association)","robots":{"index":"index","follow":"follow","max-snippet":"max-snippet:-1","max-image-preview":"max-image-preview:large","max-video-preview":"max-video-preview:-1"},"canonical":"https:\/\/www.epa.lt\/paslaugos\/buitines-technikos-isvezimas\/saldytuvo-isvezimas\/","og_locale":"en_US","og_type":"article","og_title":"\u0160aldytuvo i\u0161ve\u017eimas - EPA (Distributors of electronics association)","og_url":"https:\/\/www.epa.lt\/paslaugos\/buitines-technikos-isvezimas\/saldytuvo-isvezimas\/","og_site_name":"EPA (Distributors of electronics association)","article_publisher":"https:\/\/www.facebook.com\/asociacija.epa","article_modified_time":"2024-12-02T19:47:03+00:00","twitter_card":"summary_large_image","twitter_misc":{"Est. reading time":"3 minutes"},"schema":{"@context":"https:\/\/schema.org","@graph":[{"@type":"WebPage","@id":"https:\/\/www.epa.lt\/paslaugos\/buitines-technikos-isvezimas\/saldytuvo-isvezimas\/","url":"https:\/\/www.epa.lt\/paslaugos\/buitines-technikos-isvezimas\/saldytuvo-isvezimas\/","name":"\u0160aldytuvo i\u0161ve\u017eimas - EPA (Distributors of electronics association)","isPartOf":{"@id":"https:\/\/www.epa.lt\/en\/#website"},"datePublished":"2023-06-20T07:53:31+00:00","dateModified":"2024-12-02T19:47:03+00:00","description":"Kur i\u0161ve\u017eti nenaudojam\u0105 \u0161aldytuv\u0105? EPA komanda tuo pasir\u016bpins. Susisiekite!","breadcrumb":{"@id":"https:\/\/www.epa.lt\/paslaugos\/buitines-technikos-isvezimas\/saldytuvo-isvezimas\/#breadcrumb"},"inLanguage":"en-US","potentialAction":[{"@type":"ReadAction","target":["https:\/\/www.epa.lt\/paslaugos\/buitines-technikos-isvezimas\/saldytuvo-isvezimas\/"]}]},{"@type":"BreadcrumbList","@id":"https:\/\/www.epa.lt\/paslaugos\/buitines-technikos-isvezimas\/saldytuvo-isvezimas\/#breadcrumb","itemListElement":[{"@type":"ListItem","position":1,"name":"Home","item":"https:\/\/www.epa.lt\/en\/"},{"@type":"ListItem","position":2,"name":"Paslaugos","item":"https:\/\/www.epa.lt\/paslaugos\/"},{"@type":"ListItem","position":3,"name":"Buitin\u0117s technikos i\u0161ve\u017eimas &#8211; J\u016bs\u0173 mieste!","item":"https:\/\/www.epa.lt\/paslaugos\/buitines-technikos-isvezimas\/"},{"@type":"ListItem","position":4,"name":"\u0160aldytuvo i\u0161ve\u017eimas"}]},{"@type":"WebSite","@id":"https:\/\/www.epa.lt\/en\/#website","url":"https:\/\/www.epa.lt\/en\/","name":"{:lt}EPA (Elektronikos platintoj\u0173 asociacija){:}{:en}EPA (Distributors of electronics association) {:}","description":"Electronic waste management","publisher":{"@id":"https:\/\/www.epa.lt\/en\/#organization"},"potentialAction":[{"@type":"SearchAction","target":{"@type":"EntryPoint","urlTemplate":"https:\/\/www.epa.lt\/en\/?s={search_term_string}"},"query-input":{"@type":"PropertyValueSpecification","valueRequired":true,"valueName":"search_term_string"}}],"inLanguage":"en-US"},{"@type":"Organization","@id":"https:\/\/www.epa.lt\/en\/#organization","name":"{:lt}EPA (Elektronikos platintoj\u0173 asociacija){:}{:en}EPA (Distributors of electronics association) {:}","url":"https:\/\/www.epa.lt\/en\/","logo":{"@type":"ImageObject","inLanguage":"en-US","@id":"https:\/\/www.epa.lt\/en\/#\/schema\/logo\/image\/","url":"https:\/\/www.epa.lt\/wp-content\/uploads\/2018\/04\/EPA_logo_RGB_t_vidus.png","contentUrl":"https:\/\/www.epa.lt\/wp-content\/uploads\/2018\/04\/EPA_logo_RGB_t_vidus.png","width":945,"height":945,"caption":"{:lt}EPA (Elektronikos platintoj\u0173 asociacija){:}{:en}EPA (Distributors of electronics association) {:}"},"image":{"@id":"https:\/\/www.epa.lt\/en\/#\/schema\/logo\/image\/"},"sameAs":["https:\/\/www.facebook.com\/asociacija.epa"]}]}},"_links":{"self":[{"href":"https:\/\/www.epa.lt\/en\/wp-json\/wp\/v2\/pages\/2371","targetHints":{"allow":["GET"]}}],"collection":[{"href":"https:\/\/www.epa.lt\/en\/wp-json\/wp\/v2\/pages"}],"about":[{"href":"https:\/\/www.epa.lt\/en\/wp-json\/wp\/v2\/types\/page"}],"author":[{"embeddable":true,"href":"https:\/\/www.epa.lt\/en\/wp-json\/wp\/v2\/users\/2"}],"replies":[{"embeddable":true,"href":"https:\/\/www.epa.lt\/en\/wp-json\/wp\/v2\/comments?post=2371"}],"version-history":[{"count":5,"href":"https:\/\/www.epa.lt\/en\/wp-json\/wp\/v2\/pages\/2371\/revisions"}],"predecessor-version":[{"id":3085,"href":"https:\/\/www.epa.lt\/en\/wp-json\/wp\/v2\/pages\/2371\/revisions\/3085"}],"up":[{"embeddable":true,"href":"https:\/\/www.epa.lt\/en\/wp-json\/wp\/v2\/pages\/2369"}],"wp:attachment":[{"href":"https:\/\/www.epa.lt\/en\/wp-json\/wp\/v2\/media?parent=2371"}],"curies":[{"name":"wp","href":"https:\/\/api.w.org\/{rel}","templated":true}]}}