{"id":2369,"date":"2023-06-20T10:53:03","date_gmt":"2023-06-20T07:53:03","guid":{"rendered":"https:\/\/www.epa.lt\/?page_id=2369"},"modified":"2025-01-14T23:22:33","modified_gmt":"2025-01-14T20:22:33","slug":"buitines-technikos-isvezimas","status":"publish","type":"page","link":"https:\/\/www.epa.lt\/en\/paslaugos\/buitines-technikos-isvezimas\/","title":{"rendered":"Buitin\u0117s technikos i\u0161ve\u017eimas &#8211; J\u016bs\u0173 mieste!"},"content":{"rendered":"\n<div class=\"wp-block-buttons is-layout-flex wp-block-buttons-is-layout-flex\">\n<div class=\"wp-block-button has-custom-width wp-block-button__width-100 has-custom-font-size is-style-fill has-small-font-size\"><a class=\"wp-block-button__link has-black-color has-light-green-cyan-background-color has-text-color has-background has-link-color wp-element-button\" href=\"https:\/\/epa.lt\/nemokamas-buitines-technikos-isvezimas\/\" style=\"border-radius:100px\" rel=\"https:\/\/epa.lt\/isvezimas-nemokamas\/\"><strong>REGISTRUOKIS NEMOKAMAM I\u0160VE\u017dIMUI<\/strong><\/a><\/div>\n<\/div>\n\n\n\n<hr class=\"wp-block-separator has-alpha-channel-opacity\"\/>\n\n\n<p><strong>Senos buitin\u0117s technikos nemokamo i\u0161ve\u017eimo paslauga \u2013 visoje Lietuvoje<\/strong><\/p>\n<p>Da\u017enai \u012fsigyti nauj\u0105 prietais\u0105 ar sen\u0105 pakeisti nauju tampa svarbiau nei atsakingai atsisveikinti su naujuoju. Suprantama, nes juk svarbu, kad nam\u0173 \u016bkyje b\u016bt\u0173 viskas, ko reikia patogiam gyvenimui. Elektronika palengvina buit\u012f. O jeigu \u0161alia veikian\u010dio vis dar stovi senas daiktas, pavyzd\u017eiui, \u0161aldytuvas, ar j\u012f vargais negalais \u012fst\u016bm\u0117me \u012f kamp\u0105, prie\u0161kambar\u012f, sand\u0117liuk\u0105? Tokiu atveju senos <strong>buitin\u0117s technikos i\u0161ve\u017eimas<\/strong> gali atrodyti toks pat svarbus, koks ir naujo \u012fsigijimas. Ypa\u010d tada, kai gyvename mieste, kur gyvenamo ploto da\u017enai niekada neb\u016bna per daug.<\/p>\n<p><strong>Kartu su senu \u0161aldytuvu galite priduoti ir elektroninius \u017eaislus<\/strong><\/p>\n<p>Ar tikrai nebenaudojamos, nebevertos taisyti, tik viet\u0105 u\u017eiman\u010dios <strong>buitin\u0117s technikos i\u0161ve\u017eimas<\/strong> \u2013 toks sunkus u\u017edavinys, kad jo sprendim\u0105 tenka atid\u0117lioti? Deja, yra prie\u0161ingai. Atsisveikinti su senu stambiosios elektronikos lau\u017eu \u0161iandien yra lengviau nei \u012fsigyti nauj\u0105 prietais\u0105. <strong>Nemokamas buitin\u0117s technikos i\u0161ve\u017eimas &#8211; J\u016bs\u0173 mieste\u00a0 <\/strong>, naudojantis licencijuot\u0173 elektronikos atliek\u0173 surink\u0117j\u0173 ar tvarkytoj\u0173 paslaugomis, Lietuvoje yra daugiau nei de\u0161imtmet\u012f trunkanti s\u0117kminga praktika. Ir tai \u2013 ne tik <strong>nemokamas buitin\u0117s technikos i\u0161ve\u017eimas Vilniuje<\/strong>, kur savo paslaugas si\u016blo net kelios organizacijos.<\/p>\n<p>Jau antras de\u0161imtmetis, kai elektronikos gamintoj\u0173 ir platintoj\u0173 interesams atstovaujanti, i\u0161pl\u0117stin\u0117s gamintoj\u0173 atsakomyb\u0117s princip\u0105 \u012fgyvendinanti Elektronikos platintoj\u0173 asociacija (EPA) teikia nemokamo stambiagabarit\u0117s elektronikos atliek\u0173 i\u0161ve\u017eimo i\u0161 nam\u0173 paslaug\u0105 visoje Lietuvoje. EPA komanda pagal i\u0161kvietim\u0105 atvyksta \u012f namus, pasir\u016bpina saugiai i\u0161ne\u0161ti i\u0161 gyvenam\u0173j\u0173 patalp\u0173 sen\u0105 skalbykl\u0119, elekrin\u0119 virykl\u0119, indaplov\u0119, \u0161aldytuv\u0105, gartrauk\u012f, televizori\u0173 ar kit\u0105 elektronikos prietais\u0105. Kartu su stambiagabarit\u0117s elektronikos atliekomis galima atiduoti ir smulkiosios elektronikos, baterij\u0173 ir dujo\u0161vy\u010di\u0173 lemp\u0173 atliekas. Tad stambiagabarit\u0117s <strong>senos technikos i\u0161ve\u017eimas<\/strong> duoda dvigub\u0105 naud\u0105 \u2013 padeda atsikratyti tiek daug vietos u\u017eiman\u010di\u0173, tiek ir smulki\u0173 nereikaling\u0173 daikt\u0173.<\/p>\n<p><strong>Ta pati paslauga \u2013 tiek didmies\u010diuose, tiek ir kaimuose<\/strong><\/p>\n<p>Buitin\u0117s technikos i\u0161ve\u017eimas Vilniuje \u2013 \u012fprastas dalykas. O <strong>buitin\u0117s technikos i\u0161ve\u017eimas Kaune<\/strong>? Stambiosios elektronikos \u0161alinimo praktika \u0161iame ir kituose Lietuvos miestuose \u2013 identi\u0161ka. Niekuo nesiskiria ir <strong>nemokamas buitin\u0117s technikos i\u0161ve\u017eimas Klaip\u0117doje<\/strong>, \u0160iauliuose, Panev\u0117\u017eyje ar kituose ma\u017eesniuose \u0161alies miestuose ir rajon\u0173 centruose. Tiek <strong>buitin\u0117s technikos i\u0161ve\u017eimas Klaip\u0117doje<\/strong>, tiek ir Jurbarke, Ma\u017eeikiuose ar Vilkavi\u0161kyje vyksta ta pa\u010dia tvarka. Tereikia paskambinti telefonu <strong>+370 695 55111<\/strong> arba registruoti nemokam\u0105 stambiagabarit\u0117s elektronikos atliek\u0173 i\u0161ve\u017eim\u0105 <a href=\"https:\/\/epa.lt\/nemokamas-buitines-technikos-isvezimas\/\">www.epa.lt<\/a> svetain\u0117je.<\/p>\n<p>Tenka pripa\u017einti, kad <strong>nemokamas buitin\u0117s technikos i\u0161ve\u017eimas Vilniuje<\/strong> ar kitame didesniame Lietuvos mieste turi daugiau alternatyv\u0173 nei ma\u017eesniuose miestuose. Tai ai\u0161kinama didesniu stambiagabari\u010di\u0173 atliek\u0173 surinkimo aik\u0161teli\u0173 skai\u010diumi ir \u0161alia prekybos centr\u0173 pastatytais specialiaisiais konteineriais, skirtais didel\u0117ms elektronikos atliekoms. Ne paslaptis, kad sostin\u0117je ar kitame didmiestyje yra daugiau dideli\u0173 prekybos centr\u0173, kurie palaiko socialin\u0117s atsakomyb\u0117s praktik\u0105 ir aplinkosaugos id\u0117jas.<\/p>\n<p>Jeigu ie\u0161kote vietos, \u012f kuri\u0105 patys gal\u0117tum\u0117te pristatyti stambiosios elektronikos atliekas, toki\u0173 viet\u0173 s\u0105ra\u0161\u0105 galite rasti interneto svetain\u0117je <a href=\"https:\/\/epa.lt\/surinkimo-vietu-sarasas\/\">www.epa.lt<\/a>.<\/p>","protected":false},"excerpt":{"rendered":"<p>Senos buitin\u0117s technikos nemokamo i\u0161ve\u017eimo paslauga \u2013 visoje Lietuvoje Da\u017enai \u012fsigyti nauj\u0105 prietais\u0105 ar sen\u0105 pakeisti nauju tampa svarbiau nei atsakingai atsisveikinti su naujuoju. Suprantama, nes juk svarbu, kad nam\u0173 \u016bkyje b\u016bt\u0173 viskas, ko reikia patogiam gyvenimui. Elektronika palengvina buit\u012f. O jeigu \u0161alia veikian\u010dio vis dar stovi senas daiktas, pavyzd\u017eiui, \u0161aldytuvas, ar j\u012f vargais negalais [&hellip;]<\/p>\n","protected":false},"author":2,"featured_media":0,"parent":2367,"menu_order":0,"comment_status":"closed","ping_status":"closed","template":"","meta":{"_acf_changed":false,"sfsi_plus_gutenberg_text_before_share":"","sfsi_plus_gutenberg_show_text_before_share":"","sfsi_plus_gutenberg_icon_type":"","sfsi_plus_gutenberg_icon_alignemt":"","sfsi_plus_gutenburg_max_per_row":"","footnotes":""},"class_list":["post-2369","page","type-page","status-publish","hentry"],"translation":{"provider":"WPGlobus","version":"3.0.0","language":"en","enabled_languages":["lt","en"],"languages":{"lt":{"title":true,"content":true,"excerpt":false},"en":{"title":false,"content":false,"excerpt":false}}},"acf":[],"yoast_head":"<!-- This site is optimized with the Yoast SEO Premium plugin v25.6 (Yoast SEO v25.6) - https:\/\/yoast.com\/wordpress\/plugins\/seo\/ -->\n<title>Buitin\u0117s technikos i\u0161ve\u017eimas - J\u016bs\u0173 mieste! - EPA (Distributors of electronics association)<\/title>\n<meta name=\"robots\" content=\"index, follow, max-snippet:-1, max-image-preview:large, max-video-preview:-1\" \/>\n<link rel=\"canonical\" href=\"https:\/\/epa.lt\/en\/paslaugos\/buitines-technikos-isvezimas\/\" \/>\n<meta property=\"og:locale\" content=\"en_US\" \/>\n<meta property=\"og:type\" content=\"article\" \/>\n<meta property=\"og:title\" content=\"Buitin\u0117s technikos i\u0161ve\u017eimas - J\u016bs\u0173 mieste! - EPA (Distributors of electronics association)\" \/>\n<meta property=\"og:url\" content=\"https:\/\/epa.lt\/en\/paslaugos\/buitines-technikos-isvezimas\/\" \/>\n<meta property=\"og:site_name\" content=\"EPA (Distributors of electronics association)\" \/>\n<meta property=\"article:publisher\" content=\"https:\/\/www.facebook.com\/asociacija.epa\" \/>\n<meta property=\"article:modified_time\" content=\"2025-01-14T20:22:33+00:00\" \/>\n<meta name=\"twitter:card\" content=\"summary_large_image\" \/>\n<meta name=\"twitter:label1\" content=\"Est. reading time\" \/>\n\t<meta name=\"twitter:data1\" content=\"3 minutes\" \/>\n<script type=\"application\/ld+json\" class=\"yoast-schema-graph\">{\"@context\":\"https:\/\/schema.org\",\"@graph\":[{\"@type\":\"WebPage\",\"@id\":\"https:\/\/epa.lt\/en\/paslaugos\/buitines-technikos-isvezimas\/\",\"url\":\"https:\/\/epa.lt\/en\/paslaugos\/buitines-technikos-isvezimas\/\",\"name\":\"Buitin\u0117s technikos i\u0161ve\u017eimas - J\u016bs\u0173 mieste! - EPA (Distributors of electronics association)\",\"isPartOf\":{\"@id\":\"https:\/\/www.epa.lt\/#website\"},\"datePublished\":\"2023-06-20T07:53:03+00:00\",\"dateModified\":\"2025-01-14T20:22:33+00:00\",\"description\":\"Kur d\u0117ti nenaudojam\u0105 buitin\u0119 technik\u0105? Nemokamas buitin\u0117s technikos i\u0161ve\u017eimas Vilniuje. Nemokamas buitin\u0117s technikos i\u0161ve\u017eimas - J\u016bs\u0173 mieste! Nemokamas buitin\u0117s technikos i\u0161ve\u017eimas Klaip\u0117doje. Nemokamas buitin\u0117s technikos i\u0161ve\u017eimas Panev\u0117\u017eyje. Nemokamas buitin\u0117s technikos i\u0161ve\u017eimas \u0160iauliuose. Nemokamas buitin\u0117s technikos i\u0161ve\u017eimas Tel\u0161iuose. Nemokamas buitin\u0117s technikos i\u0161ve\u017eimas Alytuje. Nemokamas buitin\u0117s technikos i\u0161ve\u017eimas Palangoje. Nemokamas buitin\u0117s technikos i\u0161ve\u017eimas Kaune. Nemokamas buitin\u0117s technikos i\u0161ve\u017eimas visoje Lietuvoje.\",\"breadcrumb\":{\"@id\":\"https:\/\/epa.lt\/en\/paslaugos\/buitines-technikos-isvezimas\/#breadcrumb\"},\"inLanguage\":\"en-US\",\"potentialAction\":[{\"@type\":\"ReadAction\",\"target\":[\"https:\/\/epa.lt\/en\/paslaugos\/buitines-technikos-isvezimas\/\"]}]},{\"@type\":\"BreadcrumbList\",\"@id\":\"https:\/\/epa.lt\/en\/paslaugos\/buitines-technikos-isvezimas\/#breadcrumb\",\"itemListElement\":[{\"@type\":\"ListItem\",\"position\":1,\"name\":\"Home\",\"item\":\"https:\/\/www.epa.lt\/\"},{\"@type\":\"ListItem\",\"position\":2,\"name\":\"Paslaugos\",\"item\":\"https:\/\/epa.lt\/en\/paslaugos\/\"},{\"@type\":\"ListItem\",\"position\":3,\"name\":\"Buitin\u0117s technikos i\u0161ve\u017eimas &#8211; J\u016bs\u0173 mieste!\"}]},{\"@type\":\"WebSite\",\"@id\":\"https:\/\/www.epa.lt\/#website\",\"url\":\"https:\/\/www.epa.lt\/\",\"name\":\"{:lt}EPA (Elektronikos platintoj\u0173 asociacija){:}{:en}EPA (Distributors of electronics association) {:}\",\"description\":\"Electronic waste management\",\"publisher\":{\"@id\":\"https:\/\/www.epa.lt\/#organization\"},\"potentialAction\":[{\"@type\":\"SearchAction\",\"target\":{\"@type\":\"EntryPoint\",\"urlTemplate\":\"https:\/\/www.epa.lt\/?s={search_term_string}\"},\"query-input\":{\"@type\":\"PropertyValueSpecification\",\"valueRequired\":true,\"valueName\":\"search_term_string\"}}],\"inLanguage\":\"en-US\"},{\"@type\":\"Organization\",\"@id\":\"https:\/\/www.epa.lt\/#organization\",\"name\":\"{:lt}EPA (Elektronikos platintoj\u0173 asociacija){:}{:en}EPA (Distributors of electronics association) {:}\",\"url\":\"https:\/\/www.epa.lt\/\",\"logo\":{\"@type\":\"ImageObject\",\"inLanguage\":\"en-US\",\"@id\":\"https:\/\/www.epa.lt\/#\/schema\/logo\/image\/\",\"url\":\"https:\/\/www.epa.lt\/wp-content\/uploads\/2018\/04\/EPA_logo_RGB_t_vidus.png\",\"contentUrl\":\"https:\/\/www.epa.lt\/wp-content\/uploads\/2018\/04\/EPA_logo_RGB_t_vidus.png\",\"width\":945,\"height\":945,\"caption\":\"{:lt}EPA (Elektronikos platintoj\u0173 asociacija){:}{:en}EPA (Distributors of electronics association) {:}\"},\"image\":{\"@id\":\"https:\/\/www.epa.lt\/#\/schema\/logo\/image\/\"},\"sameAs\":[\"https:\/\/www.facebook.com\/asociacija.epa\"]}]}<\/script>\n<!-- \/ Yoast SEO Premium plugin. -->","yoast_head_json":{"title":"Buitin\u0117s technikos i\u0161ve\u017eimas - J\u016bs\u0173 mieste! - EPA (Distributors of electronics association)","robots":{"index":"index","follow":"follow","max-snippet":"max-snippet:-1","max-image-preview":"max-image-preview:large","max-video-preview":"max-video-preview:-1"},"canonical":"https:\/\/epa.lt\/en\/paslaugos\/buitines-technikos-isvezimas\/","og_locale":"en_US","og_type":"article","og_title":"Buitin\u0117s technikos i\u0161ve\u017eimas - J\u016bs\u0173 mieste! - EPA (Distributors of electronics association)","og_url":"https:\/\/epa.lt\/en\/paslaugos\/buitines-technikos-isvezimas\/","og_site_name":"EPA (Distributors of electronics association)","article_publisher":"https:\/\/www.facebook.com\/asociacija.epa","article_modified_time":"2025-01-14T20:22:33+00:00","twitter_card":"summary_large_image","twitter_misc":{"Est. reading time":"3 minutes"},"schema":{"@context":"https:\/\/schema.org","@graph":[{"@type":"WebPage","@id":"https:\/\/epa.lt\/en\/paslaugos\/buitines-technikos-isvezimas\/","url":"https:\/\/epa.lt\/en\/paslaugos\/buitines-technikos-isvezimas\/","name":"Buitin\u0117s technikos i\u0161ve\u017eimas - J\u016bs\u0173 mieste! - EPA (Distributors of electronics association)","isPartOf":{"@id":"https:\/\/www.epa.lt\/#website"},"datePublished":"2023-06-20T07:53:03+00:00","dateModified":"2025-01-14T20:22:33+00:00","description":"Kur d\u0117ti nenaudojam\u0105 buitin\u0119 technik\u0105? Nemokamas buitin\u0117s technikos i\u0161ve\u017eimas Vilniuje. Nemokamas buitin\u0117s technikos i\u0161ve\u017eimas - J\u016bs\u0173 mieste! Nemokamas buitin\u0117s technikos i\u0161ve\u017eimas Klaip\u0117doje. Nemokamas buitin\u0117s technikos i\u0161ve\u017eimas Panev\u0117\u017eyje. Nemokamas buitin\u0117s technikos i\u0161ve\u017eimas \u0160iauliuose. Nemokamas buitin\u0117s technikos i\u0161ve\u017eimas Tel\u0161iuose. Nemokamas buitin\u0117s technikos i\u0161ve\u017eimas Alytuje. Nemokamas buitin\u0117s technikos i\u0161ve\u017eimas Palangoje. Nemokamas buitin\u0117s technikos i\u0161ve\u017eimas Kaune. Nemokamas buitin\u0117s technikos i\u0161ve\u017eimas visoje Lietuvoje.","breadcrumb":{"@id":"https:\/\/epa.lt\/en\/paslaugos\/buitines-technikos-isvezimas\/#breadcrumb"},"inLanguage":"en-US","potentialAction":[{"@type":"ReadAction","target":["https:\/\/epa.lt\/en\/paslaugos\/buitines-technikos-isvezimas\/"]}]},{"@type":"BreadcrumbList","@id":"https:\/\/epa.lt\/en\/paslaugos\/buitines-technikos-isvezimas\/#breadcrumb","itemListElement":[{"@type":"ListItem","position":1,"name":"Home","item":"https:\/\/www.epa.lt\/"},{"@type":"ListItem","position":2,"name":"Paslaugos","item":"https:\/\/epa.lt\/en\/paslaugos\/"},{"@type":"ListItem","position":3,"name":"Buitin\u0117s technikos i\u0161ve\u017eimas &#8211; J\u016bs\u0173 mieste!"}]},{"@type":"WebSite","@id":"https:\/\/www.epa.lt\/#website","url":"https:\/\/www.epa.lt\/","name":"{:lt}EPA (Elektronikos platintoj\u0173 asociacija){:}{:en}EPA (Distributors of electronics association) {:}","description":"Electronic waste management","publisher":{"@id":"https:\/\/www.epa.lt\/#organization"},"potentialAction":[{"@type":"SearchAction","target":{"@type":"EntryPoint","urlTemplate":"https:\/\/www.epa.lt\/?s={search_term_string}"},"query-input":{"@type":"PropertyValueSpecification","valueRequired":true,"valueName":"search_term_string"}}],"inLanguage":"en-US"},{"@type":"Organization","@id":"https:\/\/www.epa.lt\/#organization","name":"{:lt}EPA (Elektronikos platintoj\u0173 asociacija){:}{:en}EPA (Distributors of electronics association) {:}","url":"https:\/\/www.epa.lt\/","logo":{"@type":"ImageObject","inLanguage":"en-US","@id":"https:\/\/www.epa.lt\/#\/schema\/logo\/image\/","url":"https:\/\/www.epa.lt\/wp-content\/uploads\/2018\/04\/EPA_logo_RGB_t_vidus.png","contentUrl":"https:\/\/www.epa.lt\/wp-content\/uploads\/2018\/04\/EPA_logo_RGB_t_vidus.png","width":945,"height":945,"caption":"{:lt}EPA (Elektronikos platintoj\u0173 asociacija){:}{:en}EPA (Distributors of electronics association) {:}"},"image":{"@id":"https:\/\/www.epa.lt\/#\/schema\/logo\/image\/"},"sameAs":["https:\/\/www.facebook.com\/asociacija.epa"]}]}},"_links":{"self":[{"href":"https:\/\/www.epa.lt\/en\/wp-json\/wp\/v2\/pages\/2369","targetHints":{"allow":["GET"]}}],"collection":[{"href":"https:\/\/www.epa.lt\/en\/wp-json\/wp\/v2\/pages"}],"about":[{"href":"https:\/\/www.epa.lt\/en\/wp-json\/wp\/v2\/types\/page"}],"author":[{"embeddable":true,"href":"https:\/\/www.epa.lt\/en\/wp-json\/wp\/v2\/users\/2"}],"replies":[{"embeddable":true,"href":"https:\/\/www.epa.lt\/en\/wp-json\/wp\/v2\/comments?post=2369"}],"version-history":[{"count":17,"href":"https:\/\/www.epa.lt\/en\/wp-json\/wp\/v2\/pages\/2369\/revisions"}],"predecessor-version":[{"id":3160,"href":"https:\/\/www.epa.lt\/en\/wp-json\/wp\/v2\/pages\/2369\/revisions\/3160"}],"up":[{"embeddable":true,"href":"https:\/\/www.epa.lt\/en\/wp-json\/wp\/v2\/pages\/2367"}],"wp:attachment":[{"href":"https:\/\/www.epa.lt\/en\/wp-json\/wp\/v2\/media?parent=2369"}],"curies":[{"name":"wp","href":"https:\/\/api.w.org\/{rel}","templated":true}]}}