{"id":2361,"date":"2023-06-20T10:29:35","date_gmt":"2023-06-20T07:29:35","guid":{"rendered":"https:\/\/www.epa.lt\/?page_id=2361"},"modified":"2023-06-26T11:36:30","modified_gmt":"2023-06-26T08:36:30","slug":"kur-priduoti-senas-lempas","status":"publish","type":"page","link":"https:\/\/www.epa.lt\/en\/duk\/kur-priduoti-senas-lempas\/","title":{"rendered":"Kur priduoti senas lempas?"},"content":{"rendered":"<p>Naujos kartos dujo\u0161vyt\u0117s buitin\u0117s lempos perdega neda\u017enai, ta\u010diau ir jos n\u0117ra am\u017einos. Neretai nebetinkam\u0173 lempu\u010di\u0173 namuose daug\u0117ja, jos laikomos kur nors specialioje d\u0117\u017eut\u0117je, tr\u016bksta \u017eini\u0173, kur reik\u0117t\u0173 jas i\u0161mesti. Dar blogiau, jei tokios lempos i\u0161metamos \u012f bendr\u0173j\u0173 buitini\u0173 atliek\u0173 ar stiklo konteinerius. Deja, tai labai prasta ir neatsakinga praktika. Tad der\u0117t\u0173 prisiminti, kur priduoti naudotas lempas, kad tai b\u016bt\u0173 saugu ir netgi naudinga.<\/p>\n<p>Lietuvoje dujo\u0161vy\u010di\u0173 lemp\u0173 atliekoms yra skirti special\u016bs konteineriai, kuriuos galima rasti prekybos centruose ir \u012fvairiose \u012fstaigose.<\/p>\n<p><strong>Sen\u0173 dujo\u0161vy\u010di\u0173 lemp\u0173 atliek\u0173 mesti \u012f stiklo atliek\u0173 konteinerius negalima.<\/strong><\/p>\n<ol>\n<li><strong>D\u0117mesio \u2013 kenksmingos med\u017eiagos.<\/strong> Senos dujo\u0161vy\u010di\u0173 lempos da\u017enai yra pagamintos su kenksmingomis med\u017eiagomis, tokiomis kaip gyvsidabris. Gyvsidabris yra toksi\u0161kas ir gali daryti \u017ealing\u0105 poveik\u012f \u017emogaus sveikatai ir aplinkai, jei netinkamai \u0161alinamas, patenka \u012f s\u0105vartynus arba i\u0161metamas \u012f aplink\u0105.<\/li>\n<li><strong>Perdirbimo problemos ir galimyb\u0117s.<\/strong> Dujo\u0161vyt\u0117s lempos turi specialius komponentus, kurie negal\u0117t\u0173 b\u016bti perdirbami taip, kaip stiklo pakuot\u0117s ar du\u017eenos. Tuo tarpu atsid\u016brusios specialiuosiuose konteineriuose lemp\u0173 atliekos gali b\u016bti naudingai perdirbtos, i\u0161 j\u0173 i\u0161gaunant naudingas med\u017eiagas.<\/li>\n<\/ol>\n<p>\u0160alinant senas dujo\u0161vy\u010di\u0173 lempas, svarbu neapsigauti ir prisiimti atsakomyb\u0119 u\u017e galimas pasekmes, pasir\u016bpinti aplinkos ir savo sveikatos apsauga. Perdirbimas padeda suma\u017einti atliek\u0173 kiek\u012f, kuris baigt\u0173si aplinkos ter\u0161imu. Vietoje to senos lempos gali b\u016bti paverstos \u012f naudingas \u017ealiavas ir v\u0117l panaudotos gamybos procesuose.<\/p>\n<p>Perdirbimas leid\u017eia i\u0161laikyti ir panaudoti esamas gamtos i\u0161teklius. Sen\u0173 lemp\u0173 perdirbimo procese dauguma j\u0173 med\u017eiag\u0173 gali b\u016bti i\u0161gautos ir perdirbtos, o tai leid\u017eia i\u0161vengti nauj\u0173 i\u0161tekli\u0173 i\u0161gavybos. Perdirbimo procese, atsi\u017evelgiant \u012f naudojamas technologijas, sen\u0173 lemp\u0173 i\u0161 j\u0173 gali b\u016bti i\u0161gautas stiklas, plastikas, metalai ir elektronikos komponentai.<\/p>\n","protected":false},"excerpt":{"rendered":"<p>Naujos kartos dujo\u0161vyt\u0117s buitin\u0117s lempos perdega neda\u017enai, ta\u010diau ir jos n\u0117ra am\u017einos. Neretai nebetinkam\u0173 lempu\u010di\u0173 namuose daug\u0117ja, jos laikomos kur nors specialioje d\u0117\u017eut\u0117je, tr\u016bksta \u017eini\u0173, kur reik\u0117t\u0173 jas i\u0161mesti. Dar blogiau, jei tokios lempos i\u0161metamos \u012f bendr\u0173j\u0173 buitini\u0173 atliek\u0173 ar stiklo konteinerius. Deja, tai labai prasta ir neatsakinga praktika. Tad der\u0117t\u0173 prisiminti, kur priduoti naudotas [&hellip;]<\/p>\n","protected":false},"author":2,"featured_media":0,"parent":16,"menu_order":0,"comment_status":"closed","ping_status":"closed","template":"","meta":{"_acf_changed":false,"sfsi_plus_gutenberg_text_before_share":"","sfsi_plus_gutenberg_show_text_before_share":"","sfsi_plus_gutenberg_icon_type":"","sfsi_plus_gutenberg_icon_alignemt":"","sfsi_plus_gutenburg_max_per_row":"","footnotes":""},"class_list":["post-2361","page","type-page","status-publish","hentry"],"translation":{"provider":"WPGlobus","version":"3.0.0","language":"en","enabled_languages":["lt","en"],"languages":{"lt":{"title":true,"content":true,"excerpt":false},"en":{"title":false,"content":false,"excerpt":false}}},"acf":[],"yoast_head":"<!-- This site is optimized with the Yoast SEO Premium plugin v25.6 (Yoast SEO v25.6) - https:\/\/yoast.com\/wordpress\/plugins\/seo\/ -->\n<title>Kur priduoti senas lempas? - EPA (Distributors of electronics association)<\/title>\n<meta name=\"robots\" content=\"index, follow, max-snippet:-1, max-image-preview:large, max-video-preview:-1\" \/>\n<link rel=\"canonical\" href=\"https:\/\/epa.lt\/duk\/kur-priduoti-senas-lempas\/\" \/>\n<meta property=\"og:locale\" content=\"en_US\" \/>\n<meta property=\"og:type\" content=\"article\" \/>\n<meta property=\"og:title\" content=\"Kur priduoti senas lempas? - EPA (Distributors of electronics association)\" \/>\n<meta property=\"og:url\" content=\"https:\/\/epa.lt\/duk\/kur-priduoti-senas-lempas\/\" \/>\n<meta property=\"og:site_name\" content=\"EPA (Distributors of electronics association)\" \/>\n<meta property=\"article:publisher\" content=\"https:\/\/www.facebook.com\/asociacija.epa\" \/>\n<meta property=\"article:modified_time\" content=\"2023-06-26T08:36:30+00:00\" \/>\n<meta name=\"twitter:card\" content=\"summary_large_image\" \/>\n<meta name=\"twitter:label1\" content=\"Est. reading time\" \/>\n\t<meta name=\"twitter:data1\" content=\"2 minutes\" \/>\n<script type=\"application\/ld+json\" class=\"yoast-schema-graph\">{\"@context\":\"https:\/\/schema.org\",\"@graph\":[{\"@type\":\"WebPage\",\"@id\":\"https:\/\/epa.lt\/duk\/kur-priduoti-senas-lempas\/\",\"url\":\"https:\/\/epa.lt\/duk\/kur-priduoti-senas-lempas\/\",\"name\":\"Kur priduoti senas lempas? - EPA (Distributors of electronics association)\",\"isPartOf\":{\"@id\":\"https:\/\/epa.lt\/#website\"},\"datePublished\":\"2023-06-20T07:29:35+00:00\",\"dateModified\":\"2023-06-26T08:36:30+00:00\",\"description\":\"Daugiau informacijos apie tai, kur priduoti senas lempas. Su\u017einokite \u010dia!\",\"breadcrumb\":{\"@id\":\"https:\/\/epa.lt\/duk\/kur-priduoti-senas-lempas\/#breadcrumb\"},\"inLanguage\":\"en-US\",\"potentialAction\":[{\"@type\":\"ReadAction\",\"target\":[\"https:\/\/epa.lt\/duk\/kur-priduoti-senas-lempas\/\"]}]},{\"@type\":\"BreadcrumbList\",\"@id\":\"https:\/\/epa.lt\/duk\/kur-priduoti-senas-lempas\/#breadcrumb\",\"itemListElement\":[{\"@type\":\"ListItem\",\"position\":1,\"name\":\"Home\",\"item\":\"https:\/\/epa.lt\/\"},{\"@type\":\"ListItem\",\"position\":2,\"name\":\"Da\u017eniausiai u\u017eduodami klausimai apie elektronikos surinkim\u0105 (DUK)\",\"item\":\"https:\/\/www.epa.lt\/duk\/\"},{\"@type\":\"ListItem\",\"position\":3,\"name\":\"Kur priduoti senas lempas?\"}]},{\"@type\":\"WebSite\",\"@id\":\"https:\/\/epa.lt\/#website\",\"url\":\"https:\/\/epa.lt\/\",\"name\":\"{:lt}EPA (Elektronikos platintoj\u0173 asociacija){:}{:en}EPA (Distributors of electronics association) {:}\",\"description\":\"Electronic waste management\",\"publisher\":{\"@id\":\"https:\/\/epa.lt\/#organization\"},\"potentialAction\":[{\"@type\":\"SearchAction\",\"target\":{\"@type\":\"EntryPoint\",\"urlTemplate\":\"https:\/\/epa.lt\/?s={search_term_string}\"},\"query-input\":{\"@type\":\"PropertyValueSpecification\",\"valueRequired\":true,\"valueName\":\"search_term_string\"}}],\"inLanguage\":\"en-US\"},{\"@type\":\"Organization\",\"@id\":\"https:\/\/epa.lt\/#organization\",\"name\":\"{:lt}EPA (Elektronikos platintoj\u0173 asociacija){:}{:en}EPA (Distributors of electronics association) {:}\",\"url\":\"https:\/\/epa.lt\/\",\"logo\":{\"@type\":\"ImageObject\",\"inLanguage\":\"en-US\",\"@id\":\"https:\/\/epa.lt\/#\/schema\/logo\/image\/\",\"url\":\"https:\/\/www.epa.lt\/wp-content\/uploads\/2018\/04\/EPA_logo_RGB_t_vidus.png\",\"contentUrl\":\"https:\/\/www.epa.lt\/wp-content\/uploads\/2018\/04\/EPA_logo_RGB_t_vidus.png\",\"width\":945,\"height\":945,\"caption\":\"{:lt}EPA (Elektronikos platintoj\u0173 asociacija){:}{:en}EPA (Distributors of electronics association) {:}\"},\"image\":{\"@id\":\"https:\/\/epa.lt\/#\/schema\/logo\/image\/\"},\"sameAs\":[\"https:\/\/www.facebook.com\/asociacija.epa\"]}]}<\/script>\n<!-- \/ Yoast SEO Premium plugin. -->","yoast_head_json":{"title":"Kur priduoti senas lempas? - EPA (Distributors of electronics association)","robots":{"index":"index","follow":"follow","max-snippet":"max-snippet:-1","max-image-preview":"max-image-preview:large","max-video-preview":"max-video-preview:-1"},"canonical":"https:\/\/epa.lt\/duk\/kur-priduoti-senas-lempas\/","og_locale":"en_US","og_type":"article","og_title":"Kur priduoti senas lempas? - EPA (Distributors of electronics association)","og_url":"https:\/\/epa.lt\/duk\/kur-priduoti-senas-lempas\/","og_site_name":"EPA (Distributors of electronics association)","article_publisher":"https:\/\/www.facebook.com\/asociacija.epa","article_modified_time":"2023-06-26T08:36:30+00:00","twitter_card":"summary_large_image","twitter_misc":{"Est. reading time":"2 minutes"},"schema":{"@context":"https:\/\/schema.org","@graph":[{"@type":"WebPage","@id":"https:\/\/epa.lt\/duk\/kur-priduoti-senas-lempas\/","url":"https:\/\/epa.lt\/duk\/kur-priduoti-senas-lempas\/","name":"Kur priduoti senas lempas? - EPA (Distributors of electronics association)","isPartOf":{"@id":"https:\/\/epa.lt\/#website"},"datePublished":"2023-06-20T07:29:35+00:00","dateModified":"2023-06-26T08:36:30+00:00","description":"Daugiau informacijos apie tai, kur priduoti senas lempas. Su\u017einokite \u010dia!","breadcrumb":{"@id":"https:\/\/epa.lt\/duk\/kur-priduoti-senas-lempas\/#breadcrumb"},"inLanguage":"en-US","potentialAction":[{"@type":"ReadAction","target":["https:\/\/epa.lt\/duk\/kur-priduoti-senas-lempas\/"]}]},{"@type":"BreadcrumbList","@id":"https:\/\/epa.lt\/duk\/kur-priduoti-senas-lempas\/#breadcrumb","itemListElement":[{"@type":"ListItem","position":1,"name":"Home","item":"https:\/\/epa.lt\/"},{"@type":"ListItem","position":2,"name":"Da\u017eniausiai u\u017eduodami klausimai apie elektronikos surinkim\u0105 (DUK)","item":"https:\/\/www.epa.lt\/duk\/"},{"@type":"ListItem","position":3,"name":"Kur priduoti senas lempas?"}]},{"@type":"WebSite","@id":"https:\/\/epa.lt\/#website","url":"https:\/\/epa.lt\/","name":"{:lt}EPA (Elektronikos platintoj\u0173 asociacija){:}{:en}EPA (Distributors of electronics association) {:}","description":"Electronic waste management","publisher":{"@id":"https:\/\/epa.lt\/#organization"},"potentialAction":[{"@type":"SearchAction","target":{"@type":"EntryPoint","urlTemplate":"https:\/\/epa.lt\/?s={search_term_string}"},"query-input":{"@type":"PropertyValueSpecification","valueRequired":true,"valueName":"search_term_string"}}],"inLanguage":"en-US"},{"@type":"Organization","@id":"https:\/\/epa.lt\/#organization","name":"{:lt}EPA (Elektronikos platintoj\u0173 asociacija){:}{:en}EPA (Distributors of electronics association) {:}","url":"https:\/\/epa.lt\/","logo":{"@type":"ImageObject","inLanguage":"en-US","@id":"https:\/\/epa.lt\/#\/schema\/logo\/image\/","url":"https:\/\/www.epa.lt\/wp-content\/uploads\/2018\/04\/EPA_logo_RGB_t_vidus.png","contentUrl":"https:\/\/www.epa.lt\/wp-content\/uploads\/2018\/04\/EPA_logo_RGB_t_vidus.png","width":945,"height":945,"caption":"{:lt}EPA (Elektronikos platintoj\u0173 asociacija){:}{:en}EPA (Distributors of electronics association) {:}"},"image":{"@id":"https:\/\/epa.lt\/#\/schema\/logo\/image\/"},"sameAs":["https:\/\/www.facebook.com\/asociacija.epa"]}]}},"_links":{"self":[{"href":"https:\/\/www.epa.lt\/en\/wp-json\/wp\/v2\/pages\/2361","targetHints":{"allow":["GET"]}}],"collection":[{"href":"https:\/\/www.epa.lt\/en\/wp-json\/wp\/v2\/pages"}],"about":[{"href":"https:\/\/www.epa.lt\/en\/wp-json\/wp\/v2\/types\/page"}],"author":[{"embeddable":true,"href":"https:\/\/www.epa.lt\/en\/wp-json\/wp\/v2\/users\/2"}],"replies":[{"embeddable":true,"href":"https:\/\/www.epa.lt\/en\/wp-json\/wp\/v2\/comments?post=2361"}],"version-history":[{"count":3,"href":"https:\/\/www.epa.lt\/en\/wp-json\/wp\/v2\/pages\/2361\/revisions"}],"predecessor-version":[{"id":2409,"href":"https:\/\/www.epa.lt\/en\/wp-json\/wp\/v2\/pages\/2361\/revisions\/2409"}],"up":[{"embeddable":true,"href":"https:\/\/www.epa.lt\/en\/wp-json\/wp\/v2\/pages\/16"}],"wp:attachment":[{"href":"https:\/\/www.epa.lt\/en\/wp-json\/wp\/v2\/media?parent=2361"}],"curies":[{"name":"wp","href":"https:\/\/api.w.org\/{rel}","templated":true}]}}