{"id":2359,"date":"2023-06-20T10:29:15","date_gmt":"2023-06-20T07:29:15","guid":{"rendered":"https:\/\/www.epa.lt\/?page_id=2359"},"modified":"2025-02-08T11:50:30","modified_gmt":"2025-02-08T08:50:30","slug":"kur-priduoti-sena-elektrine-kaitlente","status":"publish","type":"page","link":"https:\/\/www.epa.lt\/en\/duk\/kur-priduoti-sena-elektrine-kaitlente\/","title":{"rendered":"Kur priduoti sen\u0105 elektrin\u0119 kaitlent\u0119?"},"content":{"rendered":"<p><strong>K\u0105 daryti su nebereikalinga elektrine kaitlente?<\/strong><\/p>\n<p>Tur\u0117ti nam\u0173 \u016bkyje kaitlent\u0119 \u2013 atskir\u0105 ar kaip virykl\u0117s dal\u012f \u2013 yra kiekvieno gyvenamojo b\u016bsto standartas. \u0160iuolaikin\u0117s kaitlent\u0117s da\u017eniausiai did\u017ei\u0105ja dalimi yra ilgaam\u017e\u0117s, ta\u010diau ir jos genda \u2013 sutrinka j\u0173 elektronin\u0117 dalis ar skyla pavir\u0161iaus plok\u0161t\u0117. K\u0105 daryti su tokiu sugedusiu, nebepataisomu daiktu ar sena kaitlente, kurios taisyti neapsimoka? <strong>Kur priduoti elektrin\u0119 kaitlent\u0119?<\/strong><\/p>\n<p><strong>\u00a0<\/strong><\/p>\n<p>Elektrin\u0117s kaitlent\u0117s atlieka priskiriama stambiosios elektronikos atliek\u0173 kategorijai. Vadinasi, j\u0105 tikt\u0173 \u0161alinti, naudojantis \u0161ioms atliekoms skirtu surinkimo tinklu. Galite rinktis special\u0173j\u012f konteiner\u012f, esant\u012f \u0161alia kurio nors prekybos centro ar stambiagabari\u010di\u0173 atliek\u0173 aik\u0161tel\u0117je.<\/p>\n<p>\u0160ioms atliekoms skirt\u0173 viet\u0173 galite ie\u0161koti www.epa.lt svetain\u0117je arba pasinaudoti nemokamo i\u0161ve\u017eimo i\u0161 nam\u0173 paslauga. Gal\u0117tum\u0117te paskambinti telefonu +370 695 55111 arba registruoti i\u0161ve\u017eim\u0105 <a href=\"https:\/\/epa.lt\/nemokamas-buitines-technikos-isvezimas\/\">www.epa.lt<\/a> svetain\u0117je.<\/p>\n","protected":false},"excerpt":{"rendered":"<p>K\u0105 daryti su nebereikalinga elektrine kaitlente? Tur\u0117ti nam\u0173 \u016bkyje kaitlent\u0119 \u2013 atskir\u0105 ar kaip virykl\u0117s dal\u012f \u2013 yra kiekvieno gyvenamojo b\u016bsto standartas. \u0160iuolaikin\u0117s kaitlent\u0117s da\u017eniausiai did\u017ei\u0105ja dalimi yra ilgaam\u017e\u0117s, ta\u010diau ir jos genda \u2013 sutrinka j\u0173 elektronin\u0117 dalis ar skyla pavir\u0161iaus plok\u0161t\u0117. K\u0105 daryti su tokiu sugedusiu, nebepataisomu daiktu ar sena kaitlente, kurios taisyti neapsimoka? [&hellip;]<\/p>\n","protected":false},"author":2,"featured_media":0,"parent":16,"menu_order":0,"comment_status":"closed","ping_status":"closed","template":"","meta":{"_acf_changed":false,"sfsi_plus_gutenberg_text_before_share":"","sfsi_plus_gutenberg_show_text_before_share":"","sfsi_plus_gutenberg_icon_type":"","sfsi_plus_gutenberg_icon_alignemt":"","sfsi_plus_gutenburg_max_per_row":"","footnotes":""},"class_list":["post-2359","page","type-page","status-publish","hentry"],"translation":{"provider":"WPGlobus","version":"3.0.0","language":"en","enabled_languages":["lt","en"],"languages":{"lt":{"title":true,"content":true,"excerpt":false},"en":{"title":false,"content":false,"excerpt":false}}},"acf":[],"yoast_head":"<!-- This site is optimized with the Yoast SEO Premium plugin v25.6 (Yoast SEO v25.6) - https:\/\/yoast.com\/wordpress\/plugins\/seo\/ -->\n<title>Kur priduoti sen\u0105 elektrin\u0119 kaitlent\u0119? - EPA (Distributors of electronics association)<\/title>\n<meta name=\"robots\" content=\"index, follow, max-snippet:-1, max-image-preview:large, max-video-preview:-1\" \/>\n<link rel=\"canonical\" href=\"https:\/\/epa.lt\/duk\/kur-priduoti-sena-elektrine-kaitlente\/\" \/>\n<meta property=\"og:locale\" content=\"en_US\" \/>\n<meta property=\"og:type\" content=\"article\" \/>\n<meta property=\"og:title\" content=\"Kur priduoti sen\u0105 elektrin\u0119 kaitlent\u0119? - EPA (Distributors of electronics association)\" \/>\n<meta property=\"og:url\" content=\"https:\/\/epa.lt\/duk\/kur-priduoti-sena-elektrine-kaitlente\/\" \/>\n<meta property=\"og:site_name\" content=\"EPA (Distributors of electronics association)\" \/>\n<meta property=\"article:publisher\" content=\"https:\/\/www.facebook.com\/asociacija.epa\" \/>\n<meta property=\"article:modified_time\" content=\"2025-02-08T08:50:30+00:00\" \/>\n<meta name=\"twitter:card\" content=\"summary_large_image\" \/>\n<meta name=\"twitter:label1\" content=\"Est. reading time\" \/>\n\t<meta name=\"twitter:data1\" content=\"1 minute\" \/>\n<script type=\"application\/ld+json\" class=\"yoast-schema-graph\">{\"@context\":\"https:\/\/schema.org\",\"@graph\":[{\"@type\":\"WebPage\",\"@id\":\"https:\/\/epa.lt\/duk\/kur-priduoti-sena-elektrine-kaitlente\/\",\"url\":\"https:\/\/epa.lt\/duk\/kur-priduoti-sena-elektrine-kaitlente\/\",\"name\":\"Kur priduoti sen\u0105 elektrin\u0119 kaitlent\u0119? - EPA (Distributors of electronics association)\",\"isPartOf\":{\"@id\":\"https:\/\/epa.lt\/en\/#website\"},\"datePublished\":\"2023-06-20T07:29:15+00:00\",\"dateModified\":\"2025-02-08T08:50:30+00:00\",\"description\":\"Daugiau inrofmacijos apie tai, kur priduoti sen\u0105 elektrin\u0119 kaitlent\u0119 skaitykite \u010dia!\",\"breadcrumb\":{\"@id\":\"https:\/\/epa.lt\/duk\/kur-priduoti-sena-elektrine-kaitlente\/#breadcrumb\"},\"inLanguage\":\"en-US\",\"potentialAction\":[{\"@type\":\"ReadAction\",\"target\":[\"https:\/\/epa.lt\/duk\/kur-priduoti-sena-elektrine-kaitlente\/\"]}]},{\"@type\":\"BreadcrumbList\",\"@id\":\"https:\/\/epa.lt\/duk\/kur-priduoti-sena-elektrine-kaitlente\/#breadcrumb\",\"itemListElement\":[{\"@type\":\"ListItem\",\"position\":1,\"name\":\"Home\",\"item\":\"https:\/\/epa.lt\/en\/\"},{\"@type\":\"ListItem\",\"position\":2,\"name\":\"Da\u017eniausiai u\u017eduodami klausimai apie elektronikos surinkim\u0105 (DUK)\",\"item\":\"https:\/\/epa.lt\/duk\/\"},{\"@type\":\"ListItem\",\"position\":3,\"name\":\"Kur priduoti sen\u0105 elektrin\u0119 kaitlent\u0119?\"}]},{\"@type\":\"WebSite\",\"@id\":\"https:\/\/epa.lt\/en\/#website\",\"url\":\"https:\/\/epa.lt\/en\/\",\"name\":\"{:lt}EPA (Elektronikos platintoj\u0173 asociacija){:}{:en}EPA (Distributors of electronics association) {:}\",\"description\":\"Electronic waste management\",\"publisher\":{\"@id\":\"https:\/\/epa.lt\/en\/#organization\"},\"potentialAction\":[{\"@type\":\"SearchAction\",\"target\":{\"@type\":\"EntryPoint\",\"urlTemplate\":\"https:\/\/epa.lt\/en\/?s={search_term_string}\"},\"query-input\":{\"@type\":\"PropertyValueSpecification\",\"valueRequired\":true,\"valueName\":\"search_term_string\"}}],\"inLanguage\":\"en-US\"},{\"@type\":\"Organization\",\"@id\":\"https:\/\/epa.lt\/en\/#organization\",\"name\":\"{:lt}EPA (Elektronikos platintoj\u0173 asociacija){:}{:en}EPA (Distributors of electronics association) {:}\",\"url\":\"https:\/\/epa.lt\/en\/\",\"logo\":{\"@type\":\"ImageObject\",\"inLanguage\":\"en-US\",\"@id\":\"https:\/\/epa.lt\/en\/#\/schema\/logo\/image\/\",\"url\":\"https:\/\/www.epa.lt\/wp-content\/uploads\/2018\/04\/EPA_logo_RGB_t_vidus.png\",\"contentUrl\":\"https:\/\/www.epa.lt\/wp-content\/uploads\/2018\/04\/EPA_logo_RGB_t_vidus.png\",\"width\":945,\"height\":945,\"caption\":\"{:lt}EPA (Elektronikos platintoj\u0173 asociacija){:}{:en}EPA (Distributors of electronics association) {:}\"},\"image\":{\"@id\":\"https:\/\/epa.lt\/en\/#\/schema\/logo\/image\/\"},\"sameAs\":[\"https:\/\/www.facebook.com\/asociacija.epa\"]}]}<\/script>\n<!-- \/ Yoast SEO Premium plugin. -->","yoast_head_json":{"title":"Kur priduoti sen\u0105 elektrin\u0119 kaitlent\u0119? - EPA (Distributors of electronics association)","robots":{"index":"index","follow":"follow","max-snippet":"max-snippet:-1","max-image-preview":"max-image-preview:large","max-video-preview":"max-video-preview:-1"},"canonical":"https:\/\/epa.lt\/duk\/kur-priduoti-sena-elektrine-kaitlente\/","og_locale":"en_US","og_type":"article","og_title":"Kur priduoti sen\u0105 elektrin\u0119 kaitlent\u0119? - EPA (Distributors of electronics association)","og_url":"https:\/\/epa.lt\/duk\/kur-priduoti-sena-elektrine-kaitlente\/","og_site_name":"EPA (Distributors of electronics association)","article_publisher":"https:\/\/www.facebook.com\/asociacija.epa","article_modified_time":"2025-02-08T08:50:30+00:00","twitter_card":"summary_large_image","twitter_misc":{"Est. reading time":"1 minute"},"schema":{"@context":"https:\/\/schema.org","@graph":[{"@type":"WebPage","@id":"https:\/\/epa.lt\/duk\/kur-priduoti-sena-elektrine-kaitlente\/","url":"https:\/\/epa.lt\/duk\/kur-priduoti-sena-elektrine-kaitlente\/","name":"Kur priduoti sen\u0105 elektrin\u0119 kaitlent\u0119? - EPA (Distributors of electronics association)","isPartOf":{"@id":"https:\/\/epa.lt\/en\/#website"},"datePublished":"2023-06-20T07:29:15+00:00","dateModified":"2025-02-08T08:50:30+00:00","description":"Daugiau inrofmacijos apie tai, kur priduoti sen\u0105 elektrin\u0119 kaitlent\u0119 skaitykite \u010dia!","breadcrumb":{"@id":"https:\/\/epa.lt\/duk\/kur-priduoti-sena-elektrine-kaitlente\/#breadcrumb"},"inLanguage":"en-US","potentialAction":[{"@type":"ReadAction","target":["https:\/\/epa.lt\/duk\/kur-priduoti-sena-elektrine-kaitlente\/"]}]},{"@type":"BreadcrumbList","@id":"https:\/\/epa.lt\/duk\/kur-priduoti-sena-elektrine-kaitlente\/#breadcrumb","itemListElement":[{"@type":"ListItem","position":1,"name":"Home","item":"https:\/\/epa.lt\/en\/"},{"@type":"ListItem","position":2,"name":"Da\u017eniausiai u\u017eduodami klausimai apie elektronikos surinkim\u0105 (DUK)","item":"https:\/\/epa.lt\/duk\/"},{"@type":"ListItem","position":3,"name":"Kur priduoti sen\u0105 elektrin\u0119 kaitlent\u0119?"}]},{"@type":"WebSite","@id":"https:\/\/epa.lt\/en\/#website","url":"https:\/\/epa.lt\/en\/","name":"{:lt}EPA (Elektronikos platintoj\u0173 asociacija){:}{:en}EPA (Distributors of electronics association) {:}","description":"Electronic waste management","publisher":{"@id":"https:\/\/epa.lt\/en\/#organization"},"potentialAction":[{"@type":"SearchAction","target":{"@type":"EntryPoint","urlTemplate":"https:\/\/epa.lt\/en\/?s={search_term_string}"},"query-input":{"@type":"PropertyValueSpecification","valueRequired":true,"valueName":"search_term_string"}}],"inLanguage":"en-US"},{"@type":"Organization","@id":"https:\/\/epa.lt\/en\/#organization","name":"{:lt}EPA (Elektronikos platintoj\u0173 asociacija){:}{:en}EPA (Distributors of electronics association) {:}","url":"https:\/\/epa.lt\/en\/","logo":{"@type":"ImageObject","inLanguage":"en-US","@id":"https:\/\/epa.lt\/en\/#\/schema\/logo\/image\/","url":"https:\/\/www.epa.lt\/wp-content\/uploads\/2018\/04\/EPA_logo_RGB_t_vidus.png","contentUrl":"https:\/\/www.epa.lt\/wp-content\/uploads\/2018\/04\/EPA_logo_RGB_t_vidus.png","width":945,"height":945,"caption":"{:lt}EPA (Elektronikos platintoj\u0173 asociacija){:}{:en}EPA (Distributors of electronics association) {:}"},"image":{"@id":"https:\/\/epa.lt\/en\/#\/schema\/logo\/image\/"},"sameAs":["https:\/\/www.facebook.com\/asociacija.epa"]}]}},"_links":{"self":[{"href":"https:\/\/www.epa.lt\/en\/wp-json\/wp\/v2\/pages\/2359","targetHints":{"allow":["GET"]}}],"collection":[{"href":"https:\/\/www.epa.lt\/en\/wp-json\/wp\/v2\/pages"}],"about":[{"href":"https:\/\/www.epa.lt\/en\/wp-json\/wp\/v2\/types\/page"}],"author":[{"embeddable":true,"href":"https:\/\/www.epa.lt\/en\/wp-json\/wp\/v2\/users\/2"}],"replies":[{"embeddable":true,"href":"https:\/\/www.epa.lt\/en\/wp-json\/wp\/v2\/comments?post=2359"}],"version-history":[{"count":4,"href":"https:\/\/www.epa.lt\/en\/wp-json\/wp\/v2\/pages\/2359\/revisions"}],"predecessor-version":[{"id":3217,"href":"https:\/\/www.epa.lt\/en\/wp-json\/wp\/v2\/pages\/2359\/revisions\/3217"}],"up":[{"embeddable":true,"href":"https:\/\/www.epa.lt\/en\/wp-json\/wp\/v2\/pages\/16"}],"wp:attachment":[{"href":"https:\/\/www.epa.lt\/en\/wp-json\/wp\/v2\/media?parent=2359"}],"curies":[{"name":"wp","href":"https:\/\/api.w.org\/{rel}","templated":true}]}}