{"id":2355,"date":"2023-06-20T10:28:36","date_gmt":"2023-06-20T07:28:36","guid":{"rendered":"https:\/\/www.epa.lt\/?page_id=2355"},"modified":"2023-06-26T11:33:19","modified_gmt":"2023-06-26T08:33:19","slug":"kur-priduoti-sena-akumuliatoriu","status":"publish","type":"page","link":"https:\/\/www.epa.lt\/en\/duk\/kur-priduoti-sena-akumuliatoriu\/","title":{"rendered":"Kur priduoti sen\u0105 akumuliatori\u0173?"},"content":{"rendered":"<p>Akumuliatorius \u2013 naudingas daiktas, arba\u00a0\u012ftaisas, kuriame galime kaupti, o tada panaudoti tam tikros r\u016b\u0161ies energij\u0105. Nors akumuliatori\u0173 b\u016bna labai \u012fvairi\u0173, vis d\u0117lto kasdieniam naudojimui \u2013 automobilyje, darbo ar nam\u0173 \u016bkio reikm\u0117ms \u2013 da\u017eniausiai naudojame elektros energij\u0105 kaupian\u010dius ir j\u0105 atpalaiduojan\u010dius akumuliatorius, kuriuos dar kartais vadiname baterijomis. Kaip pavyzdys \u2013 kompiuteri\u0173, telefon\u0173 ar elektromobili\u0173 baterijos, kurios yra ne kas kita kaip akumuliatoriai.<\/p>\n<p><strong>Akumuliatoriai sensta <\/strong><\/p>\n<p>Daugelis \u0161iuolaikini\u0173 akumuliatori\u0173 ar \u012fkraunam\u0173 baterij\u0173 pasi\u017eymi ilgaam\u017ei\u0161kumu, juos galime s\u0117kmingai naudoti kelet\u0105 met\u0173. Kita vertus, akumuliatori\u0173 talpa ir efektyvumas laikui b\u0117gant ma\u017e\u0117ja. Vien\u0105 dien\u0105 tenka suvokti, kad daiktas nebeu\u017etikrina m\u016bs\u0173 kasdieni\u0173 poreiki\u0173 arba ir apskirtai nustojo veik\u0119s. Tod\u0117l d\u0117sningai keliame klausim\u0105: <strong>kur priduoti sen\u0105 akumuliatori\u0173?<\/strong><\/p>\n<p>Lietuvoje senus akumuliatorius galima priduoti tam skirtuose atliek\u0173 tvarkymo centruose arba specializuotose surinkimo vietose. Elektronikos platintoj\u0173 asociacija (EPA) yra viena toki\u0173 organizacij\u0173 \u0161alyje, kuri organizuoja vis\u0173 tip\u0173 akumuliatori\u0173 atliek\u0173 tvarkym\u0105. Pavyzd\u017eiui, EPA savo tinkle surenka vis\u0173 r\u016b\u0161i\u0173 automobilinius akumuliatorius, \u012ftraukiant, bet neapsiribojant r\u016bg\u0161tiniais akumuliatoriais. Elektros ir elektronikos prietais\u0173 akumuliatoriai ir baterijos taip pat surenkamos EPA tinkle. EPA partneriai, tvarkantys akumuliatori\u0173 ir baterij\u0173 atliekas, taip pat turi galimyb\u0119 perdirbti elektromobili\u0173 ar hibridini\u0173 automobili\u0173 perdirbti, nors toks poreikis Lietuvoje kol kas dar yra labai menkas.<\/p>\n<p>Atsi\u017evelgiant \u012f akumuliatori\u0173 ir baterij\u0173 dyd\u012f, j\u0173 atliekos gali b\u016bti \u0161alinamos smulkiosios ar stambiosios elektronikos atliekoms skirtuose konteineriuose, o stambiagabarites atliekas EPA komanda i\u0161ve\u017ea i\u0161 nam\u0173 nemokamai. Tereikia paskambinti telefonu +370 695 55111 arba registruoti i\u0161ve\u017eim\u0105 <a href=\"https:\/\/www.epa.lt\">www.epa.lt<\/a> svetain\u0117je. Stambagabarit\u0117s elektronikos atliekoms skirt\u0173 konteineri\u0173 viet\u0173 galite ie\u0161koti www.epa.lt svetain\u0117je skelbiamame s\u0105ra\u0161e.<\/p>\n<p><strong>Atsakingai tvarkant \u2013 nauda visiems <\/strong><\/p>\n<p>Atsakingai r\u016b\u0161iuoti ir specializuotame tinkle \u0161alinti vis\u0173 tip\u0173 akumuliatorius yra b\u016btina ir privaloma pagal \u012fstatymus. Viena i\u0161 svarbiausi\u0173 prie\u017eas\u010di\u0173 \u2013 r\u016bpestis aplinkos apsauga. Akumuliatoriai gali b\u016bti kenksmingi aplinkai d\u0117l j\u0173 sud\u0117tyje esan\u010di\u0173 toksi\u0161k\u0173 med\u017eiag\u0173, toki\u0173 kaip \u0161vinas, kadmis. Jei akumuliatoriai ar baterijos tiesiog i\u0161metami \u012f bendruosius komunalini\u0173 atliek\u0173 konteinerius, jie gali patekti \u012f s\u0105vartynus arba deginant atliekas gali i\u0161skirti pavojingus ter\u0161alus \u012f atmosfer\u0105, vanden\u012f ir dirvo\u017eem\u012f. Be to, jei akumuliatoriai patenka \u012f bendruosius ar pakuot\u0117ms skirtus konteinerius, jie gali apsunkinti kit\u0173 atliek\u0173 perdirbim\u0105 ar suma\u017einti j\u0173 perdirbimo galimyb\u0119.<\/p>\n<p>Lietuvos teis\u0117s aktuose numatyta, kad i\u0161mesti juos ne specializuotame tinkle ar kitoms atliekoms skirtame tinkle yra draud\u017eiama. U\u017e neteis\u0117t\u0105 akumuliatori\u0173 \u0161alinim\u0105 Lietuvoje yra numatyta nuo 50 Eur iki 120 Eur bauda.<\/p>\n<p>Svarbi prie\u017eastis atsakingai tvarkyti akumuliatori\u0173 ir baterij\u0173 atliekas yra ta, kad seni akumuliatoriai turi didel\u0119 perdirbimo vert\u0119. Perdirbant juos, galima i\u0161gauti \u012fvairias med\u017eiagas, kurios gali b\u016bti panaudotos nauj\u0173 gamini\u0173 gamyboje. Aplinkai galimai kenksmingos med\u017eiagos gali b\u016bti naudingos, jei akumuliatorius perdirbs \u012fgalioti perdirb\u0117jai.<\/p>\n<p>Perdirbama gali b\u016bti net iki 98 proc. automobili\u0173 akumuliatori\u0173 sudedam\u0173j\u0173 dali\u0173. \u0160iame procese i\u0161gaunamas plastikas, \u0161vinas ir r\u016bg\u0161tis gali b\u016bti panaudoti nauj\u0173 produkt\u0173 gamybai. Ba to, \u0161iuolaikin\u0117s technologijos taip pat \u012fgalina perdirbti li\u010dio jon\u0173 akumuliatori\u0173 ir baterij\u0173 atliekas, atgaunant iki 95 proc. komponent\u0173, kuriuos galima panaudoti pakartotinai. Dalis j\u0173, kaip pavyzd\u017eiui, litis, kobaltas, manganas, nikelis, grafitas, yra ypa\u010d reikalingos elektromobili\u0173 ir \u012fvairi\u0173 prietais\u0173 baterij\u0173 gamybai. Kadangi \u012fvairi\u0173 \u017ealiav\u0173 kainos auga, o \u017dem\u0117s i\u0161tekliai senka, atsakingai \u0161alinti ir perdirbti akumuliatori\u0173 atliekas ir privalu, ir naudinga kiekvienam vartotojui. Juk turb\u016bt visi esame suinteresuoti ir \u0161varia bei tvaria aplinka, ir ma\u017eesn\u0117mis nauj\u0173 gamini\u0173 kainomis.<\/p>\n","protected":false},"excerpt":{"rendered":"<p>Akumuliatorius \u2013 naudingas daiktas, arba\u00a0\u012ftaisas, kuriame galime kaupti, o tada panaudoti tam tikros r\u016b\u0161ies energij\u0105. Nors akumuliatori\u0173 b\u016bna labai \u012fvairi\u0173, vis d\u0117lto kasdieniam naudojimui \u2013 automobilyje, darbo ar nam\u0173 \u016bkio reikm\u0117ms \u2013 da\u017eniausiai naudojame elektros energij\u0105 kaupian\u010dius ir j\u0105 atpalaiduojan\u010dius akumuliatorius, kuriuos dar kartais vadiname baterijomis. Kaip pavyzdys \u2013 kompiuteri\u0173, telefon\u0173 ar elektromobili\u0173 baterijos, kurios [&hellip;]<\/p>\n","protected":false},"author":2,"featured_media":0,"parent":16,"menu_order":0,"comment_status":"closed","ping_status":"closed","template":"","meta":{"_acf_changed":false,"sfsi_plus_gutenberg_text_before_share":"","sfsi_plus_gutenberg_show_text_before_share":"","sfsi_plus_gutenberg_icon_type":"","sfsi_plus_gutenberg_icon_alignemt":"","sfsi_plus_gutenburg_max_per_row":"","footnotes":""},"class_list":["post-2355","page","type-page","status-publish","hentry"],"translation":{"provider":"WPGlobus","version":"3.0.0","language":"en","enabled_languages":["lt","en"],"languages":{"lt":{"title":true,"content":true,"excerpt":false},"en":{"title":false,"content":false,"excerpt":false}}},"acf":[],"yoast_head":"<!-- This site is optimized with the Yoast SEO Premium plugin v25.6 (Yoast SEO v25.6) - https:\/\/yoast.com\/wordpress\/plugins\/seo\/ -->\n<title>Kur priduoti sen\u0105 akumuliatori\u0173? - EPA (Distributors of electronics association)<\/title>\n<meta name=\"robots\" content=\"index, follow, max-snippet:-1, max-image-preview:large, max-video-preview:-1\" \/>\n<link rel=\"canonical\" href=\"https:\/\/www.epa.lt\/en\/duk\/kur-priduoti-sena-akumuliatoriu\/\" \/>\n<meta property=\"og:locale\" content=\"en_US\" \/>\n<meta property=\"og:type\" content=\"article\" \/>\n<meta property=\"og:title\" content=\"Kur priduoti sen\u0105 akumuliatori\u0173? - EPA (Distributors of electronics association)\" \/>\n<meta property=\"og:url\" content=\"https:\/\/www.epa.lt\/en\/duk\/kur-priduoti-sena-akumuliatoriu\/\" \/>\n<meta property=\"og:site_name\" content=\"EPA (Distributors of electronics association)\" \/>\n<meta property=\"article:publisher\" content=\"https:\/\/www.facebook.com\/asociacija.epa\" \/>\n<meta property=\"article:modified_time\" content=\"2023-06-26T08:33:19+00:00\" \/>\n<meta name=\"twitter:card\" content=\"summary_large_image\" \/>\n<meta name=\"twitter:label1\" content=\"Est. reading time\" \/>\n\t<meta name=\"twitter:data1\" content=\"3 minutes\" \/>\n<script type=\"application\/ld+json\" class=\"yoast-schema-graph\">{\"@context\":\"https:\/\/schema.org\",\"@graph\":[{\"@type\":\"WebPage\",\"@id\":\"https:\/\/www.epa.lt\/en\/duk\/kur-priduoti-sena-akumuliatoriu\/\",\"url\":\"https:\/\/www.epa.lt\/en\/duk\/kur-priduoti-sena-akumuliatoriu\/\",\"name\":\"Kur priduoti sen\u0105 akumuliatori\u0173? - EPA (Distributors of electronics association)\",\"isPartOf\":{\"@id\":\"https:\/\/www.epa.lt\/#website\"},\"datePublished\":\"2023-06-20T07:28:36+00:00\",\"dateModified\":\"2023-06-26T08:33:19+00:00\",\"description\":\"Daugiau informacijos apie tai, kur priduoti sen\u0105 akumuliatori\u0173 skaitykite \u010dia!\",\"breadcrumb\":{\"@id\":\"https:\/\/www.epa.lt\/en\/duk\/kur-priduoti-sena-akumuliatoriu\/#breadcrumb\"},\"inLanguage\":\"en-US\",\"potentialAction\":[{\"@type\":\"ReadAction\",\"target\":[\"https:\/\/www.epa.lt\/en\/duk\/kur-priduoti-sena-akumuliatoriu\/\"]}]},{\"@type\":\"BreadcrumbList\",\"@id\":\"https:\/\/www.epa.lt\/en\/duk\/kur-priduoti-sena-akumuliatoriu\/#breadcrumb\",\"itemListElement\":[{\"@type\":\"ListItem\",\"position\":1,\"name\":\"Home\",\"item\":\"https:\/\/www.epa.lt\/\"},{\"@type\":\"ListItem\",\"position\":2,\"name\":\"Da\u017eniausiai u\u017eduodami klausimai apie elektronikos surinkim\u0105 (DUK)\",\"item\":\"https:\/\/www.epa.lt\/en\/duk\/\"},{\"@type\":\"ListItem\",\"position\":3,\"name\":\"Kur priduoti sen\u0105 akumuliatori\u0173?\"}]},{\"@type\":\"WebSite\",\"@id\":\"https:\/\/www.epa.lt\/#website\",\"url\":\"https:\/\/www.epa.lt\/\",\"name\":\"{:lt}EPA (Elektronikos platintoj\u0173 asociacija){:}{:en}EPA (Distributors of electronics association) {:}\",\"description\":\"Electronic waste management\",\"publisher\":{\"@id\":\"https:\/\/www.epa.lt\/#organization\"},\"potentialAction\":[{\"@type\":\"SearchAction\",\"target\":{\"@type\":\"EntryPoint\",\"urlTemplate\":\"https:\/\/www.epa.lt\/?s={search_term_string}\"},\"query-input\":{\"@type\":\"PropertyValueSpecification\",\"valueRequired\":true,\"valueName\":\"search_term_string\"}}],\"inLanguage\":\"en-US\"},{\"@type\":\"Organization\",\"@id\":\"https:\/\/www.epa.lt\/#organization\",\"name\":\"{:lt}EPA (Elektronikos platintoj\u0173 asociacija){:}{:en}EPA (Distributors of electronics association) {:}\",\"url\":\"https:\/\/www.epa.lt\/\",\"logo\":{\"@type\":\"ImageObject\",\"inLanguage\":\"en-US\",\"@id\":\"https:\/\/www.epa.lt\/#\/schema\/logo\/image\/\",\"url\":\"https:\/\/www.epa.lt\/wp-content\/uploads\/2018\/04\/EPA_logo_RGB_t_vidus.png\",\"contentUrl\":\"https:\/\/www.epa.lt\/wp-content\/uploads\/2018\/04\/EPA_logo_RGB_t_vidus.png\",\"width\":945,\"height\":945,\"caption\":\"{:lt}EPA (Elektronikos platintoj\u0173 asociacija){:}{:en}EPA (Distributors of electronics association) {:}\"},\"image\":{\"@id\":\"https:\/\/www.epa.lt\/#\/schema\/logo\/image\/\"},\"sameAs\":[\"https:\/\/www.facebook.com\/asociacija.epa\"]}]}<\/script>\n<!-- \/ Yoast SEO Premium plugin. -->","yoast_head_json":{"title":"Kur priduoti sen\u0105 akumuliatori\u0173? - EPA (Distributors of electronics association)","robots":{"index":"index","follow":"follow","max-snippet":"max-snippet:-1","max-image-preview":"max-image-preview:large","max-video-preview":"max-video-preview:-1"},"canonical":"https:\/\/www.epa.lt\/en\/duk\/kur-priduoti-sena-akumuliatoriu\/","og_locale":"en_US","og_type":"article","og_title":"Kur priduoti sen\u0105 akumuliatori\u0173? - EPA (Distributors of electronics association)","og_url":"https:\/\/www.epa.lt\/en\/duk\/kur-priduoti-sena-akumuliatoriu\/","og_site_name":"EPA (Distributors of electronics association)","article_publisher":"https:\/\/www.facebook.com\/asociacija.epa","article_modified_time":"2023-06-26T08:33:19+00:00","twitter_card":"summary_large_image","twitter_misc":{"Est. reading time":"3 minutes"},"schema":{"@context":"https:\/\/schema.org","@graph":[{"@type":"WebPage","@id":"https:\/\/www.epa.lt\/en\/duk\/kur-priduoti-sena-akumuliatoriu\/","url":"https:\/\/www.epa.lt\/en\/duk\/kur-priduoti-sena-akumuliatoriu\/","name":"Kur priduoti sen\u0105 akumuliatori\u0173? - EPA (Distributors of electronics association)","isPartOf":{"@id":"https:\/\/www.epa.lt\/#website"},"datePublished":"2023-06-20T07:28:36+00:00","dateModified":"2023-06-26T08:33:19+00:00","description":"Daugiau informacijos apie tai, kur priduoti sen\u0105 akumuliatori\u0173 skaitykite \u010dia!","breadcrumb":{"@id":"https:\/\/www.epa.lt\/en\/duk\/kur-priduoti-sena-akumuliatoriu\/#breadcrumb"},"inLanguage":"en-US","potentialAction":[{"@type":"ReadAction","target":["https:\/\/www.epa.lt\/en\/duk\/kur-priduoti-sena-akumuliatoriu\/"]}]},{"@type":"BreadcrumbList","@id":"https:\/\/www.epa.lt\/en\/duk\/kur-priduoti-sena-akumuliatoriu\/#breadcrumb","itemListElement":[{"@type":"ListItem","position":1,"name":"Home","item":"https:\/\/www.epa.lt\/"},{"@type":"ListItem","position":2,"name":"Da\u017eniausiai u\u017eduodami klausimai apie elektronikos surinkim\u0105 (DUK)","item":"https:\/\/www.epa.lt\/en\/duk\/"},{"@type":"ListItem","position":3,"name":"Kur priduoti sen\u0105 akumuliatori\u0173?"}]},{"@type":"WebSite","@id":"https:\/\/www.epa.lt\/#website","url":"https:\/\/www.epa.lt\/","name":"{:lt}EPA (Elektronikos platintoj\u0173 asociacija){:}{:en}EPA (Distributors of electronics association) {:}","description":"Electronic waste management","publisher":{"@id":"https:\/\/www.epa.lt\/#organization"},"potentialAction":[{"@type":"SearchAction","target":{"@type":"EntryPoint","urlTemplate":"https:\/\/www.epa.lt\/?s={search_term_string}"},"query-input":{"@type":"PropertyValueSpecification","valueRequired":true,"valueName":"search_term_string"}}],"inLanguage":"en-US"},{"@type":"Organization","@id":"https:\/\/www.epa.lt\/#organization","name":"{:lt}EPA (Elektronikos platintoj\u0173 asociacija){:}{:en}EPA (Distributors of electronics association) {:}","url":"https:\/\/www.epa.lt\/","logo":{"@type":"ImageObject","inLanguage":"en-US","@id":"https:\/\/www.epa.lt\/#\/schema\/logo\/image\/","url":"https:\/\/www.epa.lt\/wp-content\/uploads\/2018\/04\/EPA_logo_RGB_t_vidus.png","contentUrl":"https:\/\/www.epa.lt\/wp-content\/uploads\/2018\/04\/EPA_logo_RGB_t_vidus.png","width":945,"height":945,"caption":"{:lt}EPA (Elektronikos platintoj\u0173 asociacija){:}{:en}EPA (Distributors of electronics association) {:}"},"image":{"@id":"https:\/\/www.epa.lt\/#\/schema\/logo\/image\/"},"sameAs":["https:\/\/www.facebook.com\/asociacija.epa"]}]}},"_links":{"self":[{"href":"https:\/\/www.epa.lt\/en\/wp-json\/wp\/v2\/pages\/2355","targetHints":{"allow":["GET"]}}],"collection":[{"href":"https:\/\/www.epa.lt\/en\/wp-json\/wp\/v2\/pages"}],"about":[{"href":"https:\/\/www.epa.lt\/en\/wp-json\/wp\/v2\/types\/page"}],"author":[{"embeddable":true,"href":"https:\/\/www.epa.lt\/en\/wp-json\/wp\/v2\/users\/2"}],"replies":[{"embeddable":true,"href":"https:\/\/www.epa.lt\/en\/wp-json\/wp\/v2\/comments?post=2355"}],"version-history":[{"count":4,"href":"https:\/\/www.epa.lt\/en\/wp-json\/wp\/v2\/pages\/2355\/revisions"}],"predecessor-version":[{"id":3218,"href":"https:\/\/www.epa.lt\/en\/wp-json\/wp\/v2\/pages\/2355\/revisions\/3218"}],"up":[{"embeddable":true,"href":"https:\/\/www.epa.lt\/en\/wp-json\/wp\/v2\/pages\/16"}],"wp:attachment":[{"href":"https:\/\/www.epa.lt\/en\/wp-json\/wp\/v2\/media?parent=2355"}],"curies":[{"name":"wp","href":"https:\/\/api.w.org\/{rel}","templated":true}]}}