{"id":2353,"date":"2023-06-20T10:28:16","date_gmt":"2023-06-20T07:28:16","guid":{"rendered":"https:\/\/www.epa.lt\/?page_id=2353"},"modified":"2023-06-26T11:32:16","modified_gmt":"2023-06-26T08:32:16","slug":"kur-priduoti-sena-katila","status":"publish","type":"page","link":"https:\/\/www.epa.lt\/en\/duk\/kur-priduoti-sena-katila\/","title":{"rendered":"Kur priduoti sen\u0105 katil\u0105?"},"content":{"rendered":"<p>Jeigu reik\u0117t\u0173 \u012fvardinti, kuri savyb\u0117 yra b\u016bdinga visiems \u0161iuolaikiniams \u0161ildymo katilams, tai neabejotinai b\u016bt\u0173 elektronikos dalis. Beveik visi pastaruoju metu gaminami katilai \u2013 dujiniai, elektriniai, kieto kuro, granuliniai, biomas\u0117s \u2013 ne tik veikia, naudodami elektros energij\u0105, bet ir turi reguliavimo sistem\u0105, padedan\u010di\u0105 pasirinkti tinkam\u0105 veiklos re\u017eim\u0105. Ne vienas toks katilas dar turi ir galimyb\u0119 b\u016bti valdomas nuotoliniu b\u016bdu \u2013 tam irgi naudojamos elektronikos technologijos.<\/p>\n<p>Atsakius \u012f klausim\u0105, ar \u0161ildymo katilas turi elektrin\u0119 arba elektronin\u0119 dal\u012f, bus nesunku atsakyti ir \u012f klausim\u0105 \u201e<strong>Kur priduoti sen\u0105 katil\u0105?<\/strong>\u201c Jei tik jo veiklai reikalinga elektra, tokio \u012frenginio atlieka priskiriama elektros ir elektronikos atliek\u0173 kategorijai. Svarbu pa\u017eym\u0117ti, kad tai yra visi\u0161kai atskira atliek\u0173 r\u016b\u0161is, kuri nepriskiriama nei komunalin\u0117ms, nei metalo, nei plastiko atliekoms. Tik patekusios \u012f legali\u0105 elektronikos atliek\u0173 surinkimo sistem\u0105 tokios atliekos bus tinkamai sutvarkytos, i\u0161 j\u0173 i\u0161gautos visos \u012fmanomos med\u017eiagos, kurios bus panaudotos naujiems produktams gaminti.<\/p>\n<p>Elektronikos platintoj\u0173 asociacija (EPA) turi gerai i\u0161vystyt\u0105 elektronikos atliek\u0173 surinkimo tinkl\u0105. Kadangi senas katilas yra stambi atlieka, j\u012f b\u016bt\u0173 galima i\u0161mesti \u012f special\u0173j\u012f konteiner\u012f, esant\u012f \u0161alia kurio nors prekybos centro ar stambiagabari\u010di\u0173 atliek\u0173 aik\u0161tel\u0117je. Stambagabarit\u0117s elektronikos atliekoms skirt\u0173 konteineri\u0173 viet\u0173 galite ie\u0161koti www.epa.lt svetain\u0117je skelbiamame s\u0105ra\u0161e arba pasinaudoti nemokamo i\u0161ve\u017eimo i\u0161 nam\u0173 paslauga. Tam tereik\u0117t\u0173 paskambinti telefonu +370 695 55111 arba registruoti i\u0161ve\u017eim\u0105 <a href=\"https:\/\/www.epa.lt\">www.epa.lt<\/a> svetain\u0117je.<\/p>\n<p>Vis d\u0117lto iki sprendimo i\u0161mesti rekomenduotume pasvarstyti, ar senas jums nebereikalingas katilas yra visi\u0161kai bevertis, o gal gal\u0117t\u0173 praversti jums patiems ar kitiems. EPA kvie\u010dia vadovautis taisykle: jei taisymas nevir\u0161ija 50 proc. naujo daikto kainos, rinkit\u0117s taisyti. Jei vis d\u0117lto nutar\u0117te su daiktu atsisveikinti, pabandykite j\u012f parduoti arba padovanoti. Kuo ilgesnis kiekvieno daikto naudojimo ciklas, tuo ma\u017eiau elektronikos atliek\u0173 susidarys \u2013 vadinasi, gyvensime tvariau ir \u0161variau, d\u0117l to d\u017eiaugsis gamta ir mes patys.<\/p>\n<p>Atkreipiame d\u0117mes\u012f, kad kartais pasitaiko skelbim\u0173 apie elektronikos atliek\u0173 i\u0161ve\u017eim\u0105 i\u0161 nam\u0173 \u2013 nenurodant nei \u012fmon\u0117s pavadinimo, nei jos adreso, juolab \u2013 interneto svetain\u0117s ir elektroninio pa\u0161to. U\u017e tokio skelbimo gali sl\u0117ptis nelegal\u016bs ve\u017e\u0117jai ir perdirb\u0117jai. Jie i\u0161 elektronikos atliek\u0173 paima tik vertingiausias dalis, o visa kita atsiduria s\u0105vartynuose, neretai ir nelegaliuose. Vienas i\u0161 saugikli\u0173 \u2013 paklausti toki\u0173 ve\u017e\u0117j\u0173, ar turi tokios veiklos licencij\u0105 ir parodyti atitinkam\u0105 dokument\u0105. B\u016bkime budr\u016bs ir atsakingi \u2013 saugokime gamt\u0105, planet\u0105 ir save pa\u010dius!<\/p>\n","protected":false},"excerpt":{"rendered":"<p>Jeigu reik\u0117t\u0173 \u012fvardinti, kuri savyb\u0117 yra b\u016bdinga visiems \u0161iuolaikiniams \u0161ildymo katilams, tai neabejotinai b\u016bt\u0173 elektronikos dalis. Beveik visi pastaruoju metu gaminami katilai \u2013 dujiniai, elektriniai, kieto kuro, granuliniai, biomas\u0117s \u2013 ne tik veikia, naudodami elektros energij\u0105, bet ir turi reguliavimo sistem\u0105, padedan\u010di\u0105 pasirinkti tinkam\u0105 veiklos re\u017eim\u0105. Ne vienas toks katilas dar turi ir galimyb\u0119 b\u016bti [&hellip;]<\/p>\n","protected":false},"author":2,"featured_media":0,"parent":16,"menu_order":0,"comment_status":"closed","ping_status":"closed","template":"","meta":{"_acf_changed":false,"sfsi_plus_gutenberg_text_before_share":"","sfsi_plus_gutenberg_show_text_before_share":"","sfsi_plus_gutenberg_icon_type":"","sfsi_plus_gutenberg_icon_alignemt":"","sfsi_plus_gutenburg_max_per_row":"","footnotes":""},"class_list":["post-2353","page","type-page","status-publish","hentry"],"translation":{"provider":"WPGlobus","version":"3.0.0","language":"en","enabled_languages":["lt","en"],"languages":{"lt":{"title":true,"content":true,"excerpt":false},"en":{"title":false,"content":false,"excerpt":false}}},"acf":[],"yoast_head":"<!-- This site is optimized with the Yoast SEO Premium plugin v25.6 (Yoast SEO v25.6) - https:\/\/yoast.com\/wordpress\/plugins\/seo\/ -->\n<title>Kur priduoti sen\u0105 katil\u0105? - EPA (Distributors of electronics association)<\/title>\n<meta name=\"robots\" content=\"index, follow, max-snippet:-1, max-image-preview:large, max-video-preview:-1\" \/>\n<link rel=\"canonical\" href=\"https:\/\/www.epa.lt\/duk\/kur-priduoti-sena-katila\/\" \/>\n<meta property=\"og:locale\" content=\"en_US\" \/>\n<meta property=\"og:type\" content=\"article\" \/>\n<meta property=\"og:title\" content=\"Kur priduoti sen\u0105 katil\u0105? - EPA (Distributors of electronics association)\" \/>\n<meta property=\"og:url\" content=\"https:\/\/www.epa.lt\/duk\/kur-priduoti-sena-katila\/\" \/>\n<meta property=\"og:site_name\" content=\"EPA (Distributors of electronics association)\" \/>\n<meta property=\"article:publisher\" content=\"https:\/\/www.facebook.com\/asociacija.epa\" \/>\n<meta property=\"article:modified_time\" content=\"2023-06-26T08:32:16+00:00\" \/>\n<meta name=\"twitter:card\" content=\"summary_large_image\" \/>\n<meta name=\"twitter:label1\" content=\"Est. reading time\" \/>\n\t<meta name=\"twitter:data1\" content=\"2 minutes\" \/>\n<script type=\"application\/ld+json\" class=\"yoast-schema-graph\">{\"@context\":\"https:\/\/schema.org\",\"@graph\":[{\"@type\":\"WebPage\",\"@id\":\"https:\/\/www.epa.lt\/duk\/kur-priduoti-sena-katila\/\",\"url\":\"https:\/\/www.epa.lt\/duk\/kur-priduoti-sena-katila\/\",\"name\":\"Kur priduoti sen\u0105 katil\u0105? - EPA (Distributors of electronics association)\",\"isPartOf\":{\"@id\":\"https:\/\/epa.lt\/#website\"},\"datePublished\":\"2023-06-20T07:28:16+00:00\",\"dateModified\":\"2023-06-26T08:32:16+00:00\",\"description\":\"Daugiau informacijos apie tai, kur priduoti sen\u0105 katil\u0105 skaitykite \u010dia!\",\"breadcrumb\":{\"@id\":\"https:\/\/www.epa.lt\/duk\/kur-priduoti-sena-katila\/#breadcrumb\"},\"inLanguage\":\"en-US\",\"potentialAction\":[{\"@type\":\"ReadAction\",\"target\":[\"https:\/\/www.epa.lt\/duk\/kur-priduoti-sena-katila\/\"]}]},{\"@type\":\"BreadcrumbList\",\"@id\":\"https:\/\/www.epa.lt\/duk\/kur-priduoti-sena-katila\/#breadcrumb\",\"itemListElement\":[{\"@type\":\"ListItem\",\"position\":1,\"name\":\"Home\",\"item\":\"https:\/\/epa.lt\/\"},{\"@type\":\"ListItem\",\"position\":2,\"name\":\"Da\u017eniausiai u\u017eduodami klausimai apie elektronikos surinkim\u0105 (DUK)\",\"item\":\"https:\/\/www.epa.lt\/duk\/\"},{\"@type\":\"ListItem\",\"position\":3,\"name\":\"Kur priduoti sen\u0105 katil\u0105?\"}]},{\"@type\":\"WebSite\",\"@id\":\"https:\/\/epa.lt\/#website\",\"url\":\"https:\/\/epa.lt\/\",\"name\":\"{:lt}EPA (Elektronikos platintoj\u0173 asociacija){:}{:en}EPA (Distributors of electronics association) {:}\",\"description\":\"Electronic waste management\",\"publisher\":{\"@id\":\"https:\/\/epa.lt\/#organization\"},\"potentialAction\":[{\"@type\":\"SearchAction\",\"target\":{\"@type\":\"EntryPoint\",\"urlTemplate\":\"https:\/\/epa.lt\/?s={search_term_string}\"},\"query-input\":{\"@type\":\"PropertyValueSpecification\",\"valueRequired\":true,\"valueName\":\"search_term_string\"}}],\"inLanguage\":\"en-US\"},{\"@type\":\"Organization\",\"@id\":\"https:\/\/epa.lt\/#organization\",\"name\":\"{:lt}EPA (Elektronikos platintoj\u0173 asociacija){:}{:en}EPA (Distributors of electronics association) {:}\",\"url\":\"https:\/\/epa.lt\/\",\"logo\":{\"@type\":\"ImageObject\",\"inLanguage\":\"en-US\",\"@id\":\"https:\/\/epa.lt\/#\/schema\/logo\/image\/\",\"url\":\"https:\/\/www.epa.lt\/wp-content\/uploads\/2018\/04\/EPA_logo_RGB_t_vidus.png\",\"contentUrl\":\"https:\/\/www.epa.lt\/wp-content\/uploads\/2018\/04\/EPA_logo_RGB_t_vidus.png\",\"width\":945,\"height\":945,\"caption\":\"{:lt}EPA (Elektronikos platintoj\u0173 asociacija){:}{:en}EPA (Distributors of electronics association) {:}\"},\"image\":{\"@id\":\"https:\/\/epa.lt\/#\/schema\/logo\/image\/\"},\"sameAs\":[\"https:\/\/www.facebook.com\/asociacija.epa\"]}]}<\/script>\n<!-- \/ Yoast SEO Premium plugin. -->","yoast_head_json":{"title":"Kur priduoti sen\u0105 katil\u0105? - EPA (Distributors of electronics association)","robots":{"index":"index","follow":"follow","max-snippet":"max-snippet:-1","max-image-preview":"max-image-preview:large","max-video-preview":"max-video-preview:-1"},"canonical":"https:\/\/www.epa.lt\/duk\/kur-priduoti-sena-katila\/","og_locale":"en_US","og_type":"article","og_title":"Kur priduoti sen\u0105 katil\u0105? - EPA (Distributors of electronics association)","og_url":"https:\/\/www.epa.lt\/duk\/kur-priduoti-sena-katila\/","og_site_name":"EPA (Distributors of electronics association)","article_publisher":"https:\/\/www.facebook.com\/asociacija.epa","article_modified_time":"2023-06-26T08:32:16+00:00","twitter_card":"summary_large_image","twitter_misc":{"Est. reading time":"2 minutes"},"schema":{"@context":"https:\/\/schema.org","@graph":[{"@type":"WebPage","@id":"https:\/\/www.epa.lt\/duk\/kur-priduoti-sena-katila\/","url":"https:\/\/www.epa.lt\/duk\/kur-priduoti-sena-katila\/","name":"Kur priduoti sen\u0105 katil\u0105? - EPA (Distributors of electronics association)","isPartOf":{"@id":"https:\/\/epa.lt\/#website"},"datePublished":"2023-06-20T07:28:16+00:00","dateModified":"2023-06-26T08:32:16+00:00","description":"Daugiau informacijos apie tai, kur priduoti sen\u0105 katil\u0105 skaitykite \u010dia!","breadcrumb":{"@id":"https:\/\/www.epa.lt\/duk\/kur-priduoti-sena-katila\/#breadcrumb"},"inLanguage":"en-US","potentialAction":[{"@type":"ReadAction","target":["https:\/\/www.epa.lt\/duk\/kur-priduoti-sena-katila\/"]}]},{"@type":"BreadcrumbList","@id":"https:\/\/www.epa.lt\/duk\/kur-priduoti-sena-katila\/#breadcrumb","itemListElement":[{"@type":"ListItem","position":1,"name":"Home","item":"https:\/\/epa.lt\/"},{"@type":"ListItem","position":2,"name":"Da\u017eniausiai u\u017eduodami klausimai apie elektronikos surinkim\u0105 (DUK)","item":"https:\/\/www.epa.lt\/duk\/"},{"@type":"ListItem","position":3,"name":"Kur priduoti sen\u0105 katil\u0105?"}]},{"@type":"WebSite","@id":"https:\/\/epa.lt\/#website","url":"https:\/\/epa.lt\/","name":"{:lt}EPA (Elektronikos platintoj\u0173 asociacija){:}{:en}EPA (Distributors of electronics association) {:}","description":"Electronic waste management","publisher":{"@id":"https:\/\/epa.lt\/#organization"},"potentialAction":[{"@type":"SearchAction","target":{"@type":"EntryPoint","urlTemplate":"https:\/\/epa.lt\/?s={search_term_string}"},"query-input":{"@type":"PropertyValueSpecification","valueRequired":true,"valueName":"search_term_string"}}],"inLanguage":"en-US"},{"@type":"Organization","@id":"https:\/\/epa.lt\/#organization","name":"{:lt}EPA (Elektronikos platintoj\u0173 asociacija){:}{:en}EPA (Distributors of electronics association) {:}","url":"https:\/\/epa.lt\/","logo":{"@type":"ImageObject","inLanguage":"en-US","@id":"https:\/\/epa.lt\/#\/schema\/logo\/image\/","url":"https:\/\/www.epa.lt\/wp-content\/uploads\/2018\/04\/EPA_logo_RGB_t_vidus.png","contentUrl":"https:\/\/www.epa.lt\/wp-content\/uploads\/2018\/04\/EPA_logo_RGB_t_vidus.png","width":945,"height":945,"caption":"{:lt}EPA (Elektronikos platintoj\u0173 asociacija){:}{:en}EPA (Distributors of electronics association) {:}"},"image":{"@id":"https:\/\/epa.lt\/#\/schema\/logo\/image\/"},"sameAs":["https:\/\/www.facebook.com\/asociacija.epa"]}]}},"_links":{"self":[{"href":"https:\/\/www.epa.lt\/en\/wp-json\/wp\/v2\/pages\/2353","targetHints":{"allow":["GET"]}}],"collection":[{"href":"https:\/\/www.epa.lt\/en\/wp-json\/wp\/v2\/pages"}],"about":[{"href":"https:\/\/www.epa.lt\/en\/wp-json\/wp\/v2\/types\/page"}],"author":[{"embeddable":true,"href":"https:\/\/www.epa.lt\/en\/wp-json\/wp\/v2\/users\/2"}],"replies":[{"embeddable":true,"href":"https:\/\/www.epa.lt\/en\/wp-json\/wp\/v2\/comments?post=2353"}],"version-history":[{"count":3,"href":"https:\/\/www.epa.lt\/en\/wp-json\/wp\/v2\/pages\/2353\/revisions"}],"predecessor-version":[{"id":2436,"href":"https:\/\/www.epa.lt\/en\/wp-json\/wp\/v2\/pages\/2353\/revisions\/2436"}],"up":[{"embeddable":true,"href":"https:\/\/www.epa.lt\/en\/wp-json\/wp\/v2\/pages\/16"}],"wp:attachment":[{"href":"https:\/\/www.epa.lt\/en\/wp-json\/wp\/v2\/media?parent=2353"}],"curies":[{"name":"wp","href":"https:\/\/api.w.org\/{rel}","templated":true}]}}