{"id":2351,"date":"2023-06-20T10:28:00","date_gmt":"2023-06-20T07:28:00","guid":{"rendered":"https:\/\/www.epa.lt\/?page_id=2351"},"modified":"2025-02-08T11:50:46","modified_gmt":"2025-02-08T08:50:46","slug":"kur-priduoti-sena-elektrine-virykle","status":"publish","type":"page","link":"https:\/\/www.epa.lt\/en\/duk\/kur-priduoti-sena-elektrine-virykle\/","title":{"rendered":"Kur priduoti sen\u0105 elektrin\u0119 virykl\u0119?"},"content":{"rendered":"<p>Elektrin\u0117s virykl\u0117s daugelio namuose tapo daiktu, be kurio nebei\u0161siver\u010diama. Be to, \u0161i\u0173 prietais\u0173 modeliai tobulinami, diegiamos naujos technologijos, patog\u016bs f unkcionalumai. Naujausi i\u0161 j\u0173, pavyzd\u017eiui, su indukcin\u0117mis kaitlent\u0117mis, padeda taupyti elektros energij\u0105. Na, o jei senoji elektrin\u0117 pradeda gesti, daugelis svarsto galimyb\u0119 pakeisti ja nauja. Tik k\u0105 daryti su sen\u0105ja virykl\u0119 arba <strong>kur priduoti elektrin\u0119 virykl\u0119? <\/strong>Arba: <strong>kur priduoti elektrin\u0119 kaitlent\u0119 <\/strong>ar elektrin\u0119 orkait\u0119?<\/p>\n<ol>\n<li><strong>Vartokite atsakingai.<\/strong> Atsakingas vartojimas apima atid\u0173 prietaiso rinkim\u0105si nusprendus \u012fsigyti, naudojimo instrukcij\u0173 laikym\u0105si, prie\u017ei\u016br\u0105 bei taisym\u0105. Jei j\u016bs\u0173 elektrin\u0117 virykl\u0117 turi remonto galimybi\u0173 ir nebedirba d\u0117l ma\u017eo gedimo, galite apsvarstyti galimyb\u0119 jos pataisyti. Rekomenduojama taisyti, jei remonto kaina nevir\u0161ija 50 proc. naujo prietaiso kainos. Taisykite \u2013 tai pad\u0117s i\u0161vengti atliek\u0173 generavimo ir prat\u0119sia \u012frenginio gyvenimo cikl\u0105.<\/li>\n<li><strong>Perduokite \u012f antr\u0105sias rankas.<\/strong> Jei j\u016bs\u0173 sena elektrin\u0117 virykl\u0117 dar veikia tinkamai, galite apsvarstyti galimyb\u0119 j\u0105 parduoti ar padovanoti. Pavyzd\u017eiui, pasinaudoj\u0119 skelbim\u0173 platforma internete, galite prietais\u0105 parduoti, mainytis arba perduoti j\u0105 draugams ar \u0161eimos nariams, kurie j\u0105 gali naudoti toliau. Be to, galite susisiekti su \u012fvairiomis labdaros organizacijomis, kurios pasir\u016bpins, kad veikiantis daiktas pasiekt\u0173 t\u0105, kuriam to labiausiai reikia.<\/li>\n<li><strong>Pasinaudokite EPA elektronikos atliek\u0173 surinkimo tinklu.<\/strong> Kiekvienas naudojamas elektronikos \u012frenginys turi savo ribot\u0105 gyvavimo cikl\u0105. Teisingai tvarkant elektronikos atliekas, suteikiama galimyb\u0117 perdirbti. EPA organizuoja nemokam\u0105 elektronikos prietais\u0173 atliek\u0173 surinkim\u0105 tam skirtose vietose. Stambiagabarit\u0117s elektronikos atliekoms skirtus konteinerius galite rasti \u0161alia prekybos centr\u0173 ar stambiagabari\u010di\u0173 atliek\u0173 surinkimo aik\u0161tel\u0117se. Jau daugiau kaip 10 met\u0173 EPA teikia elektronikos atliek\u0173 nemokamo i\u0161ve\u017eimo i\u0161 nam\u0173 paslaugas, tai leid\u017eia patogiai atsikratyti senos elektrin\u0117s virykl\u0117s. Specializuot\u0173 konteineri\u0173 viet\u0173 galite ie\u0161koti www.epa.lt svetain\u0117je esan\u010diame s\u0105ra\u0161e, paskambinti telefonu +370 695 55111 arba registruoti i\u0161ve\u017eim\u0105 <a href=\"https:\/\/epa.lt\/nemokamas-buitines-technikos-isvezimas\/\">epa.lt<\/a> svetain\u0117je.<\/li>\n<\/ol>\n<p>Elektrin\u0117s kaitlent\u0117s, orkait\u0117s ir dujin\u0117s virykl\u0117s su elektrine orkait\u0117 yra elektronikos \u012frenginiai, tod\u0117l j\u0173 atliekos klasifikuojamos kaip elektronikos atliekos. Tai rei\u0161kia, kad jiems taikomos analogi\u0161kos tvarkymo taisykl\u0117s ir normos, kaip kitai elektronikos \u012frangai.<\/p>\n<p>Tinkamai tvarkyti elektronikos atliekas svarbu d\u0117l keli\u0173 prie\u017eas\u010di\u0173. Netinkamai tvarkomos elektronikos atliekos gali tur\u0117ti \u017ealing\u0105 poveik\u012f aplinkai. Elektronikos \u012frenginiai da\u017enai yra pagaminti i\u0161 \u012fvairi\u0173 med\u017eiag\u0173, kurios gali b\u016bti kenksmingos, pvz., sunkieji metalai, ftalatai arba polichloruoti bifeniliai (PCB). Jei atliekos tiesiog metamos \u012f paprastus \u0161iuk\u0161li\u0173 konteinerius arba nesiun\u010diamos \u012f specializuotus perdirbimo centrus, \u0161ie kenksmingi komponentai gali patekti \u012f dirvo\u017eem\u012f ir vanden\u012f, sukeldami tar\u0161\u0105.<\/p>\n<p>Antra, elektronikos atliekos gali b\u016bti perdirbtos, o tai leid\u017eia i\u0161gauti vertingas med\u017eiagas ir i\u0161saugoti gamtos i\u0161teklius. Perdirbimas leid\u017eia panaudoti \u012frenginio dalis ir komponentus pakartotinai, taip suma\u017einant poreik\u012f i\u0161gaunant naujas med\u017eiagas. Be to, perdirbimas padeda suma\u017einti atliek\u0173 kiek\u012f ir energijos s\u0105naudas, kurios b\u016bt\u0173 skiriamos nauj\u0173 \u012frengini\u0173 gamybai.<\/p>\n<p>Tre\u010dia, neatsakingai tvarkomos elektronikos atliekos gali kelti pavoj\u0173 \u017emoni\u0173 sveikatai ir saugumui. Kai kurie elektronikos \u012frenginiai gali tur\u0117ti pavojing\u0173 med\u017eiag\u0173 arba baterij\u0173, kurios gali sprogti arba i\u0161skirti kenksmingas med\u017eiagas. Tinkamas tvarkymas ir perdirbimas u\u017etikrina, kad \u0161ios med\u017eiagos b\u016bt\u0173 saugiai pa\u0161alintos arba sunaikintos, ma\u017einant pavoj\u0173 \u017emoni\u0173 sveikatai ir saugumui.<\/p>\n<p>Europos S\u0105jungos \u0161alys, \u012fskaitant Lietuv\u0105, turi direktyv\u0105, nustatan\u010di\u0105 elektros ir elektronikos \u012frangos atliek\u0173 tvarkymo reguliavim\u0105, joje numatomi privalomi reikalavimai d\u0117l \u0161i\u0173 atliek\u0173 tvarkymo. Tai apima rinkimo, perdirbimo ir sunaikinimo procesus. Tinkamai tvarkyti elektronikos atliekas yra ne tik teis\u0117s akt\u0173 reikalavimas, bet ir svarbus \u017eingsnis siekiant ma\u017einti ekologin\u012f \u00a0p\u0117dsak\u0105.<\/p>\n","protected":false},"excerpt":{"rendered":"<p>Elektrin\u0117s virykl\u0117s daugelio namuose tapo daiktu, be kurio nebei\u0161siver\u010diama. Be to, \u0161i\u0173 prietais\u0173 modeliai tobulinami, diegiamos naujos technologijos, patog\u016bs f unkcionalumai. Naujausi i\u0161 j\u0173, pavyzd\u017eiui, su indukcin\u0117mis kaitlent\u0117mis, padeda taupyti elektros energij\u0105. Na, o jei senoji elektrin\u0117 pradeda gesti, daugelis svarsto galimyb\u0119 pakeisti ja nauja. Tik k\u0105 daryti su sen\u0105ja virykl\u0119 arba kur priduoti elektrin\u0119 [&hellip;]<\/p>\n","protected":false},"author":2,"featured_media":0,"parent":16,"menu_order":0,"comment_status":"closed","ping_status":"closed","template":"","meta":{"_acf_changed":false,"sfsi_plus_gutenberg_text_before_share":"","sfsi_plus_gutenberg_show_text_before_share":"","sfsi_plus_gutenberg_icon_type":"","sfsi_plus_gutenberg_icon_alignemt":"","sfsi_plus_gutenburg_max_per_row":"","footnotes":""},"class_list":["post-2351","page","type-page","status-publish","hentry"],"translation":{"provider":"WPGlobus","version":"3.0.0","language":"en","enabled_languages":["lt","en"],"languages":{"lt":{"title":true,"content":true,"excerpt":false},"en":{"title":false,"content":false,"excerpt":false}}},"acf":[],"yoast_head":"<!-- This site is optimized with the Yoast SEO Premium plugin v25.6 (Yoast SEO v25.6) - https:\/\/yoast.com\/wordpress\/plugins\/seo\/ -->\n<title>Kur priduoti sen\u0105 elektrin\u0119 virykl\u0119? - EPA (Distributors of electronics association)<\/title>\n<meta name=\"robots\" content=\"index, follow, max-snippet:-1, max-image-preview:large, max-video-preview:-1\" \/>\n<link rel=\"canonical\" href=\"https:\/\/www.epa.lt\/duk\/kur-priduoti-sena-elektrine-virykle\/\" \/>\n<meta property=\"og:locale\" content=\"en_US\" \/>\n<meta property=\"og:type\" content=\"article\" \/>\n<meta property=\"og:title\" content=\"Kur priduoti sen\u0105 elektrin\u0119 virykl\u0119? - EPA (Distributors of electronics association)\" \/>\n<meta property=\"og:url\" content=\"https:\/\/www.epa.lt\/duk\/kur-priduoti-sena-elektrine-virykle\/\" \/>\n<meta property=\"og:site_name\" content=\"EPA (Distributors of electronics association)\" \/>\n<meta property=\"article:publisher\" content=\"https:\/\/www.facebook.com\/asociacija.epa\" \/>\n<meta property=\"article:modified_time\" content=\"2025-02-08T08:50:46+00:00\" \/>\n<meta name=\"twitter:card\" content=\"summary_large_image\" \/>\n<meta name=\"twitter:label1\" content=\"Est. reading time\" \/>\n\t<meta name=\"twitter:data1\" content=\"3 minutes\" \/>\n<script type=\"application\/ld+json\" class=\"yoast-schema-graph\">{\"@context\":\"https:\/\/schema.org\",\"@graph\":[{\"@type\":\"WebPage\",\"@id\":\"https:\/\/www.epa.lt\/duk\/kur-priduoti-sena-elektrine-virykle\/\",\"url\":\"https:\/\/www.epa.lt\/duk\/kur-priduoti-sena-elektrine-virykle\/\",\"name\":\"Kur priduoti sen\u0105 elektrin\u0119 virykl\u0119? - EPA (Distributors of electronics association)\",\"isPartOf\":{\"@id\":\"https:\/\/epa.lt\/#website\"},\"datePublished\":\"2023-06-20T07:28:00+00:00\",\"dateModified\":\"2025-02-08T08:50:46+00:00\",\"description\":\"Daugiau informacijos apie tai, kur priduoti sen\u0105 elektrin\u0119 virykl\u0119 su\u017einokite \u010dia!\",\"breadcrumb\":{\"@id\":\"https:\/\/www.epa.lt\/duk\/kur-priduoti-sena-elektrine-virykle\/#breadcrumb\"},\"inLanguage\":\"en-US\",\"potentialAction\":[{\"@type\":\"ReadAction\",\"target\":[\"https:\/\/www.epa.lt\/duk\/kur-priduoti-sena-elektrine-virykle\/\"]}]},{\"@type\":\"BreadcrumbList\",\"@id\":\"https:\/\/www.epa.lt\/duk\/kur-priduoti-sena-elektrine-virykle\/#breadcrumb\",\"itemListElement\":[{\"@type\":\"ListItem\",\"position\":1,\"name\":\"Home\",\"item\":\"https:\/\/epa.lt\/\"},{\"@type\":\"ListItem\",\"position\":2,\"name\":\"Da\u017eniausiai u\u017eduodami klausimai apie elektronikos surinkim\u0105 (DUK)\",\"item\":\"https:\/\/www.epa.lt\/duk\/\"},{\"@type\":\"ListItem\",\"position\":3,\"name\":\"Kur priduoti sen\u0105 elektrin\u0119 virykl\u0119?\"}]},{\"@type\":\"WebSite\",\"@id\":\"https:\/\/epa.lt\/#website\",\"url\":\"https:\/\/epa.lt\/\",\"name\":\"{:lt}EPA (Elektronikos platintoj\u0173 asociacija){:}{:en}EPA (Distributors of electronics association) {:}\",\"description\":\"Electronic waste management\",\"publisher\":{\"@id\":\"https:\/\/epa.lt\/#organization\"},\"potentialAction\":[{\"@type\":\"SearchAction\",\"target\":{\"@type\":\"EntryPoint\",\"urlTemplate\":\"https:\/\/epa.lt\/?s={search_term_string}\"},\"query-input\":{\"@type\":\"PropertyValueSpecification\",\"valueRequired\":true,\"valueName\":\"search_term_string\"}}],\"inLanguage\":\"en-US\"},{\"@type\":\"Organization\",\"@id\":\"https:\/\/epa.lt\/#organization\",\"name\":\"{:lt}EPA (Elektronikos platintoj\u0173 asociacija){:}{:en}EPA (Distributors of electronics association) {:}\",\"url\":\"https:\/\/epa.lt\/\",\"logo\":{\"@type\":\"ImageObject\",\"inLanguage\":\"en-US\",\"@id\":\"https:\/\/epa.lt\/#\/schema\/logo\/image\/\",\"url\":\"https:\/\/www.epa.lt\/wp-content\/uploads\/2018\/04\/EPA_logo_RGB_t_vidus.png\",\"contentUrl\":\"https:\/\/www.epa.lt\/wp-content\/uploads\/2018\/04\/EPA_logo_RGB_t_vidus.png\",\"width\":945,\"height\":945,\"caption\":\"{:lt}EPA (Elektronikos platintoj\u0173 asociacija){:}{:en}EPA (Distributors of electronics association) {:}\"},\"image\":{\"@id\":\"https:\/\/epa.lt\/#\/schema\/logo\/image\/\"},\"sameAs\":[\"https:\/\/www.facebook.com\/asociacija.epa\"]}]}<\/script>\n<!-- \/ Yoast SEO Premium plugin. -->","yoast_head_json":{"title":"Kur priduoti sen\u0105 elektrin\u0119 virykl\u0119? - EPA (Distributors of electronics association)","robots":{"index":"index","follow":"follow","max-snippet":"max-snippet:-1","max-image-preview":"max-image-preview:large","max-video-preview":"max-video-preview:-1"},"canonical":"https:\/\/www.epa.lt\/duk\/kur-priduoti-sena-elektrine-virykle\/","og_locale":"en_US","og_type":"article","og_title":"Kur priduoti sen\u0105 elektrin\u0119 virykl\u0119? - EPA (Distributors of electronics association)","og_url":"https:\/\/www.epa.lt\/duk\/kur-priduoti-sena-elektrine-virykle\/","og_site_name":"EPA (Distributors of electronics association)","article_publisher":"https:\/\/www.facebook.com\/asociacija.epa","article_modified_time":"2025-02-08T08:50:46+00:00","twitter_card":"summary_large_image","twitter_misc":{"Est. reading time":"3 minutes"},"schema":{"@context":"https:\/\/schema.org","@graph":[{"@type":"WebPage","@id":"https:\/\/www.epa.lt\/duk\/kur-priduoti-sena-elektrine-virykle\/","url":"https:\/\/www.epa.lt\/duk\/kur-priduoti-sena-elektrine-virykle\/","name":"Kur priduoti sen\u0105 elektrin\u0119 virykl\u0119? - EPA (Distributors of electronics association)","isPartOf":{"@id":"https:\/\/epa.lt\/#website"},"datePublished":"2023-06-20T07:28:00+00:00","dateModified":"2025-02-08T08:50:46+00:00","description":"Daugiau informacijos apie tai, kur priduoti sen\u0105 elektrin\u0119 virykl\u0119 su\u017einokite \u010dia!","breadcrumb":{"@id":"https:\/\/www.epa.lt\/duk\/kur-priduoti-sena-elektrine-virykle\/#breadcrumb"},"inLanguage":"en-US","potentialAction":[{"@type":"ReadAction","target":["https:\/\/www.epa.lt\/duk\/kur-priduoti-sena-elektrine-virykle\/"]}]},{"@type":"BreadcrumbList","@id":"https:\/\/www.epa.lt\/duk\/kur-priduoti-sena-elektrine-virykle\/#breadcrumb","itemListElement":[{"@type":"ListItem","position":1,"name":"Home","item":"https:\/\/epa.lt\/"},{"@type":"ListItem","position":2,"name":"Da\u017eniausiai u\u017eduodami klausimai apie elektronikos surinkim\u0105 (DUK)","item":"https:\/\/www.epa.lt\/duk\/"},{"@type":"ListItem","position":3,"name":"Kur priduoti sen\u0105 elektrin\u0119 virykl\u0119?"}]},{"@type":"WebSite","@id":"https:\/\/epa.lt\/#website","url":"https:\/\/epa.lt\/","name":"{:lt}EPA (Elektronikos platintoj\u0173 asociacija){:}{:en}EPA (Distributors of electronics association) {:}","description":"Electronic waste management","publisher":{"@id":"https:\/\/epa.lt\/#organization"},"potentialAction":[{"@type":"SearchAction","target":{"@type":"EntryPoint","urlTemplate":"https:\/\/epa.lt\/?s={search_term_string}"},"query-input":{"@type":"PropertyValueSpecification","valueRequired":true,"valueName":"search_term_string"}}],"inLanguage":"en-US"},{"@type":"Organization","@id":"https:\/\/epa.lt\/#organization","name":"{:lt}EPA (Elektronikos platintoj\u0173 asociacija){:}{:en}EPA (Distributors of electronics association) {:}","url":"https:\/\/epa.lt\/","logo":{"@type":"ImageObject","inLanguage":"en-US","@id":"https:\/\/epa.lt\/#\/schema\/logo\/image\/","url":"https:\/\/www.epa.lt\/wp-content\/uploads\/2018\/04\/EPA_logo_RGB_t_vidus.png","contentUrl":"https:\/\/www.epa.lt\/wp-content\/uploads\/2018\/04\/EPA_logo_RGB_t_vidus.png","width":945,"height":945,"caption":"{:lt}EPA (Elektronikos platintoj\u0173 asociacija){:}{:en}EPA (Distributors of electronics association) {:}"},"image":{"@id":"https:\/\/epa.lt\/#\/schema\/logo\/image\/"},"sameAs":["https:\/\/www.facebook.com\/asociacija.epa"]}]}},"_links":{"self":[{"href":"https:\/\/www.epa.lt\/en\/wp-json\/wp\/v2\/pages\/2351","targetHints":{"allow":["GET"]}}],"collection":[{"href":"https:\/\/www.epa.lt\/en\/wp-json\/wp\/v2\/pages"}],"about":[{"href":"https:\/\/www.epa.lt\/en\/wp-json\/wp\/v2\/types\/page"}],"author":[{"embeddable":true,"href":"https:\/\/www.epa.lt\/en\/wp-json\/wp\/v2\/users\/2"}],"replies":[{"embeddable":true,"href":"https:\/\/www.epa.lt\/en\/wp-json\/wp\/v2\/comments?post=2351"}],"version-history":[{"count":4,"href":"https:\/\/www.epa.lt\/en\/wp-json\/wp\/v2\/pages\/2351\/revisions"}],"predecessor-version":[{"id":3219,"href":"https:\/\/www.epa.lt\/en\/wp-json\/wp\/v2\/pages\/2351\/revisions\/3219"}],"up":[{"embeddable":true,"href":"https:\/\/www.epa.lt\/en\/wp-json\/wp\/v2\/pages\/16"}],"wp:attachment":[{"href":"https:\/\/www.epa.lt\/en\/wp-json\/wp\/v2\/media?parent=2351"}],"curies":[{"name":"wp","href":"https:\/\/api.w.org\/{rel}","templated":true}]}}