{"id":2349,"date":"2023-06-20T10:27:42","date_gmt":"2023-06-20T07:27:42","guid":{"rendered":"https:\/\/www.epa.lt\/?page_id=2349"},"modified":"2025-02-11T22:56:47","modified_gmt":"2025-02-11T19:56:47","slug":"kur-priduoti-sena-mikrobange","status":"publish","type":"page","link":"https:\/\/www.epa.lt\/en\/duk\/kur-priduoti-sena-mikrobange\/","title":{"rendered":"Kur priduoti sen\u0105 mikrobang\u0119?"},"content":{"rendered":"<p>Gin\u010dai, kuo naudinga ir pavojinga mikrobang\u0173 krosnel\u0117, nerimsta ne pirmas de\u0161imtmetis. Nors specialistai ir \u0161i\u0173 prietais\u0173 fanai yra pasikaust\u0119 svariais argumentais mikrobangi\u0173 naudai, daugelis ne tik nebesidairo \u012fsigyti \u0161ios paskirties daikto, bet ir skuba atsisakyti senojo. Kartais atsi\u017ead\u0117ti mikrobang\u0173 krosnel\u0117s skatina abejon\u0117s d\u0117l tokio daikto saugumo \u2013 ypa\u010d tada, kai daiktui daugiau nei 10 met\u0173 arba jis genda. K\u0105 daryti? <strong>Kur d\u0117ti sen\u0105 mikrobang\u0119?<\/strong><\/p>\n<p><strong>\u00a0<\/strong><\/p>\n<ol>\n<li>Pasikonsultuokite su \u0161ios srities specialistu arba meistru. Galb\u016bt suprasite, kad dar norite naudoti \u0161\u012f sen\u0105 prietais\u0105 \u2013 ypa\u010d tuo atveju, jei naudojote itin retai ir jis beveik kaip naujas.<\/li>\n<li>Jei veikia, pabandykite parduoti arba padovanoti.<\/li>\n<li>Jei mikrobang\u0173 krosnel\u0117 sugedusi, svarstykite galimyb\u0119 taisyti: apsimoka jei remontas nevir\u0161ija 50 proc. naujo daikto kainos.<\/li>\n<li>I\u0161mesti sen\u0105 mikrobang\u0119 \u2013 paskutinis \u017eingsnis. Atsakingai pasielgsite, jei \u0161\u012f daikt\u0105 \u0161alinsite elektronikos atliekoms skirtame surinkimo tinkle. Stambagabarit\u0117s elektronikos atliekoms skirt\u0173 konteineri\u0173 viet\u0173 galite ie\u0161koti www.epa.lt svetain\u0117je esan\u010diame s\u0105ra\u0161e arba pasinaudoti nemokamo i\u0161ve\u017eimo i\u0161 nam\u0173 paslauga. Skambinkite telefonu +370 695 55111 arba registruokite i\u0161ve\u017eim\u0105 <a href=\"https:\/\/epa.lt\/nemokamas-buitines-technikos-isvezimas\/\">epa.lt<\/a> svetain\u0117je.<\/li>\n<\/ol>\n","protected":false},"excerpt":{"rendered":"<p>Gin\u010dai, kuo naudinga ir pavojinga mikrobang\u0173 krosnel\u0117, nerimsta ne pirmas de\u0161imtmetis. Nors specialistai ir \u0161i\u0173 prietais\u0173 fanai yra pasikaust\u0119 svariais argumentais mikrobangi\u0173 naudai, daugelis ne tik nebesidairo \u012fsigyti \u0161ios paskirties daikto, bet ir skuba atsisakyti senojo. Kartais atsi\u017ead\u0117ti mikrobang\u0173 krosnel\u0117s skatina abejon\u0117s d\u0117l tokio daikto saugumo \u2013 ypa\u010d tada, kai daiktui daugiau nei 10 met\u0173 [&hellip;]<\/p>\n","protected":false},"author":2,"featured_media":0,"parent":16,"menu_order":0,"comment_status":"closed","ping_status":"closed","template":"","meta":{"_acf_changed":false,"sfsi_plus_gutenberg_text_before_share":"","sfsi_plus_gutenberg_show_text_before_share":"","sfsi_plus_gutenberg_icon_type":"","sfsi_plus_gutenberg_icon_alignemt":"","sfsi_plus_gutenburg_max_per_row":"","footnotes":""},"class_list":["post-2349","page","type-page","status-publish","hentry"],"translation":{"provider":"WPGlobus","version":"3.0.0","language":"en","enabled_languages":["lt","en"],"languages":{"lt":{"title":true,"content":true,"excerpt":false},"en":{"title":false,"content":false,"excerpt":false}}},"acf":[],"yoast_head":"<!-- This site is optimized with the Yoast SEO Premium plugin v25.6 (Yoast SEO v25.6) - https:\/\/yoast.com\/wordpress\/plugins\/seo\/ -->\n<title>Kur priduoti sen\u0105 mikrobang\u0119? - EPA (Distributors of electronics association)<\/title>\n<meta name=\"robots\" content=\"index, follow, max-snippet:-1, max-image-preview:large, max-video-preview:-1\" \/>\n<link rel=\"canonical\" href=\"https:\/\/www.epa.lt\/duk\/kur-priduoti-sena-mikrobange\/\" \/>\n<meta property=\"og:locale\" content=\"en_US\" \/>\n<meta property=\"og:type\" content=\"article\" \/>\n<meta property=\"og:title\" content=\"Kur priduoti sen\u0105 mikrobang\u0119? - EPA (Distributors of electronics association)\" \/>\n<meta property=\"og:url\" content=\"https:\/\/www.epa.lt\/duk\/kur-priduoti-sena-mikrobange\/\" \/>\n<meta property=\"og:site_name\" content=\"EPA (Distributors of electronics association)\" \/>\n<meta property=\"article:publisher\" content=\"https:\/\/www.facebook.com\/asociacija.epa\" \/>\n<meta property=\"article:modified_time\" content=\"2025-02-11T19:56:47+00:00\" \/>\n<meta name=\"twitter:card\" content=\"summary_large_image\" \/>\n<meta name=\"twitter:label1\" content=\"Est. reading time\" \/>\n\t<meta name=\"twitter:data1\" content=\"1 minute\" \/>\n<script type=\"application\/ld+json\" class=\"yoast-schema-graph\">{\"@context\":\"https:\/\/schema.org\",\"@graph\":[{\"@type\":\"WebPage\",\"@id\":\"https:\/\/www.epa.lt\/duk\/kur-priduoti-sena-mikrobange\/\",\"url\":\"https:\/\/www.epa.lt\/duk\/kur-priduoti-sena-mikrobange\/\",\"name\":\"Kur priduoti sen\u0105 mikrobang\u0119? - EPA (Distributors of electronics association)\",\"isPartOf\":{\"@id\":\"https:\/\/epa.lt\/#website\"},\"datePublished\":\"2023-06-20T07:27:42+00:00\",\"dateModified\":\"2025-02-11T19:56:47+00:00\",\"description\":\"Daugiau informacijos apie tai, kur reikia priduoti sen\u0105 mikrobang\u0119 skaitykite \u010dia!\",\"breadcrumb\":{\"@id\":\"https:\/\/www.epa.lt\/duk\/kur-priduoti-sena-mikrobange\/#breadcrumb\"},\"inLanguage\":\"en-US\",\"potentialAction\":[{\"@type\":\"ReadAction\",\"target\":[\"https:\/\/www.epa.lt\/duk\/kur-priduoti-sena-mikrobange\/\"]}]},{\"@type\":\"BreadcrumbList\",\"@id\":\"https:\/\/www.epa.lt\/duk\/kur-priduoti-sena-mikrobange\/#breadcrumb\",\"itemListElement\":[{\"@type\":\"ListItem\",\"position\":1,\"name\":\"Home\",\"item\":\"https:\/\/epa.lt\/en\/\"},{\"@type\":\"ListItem\",\"position\":2,\"name\":\"Da\u017eniausiai u\u017eduodami klausimai apie elektronikos surinkim\u0105 (DUK)\",\"item\":\"https:\/\/www.epa.lt\/duk\/\"},{\"@type\":\"ListItem\",\"position\":3,\"name\":\"Kur priduoti sen\u0105 mikrobang\u0119?\"}]},{\"@type\":\"WebSite\",\"@id\":\"https:\/\/epa.lt\/#website\",\"url\":\"https:\/\/epa.lt\/\",\"name\":\"{:lt}EPA (Elektronikos platintoj\u0173 asociacija){:}{:en}EPA (Distributors of electronics association) {:}\",\"description\":\"Electronic waste management\",\"publisher\":{\"@id\":\"https:\/\/epa.lt\/#organization\"},\"potentialAction\":[{\"@type\":\"SearchAction\",\"target\":{\"@type\":\"EntryPoint\",\"urlTemplate\":\"https:\/\/epa.lt\/?s={search_term_string}\"},\"query-input\":{\"@type\":\"PropertyValueSpecification\",\"valueRequired\":true,\"valueName\":\"search_term_string\"}}],\"inLanguage\":\"en-US\"},{\"@type\":\"Organization\",\"@id\":\"https:\/\/epa.lt\/#organization\",\"name\":\"{:lt}EPA (Elektronikos platintoj\u0173 asociacija){:}{:en}EPA (Distributors of electronics association) {:}\",\"url\":\"https:\/\/epa.lt\/\",\"logo\":{\"@type\":\"ImageObject\",\"inLanguage\":\"en-US\",\"@id\":\"https:\/\/epa.lt\/#\/schema\/logo\/image\/\",\"url\":\"https:\/\/www.epa.lt\/wp-content\/uploads\/2018\/04\/EPA_logo_RGB_t_vidus.png\",\"contentUrl\":\"https:\/\/www.epa.lt\/wp-content\/uploads\/2018\/04\/EPA_logo_RGB_t_vidus.png\",\"width\":945,\"height\":945,\"caption\":\"{:lt}EPA (Elektronikos platintoj\u0173 asociacija){:}{:en}EPA (Distributors of electronics association) {:}\"},\"image\":{\"@id\":\"https:\/\/epa.lt\/#\/schema\/logo\/image\/\"},\"sameAs\":[\"https:\/\/www.facebook.com\/asociacija.epa\"]}]}<\/script>\n<!-- \/ Yoast SEO Premium plugin. -->","yoast_head_json":{"title":"Kur priduoti sen\u0105 mikrobang\u0119? - EPA (Distributors of electronics association)","robots":{"index":"index","follow":"follow","max-snippet":"max-snippet:-1","max-image-preview":"max-image-preview:large","max-video-preview":"max-video-preview:-1"},"canonical":"https:\/\/www.epa.lt\/duk\/kur-priduoti-sena-mikrobange\/","og_locale":"en_US","og_type":"article","og_title":"Kur priduoti sen\u0105 mikrobang\u0119? - EPA (Distributors of electronics association)","og_url":"https:\/\/www.epa.lt\/duk\/kur-priduoti-sena-mikrobange\/","og_site_name":"EPA (Distributors of electronics association)","article_publisher":"https:\/\/www.facebook.com\/asociacija.epa","article_modified_time":"2025-02-11T19:56:47+00:00","twitter_card":"summary_large_image","twitter_misc":{"Est. reading time":"1 minute"},"schema":{"@context":"https:\/\/schema.org","@graph":[{"@type":"WebPage","@id":"https:\/\/www.epa.lt\/duk\/kur-priduoti-sena-mikrobange\/","url":"https:\/\/www.epa.lt\/duk\/kur-priduoti-sena-mikrobange\/","name":"Kur priduoti sen\u0105 mikrobang\u0119? - EPA (Distributors of electronics association)","isPartOf":{"@id":"https:\/\/epa.lt\/#website"},"datePublished":"2023-06-20T07:27:42+00:00","dateModified":"2025-02-11T19:56:47+00:00","description":"Daugiau informacijos apie tai, kur reikia priduoti sen\u0105 mikrobang\u0119 skaitykite \u010dia!","breadcrumb":{"@id":"https:\/\/www.epa.lt\/duk\/kur-priduoti-sena-mikrobange\/#breadcrumb"},"inLanguage":"en-US","potentialAction":[{"@type":"ReadAction","target":["https:\/\/www.epa.lt\/duk\/kur-priduoti-sena-mikrobange\/"]}]},{"@type":"BreadcrumbList","@id":"https:\/\/www.epa.lt\/duk\/kur-priduoti-sena-mikrobange\/#breadcrumb","itemListElement":[{"@type":"ListItem","position":1,"name":"Home","item":"https:\/\/epa.lt\/en\/"},{"@type":"ListItem","position":2,"name":"Da\u017eniausiai u\u017eduodami klausimai apie elektronikos surinkim\u0105 (DUK)","item":"https:\/\/www.epa.lt\/duk\/"},{"@type":"ListItem","position":3,"name":"Kur priduoti sen\u0105 mikrobang\u0119?"}]},{"@type":"WebSite","@id":"https:\/\/epa.lt\/#website","url":"https:\/\/epa.lt\/","name":"{:lt}EPA (Elektronikos platintoj\u0173 asociacija){:}{:en}EPA (Distributors of electronics association) {:}","description":"Electronic waste management","publisher":{"@id":"https:\/\/epa.lt\/#organization"},"potentialAction":[{"@type":"SearchAction","target":{"@type":"EntryPoint","urlTemplate":"https:\/\/epa.lt\/?s={search_term_string}"},"query-input":{"@type":"PropertyValueSpecification","valueRequired":true,"valueName":"search_term_string"}}],"inLanguage":"en-US"},{"@type":"Organization","@id":"https:\/\/epa.lt\/#organization","name":"{:lt}EPA (Elektronikos platintoj\u0173 asociacija){:}{:en}EPA (Distributors of electronics association) {:}","url":"https:\/\/epa.lt\/","logo":{"@type":"ImageObject","inLanguage":"en-US","@id":"https:\/\/epa.lt\/#\/schema\/logo\/image\/","url":"https:\/\/www.epa.lt\/wp-content\/uploads\/2018\/04\/EPA_logo_RGB_t_vidus.png","contentUrl":"https:\/\/www.epa.lt\/wp-content\/uploads\/2018\/04\/EPA_logo_RGB_t_vidus.png","width":945,"height":945,"caption":"{:lt}EPA (Elektronikos platintoj\u0173 asociacija){:}{:en}EPA (Distributors of electronics association) {:}"},"image":{"@id":"https:\/\/epa.lt\/#\/schema\/logo\/image\/"},"sameAs":["https:\/\/www.facebook.com\/asociacija.epa"]}]}},"_links":{"self":[{"href":"https:\/\/www.epa.lt\/en\/wp-json\/wp\/v2\/pages\/2349","targetHints":{"allow":["GET"]}}],"collection":[{"href":"https:\/\/www.epa.lt\/en\/wp-json\/wp\/v2\/pages"}],"about":[{"href":"https:\/\/www.epa.lt\/en\/wp-json\/wp\/v2\/types\/page"}],"author":[{"embeddable":true,"href":"https:\/\/www.epa.lt\/en\/wp-json\/wp\/v2\/users\/2"}],"replies":[{"embeddable":true,"href":"https:\/\/www.epa.lt\/en\/wp-json\/wp\/v2\/comments?post=2349"}],"version-history":[{"count":3,"href":"https:\/\/www.epa.lt\/en\/wp-json\/wp\/v2\/pages\/2349\/revisions"}],"predecessor-version":[{"id":3229,"href":"https:\/\/www.epa.lt\/en\/wp-json\/wp\/v2\/pages\/2349\/revisions\/3229"}],"up":[{"embeddable":true,"href":"https:\/\/www.epa.lt\/en\/wp-json\/wp\/v2\/pages\/16"}],"wp:attachment":[{"href":"https:\/\/www.epa.lt\/en\/wp-json\/wp\/v2\/media?parent=2349"}],"curies":[{"name":"wp","href":"https:\/\/api.w.org\/{rel}","templated":true}]}}