{"id":2345,"date":"2023-06-20T10:26:53","date_gmt":"2023-06-20T07:26:53","guid":{"rendered":"https:\/\/www.epa.lt\/?page_id=2345"},"modified":"2023-06-26T11:25:11","modified_gmt":"2023-06-26T08:25:11","slug":"kur-deti-senus-telefonus","status":"publish","type":"page","link":"https:\/\/www.epa.lt\/en\/duk\/kur-deti-senus-telefonus\/","title":{"rendered":"Kur d\u0117ti senus telefonus?"},"content":{"rendered":"<p>Ar daug i\u0161 m\u016bs\u0173 gal\u0117t\u0173 pragyventi bent dien\u0105 be telefono? B\u016bt\u0173 pana\u0161u \u012f am\u017ein\u0105 meil\u0119 telefonui, jei tik jis b\u016bt\u0173 ne gendantis, savo funkcionalum\u0105 prarandantis daiktas. Ir jeigu kai kurie i\u0161 m\u016bs\u0173 nesivaikyt\u0173 naujausi\u0173 modeli\u0173, lengvai atsisveikindami su senaisiais prietaisais. B\u0117da ta, kad kai kuriais atvejais atrodantis lengvas atsisveikinimas nematomu b\u016bdu, palaipsniui tampa did\u017eiule na\u0161ta planetai ir galiausiai mums patiems.<\/p>\n<p><strong>Paskui nauj\u0173 telefon\u0173 milijardus \u2013 milijonai nereikaling\u0173<\/strong><\/p>\n<p>Telefon\u0173 atliekos yra viena i\u0161 spar\u010diai augan\u010di\u0173 elektronikos atliek\u0173 r\u016b\u0161i\u0173 pasaulyje. \u0160is augimas yra susij\u0119s su keletu veiksni\u0173.<\/p>\n<p>Pirma, telekomunikacij\u0173 pramon\u0117 nuolat pristato naujus modelius su patobulintu funkcionalumu ir \u012ftraukian\u010diomis ar naudingomis naujov\u0117mis. Tai skatina vartotojus keisti savo telefonus, o seni telefonai tampa nereikalingi ir tampa atliekomis. Antra, masinis mobili\u0173j\u0173 telefon\u0173 naudojimas yra paplit\u0119s visame pasaulyje. Technologin\u0117 pa\u017eanga ir ma\u017eesn\u0117s kainos leid\u017eia vis daugiau \u017emoni\u0173 tur\u0117ti mobil\u0173j\u012f telefon\u0105. Did\u0117jant pasaulio gyventoj\u0173 skai\u010diui ir ekonominei pl\u0117trai, padid\u0117ja ir mobili\u0173j\u0173 telefon\u0173 paklausa. Pastaruoju metu \u0161iems prietaisams vis ma\u017e\u0117jant, daugyb\u0117 j\u0173 smulkiausi\u0173 detali\u0173 sujungiamos nei\u0161ardomai, tad sugedus tampa ypa\u010d sunku, ne\u012fmanoma ar tiesiog neapsimoka taisyti \u2013 kur kas patogiau i\u0161mesti.<\/p>\n<p>2021 m. pasaulyje buvo pagaminta daugiau nei 1,5 mlrd. telefon\u0173 \u2013 daugelis j\u0173 pakeit\u0117 senuosius, kurie buvo i\u0161mesti. Telefon\u0173 atliek\u0173 kiekiai ir augimas yra \u012fsp\u016bdingi. Pasaulin\u0117s duomen\u0173 statistikos bylos atspindi spart\u0173 did\u0117jim\u0105. Norint stabdyti \u0161i\u0105 problem\u0105, b\u016btina diegti atsakingo vartojimo praktik\u0105 ir skatinti atsaking\u0105 atliek\u0173 tvarkym\u0105.<\/p>\n<p><strong>Taisykime, parduokime, dovanokime <\/strong><\/p>\n<p>Teisinga elgsena su senais telefonais atlieka svarb\u0173 vaidmen\u012f siekiant i\u0161laikyti aplink\u0105 \u0161vari\u0105 ir suma\u017einti elektros gamini\u0173 atliek\u0173 poveik\u012f. Daugelis \u017emoni\u0173 daro klaid\u0105, tiesiog i\u0161mesdami senus telefonus \u012f paprast\u0105 buitin\u012f atliek\u0173 talp\u0105 arba juos kaupia savo namuose \u2013 tai turi neigiamas pasekmes. Norint elgtis atsakingai ir tausoti aplink\u0105, yra keletas b\u016bd\u0173, kaip tvarkyti senus telefonus.<\/p>\n<p>Vienas i\u0161 b\u016bd\u0173 yra taisyti sugedusius telefonus. Prie\u0161 tai verta apsvarstyti remonto galimybes ir naud\u0105. Neretai telefon\u0173 gedimai yra nesud\u0117tingi ir gali b\u016bti lengvai pataisyti. Remonto paslaugos gali suteikti antr\u0105 gyvenim\u0105 j\u016bs\u0173 senam telefonui, taip pad\u0117damos i\u0161vengti naujo telefono pirkimo ir suma\u017einti atliek\u0173 kiek\u012f.<\/p>\n<p>Kitas variantas yra atiduoti senus telefonus \u012f antras rankas. Jei j\u016bs\u0173 telefonas dar veikia, bet jums nereikalingas, galite j\u012f perleisti kitiems \u017emon\u0117ms, kurie j\u012f vertins ir naudos. Galite pabandyti sen\u0105 telefon\u0105 parduoti, o jei ne \u2013 dovanojimas yra puikus b\u016bdas suteikti antr\u0105 \u0161ans\u0105 senam telefonui, prisidedant prie tvarumo ir aplinkosaugos.<\/p>\n<p>Jei senas telefonas yra visi\u0161kai nebeveikiantis arba suged\u0119s ir negalimas taisymas, svarbu tinkamai j\u012f i\u0161mesti. Tokiais atvejais smulkiosios elektronikos atliek\u0173 konteineriai yra geriausia vieta, kurioje galite atsisveikinti su senais telefonais. Tokius konteinerius Lietuvoje galite rasti prekybos centruose, bibliotekose, \u012fvairiose kitose kult\u016bros ir \u0161vietimo, savivaldyb\u0117s \u012fstaigose.<\/p>\n<p><strong>Gali b\u016bti naudinga arba \u017ealinga<\/strong><\/p>\n<p>Elektronikos atliekos tvarkomos specialiai tam skirtose perdirbimo \u012fmon\u0117se, kurios gali atskirti \u012fvairias med\u017eiagas ir tinkamai jas perdirbti arba kitaip \u0161iame procese naudoti. Tai padeda suma\u017einti \u017ealing\u0105 \u012ftak\u0105 aplinkai, suma\u017e\u0117ja poreikis i\u0161gauti naujas \u017ealiavas, tausojami \u017dem\u0117s i\u0161tekliai.<\/p>\n<p>Atkreiptinas d\u0117mesys, kad seni telefonai turi \u012fvairi\u0173 med\u017eiag\u0173, kurios gali b\u016bti naudingos arba \u017ealingos aplinkai. Pavyzd\u017eiui, telefonuose paprastai yra vario, aukso, sidabro ir kit\u0173 ret\u0173j\u0173 metal\u0173, kuri\u0173 i\u0161tekliai yra riboti ir kurie gali b\u016bti i\u0161gauti ir perdirbti. \u0160ios med\u017eiagos yra vertingos ir gali b\u016bti panaudotos gaminant kitus elektronikos prietaisus arba kitose pramon\u0117s \u0161akose.<\/p>\n<p>Kita vertus, tos pa\u010dios naudingos med\u017eiagos netinkamomis s\u0105lygomis gali tapti \u017ealingomis \u2013 pakenkti aplinkai, ypa\u010d jei seni telefonai yra netinkamai i\u0161mesti. D\u0117l aplinkos poveikio telefonuose esan\u010dios \u012fvairios med\u017eiagos tampa aplinkai nepalanki\u0173 chemini\u0173 reakcij\u0173 dalyv\u0117mis. Pavyzd\u017eiui, telefonuose da\u017enai yra li\u010dio jon\u0173 baterijos, kurios gali tur\u0117ti kenksming\u0173 chemin\u0117s sud\u0117ties element\u0173, toki\u0173 kaip kadmis arba \u0161vino r\u016bg\u0161tis. Jei baterijos tiesiog i\u0161metamos \u012f paprastus buitini\u0173 atliek\u0173 konteinerius, j\u0173 i\u0161skiriamos med\u017eiagos gali patekti \u012f dirvo\u017eem\u012f ar vanden\u012f ir tapti ter\u0161alais.<\/p>\n<p><strong>Atskirai i\u0161meskime baterijas<\/strong><\/p>\n<p>Norint elgtis atsakingai, b\u016btina ne tik teisingai \u0161alinti senus nebepataisomus telefonus, bet ir atskirai i\u0161mesti ir j\u0173 baterijas. Daugelis parduotuvi\u0173 ir mobiliojo ry\u0161io operatori\u0173 turi specialius konteinerius, skirt\u0173 baterij\u0173 ir akumuliatori\u0173 atliekoms. Ma\u017ea atlieka netinkamoje vietoje gali pridaryti daug b\u0117d\u0173, \u012fskaitant sprogim\u0105 ar net chemini\u0173 reakcij\u0173 poveikyje sukelt\u0105 gaisr\u0105! Toki\u0173 gaisr\u0173 kyla atliek\u0173 konteineriuose ir s\u0105vartynuose visame pasaulyje.<\/p>\n<p>Bendradarbiaudami visose grandyse galime \u012fgyvendinti atsakingos elgsenos su senais telefonais praktik\u0105 ir prisid\u0117ti prie tvarios aplinkos ateities. Pavyzd\u017eiui, Europos S\u0105jungoje gamintojai skatinami projektuoti ir gaminti ilgaam\u017ei\u0161kus ir lengvai atnaujinamus elektronikos \u012frenginius \u2013 tam yra sukurtos specialios projektavim\u0105 ir teis\u0119 taisyti u\u017etikrinan\u010dios taisykl\u0117s. Tai padeda suma\u017einti poreik\u012f keisti telefonus da\u017enai ir padeda i\u0161vengti pernelyg didelio atliek\u0173 kiekio, ta\u010diau su viena s\u0105lyga \u2013 jei vartotojai vadovaujasi atsakingo vartojimo principais.<\/p>\n","protected":false},"excerpt":{"rendered":"<p>Ar daug i\u0161 m\u016bs\u0173 gal\u0117t\u0173 pragyventi bent dien\u0105 be telefono? B\u016bt\u0173 pana\u0161u \u012f am\u017ein\u0105 meil\u0119 telefonui, jei tik jis b\u016bt\u0173 ne gendantis, savo funkcionalum\u0105 prarandantis daiktas. Ir jeigu kai kurie i\u0161 m\u016bs\u0173 nesivaikyt\u0173 naujausi\u0173 modeli\u0173, lengvai atsisveikindami su senaisiais prietaisais. B\u0117da ta, kad kai kuriais atvejais atrodantis lengvas atsisveikinimas nematomu b\u016bdu, palaipsniui tampa did\u017eiule na\u0161ta [&hellip;]<\/p>\n","protected":false},"author":2,"featured_media":0,"parent":16,"menu_order":0,"comment_status":"closed","ping_status":"closed","template":"","meta":{"_acf_changed":false,"sfsi_plus_gutenberg_text_before_share":"","sfsi_plus_gutenberg_show_text_before_share":"","sfsi_plus_gutenberg_icon_type":"","sfsi_plus_gutenberg_icon_alignemt":"","sfsi_plus_gutenburg_max_per_row":"","footnotes":""},"class_list":["post-2345","page","type-page","status-publish","hentry"],"translation":{"provider":"WPGlobus","version":"3.0.0","language":"en","enabled_languages":["lt","en"],"languages":{"lt":{"title":true,"content":true,"excerpt":false},"en":{"title":false,"content":false,"excerpt":false}}},"acf":[],"yoast_head":"<!-- This site is optimized with the Yoast SEO Premium plugin v25.6 (Yoast SEO v25.6) - https:\/\/yoast.com\/wordpress\/plugins\/seo\/ -->\n<title>Kur d\u0117ti senus telefonus? - EPA (Distributors of electronics association)<\/title>\n<meta name=\"robots\" content=\"index, follow, max-snippet:-1, max-image-preview:large, max-video-preview:-1\" \/>\n<link rel=\"canonical\" href=\"https:\/\/www.epa.lt\/duk\/kur-deti-senus-telefonus\/\" \/>\n<meta property=\"og:locale\" content=\"en_US\" \/>\n<meta property=\"og:type\" content=\"article\" \/>\n<meta property=\"og:title\" content=\"Kur d\u0117ti senus telefonus? - EPA (Distributors of electronics association)\" \/>\n<meta property=\"og:url\" content=\"https:\/\/www.epa.lt\/duk\/kur-deti-senus-telefonus\/\" \/>\n<meta property=\"og:site_name\" content=\"EPA (Distributors of electronics association)\" \/>\n<meta property=\"article:publisher\" content=\"https:\/\/www.facebook.com\/asociacija.epa\" \/>\n<meta property=\"article:modified_time\" content=\"2023-06-26T08:25:11+00:00\" \/>\n<meta name=\"twitter:card\" content=\"summary_large_image\" \/>\n<meta name=\"twitter:label1\" content=\"Est. reading time\" \/>\n\t<meta name=\"twitter:data1\" content=\"4 minutes\" \/>\n<script type=\"application\/ld+json\" class=\"yoast-schema-graph\">{\"@context\":\"https:\/\/schema.org\",\"@graph\":[{\"@type\":\"WebPage\",\"@id\":\"https:\/\/www.epa.lt\/duk\/kur-deti-senus-telefonus\/\",\"url\":\"https:\/\/www.epa.lt\/duk\/kur-deti-senus-telefonus\/\",\"name\":\"Kur d\u0117ti senus telefonus? - EPA (Distributors of electronics association)\",\"isPartOf\":{\"@id\":\"https:\/\/epa.lt\/#website\"},\"datePublished\":\"2023-06-20T07:26:53+00:00\",\"dateModified\":\"2023-06-26T08:25:11+00:00\",\"description\":\"Daugiau informacijos apie tai, k\u0105 daryti su senais telefonais. Su\u017einokite \u010dia!\",\"breadcrumb\":{\"@id\":\"https:\/\/www.epa.lt\/duk\/kur-deti-senus-telefonus\/#breadcrumb\"},\"inLanguage\":\"en-US\",\"potentialAction\":[{\"@type\":\"ReadAction\",\"target\":[\"https:\/\/www.epa.lt\/duk\/kur-deti-senus-telefonus\/\"]}]},{\"@type\":\"BreadcrumbList\",\"@id\":\"https:\/\/www.epa.lt\/duk\/kur-deti-senus-telefonus\/#breadcrumb\",\"itemListElement\":[{\"@type\":\"ListItem\",\"position\":1,\"name\":\"Home\",\"item\":\"https:\/\/epa.lt\/\"},{\"@type\":\"ListItem\",\"position\":2,\"name\":\"Da\u017eniausiai u\u017eduodami klausimai apie elektronikos surinkim\u0105 (DUK)\",\"item\":\"https:\/\/www.epa.lt\/duk\/\"},{\"@type\":\"ListItem\",\"position\":3,\"name\":\"Kur d\u0117ti senus telefonus?\"}]},{\"@type\":\"WebSite\",\"@id\":\"https:\/\/epa.lt\/#website\",\"url\":\"https:\/\/epa.lt\/\",\"name\":\"{:lt}EPA (Elektronikos platintoj\u0173 asociacija){:}{:en}EPA (Distributors of electronics association) {:}\",\"description\":\"Electronic waste management\",\"publisher\":{\"@id\":\"https:\/\/epa.lt\/#organization\"},\"potentialAction\":[{\"@type\":\"SearchAction\",\"target\":{\"@type\":\"EntryPoint\",\"urlTemplate\":\"https:\/\/epa.lt\/?s={search_term_string}\"},\"query-input\":{\"@type\":\"PropertyValueSpecification\",\"valueRequired\":true,\"valueName\":\"search_term_string\"}}],\"inLanguage\":\"en-US\"},{\"@type\":\"Organization\",\"@id\":\"https:\/\/epa.lt\/#organization\",\"name\":\"{:lt}EPA (Elektronikos platintoj\u0173 asociacija){:}{:en}EPA (Distributors of electronics association) {:}\",\"url\":\"https:\/\/epa.lt\/\",\"logo\":{\"@type\":\"ImageObject\",\"inLanguage\":\"en-US\",\"@id\":\"https:\/\/epa.lt\/#\/schema\/logo\/image\/\",\"url\":\"https:\/\/www.epa.lt\/wp-content\/uploads\/2018\/04\/EPA_logo_RGB_t_vidus.png\",\"contentUrl\":\"https:\/\/www.epa.lt\/wp-content\/uploads\/2018\/04\/EPA_logo_RGB_t_vidus.png\",\"width\":945,\"height\":945,\"caption\":\"{:lt}EPA (Elektronikos platintoj\u0173 asociacija){:}{:en}EPA (Distributors of electronics association) {:}\"},\"image\":{\"@id\":\"https:\/\/epa.lt\/#\/schema\/logo\/image\/\"},\"sameAs\":[\"https:\/\/www.facebook.com\/asociacija.epa\"]}]}<\/script>\n<!-- \/ Yoast SEO Premium plugin. -->","yoast_head_json":{"title":"Kur d\u0117ti senus telefonus? - EPA (Distributors of electronics association)","robots":{"index":"index","follow":"follow","max-snippet":"max-snippet:-1","max-image-preview":"max-image-preview:large","max-video-preview":"max-video-preview:-1"},"canonical":"https:\/\/www.epa.lt\/duk\/kur-deti-senus-telefonus\/","og_locale":"en_US","og_type":"article","og_title":"Kur d\u0117ti senus telefonus? - EPA (Distributors of electronics association)","og_url":"https:\/\/www.epa.lt\/duk\/kur-deti-senus-telefonus\/","og_site_name":"EPA (Distributors of electronics association)","article_publisher":"https:\/\/www.facebook.com\/asociacija.epa","article_modified_time":"2023-06-26T08:25:11+00:00","twitter_card":"summary_large_image","twitter_misc":{"Est. reading time":"4 minutes"},"schema":{"@context":"https:\/\/schema.org","@graph":[{"@type":"WebPage","@id":"https:\/\/www.epa.lt\/duk\/kur-deti-senus-telefonus\/","url":"https:\/\/www.epa.lt\/duk\/kur-deti-senus-telefonus\/","name":"Kur d\u0117ti senus telefonus? - EPA (Distributors of electronics association)","isPartOf":{"@id":"https:\/\/epa.lt\/#website"},"datePublished":"2023-06-20T07:26:53+00:00","dateModified":"2023-06-26T08:25:11+00:00","description":"Daugiau informacijos apie tai, k\u0105 daryti su senais telefonais. Su\u017einokite \u010dia!","breadcrumb":{"@id":"https:\/\/www.epa.lt\/duk\/kur-deti-senus-telefonus\/#breadcrumb"},"inLanguage":"en-US","potentialAction":[{"@type":"ReadAction","target":["https:\/\/www.epa.lt\/duk\/kur-deti-senus-telefonus\/"]}]},{"@type":"BreadcrumbList","@id":"https:\/\/www.epa.lt\/duk\/kur-deti-senus-telefonus\/#breadcrumb","itemListElement":[{"@type":"ListItem","position":1,"name":"Home","item":"https:\/\/epa.lt\/"},{"@type":"ListItem","position":2,"name":"Da\u017eniausiai u\u017eduodami klausimai apie elektronikos surinkim\u0105 (DUK)","item":"https:\/\/www.epa.lt\/duk\/"},{"@type":"ListItem","position":3,"name":"Kur d\u0117ti senus telefonus?"}]},{"@type":"WebSite","@id":"https:\/\/epa.lt\/#website","url":"https:\/\/epa.lt\/","name":"{:lt}EPA (Elektronikos platintoj\u0173 asociacija){:}{:en}EPA (Distributors of electronics association) {:}","description":"Electronic waste management","publisher":{"@id":"https:\/\/epa.lt\/#organization"},"potentialAction":[{"@type":"SearchAction","target":{"@type":"EntryPoint","urlTemplate":"https:\/\/epa.lt\/?s={search_term_string}"},"query-input":{"@type":"PropertyValueSpecification","valueRequired":true,"valueName":"search_term_string"}}],"inLanguage":"en-US"},{"@type":"Organization","@id":"https:\/\/epa.lt\/#organization","name":"{:lt}EPA (Elektronikos platintoj\u0173 asociacija){:}{:en}EPA (Distributors of electronics association) {:}","url":"https:\/\/epa.lt\/","logo":{"@type":"ImageObject","inLanguage":"en-US","@id":"https:\/\/epa.lt\/#\/schema\/logo\/image\/","url":"https:\/\/www.epa.lt\/wp-content\/uploads\/2018\/04\/EPA_logo_RGB_t_vidus.png","contentUrl":"https:\/\/www.epa.lt\/wp-content\/uploads\/2018\/04\/EPA_logo_RGB_t_vidus.png","width":945,"height":945,"caption":"{:lt}EPA (Elektronikos platintoj\u0173 asociacija){:}{:en}EPA (Distributors of electronics association) {:}"},"image":{"@id":"https:\/\/epa.lt\/#\/schema\/logo\/image\/"},"sameAs":["https:\/\/www.facebook.com\/asociacija.epa"]}]}},"_links":{"self":[{"href":"https:\/\/www.epa.lt\/en\/wp-json\/wp\/v2\/pages\/2345","targetHints":{"allow":["GET"]}}],"collection":[{"href":"https:\/\/www.epa.lt\/en\/wp-json\/wp\/v2\/pages"}],"about":[{"href":"https:\/\/www.epa.lt\/en\/wp-json\/wp\/v2\/types\/page"}],"author":[{"embeddable":true,"href":"https:\/\/www.epa.lt\/en\/wp-json\/wp\/v2\/users\/2"}],"replies":[{"embeddable":true,"href":"https:\/\/www.epa.lt\/en\/wp-json\/wp\/v2\/comments?post=2345"}],"version-history":[{"count":3,"href":"https:\/\/www.epa.lt\/en\/wp-json\/wp\/v2\/pages\/2345\/revisions"}],"predecessor-version":[{"id":2395,"href":"https:\/\/www.epa.lt\/en\/wp-json\/wp\/v2\/pages\/2345\/revisions\/2395"}],"up":[{"embeddable":true,"href":"https:\/\/www.epa.lt\/en\/wp-json\/wp\/v2\/pages\/16"}],"wp:attachment":[{"href":"https:\/\/www.epa.lt\/en\/wp-json\/wp\/v2\/media?parent=2345"}],"curies":[{"name":"wp","href":"https:\/\/api.w.org\/{rel}","templated":true}]}}