{"id":2343,"date":"2023-06-20T10:26:36","date_gmt":"2023-06-20T07:26:36","guid":{"rendered":"https:\/\/www.epa.lt\/?page_id=2343"},"modified":"2025-02-08T11:47:55","modified_gmt":"2025-02-08T08:47:55","slug":"kur-deti-sena-siuvimo-masina","status":"publish","type":"page","link":"https:\/\/www.epa.lt\/en\/duk\/kur-deti-sena-siuvimo-masina\/","title":{"rendered":"Kur d\u0117ti sen\u0105 siuvimo ma\u0161in\u0105?"},"content":{"rendered":"<p>Turb\u016bt ne vienas esate mat\u0119 staliuk\u0173 su senos siuvimo ma\u0161inos \u201eSinger\u201c kojomis. Gra\u017eu ir tvaru, kai nebenaudojami daiktai \u012fgyja antr\u0105 gyvenim\u0105. Kojos virto staliuku ar kokia nors dekoracija, o pati ma\u0161ina grei\u010diausiai papuol\u0117 \u012f metalo lau\u017e\u0105, buvo perdirbta, virto naujais gaminiais. O kur buvo pad\u0117tas jai pritaikytas variklis? Ir kur d\u0117ti nelabai sen\u0105, ta\u010diau nud\u0117v\u0117t\u0105, sugedusi\u0105, nevert\u0105 taisyti elektrin\u0119 ma\u0161in\u0105 plastikiniu korpusu? O jei tai moderni elektronin\u0117, programuojama, kuria kas nors tik pa\u017eaid\u0117, bet taip ir nesusidraugavo, o gal net sugadino?<\/p>\n<p>Elektronin\u0117s siuvimo ma\u0161inos ar joms pritaikyti varikliai pagal savo kategorij\u0105 priskiriami elektronikai, o j\u0173 atliekos \u2013 elektronikos atliekoms. Tad jei tai nebereikalingas, sul\u016b\u017e\u0119s daiktas, kurio nebesinori ar nebeapsimoka taisyti \u2013 jis tur\u0117t\u0173 b\u016bti \u0161alinamas elektronikos atliek\u0173 surinkimo tinkle. Stambiagabarit\u0117ms elektronikos atliekoms skirtus konteinerius galite rasti stambiagabari\u010di\u0173 atliek\u0173 surinkimo aik\u0161tel\u0117se ar \u0161alia prekybos centr\u0173. Varikliukas ir laid\u0173 jungtys gal\u0117t\u0173 b\u016bti i\u0161metami ir \u012f smulkiosioms atliekoms skirtus konteinerius. Juos galite rasti prekybos centruose, bibliotekose ar kitose \u012fstaigose.<\/p>\n<p>Kitas labai patogus b\u016bdas atsisveikinti su elektrine ar elektronine siuvimo ma\u0161ina \u2013 pasinaudoti nemokamo stambi\u0173j\u0173 elektronikos atliek\u0173 i\u0161ve\u017eimo i\u0161 nam\u0173 paslauga. Tai galima padaryti u\u017epild\u017eius <a href=\"https:\/\/epa.lt\/nemokamas-buitines-technikos-isvezimas\/\">www.epa.lt<\/a> svetain\u0117je patalpint\u0105 anket\u0105 arba paskambinus telefonu +370 695 55111. \u0160auni komanda i\u0161ne\u0161 i\u0161 j\u016bs\u0173 nam\u0173 ir i\u0161ve\u0161 sen\u0105 siuvimo ma\u0161in\u0105 nemokamai bei perduos j\u0105 licencijuotiems perdirb\u0117jams.<\/p>\n<p>O jeigu sena elektrin\u0117 ar elektronin\u0117 siuvimo ma\u0161ina ne tik kelia sentiment\u0173, bet vis dar veikia, tik tiek, kad neb\u0117ra \u017emogaus, kuriam b\u016bt\u0173 \u012fdomu ir prasminga \u0161iuo daikt\u0173 naudotis? Gali b\u016bti, kad j\u0105 pagamino pasaulyje garsus ir patikimas gamintojas, kurio gaminiai gars\u0117ja kokybe. Skelbimai apie parduodamus kokybi\u0161kus panaudotus daiktus dar ir kaip laukiami \u2013 bandykite parduoti. O gal nor\u0117tum\u0117te padovanoti siuvimo ma\u0161in\u0105 k\u016brybin\u0117ms dirbtuv\u0117ms, vaik\u0173 ugdymo \u012fstaigai, galb\u016bt net pa\u017e\u012fstamam ar artimam \u017emogui? Tegul daiktas ne stovi apdulk\u0117j\u0119s, o d\u016bzgia ir suteikia d\u017eiaugsmo naudotojui!<\/p>\n","protected":false},"excerpt":{"rendered":"<p>Turb\u016bt ne vienas esate mat\u0119 staliuk\u0173 su senos siuvimo ma\u0161inos \u201eSinger\u201c kojomis. Gra\u017eu ir tvaru, kai nebenaudojami daiktai \u012fgyja antr\u0105 gyvenim\u0105. Kojos virto staliuku ar kokia nors dekoracija, o pati ma\u0161ina grei\u010diausiai papuol\u0117 \u012f metalo lau\u017e\u0105, buvo perdirbta, virto naujais gaminiais. O kur buvo pad\u0117tas jai pritaikytas variklis? Ir kur d\u0117ti nelabai sen\u0105, ta\u010diau nud\u0117v\u0117t\u0105, [&hellip;]<\/p>\n","protected":false},"author":2,"featured_media":0,"parent":16,"menu_order":0,"comment_status":"closed","ping_status":"closed","template":"","meta":{"_acf_changed":false,"sfsi_plus_gutenberg_text_before_share":"","sfsi_plus_gutenberg_show_text_before_share":"","sfsi_plus_gutenberg_icon_type":"","sfsi_plus_gutenberg_icon_alignemt":"","sfsi_plus_gutenburg_max_per_row":"","footnotes":""},"class_list":["post-2343","page","type-page","status-publish","hentry"],"translation":{"provider":"WPGlobus","version":"3.0.0","language":"en","enabled_languages":["lt","en"],"languages":{"lt":{"title":true,"content":true,"excerpt":false},"en":{"title":false,"content":false,"excerpt":false}}},"acf":[],"yoast_head":"<!-- This site is optimized with the Yoast SEO Premium plugin v25.6 (Yoast SEO v25.6) - https:\/\/yoast.com\/wordpress\/plugins\/seo\/ -->\n<title>Kur d\u0117ti sen\u0105 siuvimo ma\u0161in\u0105? - EPA (Distributors of electronics association)<\/title>\n<meta name=\"robots\" content=\"index, follow, max-snippet:-1, max-image-preview:large, max-video-preview:-1\" \/>\n<link rel=\"canonical\" href=\"https:\/\/www.epa.lt\/duk\/kur-deti-sena-siuvimo-masina\/\" \/>\n<meta property=\"og:locale\" content=\"en_US\" \/>\n<meta property=\"og:type\" content=\"article\" \/>\n<meta property=\"og:title\" content=\"Kur d\u0117ti sen\u0105 siuvimo ma\u0161in\u0105? - EPA (Distributors of electronics association)\" \/>\n<meta property=\"og:url\" content=\"https:\/\/www.epa.lt\/duk\/kur-deti-sena-siuvimo-masina\/\" \/>\n<meta property=\"og:site_name\" content=\"EPA (Distributors of electronics association)\" \/>\n<meta property=\"article:publisher\" content=\"https:\/\/www.facebook.com\/asociacija.epa\" \/>\n<meta property=\"article:modified_time\" content=\"2025-02-08T08:47:55+00:00\" \/>\n<meta name=\"twitter:card\" content=\"summary_large_image\" \/>\n<meta name=\"twitter:label1\" content=\"Est. reading time\" \/>\n\t<meta name=\"twitter:data1\" content=\"2 minutes\" \/>\n<script type=\"application\/ld+json\" class=\"yoast-schema-graph\">{\"@context\":\"https:\/\/schema.org\",\"@graph\":[{\"@type\":\"WebPage\",\"@id\":\"https:\/\/www.epa.lt\/duk\/kur-deti-sena-siuvimo-masina\/\",\"url\":\"https:\/\/www.epa.lt\/duk\/kur-deti-sena-siuvimo-masina\/\",\"name\":\"Kur d\u0117ti sen\u0105 siuvimo ma\u0161in\u0105? - EPA (Distributors of electronics association)\",\"isPartOf\":{\"@id\":\"https:\/\/epa.lt\/en\/#website\"},\"datePublished\":\"2023-06-20T07:26:36+00:00\",\"dateModified\":\"2025-02-08T08:47:55+00:00\",\"description\":\"Daugiau informacijos apie tai, kur d\u0117ti sen\u0105 siuvimo ma\u0161in\u0105 su\u017einokite \u010dia!\",\"breadcrumb\":{\"@id\":\"https:\/\/www.epa.lt\/duk\/kur-deti-sena-siuvimo-masina\/#breadcrumb\"},\"inLanguage\":\"en-US\",\"potentialAction\":[{\"@type\":\"ReadAction\",\"target\":[\"https:\/\/www.epa.lt\/duk\/kur-deti-sena-siuvimo-masina\/\"]}]},{\"@type\":\"BreadcrumbList\",\"@id\":\"https:\/\/www.epa.lt\/duk\/kur-deti-sena-siuvimo-masina\/#breadcrumb\",\"itemListElement\":[{\"@type\":\"ListItem\",\"position\":1,\"name\":\"Home\",\"item\":\"https:\/\/epa.lt\/en\/\"},{\"@type\":\"ListItem\",\"position\":2,\"name\":\"Da\u017eniausiai u\u017eduodami klausimai apie elektronikos surinkim\u0105 (DUK)\",\"item\":\"https:\/\/epa.lt\/duk\/\"},{\"@type\":\"ListItem\",\"position\":3,\"name\":\"Kur d\u0117ti sen\u0105 siuvimo ma\u0161in\u0105?\"}]},{\"@type\":\"WebSite\",\"@id\":\"https:\/\/epa.lt\/en\/#website\",\"url\":\"https:\/\/epa.lt\/en\/\",\"name\":\"{:lt}EPA (Elektronikos platintoj\u0173 asociacija){:}{:en}EPA (Distributors of electronics association) {:}\",\"description\":\"Electronic waste management\",\"publisher\":{\"@id\":\"https:\/\/epa.lt\/en\/#organization\"},\"potentialAction\":[{\"@type\":\"SearchAction\",\"target\":{\"@type\":\"EntryPoint\",\"urlTemplate\":\"https:\/\/epa.lt\/en\/?s={search_term_string}\"},\"query-input\":{\"@type\":\"PropertyValueSpecification\",\"valueRequired\":true,\"valueName\":\"search_term_string\"}}],\"inLanguage\":\"en-US\"},{\"@type\":\"Organization\",\"@id\":\"https:\/\/epa.lt\/en\/#organization\",\"name\":\"{:lt}EPA (Elektronikos platintoj\u0173 asociacija){:}{:en}EPA (Distributors of electronics association) {:}\",\"url\":\"https:\/\/epa.lt\/en\/\",\"logo\":{\"@type\":\"ImageObject\",\"inLanguage\":\"en-US\",\"@id\":\"https:\/\/epa.lt\/en\/#\/schema\/logo\/image\/\",\"url\":\"https:\/\/www.epa.lt\/wp-content\/uploads\/2018\/04\/EPA_logo_RGB_t_vidus.png\",\"contentUrl\":\"https:\/\/www.epa.lt\/wp-content\/uploads\/2018\/04\/EPA_logo_RGB_t_vidus.png\",\"width\":945,\"height\":945,\"caption\":\"{:lt}EPA (Elektronikos platintoj\u0173 asociacija){:}{:en}EPA (Distributors of electronics association) {:}\"},\"image\":{\"@id\":\"https:\/\/epa.lt\/en\/#\/schema\/logo\/image\/\"},\"sameAs\":[\"https:\/\/www.facebook.com\/asociacija.epa\"]}]}<\/script>\n<!-- \/ Yoast SEO Premium plugin. -->","yoast_head_json":{"title":"Kur d\u0117ti sen\u0105 siuvimo ma\u0161in\u0105? - EPA (Distributors of electronics association)","robots":{"index":"index","follow":"follow","max-snippet":"max-snippet:-1","max-image-preview":"max-image-preview:large","max-video-preview":"max-video-preview:-1"},"canonical":"https:\/\/www.epa.lt\/duk\/kur-deti-sena-siuvimo-masina\/","og_locale":"en_US","og_type":"article","og_title":"Kur d\u0117ti sen\u0105 siuvimo ma\u0161in\u0105? - EPA (Distributors of electronics association)","og_url":"https:\/\/www.epa.lt\/duk\/kur-deti-sena-siuvimo-masina\/","og_site_name":"EPA (Distributors of electronics association)","article_publisher":"https:\/\/www.facebook.com\/asociacija.epa","article_modified_time":"2025-02-08T08:47:55+00:00","twitter_card":"summary_large_image","twitter_misc":{"Est. reading time":"2 minutes"},"schema":{"@context":"https:\/\/schema.org","@graph":[{"@type":"WebPage","@id":"https:\/\/www.epa.lt\/duk\/kur-deti-sena-siuvimo-masina\/","url":"https:\/\/www.epa.lt\/duk\/kur-deti-sena-siuvimo-masina\/","name":"Kur d\u0117ti sen\u0105 siuvimo ma\u0161in\u0105? - EPA (Distributors of electronics association)","isPartOf":{"@id":"https:\/\/epa.lt\/en\/#website"},"datePublished":"2023-06-20T07:26:36+00:00","dateModified":"2025-02-08T08:47:55+00:00","description":"Daugiau informacijos apie tai, kur d\u0117ti sen\u0105 siuvimo ma\u0161in\u0105 su\u017einokite \u010dia!","breadcrumb":{"@id":"https:\/\/www.epa.lt\/duk\/kur-deti-sena-siuvimo-masina\/#breadcrumb"},"inLanguage":"en-US","potentialAction":[{"@type":"ReadAction","target":["https:\/\/www.epa.lt\/duk\/kur-deti-sena-siuvimo-masina\/"]}]},{"@type":"BreadcrumbList","@id":"https:\/\/www.epa.lt\/duk\/kur-deti-sena-siuvimo-masina\/#breadcrumb","itemListElement":[{"@type":"ListItem","position":1,"name":"Home","item":"https:\/\/epa.lt\/en\/"},{"@type":"ListItem","position":2,"name":"Da\u017eniausiai u\u017eduodami klausimai apie elektronikos surinkim\u0105 (DUK)","item":"https:\/\/epa.lt\/duk\/"},{"@type":"ListItem","position":3,"name":"Kur d\u0117ti sen\u0105 siuvimo ma\u0161in\u0105?"}]},{"@type":"WebSite","@id":"https:\/\/epa.lt\/en\/#website","url":"https:\/\/epa.lt\/en\/","name":"{:lt}EPA (Elektronikos platintoj\u0173 asociacija){:}{:en}EPA (Distributors of electronics association) {:}","description":"Electronic waste management","publisher":{"@id":"https:\/\/epa.lt\/en\/#organization"},"potentialAction":[{"@type":"SearchAction","target":{"@type":"EntryPoint","urlTemplate":"https:\/\/epa.lt\/en\/?s={search_term_string}"},"query-input":{"@type":"PropertyValueSpecification","valueRequired":true,"valueName":"search_term_string"}}],"inLanguage":"en-US"},{"@type":"Organization","@id":"https:\/\/epa.lt\/en\/#organization","name":"{:lt}EPA (Elektronikos platintoj\u0173 asociacija){:}{:en}EPA (Distributors of electronics association) {:}","url":"https:\/\/epa.lt\/en\/","logo":{"@type":"ImageObject","inLanguage":"en-US","@id":"https:\/\/epa.lt\/en\/#\/schema\/logo\/image\/","url":"https:\/\/www.epa.lt\/wp-content\/uploads\/2018\/04\/EPA_logo_RGB_t_vidus.png","contentUrl":"https:\/\/www.epa.lt\/wp-content\/uploads\/2018\/04\/EPA_logo_RGB_t_vidus.png","width":945,"height":945,"caption":"{:lt}EPA (Elektronikos platintoj\u0173 asociacija){:}{:en}EPA (Distributors of electronics association) {:}"},"image":{"@id":"https:\/\/epa.lt\/en\/#\/schema\/logo\/image\/"},"sameAs":["https:\/\/www.facebook.com\/asociacija.epa"]}]}},"_links":{"self":[{"href":"https:\/\/www.epa.lt\/en\/wp-json\/wp\/v2\/pages\/2343","targetHints":{"allow":["GET"]}}],"collection":[{"href":"https:\/\/www.epa.lt\/en\/wp-json\/wp\/v2\/pages"}],"about":[{"href":"https:\/\/www.epa.lt\/en\/wp-json\/wp\/v2\/types\/page"}],"author":[{"embeddable":true,"href":"https:\/\/www.epa.lt\/en\/wp-json\/wp\/v2\/users\/2"}],"replies":[{"embeddable":true,"href":"https:\/\/www.epa.lt\/en\/wp-json\/wp\/v2\/comments?post=2343"}],"version-history":[{"count":3,"href":"https:\/\/www.epa.lt\/en\/wp-json\/wp\/v2\/pages\/2343\/revisions"}],"predecessor-version":[{"id":3213,"href":"https:\/\/www.epa.lt\/en\/wp-json\/wp\/v2\/pages\/2343\/revisions\/3213"}],"up":[{"embeddable":true,"href":"https:\/\/www.epa.lt\/en\/wp-json\/wp\/v2\/pages\/16"}],"wp:attachment":[{"href":"https:\/\/www.epa.lt\/en\/wp-json\/wp\/v2\/media?parent=2343"}],"curies":[{"name":"wp","href":"https:\/\/api.w.org\/{rel}","templated":true}]}}