{"id":2339,"date":"2023-06-20T10:25:58","date_gmt":"2023-06-20T07:25:58","guid":{"rendered":"https:\/\/www.epa.lt\/?page_id=2339"},"modified":"2025-02-08T11:47:40","modified_gmt":"2025-02-08T08:47:40","slug":"kur-deti-sena-saldytuva","status":"publish","type":"page","link":"https:\/\/www.epa.lt\/en\/duk\/kur-deti-sena-saldytuva\/","title":{"rendered":"Kur d\u0117ti sen\u0105 \u0161aldytuv\u0105?"},"content":{"rendered":"<p>Vyresni \u017emon\u0117s da\u017eniausiai neskuba atsisveikinti su senais daiktais, \u012fskaitant ir sen\u0105, burzgiant\u012f, virtuv\u0119 drebinant\u012f, elektr\u0105 ryjant\u012f, prastai \u0161aldant\u012f ar led\u0105 salono viduje spar\u010diai kaupiant\u012f \u0161aldytuv\u0105. Da\u017eniausiai tai lemia i\u0161 anks\u010diau paveld\u0117tas \u012fprotis naudoti daikt\u0105, kol tik jis atlieka savo funkcij\u0105. Gerai, jei tai \u2013 i\u0161 senel\u0117s ar prosenel\u0117s paveld\u0117ta spinta, lova, vaza ar kokybi\u0161kas kavos servizas. O jei elektronikos prietaisas?<\/p>\n<p><strong>Senas ir geras ar jau per senas?<\/strong><\/p>\n<p>Tobul\u0117jant technologijoms, naujesni elektronikos prietaisai \u2013 ir funkcionalesni, ir patogesni, ir taupesni. Nors ir nesivaikant naujien\u0173, visada verta pasvarstyti: ar senas \u0161aldytuvas vis dar geras, ar jau tikrai per senas. Elektronikos platintoj\u0173 asociacija (EPA) skatina atsaking\u0105 vartojim\u0105. Tai apima r\u016bpesting\u0105 naujo daikto pasirinkim\u0105, taisykling\u0105 jo naudojim\u0105 bei prie\u017ei\u016br\u0105, kuo ilgesn\u012f jo gyvavimo cikl\u0105, kai daiktas naudojamas, o vien tik u\u017eima viet\u0105 ar greitai i\u0161metamas.<\/p>\n<p>Tas pats pasakytina apie \u0161aldytuvus. Jeigu jau nutar\u0117me \u012fsigyti nauj\u0105, atkreipkime d\u0117mes\u012f, kiek patikimas yra jo gamintojas, koks garantinis laikotarpis, funkcionalumas ir pana\u0161iai. \u012esigij\u0119 daikt\u0105 vadovaukim\u0117s naudojimo instrukcija, reaguokime \u012f sutrikimus i\u0161duodan\u010dius po\u017eymius. I\u0161 toki\u0173 po\u017eymi\u0173 \u012fvardijamas per didelis kondensatas, ne\u012fprastai kar\u0161tas \u0161aldytuvo korpusas, \u0161aldytuvo salono temperat\u016bra ma\u017eesn\u0117 nei \u012fprasta ar nustat\u0117me, grei\u010diau genda maistas, \u0161aldytuvas kelia didel\u012f triuk\u0161m\u0105, tr\u016bksta sklandumo ir lengvumo darin\u0117jant \u0161aldytuvo dureles, \u0161alia prietaiso jau\u010diamas svil\u0117si\u0173 kvapas. Visa tai \u2013 \u017eenklai, kad reikia nieko nelaukiant kreiptis \u012f buitin\u0117s technikos taisymo meistr\u0105.<\/p>\n<p>Paprastai rekomenduojama vadovautis formule: jei remontas nevir\u0161ija 50 proc. naujo daikto vert\u0117s, taisykime. Ir tik tada, jei gedimas seka gedim\u0105, prietaisas tapo nesaugus ar neekonomi\u0161kas, svarstykime apie nauj\u0105 pirkin\u012f.<\/p>\n<p><strong>Atsisveikinti patogu ir nekainuoja<\/strong><\/p>\n<p>Neretai sprendimui sen\u0105 \u0161aldytuv\u0105 pakeisti nauju trukdo mintis, kad reik\u0117s atsikratyti seno lau\u017eo u\u017etruks, senas daiktas u\u017eims viet\u0105, bus nepatogu ir nejauku. Ne kiekvien\u0105 dien\u0105 i\u0161metame tokius didelius daiktus, tad ne visi \u017eino, kad Lietuvoje tai daryti paprasta.<\/p>\n<p>Elektronikos platintoj\u0173 asociacija (EPA) jau daugiau kaip 10 met\u0173 stambiosios elektronikos atliekas i\u0161ve\u017ea i\u0161 nam\u0173 nemokamai. Galima lengvai u\u017epildyti anket\u0105 <a href=\"https:\/\/epa.lt\/nemokamas-buitines-technikos-isvezimas\/\">www.epa.lt<\/a> svetain\u0117je, ir EPA komanda pasir\u016bpins jums patogiu metu i\u0161ne\u0161ti ir i\u0161ve\u017eti sen\u0105 j\u016bs\u0173 \u0161aldymo \u012frang\u0105. O jei turite galimyb\u0119 \u0161aldytuv\u0105 i\u0161gabenti patys, \u0161ioje svetain\u0117je rasite elektronikos atliek\u0173 surinkimo viet\u0173 s\u0105ra\u0161\u0105. Arba tiesiog paskambinkite telefonu +370 695 55111 \u2013 gausite nemokamo elektronikos atliekos i\u0161ve\u017eimo i\u0161 nam\u0173 paslaug\u0105.<\/p>\n","protected":false},"excerpt":{"rendered":"<p>Vyresni \u017emon\u0117s da\u017eniausiai neskuba atsisveikinti su senais daiktais, \u012fskaitant ir sen\u0105, burzgiant\u012f, virtuv\u0119 drebinant\u012f, elektr\u0105 ryjant\u012f, prastai \u0161aldant\u012f ar led\u0105 salono viduje spar\u010diai kaupiant\u012f \u0161aldytuv\u0105. Da\u017eniausiai tai lemia i\u0161 anks\u010diau paveld\u0117tas \u012fprotis naudoti daikt\u0105, kol tik jis atlieka savo funkcij\u0105. Gerai, jei tai \u2013 i\u0161 senel\u0117s ar prosenel\u0117s paveld\u0117ta spinta, lova, vaza ar kokybi\u0161kas kavos [&hellip;]<\/p>\n","protected":false},"author":2,"featured_media":0,"parent":16,"menu_order":0,"comment_status":"closed","ping_status":"closed","template":"","meta":{"_acf_changed":false,"sfsi_plus_gutenberg_text_before_share":"","sfsi_plus_gutenberg_show_text_before_share":"","sfsi_plus_gutenberg_icon_type":"","sfsi_plus_gutenberg_icon_alignemt":"","sfsi_plus_gutenburg_max_per_row":"","footnotes":""},"class_list":["post-2339","page","type-page","status-publish","hentry"],"translation":{"provider":"WPGlobus","version":"3.0.0","language":"en","enabled_languages":["lt","en"],"languages":{"lt":{"title":true,"content":true,"excerpt":false},"en":{"title":false,"content":false,"excerpt":false}}},"acf":[],"yoast_head":"<!-- This site is optimized with the Yoast SEO Premium plugin v25.6 (Yoast SEO v25.6) - https:\/\/yoast.com\/wordpress\/plugins\/seo\/ -->\n<title>Kur d\u0117ti sen\u0105 \u0161aldytuv\u0105? - EPA (Distributors of electronics association)<\/title>\n<meta name=\"robots\" content=\"index, follow, max-snippet:-1, max-image-preview:large, max-video-preview:-1\" \/>\n<link rel=\"canonical\" href=\"https:\/\/www.epa.lt\/duk\/kur-deti-sena-saldytuva\/\" \/>\n<meta property=\"og:locale\" content=\"en_US\" \/>\n<meta property=\"og:type\" content=\"article\" \/>\n<meta property=\"og:title\" content=\"Kur d\u0117ti sen\u0105 \u0161aldytuv\u0105? - EPA (Distributors of electronics association)\" \/>\n<meta property=\"og:url\" content=\"https:\/\/www.epa.lt\/duk\/kur-deti-sena-saldytuva\/\" \/>\n<meta property=\"og:site_name\" content=\"EPA (Distributors of electronics association)\" \/>\n<meta property=\"article:publisher\" content=\"https:\/\/www.facebook.com\/asociacija.epa\" \/>\n<meta property=\"article:modified_time\" content=\"2025-02-08T08:47:40+00:00\" \/>\n<meta name=\"twitter:card\" content=\"summary_large_image\" \/>\n<meta name=\"twitter:label1\" content=\"Est. reading time\" \/>\n\t<meta name=\"twitter:data1\" content=\"2 minutes\" \/>\n<script type=\"application\/ld+json\" class=\"yoast-schema-graph\">{\"@context\":\"https:\/\/schema.org\",\"@graph\":[{\"@type\":\"WebPage\",\"@id\":\"https:\/\/www.epa.lt\/duk\/kur-deti-sena-saldytuva\/\",\"url\":\"https:\/\/www.epa.lt\/duk\/kur-deti-sena-saldytuva\/\",\"name\":\"Kur d\u0117ti sen\u0105 \u0161aldytuv\u0105? - EPA (Distributors of electronics association)\",\"isPartOf\":{\"@id\":\"https:\/\/epa.lt\/en\/#website\"},\"datePublished\":\"2023-06-20T07:25:58+00:00\",\"dateModified\":\"2025-02-08T08:47:40+00:00\",\"description\":\"Daugiau informacijos apie tai, kur d\u0117ti sen\u0105 \u0161aldytuv\u0105. Skaitykite \u010dia!\",\"breadcrumb\":{\"@id\":\"https:\/\/www.epa.lt\/duk\/kur-deti-sena-saldytuva\/#breadcrumb\"},\"inLanguage\":\"en-US\",\"potentialAction\":[{\"@type\":\"ReadAction\",\"target\":[\"https:\/\/www.epa.lt\/duk\/kur-deti-sena-saldytuva\/\"]}]},{\"@type\":\"BreadcrumbList\",\"@id\":\"https:\/\/www.epa.lt\/duk\/kur-deti-sena-saldytuva\/#breadcrumb\",\"itemListElement\":[{\"@type\":\"ListItem\",\"position\":1,\"name\":\"Home\",\"item\":\"https:\/\/epa.lt\/en\/\"},{\"@type\":\"ListItem\",\"position\":2,\"name\":\"Da\u017eniausiai u\u017eduodami klausimai apie elektronikos surinkim\u0105 (DUK)\",\"item\":\"https:\/\/epa.lt\/en\/duk\/\"},{\"@type\":\"ListItem\",\"position\":3,\"name\":\"Kur d\u0117ti sen\u0105 \u0161aldytuv\u0105?\"}]},{\"@type\":\"WebSite\",\"@id\":\"https:\/\/epa.lt\/en\/#website\",\"url\":\"https:\/\/epa.lt\/en\/\",\"name\":\"{:lt}EPA (Elektronikos platintoj\u0173 asociacija){:}{:en}EPA (Distributors of electronics association) {:}\",\"description\":\"Electronic waste management\",\"publisher\":{\"@id\":\"https:\/\/epa.lt\/en\/#organization\"},\"potentialAction\":[{\"@type\":\"SearchAction\",\"target\":{\"@type\":\"EntryPoint\",\"urlTemplate\":\"https:\/\/epa.lt\/en\/?s={search_term_string}\"},\"query-input\":{\"@type\":\"PropertyValueSpecification\",\"valueRequired\":true,\"valueName\":\"search_term_string\"}}],\"inLanguage\":\"en-US\"},{\"@type\":\"Organization\",\"@id\":\"https:\/\/epa.lt\/en\/#organization\",\"name\":\"{:lt}EPA (Elektronikos platintoj\u0173 asociacija){:}{:en}EPA (Distributors of electronics association) {:}\",\"url\":\"https:\/\/epa.lt\/en\/\",\"logo\":{\"@type\":\"ImageObject\",\"inLanguage\":\"en-US\",\"@id\":\"https:\/\/epa.lt\/en\/#\/schema\/logo\/image\/\",\"url\":\"https:\/\/www.epa.lt\/wp-content\/uploads\/2018\/04\/EPA_logo_RGB_t_vidus.png\",\"contentUrl\":\"https:\/\/www.epa.lt\/wp-content\/uploads\/2018\/04\/EPA_logo_RGB_t_vidus.png\",\"width\":945,\"height\":945,\"caption\":\"{:lt}EPA (Elektronikos platintoj\u0173 asociacija){:}{:en}EPA (Distributors of electronics association) {:}\"},\"image\":{\"@id\":\"https:\/\/epa.lt\/en\/#\/schema\/logo\/image\/\"},\"sameAs\":[\"https:\/\/www.facebook.com\/asociacija.epa\"]}]}<\/script>\n<!-- \/ Yoast SEO Premium plugin. -->","yoast_head_json":{"title":"Kur d\u0117ti sen\u0105 \u0161aldytuv\u0105? - EPA (Distributors of electronics association)","robots":{"index":"index","follow":"follow","max-snippet":"max-snippet:-1","max-image-preview":"max-image-preview:large","max-video-preview":"max-video-preview:-1"},"canonical":"https:\/\/www.epa.lt\/duk\/kur-deti-sena-saldytuva\/","og_locale":"en_US","og_type":"article","og_title":"Kur d\u0117ti sen\u0105 \u0161aldytuv\u0105? - EPA (Distributors of electronics association)","og_url":"https:\/\/www.epa.lt\/duk\/kur-deti-sena-saldytuva\/","og_site_name":"EPA (Distributors of electronics association)","article_publisher":"https:\/\/www.facebook.com\/asociacija.epa","article_modified_time":"2025-02-08T08:47:40+00:00","twitter_card":"summary_large_image","twitter_misc":{"Est. reading time":"2 minutes"},"schema":{"@context":"https:\/\/schema.org","@graph":[{"@type":"WebPage","@id":"https:\/\/www.epa.lt\/duk\/kur-deti-sena-saldytuva\/","url":"https:\/\/www.epa.lt\/duk\/kur-deti-sena-saldytuva\/","name":"Kur d\u0117ti sen\u0105 \u0161aldytuv\u0105? - EPA (Distributors of electronics association)","isPartOf":{"@id":"https:\/\/epa.lt\/en\/#website"},"datePublished":"2023-06-20T07:25:58+00:00","dateModified":"2025-02-08T08:47:40+00:00","description":"Daugiau informacijos apie tai, kur d\u0117ti sen\u0105 \u0161aldytuv\u0105. Skaitykite \u010dia!","breadcrumb":{"@id":"https:\/\/www.epa.lt\/duk\/kur-deti-sena-saldytuva\/#breadcrumb"},"inLanguage":"en-US","potentialAction":[{"@type":"ReadAction","target":["https:\/\/www.epa.lt\/duk\/kur-deti-sena-saldytuva\/"]}]},{"@type":"BreadcrumbList","@id":"https:\/\/www.epa.lt\/duk\/kur-deti-sena-saldytuva\/#breadcrumb","itemListElement":[{"@type":"ListItem","position":1,"name":"Home","item":"https:\/\/epa.lt\/en\/"},{"@type":"ListItem","position":2,"name":"Da\u017eniausiai u\u017eduodami klausimai apie elektronikos surinkim\u0105 (DUK)","item":"https:\/\/epa.lt\/en\/duk\/"},{"@type":"ListItem","position":3,"name":"Kur d\u0117ti sen\u0105 \u0161aldytuv\u0105?"}]},{"@type":"WebSite","@id":"https:\/\/epa.lt\/en\/#website","url":"https:\/\/epa.lt\/en\/","name":"{:lt}EPA (Elektronikos platintoj\u0173 asociacija){:}{:en}EPA (Distributors of electronics association) {:}","description":"Electronic waste management","publisher":{"@id":"https:\/\/epa.lt\/en\/#organization"},"potentialAction":[{"@type":"SearchAction","target":{"@type":"EntryPoint","urlTemplate":"https:\/\/epa.lt\/en\/?s={search_term_string}"},"query-input":{"@type":"PropertyValueSpecification","valueRequired":true,"valueName":"search_term_string"}}],"inLanguage":"en-US"},{"@type":"Organization","@id":"https:\/\/epa.lt\/en\/#organization","name":"{:lt}EPA (Elektronikos platintoj\u0173 asociacija){:}{:en}EPA (Distributors of electronics association) {:}","url":"https:\/\/epa.lt\/en\/","logo":{"@type":"ImageObject","inLanguage":"en-US","@id":"https:\/\/epa.lt\/en\/#\/schema\/logo\/image\/","url":"https:\/\/www.epa.lt\/wp-content\/uploads\/2018\/04\/EPA_logo_RGB_t_vidus.png","contentUrl":"https:\/\/www.epa.lt\/wp-content\/uploads\/2018\/04\/EPA_logo_RGB_t_vidus.png","width":945,"height":945,"caption":"{:lt}EPA (Elektronikos platintoj\u0173 asociacija){:}{:en}EPA (Distributors of electronics association) {:}"},"image":{"@id":"https:\/\/epa.lt\/en\/#\/schema\/logo\/image\/"},"sameAs":["https:\/\/www.facebook.com\/asociacija.epa"]}]}},"_links":{"self":[{"href":"https:\/\/www.epa.lt\/en\/wp-json\/wp\/v2\/pages\/2339","targetHints":{"allow":["GET"]}}],"collection":[{"href":"https:\/\/www.epa.lt\/en\/wp-json\/wp\/v2\/pages"}],"about":[{"href":"https:\/\/www.epa.lt\/en\/wp-json\/wp\/v2\/types\/page"}],"author":[{"embeddable":true,"href":"https:\/\/www.epa.lt\/en\/wp-json\/wp\/v2\/users\/2"}],"replies":[{"embeddable":true,"href":"https:\/\/www.epa.lt\/en\/wp-json\/wp\/v2\/comments?post=2339"}],"version-history":[{"count":4,"href":"https:\/\/www.epa.lt\/en\/wp-json\/wp\/v2\/pages\/2339\/revisions"}],"predecessor-version":[{"id":3212,"href":"https:\/\/www.epa.lt\/en\/wp-json\/wp\/v2\/pages\/2339\/revisions\/3212"}],"up":[{"embeddable":true,"href":"https:\/\/www.epa.lt\/en\/wp-json\/wp\/v2\/pages\/16"}],"wp:attachment":[{"href":"https:\/\/www.epa.lt\/en\/wp-json\/wp\/v2\/media?parent=2339"}],"curies":[{"name":"wp","href":"https:\/\/api.w.org\/{rel}","templated":true}]}}