{"id":2337,"date":"2023-06-20T10:25:38","date_gmt":"2023-06-20T07:25:38","guid":{"rendered":"https:\/\/www.epa.lt\/?page_id=2337"},"modified":"2025-02-08T11:48:18","modified_gmt":"2025-02-08T08:48:18","slug":"kur-deti-sena-skalbimo-masina","status":"publish","type":"page","link":"https:\/\/www.epa.lt\/en\/duk\/kur-deti-sena-skalbimo-masina\/","title":{"rendered":"Kur d\u0117ti sen\u0105 skalbimo ma\u0161in\u0105?"},"content":{"rendered":"<p>Atsiradus pirmosioms skalbimo ma\u0161inoms kai kurios moterys, \u012fpratusios skalbti rankomis, sakydavo, kad senuoju j\u0173 b\u016bdu i\u0161skalbti drabu\u017eiai atrodo ir \u0161varesni, ir gra\u017eesni. Jos tvirtindavo, kad po skalbimo ma\u0161ina audiniai praranda savo geriausias savybes, o r\u016bbai \u2013 puikias siuv\u0117jo sukurtas formas. Vis d\u0117lto ilgainiui be skalbimo ma\u0161inos nam\u0173 \u016bkis tapo ne\u012fsivaizduojamas, o \u0161iam prietaisui sugedus daugelis m\u016bs\u0173 nieko nedelsdami imasi veiksm\u0173. Siekiama kuo grei\u010diau skalbimo ma\u0161in\u0105 sutaisyti ar j\u0105 pakeisti nauja.<\/p>\n<p><strong>Kada senoji skalbimo ma\u0161ina vis dar puikiai tinkama <\/strong><\/p>\n<p>Turb\u016bt daugelis sutiks, kad pirmiausia s\u0105lyga, kad senoji ma\u0161ina vis dar b\u016bt\u0173 mums reikalinga bei naudinga, yra ta, kad ji i\u0161skalbt\u0173. Kita vertus, nor\u0117t\u0173si, kad \u0161i funkcija veikt\u0173 kokybi\u0161kai, be trikd\u017ei\u0173, negadint\u0173 drabu\u017ei\u0173, tinkamai juos i\u0161skalaut\u0173, kad procesas nestrigt\u0173, vanduo tinkamu ir saugiu b\u016bdu pripildyt\u0173 bak\u0105 ir b\u016bt\u0173 saugiai i\u0161 jo i\u0161pumpuojamas. Tikrai niekam nepatinka, jei skalbimo metu ant patalpos i\u0161silieja bala. O jeigu pripumpuojame \u0161alto vandens, nustatome norim\u0105 temperat\u016br\u0105, bet vanduo nesu\u0161yla? Galimi keletas ypa\u010d svarbi\u0173 gedim\u0173, d\u0117l kuri\u0173 m\u016bs\u0173 skalbimo patirtis bus nemaloni ar netgi nepatenkinama.<\/p>\n<p>Kita vertus, netgi atrodantis rimtas gedimas gali b\u016bti nesunkiai ir netgi nebrangiai pa\u0161alinamas, jei prietaisas pateks \u012f patikimo meistro rankas. Buitin\u0117s technikos remonto \u012fmon\u0117s si\u016blo ir meistro paslaugas namuose, vietoje sugedusio daikto si\u016blo laikin\u0105 pakaitin\u012f remonto metu, turi sutartis su gaminio detali\u0173 tiek\u0117jais bei reikaling\u0105 patirt\u012f. Elektronikos platintoj\u0173 asociacija (EPA) rekomenduoja laikytis atsakingo vartojimo princip\u0173 bei rinktis taisyti prietaisus, kai \u0161ios paslaugos kaina nevir\u0161ija naujo prietaiso kainos. Ypa\u010d tada, kai esame \u012fprat\u0119 prie senesnio gerai funkcionavusio prietaiso ar \u0161iuo prietaisu naudojosi asmuo, kuriam b\u016bt\u0173 sunkiau \u012fvaldyti modernesnio daikto funkcionalumus.<\/p>\n<p>Bet kuriuo atveju patartina \u012fvertinti, kur daugiau i\u0161lo\u0161ime: patais\u0119, o v\u0117liau naudodamiesi neblogai veikian\u010dia ir daug vandens ir elektros energijos vartojan\u010dia skalbykle, ar j\u0105 pakeit\u0119 nauja taupesne ir funkcionalesne skalbimo ma\u0161ina. Kai kurie \u017emon\u0117s geriau jau\u010diasi, kai i\u0161meta kuo ma\u017eiau daikt\u0173, tuo tarpu kiti pasikliauja \u017eiedin\u0117s ekonomikos principu: perduodame \u012f \u012fgaliot\u0173 perdirb\u0117j\u0173 rankas, sudarydami galimyb\u0119 atliekoms virsti \u017ealiavomis ir galiausiai \u2013 nauju gaminiu. \u0160iuo atveju principas ir id\u0117ja lengviau suvokiami nei kokia nors formul\u0117, pagal kuri\u0105 \u012fvertintume kiekvieno sprendimo privalumus ar tr\u016bkumus.<\/p>\n<p><strong>Jeigu nutar\u0117te su sen\u0105ja skalbykle atsisveikinti<\/strong><\/p>\n<p>Jeigu vis d\u0117lto radote pakankamai argument\u0173, kod\u0117l geriau sen\u0105j\u0105 skalbimo ma\u0161in\u0105 pakeisti nauja, gali kilti klausimas, kur d\u0117ti sen\u0105j\u0105. K\u0105 daryti, jeigu ji dar veikia? Bandykite j\u0105 perduoti \u012f antras rankas: parduokite arba padovanokite. \u0160iais laikais yra ne viena interneto platforma, per kuri\u0105 galite u\u017e tam tikr\u0105 sum\u0105 ar u\u017e dyk\u0105 pasi\u016blyti veikiant\u012f daikt\u0105.<\/p>\n<p>Kitas klausimas, jei skalbimo ma\u0161ina \u2013 ne tik sena, bet pastaruoju metu nuolat gedo, kol sugedo nepataisomai. O jei ir pataisomai, tai remontuoti nebeapsimoka. Normalu, jei nutar\u0117te su ja atsisveikinti. Ir tikriausiai nor\u0117tum\u0117te, kad tai \u012fvykt\u0173 kuo grei\u010diau. Galb\u016bt sukate galv\u0105, kas gal\u0117t\u0173 pad\u0117ti j\u0105 nune\u0161ti iki j\u016bs\u0173 automobilio, pad\u0117t\u0173 \u012fkrauti ar i\u0161krauti, ne\u017einote, kur yra artimiausia stambiagabari\u010di\u0173 atliek\u0173 surinkimo aik\u0161tel\u0117. O gal yra ir kit\u0173 viet\u0173, kur galima palikti ar atiduoti nebereikaling\u0105 stambiosios elektronikos lau\u017e\u0105?<\/p>\n<p>Lietuvoje yra sukurtas efektyvus stambiosios elektronikos atliek\u0173 surinkimo tinklas, o j\u016bs\u0173 skalbimo ma\u0161ina, jei tik ji veikia naudodama elektros energij\u0105, yra elektros arba elektronikos gaminys. \u0160i\u0173 gamini\u0173 atliekos \u2013 tai elektronikos atliekos. Min\u0117t\u0173 atliek\u0173 surinkimo viet\u0173 s\u0105ra\u0161\u0105 galite rasti <a href=\"https:\/\/epa.lt\/nemokamas-buitines-technikos-isvezimas\/\">www.epa.lt<\/a> svetain\u0117je. \u010cia taip pat galite u\u017epildyti anket\u0105, pagal kuri\u0105 bus suplanuotas j\u016bs\u0173 senos skalbimo ma\u0161inos i\u0161ve\u017eimas i\u0161 nam\u0173. Jei patogu, galite tiesiog paskambinti telefonu +370 695 55111 ir gauti analogi\u0161k\u0105 paslaug\u0105. EPA komanda i\u0161ne\u0161 i\u0161 j\u016bs\u0173 nam\u0173 ir i\u0161ve\u0161 sen\u0105 skalbykl\u0119 nemokamai bei perduos j\u0105 \u012f \u012fgaliot\u0173 perdirb\u0117j\u0173 rankas. Perdirbimo metu i\u0161gautos naudingos \u017ealiavos bus panaudotos nauj\u0173 prietais\u0173 gamybai!<\/p>\n<p>Ne paslaptis, kad seni elektronikos prietaisai domina ir nelegalius perdirb\u0117jus. Jie da\u017eniausiai skelbia paimantys i\u0161 nam\u0173 elektronikos lau\u017e\u0105, ta\u010diau nenurodo ne savo \u012fmon\u0117s pavadinimo, nei adreso ar interneto svetain\u0117s. B\u0117da ta, kad tokie atliek\u0173 surink\u0117jai ardo elektronik\u0105, i\u0161imdami i\u0161 jos tik pa\u010dias vertingiausias dalis, o visa, kas liko, patenka \u012f s\u0105vartynus, kuri\u0173 dalis irgi gali b\u016bti neteis\u0117ti. Taip padaroma did\u017eiul\u0117 \u017eala gamtai, o aplinkoje pasklidusios kenksmingos med\u017eiagos per dirvo\u017eem\u012f, vanden\u012f turi neigiam\u0105 poveik\u012f \u017emoni\u0173 sveikatai. Tod\u0117l der\u0117t\u0173 b\u016bti atsakingiems ir atsakingai \u0161alinti stambiosios elektronikos atliekas.<\/p>\n<p><strong>K\u0105 gero gal\u0117t\u0173 duoti nauja skalbimo ma\u0161ina<\/strong><\/p>\n<p>Vaikytis naujovi\u0173 vien d\u0117l naujumo \u2013 neatsakinga. Pasitaiko, kad \u017emones apsvaigina daikto funkcionalum\u0173 s\u0105ra\u0161as, o kai reikia tomis funkcijomis naudotis \u2013 jos pasirodo netgi nereikalingos. Tod\u0117l tikrai der\u0117t\u0173 i\u0161siai\u0161kinti, ko mums i\u0161 ties\u0173 reikia ar nereikia. Pavyzd\u017eiui, ar tikrai taip svarbu sutaupyti elektros energij\u0105, jei esame \u012fsireng\u0119 namuose galing\u0105 saul\u0117s elektrin\u0119 ir netgi turime elektros energijos kaupikl\u012f, savo pa\u010di\u0173 pagaminamos energijos nesunaudojame?<\/p>\n<p>\u0160iuolaikin\u0117s naujos kartos skalbykl\u0117s padeda taupyti vanden\u012f, elektr\u0105 ir skalbimo priemones \u2013 daugeliui tai gali b\u016bti aktualu. Dar kitos funkcijos suteikia galimyb\u0119 ilgiau i\u0161laikyti drabu\u017eio spalvas, skalbti \u017eemesn\u0117s temperat\u016bros vandenyje. Ir argi ne tiesa, kad drabu\u017eis tampa nebemielas vien tod\u0117l, kad prastai skalbiamas ar d\u017eiovinamas greitai praranda ger\u0105 i\u0161vaizd\u0105? Vadinasi, rinkdamiesi taupyti pasilik\u0119 sen\u0105 skalbimo ma\u0161in\u0105, galime patirti praradim\u0173 kitose savo \u0161eimos biud\u017eeto eilut\u0117se. Kitaip sakant, rinkdamiesi sen\u0105 ar nauj\u0105 prietais\u0105, tur\u0117tume atsakyti \u012f kur kas daugiau klausim\u0173 nei daugelis esame \u012fprat\u0119.<\/p>\n","protected":false},"excerpt":{"rendered":"<p>Atsiradus pirmosioms skalbimo ma\u0161inoms kai kurios moterys, \u012fpratusios skalbti rankomis, sakydavo, kad senuoju j\u0173 b\u016bdu i\u0161skalbti drabu\u017eiai atrodo ir \u0161varesni, ir gra\u017eesni. Jos tvirtindavo, kad po skalbimo ma\u0161ina audiniai praranda savo geriausias savybes, o r\u016bbai \u2013 puikias siuv\u0117jo sukurtas formas. Vis d\u0117lto ilgainiui be skalbimo ma\u0161inos nam\u0173 \u016bkis tapo ne\u012fsivaizduojamas, o \u0161iam prietaisui sugedus daugelis [&hellip;]<\/p>\n","protected":false},"author":2,"featured_media":0,"parent":16,"menu_order":0,"comment_status":"closed","ping_status":"closed","template":"","meta":{"_acf_changed":false,"sfsi_plus_gutenberg_text_before_share":"","sfsi_plus_gutenberg_show_text_before_share":"","sfsi_plus_gutenberg_icon_type":"","sfsi_plus_gutenberg_icon_alignemt":"","sfsi_plus_gutenburg_max_per_row":"","footnotes":""},"class_list":["post-2337","page","type-page","status-publish","hentry"],"translation":{"provider":"WPGlobus","version":"3.0.0","language":"en","enabled_languages":["lt","en"],"languages":{"lt":{"title":true,"content":true,"excerpt":false},"en":{"title":false,"content":false,"excerpt":false}}},"acf":[],"yoast_head":"<!-- This site is optimized with the Yoast SEO Premium plugin v25.6 (Yoast SEO v25.6) - https:\/\/yoast.com\/wordpress\/plugins\/seo\/ -->\n<title>Kur d\u0117ti sen\u0105 skalbimo ma\u0161in\u0105? - EPA (Distributors of electronics association)<\/title>\n<meta name=\"robots\" content=\"index, follow, max-snippet:-1, max-image-preview:large, max-video-preview:-1\" \/>\n<link rel=\"canonical\" href=\"https:\/\/epa.lt\/duk\/kur-deti-sena-skalbimo-masina\/\" \/>\n<meta property=\"og:locale\" content=\"en_US\" \/>\n<meta property=\"og:type\" content=\"article\" \/>\n<meta property=\"og:title\" content=\"Kur d\u0117ti sen\u0105 skalbimo ma\u0161in\u0105? - EPA (Distributors of electronics association)\" \/>\n<meta property=\"og:url\" content=\"https:\/\/epa.lt\/duk\/kur-deti-sena-skalbimo-masina\/\" \/>\n<meta property=\"og:site_name\" content=\"EPA (Distributors of electronics association)\" \/>\n<meta property=\"article:publisher\" content=\"https:\/\/www.facebook.com\/asociacija.epa\" \/>\n<meta property=\"article:modified_time\" content=\"2025-02-08T08:48:18+00:00\" \/>\n<meta name=\"twitter:card\" content=\"summary_large_image\" \/>\n<meta name=\"twitter:label1\" content=\"Est. reading time\" \/>\n\t<meta name=\"twitter:data1\" content=\"5 minutes\" \/>\n<script type=\"application\/ld+json\" class=\"yoast-schema-graph\">{\"@context\":\"https:\/\/schema.org\",\"@graph\":[{\"@type\":\"WebPage\",\"@id\":\"https:\/\/epa.lt\/duk\/kur-deti-sena-skalbimo-masina\/\",\"url\":\"https:\/\/epa.lt\/duk\/kur-deti-sena-skalbimo-masina\/\",\"name\":\"Kur d\u0117ti sen\u0105 skalbimo ma\u0161in\u0105? - EPA (Distributors of electronics association)\",\"isPartOf\":{\"@id\":\"https:\/\/www.epa.lt\/#website\"},\"datePublished\":\"2023-06-20T07:25:38+00:00\",\"dateModified\":\"2025-02-08T08:48:18+00:00\",\"description\":\"Daugiau informacijos apie tai, k\u0105 daryti su sena skalbimo ma\u0161ina skaitykite \u010dia!\",\"breadcrumb\":{\"@id\":\"https:\/\/epa.lt\/duk\/kur-deti-sena-skalbimo-masina\/#breadcrumb\"},\"inLanguage\":\"en-US\",\"potentialAction\":[{\"@type\":\"ReadAction\",\"target\":[\"https:\/\/epa.lt\/duk\/kur-deti-sena-skalbimo-masina\/\"]}]},{\"@type\":\"BreadcrumbList\",\"@id\":\"https:\/\/epa.lt\/duk\/kur-deti-sena-skalbimo-masina\/#breadcrumb\",\"itemListElement\":[{\"@type\":\"ListItem\",\"position\":1,\"name\":\"Home\",\"item\":\"https:\/\/www.epa.lt\/\"},{\"@type\":\"ListItem\",\"position\":2,\"name\":\"Da\u017eniausiai u\u017eduodami klausimai apie elektronikos surinkim\u0105 (DUK)\",\"item\":\"https:\/\/www.epa.lt\/duk\/\"},{\"@type\":\"ListItem\",\"position\":3,\"name\":\"Kur d\u0117ti sen\u0105 skalbimo ma\u0161in\u0105?\"}]},{\"@type\":\"WebSite\",\"@id\":\"https:\/\/www.epa.lt\/#website\",\"url\":\"https:\/\/www.epa.lt\/\",\"name\":\"{:lt}EPA (Elektronikos platintoj\u0173 asociacija){:}{:en}EPA (Distributors of electronics association) {:}\",\"description\":\"Electronic waste management\",\"publisher\":{\"@id\":\"https:\/\/www.epa.lt\/#organization\"},\"potentialAction\":[{\"@type\":\"SearchAction\",\"target\":{\"@type\":\"EntryPoint\",\"urlTemplate\":\"https:\/\/www.epa.lt\/?s={search_term_string}\"},\"query-input\":{\"@type\":\"PropertyValueSpecification\",\"valueRequired\":true,\"valueName\":\"search_term_string\"}}],\"inLanguage\":\"en-US\"},{\"@type\":\"Organization\",\"@id\":\"https:\/\/www.epa.lt\/#organization\",\"name\":\"{:lt}EPA (Elektronikos platintoj\u0173 asociacija){:}{:en}EPA (Distributors of electronics association) {:}\",\"url\":\"https:\/\/www.epa.lt\/\",\"logo\":{\"@type\":\"ImageObject\",\"inLanguage\":\"en-US\",\"@id\":\"https:\/\/www.epa.lt\/#\/schema\/logo\/image\/\",\"url\":\"https:\/\/www.epa.lt\/wp-content\/uploads\/2018\/04\/EPA_logo_RGB_t_vidus.png\",\"contentUrl\":\"https:\/\/www.epa.lt\/wp-content\/uploads\/2018\/04\/EPA_logo_RGB_t_vidus.png\",\"width\":945,\"height\":945,\"caption\":\"{:lt}EPA (Elektronikos platintoj\u0173 asociacija){:}{:en}EPA (Distributors of electronics association) {:}\"},\"image\":{\"@id\":\"https:\/\/www.epa.lt\/#\/schema\/logo\/image\/\"},\"sameAs\":[\"https:\/\/www.facebook.com\/asociacija.epa\"]}]}<\/script>\n<!-- \/ Yoast SEO Premium plugin. -->","yoast_head_json":{"title":"Kur d\u0117ti sen\u0105 skalbimo ma\u0161in\u0105? - EPA (Distributors of electronics association)","robots":{"index":"index","follow":"follow","max-snippet":"max-snippet:-1","max-image-preview":"max-image-preview:large","max-video-preview":"max-video-preview:-1"},"canonical":"https:\/\/epa.lt\/duk\/kur-deti-sena-skalbimo-masina\/","og_locale":"en_US","og_type":"article","og_title":"Kur d\u0117ti sen\u0105 skalbimo ma\u0161in\u0105? - EPA (Distributors of electronics association)","og_url":"https:\/\/epa.lt\/duk\/kur-deti-sena-skalbimo-masina\/","og_site_name":"EPA (Distributors of electronics association)","article_publisher":"https:\/\/www.facebook.com\/asociacija.epa","article_modified_time":"2025-02-08T08:48:18+00:00","twitter_card":"summary_large_image","twitter_misc":{"Est. reading time":"5 minutes"},"schema":{"@context":"https:\/\/schema.org","@graph":[{"@type":"WebPage","@id":"https:\/\/epa.lt\/duk\/kur-deti-sena-skalbimo-masina\/","url":"https:\/\/epa.lt\/duk\/kur-deti-sena-skalbimo-masina\/","name":"Kur d\u0117ti sen\u0105 skalbimo ma\u0161in\u0105? - EPA (Distributors of electronics association)","isPartOf":{"@id":"https:\/\/www.epa.lt\/#website"},"datePublished":"2023-06-20T07:25:38+00:00","dateModified":"2025-02-08T08:48:18+00:00","description":"Daugiau informacijos apie tai, k\u0105 daryti su sena skalbimo ma\u0161ina skaitykite \u010dia!","breadcrumb":{"@id":"https:\/\/epa.lt\/duk\/kur-deti-sena-skalbimo-masina\/#breadcrumb"},"inLanguage":"en-US","potentialAction":[{"@type":"ReadAction","target":["https:\/\/epa.lt\/duk\/kur-deti-sena-skalbimo-masina\/"]}]},{"@type":"BreadcrumbList","@id":"https:\/\/epa.lt\/duk\/kur-deti-sena-skalbimo-masina\/#breadcrumb","itemListElement":[{"@type":"ListItem","position":1,"name":"Home","item":"https:\/\/www.epa.lt\/"},{"@type":"ListItem","position":2,"name":"Da\u017eniausiai u\u017eduodami klausimai apie elektronikos surinkim\u0105 (DUK)","item":"https:\/\/www.epa.lt\/duk\/"},{"@type":"ListItem","position":3,"name":"Kur d\u0117ti sen\u0105 skalbimo ma\u0161in\u0105?"}]},{"@type":"WebSite","@id":"https:\/\/www.epa.lt\/#website","url":"https:\/\/www.epa.lt\/","name":"{:lt}EPA (Elektronikos platintoj\u0173 asociacija){:}{:en}EPA (Distributors of electronics association) {:}","description":"Electronic waste management","publisher":{"@id":"https:\/\/www.epa.lt\/#organization"},"potentialAction":[{"@type":"SearchAction","target":{"@type":"EntryPoint","urlTemplate":"https:\/\/www.epa.lt\/?s={search_term_string}"},"query-input":{"@type":"PropertyValueSpecification","valueRequired":true,"valueName":"search_term_string"}}],"inLanguage":"en-US"},{"@type":"Organization","@id":"https:\/\/www.epa.lt\/#organization","name":"{:lt}EPA (Elektronikos platintoj\u0173 asociacija){:}{:en}EPA (Distributors of electronics association) {:}","url":"https:\/\/www.epa.lt\/","logo":{"@type":"ImageObject","inLanguage":"en-US","@id":"https:\/\/www.epa.lt\/#\/schema\/logo\/image\/","url":"https:\/\/www.epa.lt\/wp-content\/uploads\/2018\/04\/EPA_logo_RGB_t_vidus.png","contentUrl":"https:\/\/www.epa.lt\/wp-content\/uploads\/2018\/04\/EPA_logo_RGB_t_vidus.png","width":945,"height":945,"caption":"{:lt}EPA (Elektronikos platintoj\u0173 asociacija){:}{:en}EPA (Distributors of electronics association) {:}"},"image":{"@id":"https:\/\/www.epa.lt\/#\/schema\/logo\/image\/"},"sameAs":["https:\/\/www.facebook.com\/asociacija.epa"]}]}},"_links":{"self":[{"href":"https:\/\/www.epa.lt\/en\/wp-json\/wp\/v2\/pages\/2337","targetHints":{"allow":["GET"]}}],"collection":[{"href":"https:\/\/www.epa.lt\/en\/wp-json\/wp\/v2\/pages"}],"about":[{"href":"https:\/\/www.epa.lt\/en\/wp-json\/wp\/v2\/types\/page"}],"author":[{"embeddable":true,"href":"https:\/\/www.epa.lt\/en\/wp-json\/wp\/v2\/users\/2"}],"replies":[{"embeddable":true,"href":"https:\/\/www.epa.lt\/en\/wp-json\/wp\/v2\/comments?post=2337"}],"version-history":[{"count":4,"href":"https:\/\/www.epa.lt\/en\/wp-json\/wp\/v2\/pages\/2337\/revisions"}],"predecessor-version":[{"id":3214,"href":"https:\/\/www.epa.lt\/en\/wp-json\/wp\/v2\/pages\/2337\/revisions\/3214"}],"up":[{"embeddable":true,"href":"https:\/\/www.epa.lt\/en\/wp-json\/wp\/v2\/pages\/16"}],"wp:attachment":[{"href":"https:\/\/www.epa.lt\/en\/wp-json\/wp\/v2\/media?parent=2337"}],"curies":[{"name":"wp","href":"https:\/\/api.w.org\/{rel}","templated":true}]}}