{"id":2335,"date":"2023-06-20T10:25:13","date_gmt":"2023-06-20T07:25:13","guid":{"rendered":"https:\/\/www.epa.lt\/?page_id=2335"},"modified":"2025-02-08T11:46:10","modified_gmt":"2025-02-08T08:46:10","slug":"kur-deti-sena-buitine-technika","status":"publish","type":"page","link":"https:\/\/www.epa.lt\/en\/duk\/kur-deti-sena-buitine-technika\/","title":{"rendered":"Kur d\u0117ti sen\u0105 buitin\u0119 technik\u0105?"},"content":{"rendered":"<p>Ar sena buitin\u0117 technika \u2013 b\u016btinai prasti daiktai? Ne visada. Vartotoj\u0173 apklausos rodo, kad kai kurie i\u0161 j\u0173 labiau vertina anks\u010diau pagamintus prietaisus. Dalis \u017emoni\u0173 yra \u012fsitikin\u0119, kad prie\u0161 de\u0161imtmet\u012f ar dar anks\u010diau i\u0161 gamykl\u0173 i\u0161keliaudavo patvaresni ir ilgaam\u017ei\u0161kesni daiktai. Kitas klausimas, ar senesn\u0117s kartos prietaisai yra tokie pat efektyv\u016bs, taupantys energij\u0105, kaip kad naujausios kartos elektronikos gaminiai. Kita vertus, ne vienu atveju b\u016bt\u0173 sud\u0117tinga \u012fvertinti, kas naudingiau: skirti l\u0117\u0161\u0173 seno daikto taisymui ir nelabai d\u017eiaugtis, kad jis vis tiek \u201eryja\u201c daug elektros energijos, ar ver\u010diau \u012fsigyti elektr\u0105 taupyti padedant\u012f nauj\u0105, kurio patvarumu abejojame. O kartais galvos skausmu tampa papras\u010diausias klausimas: <strong>kur priduoti sen\u0105 buitin\u0119 technik\u0105<\/strong>?<\/p>\n<p><strong>I\u0161ve\u017ea i\u0161 nam\u0173 nemokamai<\/strong><\/p>\n<p>Neretais atvejais su neefektyvia ar nefunkcionalia skalbykle ar elektrine orkaite taikstom\u0117s tik tod\u0117l, kad nelabai \u017einome, kaip gal\u0117tume patogiai jos atsikratyti. Erzina ar \u012f nevilt\u012f varo vien mintis, kad \u0161i\u0105 sunkenyb\u0119 reik\u0117s i\u0161ne\u0161ti i\u0161 buto ar nuleisti laiptais i\u0161, tarkime, penkto ar ketvirto auk\u0161to. O kur paskui, jei neturime nuosavo automobilio ar nevairuojame? Kur toji vieta <strong>Vilniuje<\/strong>, Kaune, Klaip\u0117doje ar Alytaus rajone, kurioje mums patogiu laiku gal\u0117t\u0173 priimti m\u016bs\u0173 elektronikos lau\u017e\u0105? Stambiagabari\u010di\u0173 atliek\u0173 aik\u0161tel\u0117s ne visada dirba taip, kaip mes galime atve\u017eti savo nebereikaling\u0105 turt\u0105. Kur kreiptis?<\/p>\n<p>Vis dar ne visi \u0161alies gyventojai \u017eino, kad su stambiosios elektronikos atliekomis galime nemokamai atsisveikinti netgi nepajud\u0117j\u0119 i\u0161 nam\u0173, o kilnoti sunki\u0173 daikt\u0173 \u0161iuo atveju irgi neprireiks. Elektronikos platintoj\u0173 asociacija (EPA) ir kiti \u012fgalioti elektronikos atliek\u0173 surink\u0117jai i\u0161 gyventoj\u0173 nam\u0173 paima stambiosios elektronikos atliekas nemokamai. \u012e \u0161i\u0105 paslaug\u0105 \u012feina ir nemokamas elektronikos atliek\u0173 i\u0161ne\u0161imas i\u0161 gyvenam\u0173j\u0173 patalp\u0173. Kaip papildoma paslauga \u2013 kartu su stambiagabarite elektronika galime \u012fgaliotiems tvarkytojams atiduoti ir smulkiosios elektronikos atliekas.\u00a0 Vienintelis r\u016bpestis registruoti j\u0173 i\u0161ve\u017eim\u0105 <a href=\"https:\/\/epa.lt\/nemokamas-buitines-technikos-isvezimas\/\">www.epa.lt<\/a> interneto svetain\u0117je arba paskambinti telefonu +370 695 55111.<\/p>\n<p>Kai kada gyventojai randa internete skelbim\u0173, kuriuose kvie\u010diama i\u0161ve\u017eti sen\u0105 buitin\u0119 technik\u0105, nenurodant nei \u012fmon\u0117s pavadinimo, nei vardo, nei interneto svetain\u0117s. Kartais si\u016bloma nemokama paslauga, kitais atvejais \u2013 simboli\u0161kai sumokama, o pasitaiko, kad pra\u0161oma susimok\u0117ti u\u017e i\u0161ve\u017eim\u0105. Tokiais atvejais galima \u012ftarti, kad susid\u016br\u0117me su nelegaliu atliek\u0173 perdirb\u0117ju. Kyla rizika, kad i\u0161ard\u0119s technik\u0105, jis pasiims tik rinkoje vertingiausias detales ar j\u0173 dalis, o visa kita atsidurs s\u0105vartyne. Pasekm\u0117 \u2013 u\u017eter\u0161tas dirvo\u017eemis, gruntiniai vandenys ar vandens telkiniai, oras, galiausiai \u2013 apnuodyti augalai, gyv\u016bnai, sargdinami \u017emon\u0117s.<\/p>\n<p><strong>Perdirbti atliekas naudinga daugeliu po\u017ei\u016bri\u0173 <\/strong><\/p>\n<p>\u012egalioti elektronikos atliek\u0173 surink\u0117jai surinktas elektronikos atliekas perduoda \u012fgaliotiems tvarkytojams ir perdirb\u0117jams. Pastarieji, pasitelk\u0119 pa\u017eangias technologijas, pasir\u016bpina saugiai ir efektyviai perdirbti atliekas, i\u0161 j\u0173 i\u0161gaunant verting\u0173 med\u017eiag\u0173. I\u0161 j\u0173 gaminami nauji produktai. Tai padeda taupyti ribotus i\u0161kastinius i\u0161teklius ir energij\u0105, reikalinga j\u0173 i\u0161gavimui. Tai padeda i\u0161likti ma\u017eiau priklausomiems nuo kasykl\u0173, kurios neretai veikia problemi\u0161kose \u0161alyse, kuri\u0173 kasdienyb\u0117 yra socialiniai ar kariniai konfliktai, socialiai pa\u017eeid\u017eiam\u0173 gyventoj\u0173 i\u0161naudojimas.<\/p>\n<p>Smulkios elektronin\u0117s buitin\u0117s technikos atliekas i\u0161mesti taip pat galima \u012f specialiuosius konteinerius prekybos centruose ir \u012fvairiose \u012fstaigose. Galimyb\u0117 perduoti sen\u0105 buitin\u0119 technik\u0105 legaliems tvarkytojams yra naudinga daugeliu po\u017ei\u016bri\u0173, \u012fskaitant ir s\u0105lyginai ma\u017eesnes nauj\u0173 produkt\u0173 kainas. Mat i\u0161gauti naudingas med\u017eiagas i\u0161 atliek\u0173 yra pigiau nei i\u0161kasti jas i\u0161 \u017dem\u0117s gelmi\u0173. Na, o jeigu j\u016bs\u0173 turimas senas daiktas jums tapo nebereikalingas, bet vis dar veikia, galb\u016bt galite j\u012f padovanoti kam nors, kam jo tikrai reikia?<\/p>\n","protected":false},"excerpt":{"rendered":"<p>Ar sena buitin\u0117 technika \u2013 b\u016btinai prasti daiktai? Ne visada. Vartotoj\u0173 apklausos rodo, kad kai kurie i\u0161 j\u0173 labiau vertina anks\u010diau pagamintus prietaisus. Dalis \u017emoni\u0173 yra \u012fsitikin\u0119, kad prie\u0161 de\u0161imtmet\u012f ar dar anks\u010diau i\u0161 gamykl\u0173 i\u0161keliaudavo patvaresni ir ilgaam\u017ei\u0161kesni daiktai. Kitas klausimas, ar senesn\u0117s kartos prietaisai yra tokie pat efektyv\u016bs, taupantys energij\u0105, kaip kad naujausios [&hellip;]<\/p>\n","protected":false},"author":2,"featured_media":0,"parent":16,"menu_order":0,"comment_status":"closed","ping_status":"closed","template":"","meta":{"_acf_changed":false,"sfsi_plus_gutenberg_text_before_share":"","sfsi_plus_gutenberg_show_text_before_share":"","sfsi_plus_gutenberg_icon_type":"","sfsi_plus_gutenberg_icon_alignemt":"","sfsi_plus_gutenburg_max_per_row":"","footnotes":""},"class_list":["post-2335","page","type-page","status-publish","hentry"],"translation":{"provider":"WPGlobus","version":"3.0.0","language":"en","enabled_languages":["lt","en"],"languages":{"lt":{"title":true,"content":true,"excerpt":false},"en":{"title":false,"content":false,"excerpt":false}}},"acf":[],"yoast_head":"<!-- This site is optimized with the Yoast SEO Premium plugin v25.6 (Yoast SEO v25.6) - https:\/\/yoast.com\/wordpress\/plugins\/seo\/ -->\n<title>Kur d\u0117ti sen\u0105 buitin\u0119 technik\u0105? - EPA (Distributors of electronics association)<\/title>\n<meta name=\"robots\" content=\"index, follow, max-snippet:-1, max-image-preview:large, max-video-preview:-1\" \/>\n<link rel=\"canonical\" href=\"https:\/\/www.epa.lt\/duk\/kur-deti-sena-buitine-technika\/\" \/>\n<meta property=\"og:locale\" content=\"en_US\" \/>\n<meta property=\"og:type\" content=\"article\" \/>\n<meta property=\"og:title\" content=\"Kur d\u0117ti sen\u0105 buitin\u0119 technik\u0105? - EPA (Distributors of electronics association)\" \/>\n<meta property=\"og:url\" content=\"https:\/\/www.epa.lt\/duk\/kur-deti-sena-buitine-technika\/\" \/>\n<meta property=\"og:site_name\" content=\"EPA (Distributors of electronics association)\" \/>\n<meta property=\"article:publisher\" content=\"https:\/\/www.facebook.com\/asociacija.epa\" \/>\n<meta property=\"article:modified_time\" content=\"2025-02-08T08:46:10+00:00\" \/>\n<meta name=\"twitter:card\" content=\"summary_large_image\" \/>\n<meta name=\"twitter:label1\" content=\"Est. reading time\" \/>\n\t<meta name=\"twitter:data1\" content=\"3 minutes\" \/>\n<script type=\"application\/ld+json\" class=\"yoast-schema-graph\">{\"@context\":\"https:\/\/schema.org\",\"@graph\":[{\"@type\":\"WebPage\",\"@id\":\"https:\/\/www.epa.lt\/duk\/kur-deti-sena-buitine-technika\/\",\"url\":\"https:\/\/www.epa.lt\/duk\/kur-deti-sena-buitine-technika\/\",\"name\":\"Kur d\u0117ti sen\u0105 buitin\u0119 technik\u0105? - EPA (Distributors of electronics association)\",\"isPartOf\":{\"@id\":\"https:\/\/epa.lt\/#website\"},\"datePublished\":\"2023-06-20T07:25:13+00:00\",\"dateModified\":\"2025-02-08T08:46:10+00:00\",\"description\":\"Daugiau informacijos apie tai, kur d\u0117ti sen\u0105 buitin\u0119 technik\u0105. Skaitykite \u010dia!\",\"breadcrumb\":{\"@id\":\"https:\/\/www.epa.lt\/duk\/kur-deti-sena-buitine-technika\/#breadcrumb\"},\"inLanguage\":\"en-US\",\"potentialAction\":[{\"@type\":\"ReadAction\",\"target\":[\"https:\/\/www.epa.lt\/duk\/kur-deti-sena-buitine-technika\/\"]}]},{\"@type\":\"BreadcrumbList\",\"@id\":\"https:\/\/www.epa.lt\/duk\/kur-deti-sena-buitine-technika\/#breadcrumb\",\"itemListElement\":[{\"@type\":\"ListItem\",\"position\":1,\"name\":\"Home\",\"item\":\"https:\/\/epa.lt\/\"},{\"@type\":\"ListItem\",\"position\":2,\"name\":\"Da\u017eniausiai u\u017eduodami klausimai apie elektronikos surinkim\u0105 (DUK)\",\"item\":\"https:\/\/www.epa.lt\/duk\/\"},{\"@type\":\"ListItem\",\"position\":3,\"name\":\"Kur d\u0117ti sen\u0105 buitin\u0119 technik\u0105?\"}]},{\"@type\":\"WebSite\",\"@id\":\"https:\/\/epa.lt\/#website\",\"url\":\"https:\/\/epa.lt\/\",\"name\":\"{:lt}EPA (Elektronikos platintoj\u0173 asociacija){:}{:en}EPA (Distributors of electronics association) {:}\",\"description\":\"Electronic waste management\",\"publisher\":{\"@id\":\"https:\/\/epa.lt\/#organization\"},\"potentialAction\":[{\"@type\":\"SearchAction\",\"target\":{\"@type\":\"EntryPoint\",\"urlTemplate\":\"https:\/\/epa.lt\/?s={search_term_string}\"},\"query-input\":{\"@type\":\"PropertyValueSpecification\",\"valueRequired\":true,\"valueName\":\"search_term_string\"}}],\"inLanguage\":\"en-US\"},{\"@type\":\"Organization\",\"@id\":\"https:\/\/epa.lt\/#organization\",\"name\":\"{:lt}EPA (Elektronikos platintoj\u0173 asociacija){:}{:en}EPA (Distributors of electronics association) {:}\",\"url\":\"https:\/\/epa.lt\/\",\"logo\":{\"@type\":\"ImageObject\",\"inLanguage\":\"en-US\",\"@id\":\"https:\/\/epa.lt\/#\/schema\/logo\/image\/\",\"url\":\"https:\/\/www.epa.lt\/wp-content\/uploads\/2018\/04\/EPA_logo_RGB_t_vidus.png\",\"contentUrl\":\"https:\/\/www.epa.lt\/wp-content\/uploads\/2018\/04\/EPA_logo_RGB_t_vidus.png\",\"width\":945,\"height\":945,\"caption\":\"{:lt}EPA (Elektronikos platintoj\u0173 asociacija){:}{:en}EPA (Distributors of electronics association) {:}\"},\"image\":{\"@id\":\"https:\/\/epa.lt\/#\/schema\/logo\/image\/\"},\"sameAs\":[\"https:\/\/www.facebook.com\/asociacija.epa\"]}]}<\/script>\n<!-- \/ Yoast SEO Premium plugin. -->","yoast_head_json":{"title":"Kur d\u0117ti sen\u0105 buitin\u0119 technik\u0105? - EPA (Distributors of electronics association)","robots":{"index":"index","follow":"follow","max-snippet":"max-snippet:-1","max-image-preview":"max-image-preview:large","max-video-preview":"max-video-preview:-1"},"canonical":"https:\/\/www.epa.lt\/duk\/kur-deti-sena-buitine-technika\/","og_locale":"en_US","og_type":"article","og_title":"Kur d\u0117ti sen\u0105 buitin\u0119 technik\u0105? - EPA (Distributors of electronics association)","og_url":"https:\/\/www.epa.lt\/duk\/kur-deti-sena-buitine-technika\/","og_site_name":"EPA (Distributors of electronics association)","article_publisher":"https:\/\/www.facebook.com\/asociacija.epa","article_modified_time":"2025-02-08T08:46:10+00:00","twitter_card":"summary_large_image","twitter_misc":{"Est. reading time":"3 minutes"},"schema":{"@context":"https:\/\/schema.org","@graph":[{"@type":"WebPage","@id":"https:\/\/www.epa.lt\/duk\/kur-deti-sena-buitine-technika\/","url":"https:\/\/www.epa.lt\/duk\/kur-deti-sena-buitine-technika\/","name":"Kur d\u0117ti sen\u0105 buitin\u0119 technik\u0105? - EPA (Distributors of electronics association)","isPartOf":{"@id":"https:\/\/epa.lt\/#website"},"datePublished":"2023-06-20T07:25:13+00:00","dateModified":"2025-02-08T08:46:10+00:00","description":"Daugiau informacijos apie tai, kur d\u0117ti sen\u0105 buitin\u0119 technik\u0105. Skaitykite \u010dia!","breadcrumb":{"@id":"https:\/\/www.epa.lt\/duk\/kur-deti-sena-buitine-technika\/#breadcrumb"},"inLanguage":"en-US","potentialAction":[{"@type":"ReadAction","target":["https:\/\/www.epa.lt\/duk\/kur-deti-sena-buitine-technika\/"]}]},{"@type":"BreadcrumbList","@id":"https:\/\/www.epa.lt\/duk\/kur-deti-sena-buitine-technika\/#breadcrumb","itemListElement":[{"@type":"ListItem","position":1,"name":"Home","item":"https:\/\/epa.lt\/"},{"@type":"ListItem","position":2,"name":"Da\u017eniausiai u\u017eduodami klausimai apie elektronikos surinkim\u0105 (DUK)","item":"https:\/\/www.epa.lt\/duk\/"},{"@type":"ListItem","position":3,"name":"Kur d\u0117ti sen\u0105 buitin\u0119 technik\u0105?"}]},{"@type":"WebSite","@id":"https:\/\/epa.lt\/#website","url":"https:\/\/epa.lt\/","name":"{:lt}EPA (Elektronikos platintoj\u0173 asociacija){:}{:en}EPA (Distributors of electronics association) {:}","description":"Electronic waste management","publisher":{"@id":"https:\/\/epa.lt\/#organization"},"potentialAction":[{"@type":"SearchAction","target":{"@type":"EntryPoint","urlTemplate":"https:\/\/epa.lt\/?s={search_term_string}"},"query-input":{"@type":"PropertyValueSpecification","valueRequired":true,"valueName":"search_term_string"}}],"inLanguage":"en-US"},{"@type":"Organization","@id":"https:\/\/epa.lt\/#organization","name":"{:lt}EPA (Elektronikos platintoj\u0173 asociacija){:}{:en}EPA (Distributors of electronics association) {:}","url":"https:\/\/epa.lt\/","logo":{"@type":"ImageObject","inLanguage":"en-US","@id":"https:\/\/epa.lt\/#\/schema\/logo\/image\/","url":"https:\/\/www.epa.lt\/wp-content\/uploads\/2018\/04\/EPA_logo_RGB_t_vidus.png","contentUrl":"https:\/\/www.epa.lt\/wp-content\/uploads\/2018\/04\/EPA_logo_RGB_t_vidus.png","width":945,"height":945,"caption":"{:lt}EPA (Elektronikos platintoj\u0173 asociacija){:}{:en}EPA (Distributors of electronics association) {:}"},"image":{"@id":"https:\/\/epa.lt\/#\/schema\/logo\/image\/"},"sameAs":["https:\/\/www.facebook.com\/asociacija.epa"]}]}},"_links":{"self":[{"href":"https:\/\/www.epa.lt\/en\/wp-json\/wp\/v2\/pages\/2335","targetHints":{"allow":["GET"]}}],"collection":[{"href":"https:\/\/www.epa.lt\/en\/wp-json\/wp\/v2\/pages"}],"about":[{"href":"https:\/\/www.epa.lt\/en\/wp-json\/wp\/v2\/types\/page"}],"author":[{"embeddable":true,"href":"https:\/\/www.epa.lt\/en\/wp-json\/wp\/v2\/users\/2"}],"replies":[{"embeddable":true,"href":"https:\/\/www.epa.lt\/en\/wp-json\/wp\/v2\/comments?post=2335"}],"version-history":[{"count":5,"href":"https:\/\/www.epa.lt\/en\/wp-json\/wp\/v2\/pages\/2335\/revisions"}],"predecessor-version":[{"id":3211,"href":"https:\/\/www.epa.lt\/en\/wp-json\/wp\/v2\/pages\/2335\/revisions\/3211"}],"up":[{"embeddable":true,"href":"https:\/\/www.epa.lt\/en\/wp-json\/wp\/v2\/pages\/16"}],"wp:attachment":[{"href":"https:\/\/www.epa.lt\/en\/wp-json\/wp\/v2\/media?parent=2335"}],"curies":[{"name":"wp","href":"https:\/\/api.w.org\/{rel}","templated":true}]}}