{"id":2306,"date":"2023-06-20T09:30:43","date_gmt":"2023-06-20T06:30:43","guid":{"rendered":"https:\/\/www.epa.lt\/?page_id=2306"},"modified":"2025-02-08T11:49:31","modified_gmt":"2025-02-08T08:49:31","slug":"kur-ismesti-elektronika","status":"publish","type":"page","link":"https:\/\/www.epa.lt\/en\/duk\/kur-ismesti-elektronika\/","title":{"rendered":"Kur i\u0161mesti elektronik\u0105?"},"content":{"rendered":"<p><strong>Kur i\u0161mesti elektronikos atliekas?<\/strong><\/p>\n<p>Lietuvoje elektronikos atliekas r\u016b\u0161iuojame jau ne pirmas de\u0161imtmetis. Naudojam\u0117s m\u016bs\u0173 \u0161alyje gerai i\u0161vystyta elektronikos atliek\u0173 surinkimo sistema. Daugelis \u017emoni\u0173 mat\u0117, \u012fsid\u0117m\u0117jo \u0161alies prekybos centruose esan\u010dius specialiuosius konteinerius, meta \u012f juos sugedusius, nereikalingus, nebepataisomus smulkius prietaisus \u2013 pradedant ausin\u0117mis, elektroniniais laikrod\u017eiais ir baigiant elektriniais virduliais, \u0161viestuvais, kompiuteriais. Vis d\u0117lto ne vienam vis dar kyla klausimas: <strong>kur i\u0161mesti elektronik\u0105?<\/strong><\/p>\n<p><strong>Pana\u0161u \u012f plastik\u0105, bet, deja, ne plastikas<\/strong><\/p>\n<p>Elektronikos, jeigu ji veikia ir gali b\u016bti reikalinga kitiems, nei kaupti, nei m\u0117tyti neder\u0117t\u0173. Ta\u010diau jei tai nebe funkcionuojantys daiktai, o elektronikos lau\u017eas, reik\u0117t\u0173 prisiimti atsakomyb\u0119 ir tokias atliekas \u0161alinti atsakingai. Deja, yra viena nemenka kli\u016btis, atsakant \u012f klausim\u0105, <strong>kur i\u0161mesti elektros prietaisus<\/strong>, kai jie nepataisomai sul\u016b\u017eo, tapo nebefunkcional\u016bs ar j\u0173 nebeapsimoka taisyti. B\u0117da ta, kad j\u0173 neidentifikuojame \u2013 nesuvokiame, kad tai yra ne kokios nors kitos, o b\u016btent elektronikos atliekos.<\/p>\n<p>Pavyzd\u017eiui, elektrinis kraujosp\u016bd\u017eio matavimo aparatas i\u0161 pirmo \u017evilgsnio labai primena tiesiog plastikin\u012f daikt\u0105. D\u0117l to kai kurie j\u012f nesusim\u0105stydami priskirs plastiko atliekoms, o dar blogiau \u2013 i\u0161mes \u012f pakuot\u0117ms skirt\u0105 konteiner\u012f, b\u016bdami visi\u0161kai tikri, kad pasielg\u0117 teisingai. Tuo tarpu pakuot\u0117ms skirti konteineriai yra skirti ne \u0161iaip plastikui, o plastiko pakuot\u0117ms, kuri\u0173 did\u017eioji dalis yra perdirbama. D\u0117mesio: \u012f pakuot\u0117ms skirtus konteinerius metame tik pakuotes!<\/p>\n<p>Kod\u0117l tokia keista tvarka? Ar plastikiniai daiktai, jeigu jie n\u0117ra pakuot\u0117s, yra bever\u010diai? Deja, plastikas, naudojamas elektronikos prietaisams, yra visai kitokios sud\u0117ties nei perdirbamos plastiko pakuot\u0117s ir pakuo\u010di\u0173 atliek\u0173 perdirb\u0117jai elektronikos atliekas pakuo\u010di\u0173 konteineryje vertina kaip tar\u0161\u0105. Pavyzd\u017eiui, kaip taisykl\u0117, \u012f tok\u012f plastik\u0105 dedama antipiren\u0173, arba med\u017eiag\u0173, kurie apsaugo plastik\u0105 nuo greito u\u017esidegimo.<\/p>\n<p>Dar labiau paskatinsite tar\u0161\u0105, jei i\u0161 seno, sul\u016b\u017eusio elektronikos prietaiso nei\u0161imsite sen\u0173 baterij\u0173, kurios gali i\u0161tek\u0117ti \u2013 d\u0117l to pakuot\u0117s gali tapti nebetinkamos perdirbti, nebetaps \u017ealiava naujiems gaminiams \u2013 \u017eiedin\u0117s ekonomikos grandin\u0117 bus nutraukta.<\/p>\n<p>\u017diedin\u0117s ekonomikos grandin\u0119 galite nutraukti ir d\u0117l to, kad ne\u0161varios pakuot\u0117s, prie kuri\u0173 atsidurs j\u016bs\u0173 i\u0161mestas elektronikos prietaisas, pernelyg u\u017eter\u0161 elektronin\u0119 dal\u012f ir j\u0105 perdirbti bus sunku, nenaudinga arba netgi nebe\u012fmanoma.<\/p>\n<p><strong>\u017daislai su baterijomis: tai \u2013 irgi elektronika<\/strong><\/p>\n<p>Labiausiai \u012f plastiko, metalo, o kartais ir \u012f tekstil\u0117s gaminius yra pana\u0161\u016bs elektroniniai \u017eaislai \u2013 vaik\u0161\u010diojantys ir miauksintys plastikiniai ka\u010diukai, lojantys \u0161uniukai, \u017eaisliniai pianinai, pulteliu valdomos ma\u0161in\u0117l\u0117s. Labai da\u017enai reikia gerai pasukti galv\u0105, i\u0161 ko gi jie padaryti, o tinkamo atsakymo taip ir nepavyksta surasti. Neretais atvejais \u017eaislams gaminti naudojamos \u012fvairios med\u017eiagos \u2013 be plastiko ar metalo, galime rasti gumini\u0173 ar tekstilini\u0173 bei medini\u0173 element\u0173. K\u0105 daryti, kaip elgtis?<\/p>\n<p>I\u0161 ties\u0173 klausimas, kaip atskirti elektronikos gamin\u012f ar elektrin\u012f prietais\u0105 nuo kitoki\u0173 daikt\u0173, netur\u0117t\u0173 b\u016bti joks galvos\u016bkis. Vietoje to, kad sp\u0117liotume, kokios med\u017eiagos buvo panaudotos j\u0173 gamybai, tiesiog tur\u0117tume u\u017eduoti vienintel\u012f klausim\u0105: ar tam, kad daiktas veikt\u0173, reikalinga elektros energija? N\u0117ra svarbu, ar \u0161i energija gaunama i\u0161 elektros tinklo, baterij\u0173 ar akumuliatori\u0173. Jei \u012f klausim\u0105 atsakote \u201etaip\u201c, vadinasi tai yra elektros arba elektronikos gaminys. O tada belikt\u0173 atsakyti \u012f klausim\u0105, o <strong>kur i\u0161mesti elektronik\u0105<\/strong>, kai ji nebereikalinga, nebepataisoma, nebeefektyvi ir pan.<\/p>\n<p>Terminas \u201eelektronikos atliekos\u201c pagal nustatyt\u0105 atliek\u0173 tvarkymo reglament\u0105 yra skirstomos \u012f smulkiosios elektronikos atliekas, baterij\u0173 ir akumuliatori\u0173 atliekas, dujo\u0161vy\u010di\u0173 lemp\u0173 atliekas ir stambiosios elektronikos atliekas. Visoms joms yra skirti specialieji atliek\u0173 konteineriai, kuri\u0173 tikrai nerasite prie daugiabu\u010di\u0173 ar individuali\u0173 nam\u0173 kiemuose.<\/p>\n<p>Smulkiosios elektronikos atliekoms skirtus konteinerius galite matyti prekybos centruose, ten pat \u2013 baterij\u0173, akumuliatori\u0173 ir dujo\u0161vy\u010di\u0173 lemp\u0173 atliekoms skirtus konteinerius arba atskirus skyrius konteineriuose. Stambiosios elektronikos atliekoms skirtus konteinerius galite rasti \u0161alia prekybos centr\u0173 ar specializuotose stambiagabari\u010di\u0173 atliek\u0173 aik\u0161tel\u0117se. Dar patogesnis b\u016bdas \u0161alinti stambi\u0105sias elektronikos atliekas \u2013 registruoti j\u0173 nemokam\u0105 i\u0161ve\u017eim\u0105 <a href=\"https:\/\/epa.lt\/nemokamas-buitines-technikos-isvezimas\/\">www.epa.lt<\/a> interneto svetain\u0117je arba paskambinus telefonu +370 695 55111. Tai yra patikimas ir patogus b\u016bdas \u012fsitraukti \u012f atsakingo elektronikos atliek\u0173 tvarkymo grandin\u0119. \u0160is \u012fsitraukimas \u2013 kelias \u012f efektyvesn\u012f atliek\u0173 perdirbim\u0105, \u017dem\u0117s i\u0161tekli\u0173 naudojim\u0105, aplinkosaug\u0105.<\/p>\n<p><strong>Kur i\u0161mesti sen\u0105 kompiuter\u012f?<\/strong><\/p>\n<p>Kompiuteris ar jo monitorius yra elektronikos gaminiai. Nutarus, kad jie nebetinka nei naudoti, nei padovanoti ar parduoti, kartais gali kilti klausimas, kur juos i\u0161mesti ir kaip tai padaryti saugiai. Monitorius gal\u0117t\u0173 b\u016bti \u0161alinamas kaip paprasta elektronikos atlieka, kaip ir televizorius, o \u0161tai kompiuteryje, kaip ir telefone, gali likti \u012fvairi\u0173 asmens duomen\u0173, kuriuos privalu apsaugoti. Kitu atveju kyla rizika, kad duomenys pateks \u012f nes\u0105\u017eining\u0173 asmen\u0173 rankas ir d\u0117l to nukent\u0117site \u2013 arba moraliai, arba finansi\u0161kai, arba ir taip, ir anaip.<\/p>\n<p>I\u0161mesti kompiuter\u012f, atsi\u017evelgiant \u012f jo gabaritus, galite tiek smulkiosios elektronikos atliek\u0173 tinkle, tiek ir pasinaudoj\u0119 stambiagabarit\u0117s elektronikos atliek\u0173 surinkimo paslauga. Vis d\u0117lto prie\u0161 i\u0161metant b\u016btina pasir\u016bpinti duomen\u0173 saugumu. Kol kas kito b\u016bdo n\u0117ra \u2013 patariama kreiptis \u012f \u012fmones, kurios turi galimyb\u0119 i\u0161valyti kiet\u0105j\u012f kompiuterio disk\u0105 arba j\u012f sunaikinti. Suprantama, tai yra r\u016bpestis, tam reikia skirti laiko. Tod\u0117l ne vienuose namuose rastume po sen\u0105, nenaudojam\u0105 kompiuter\u012f, kurio nebeprireiks. \u017dmon\u0117s tiesiog neprisiruo\u0161ia atlikti b\u016btino seno kompiuterio higien\u0105. Bet juk randame laiko nueiti \u012f kirpykl\u0105, pas gydytoj\u0105, tvarkom\u0117s dantis, atliekame kraujo tyrimus, mokame mokes\u010dius u\u017e komunalines paslaugas? \u0160iandien r\u016bpestis asmeniniais duomenimis tampa vienas svarbiausi\u0173 rutinini\u0173 veiksm\u0173, ir viena i\u0161 priemoni\u0173 \u2013 rimtas d\u0117mesys nebenaudojamo kompiuterio kietajam diskui.<\/p>\n<p>Kartais gyventojai, kurie jau gerai \u017eino, kaip veikia elektronikos atliek\u0173 surinkimo tinklas ir visa tvarkymo sistema, nori \u017einoti dar konkre\u010diau. Neretai toki\u0173 klausim\u0173 kyla pakeitus gyvenam\u0105j\u0105 viet\u0105, migruojant i\u0161 vieno rajono \u012f kit\u0105 ar persik\u0117lus \u012f nauj\u0105 but\u0105 tame pa\u010diame mieste. \u017dmon\u0117s klausia: <strong>kur i\u0161mesti elektronik\u0105 Vilniuje<\/strong>? Arba: <strong>kur i\u0161mesti elektronik\u0105 Kaune<\/strong> ar, tarkime, Pasvalio rajone?<\/p>\n<p>Jei nepasisek\u0117 pamatyti elektronikos atliekoms skirto konteinerio artimiausiame prekybos centre ar bibliotekoje, galite pasiteirauti \u0161i\u0173 organizacij\u0173 personalo arba paie\u0161koti tinkamo adreso <a href=\"https:\/\/www.epa.lt\">www.epa.lt<\/a> svetain\u0117je esan\u010diame elektronikos atliek\u0173 surinkimo viet\u0173 s\u0105ra\u0161e. Jame bus nurodytos vietos, kuriose galima palikti smulkiosios elektronikos, baterij\u0173 ir dujo\u0161vy\u010di\u0173 lemp\u0173 atliekas, o taip pat ir stambiosios elektronikos atliekas \u2013 sen\u0105 \u0161aldytuv\u0105, elektrin\u0119 virykl\u0119, skalbykl\u0119, gartrauk\u012f, mikrobang\u0173 krosnel\u0119, kavos aparat\u0105 ar kit\u0105 prietais\u0105.<\/p>\n","protected":false},"excerpt":{"rendered":"<p>Kur i\u0161mesti elektronikos atliekas? Lietuvoje elektronikos atliekas r\u016b\u0161iuojame jau ne pirmas de\u0161imtmetis. Naudojam\u0117s m\u016bs\u0173 \u0161alyje gerai i\u0161vystyta elektronikos atliek\u0173 surinkimo sistema. Daugelis \u017emoni\u0173 mat\u0117, \u012fsid\u0117m\u0117jo \u0161alies prekybos centruose esan\u010dius specialiuosius konteinerius, meta \u012f juos sugedusius, nereikalingus, nebepataisomus smulkius prietaisus \u2013 pradedant ausin\u0117mis, elektroniniais laikrod\u017eiais ir baigiant elektriniais virduliais, \u0161viestuvais, kompiuteriais. Vis d\u0117lto ne vienam vis [&hellip;]<\/p>\n","protected":false},"author":2,"featured_media":0,"parent":16,"menu_order":0,"comment_status":"closed","ping_status":"closed","template":"","meta":{"_acf_changed":false,"sfsi_plus_gutenberg_text_before_share":"","sfsi_plus_gutenberg_show_text_before_share":"","sfsi_plus_gutenberg_icon_type":"","sfsi_plus_gutenberg_icon_alignemt":"","sfsi_plus_gutenburg_max_per_row":"","footnotes":""},"class_list":["post-2306","page","type-page","status-publish","hentry"],"translation":{"provider":"WPGlobus","version":"3.0.0","language":"en","enabled_languages":["lt","en"],"languages":{"lt":{"title":true,"content":true,"excerpt":false},"en":{"title":false,"content":false,"excerpt":false}}},"acf":[],"yoast_head":"<!-- This site is optimized with the Yoast SEO Premium plugin v25.6 (Yoast SEO v25.6) - https:\/\/yoast.com\/wordpress\/plugins\/seo\/ -->\n<title>Kur i\u0161mesti elektronik\u0105? - EPA (Distributors of electronics association)<\/title>\n<meta name=\"robots\" content=\"index, follow, max-snippet:-1, max-image-preview:large, max-video-preview:-1\" \/>\n<link rel=\"canonical\" href=\"https:\/\/www.epa.lt\/en\/duk\/kur-ismesti-elektronika\/\" \/>\n<meta property=\"og:locale\" content=\"en_US\" \/>\n<meta property=\"og:type\" content=\"article\" \/>\n<meta property=\"og:title\" content=\"Kur i\u0161mesti elektronik\u0105? - EPA (Distributors of electronics association)\" \/>\n<meta property=\"og:url\" content=\"https:\/\/www.epa.lt\/en\/duk\/kur-ismesti-elektronika\/\" \/>\n<meta property=\"og:site_name\" content=\"EPA (Distributors of electronics association)\" \/>\n<meta property=\"article:publisher\" content=\"https:\/\/www.facebook.com\/asociacija.epa\" \/>\n<meta property=\"article:modified_time\" content=\"2025-02-08T08:49:31+00:00\" \/>\n<meta name=\"twitter:card\" content=\"summary_large_image\" \/>\n<meta name=\"twitter:label1\" content=\"Est. reading time\" \/>\n\t<meta name=\"twitter:data1\" content=\"5 minutes\" \/>\n<script type=\"application\/ld+json\" class=\"yoast-schema-graph\">{\"@context\":\"https:\/\/schema.org\",\"@graph\":[{\"@type\":\"WebPage\",\"@id\":\"https:\/\/www.epa.lt\/en\/duk\/kur-ismesti-elektronika\/\",\"url\":\"https:\/\/www.epa.lt\/en\/duk\/kur-ismesti-elektronika\/\",\"name\":\"Kur i\u0161mesti elektronik\u0105? - EPA (Distributors of electronics association)\",\"isPartOf\":{\"@id\":\"https:\/\/www.epa.lt\/en\/#website\"},\"datePublished\":\"2023-06-20T06:30:43+00:00\",\"dateModified\":\"2025-02-08T08:49:31+00:00\",\"description\":\"Daugiau informacijos apie tai, kur reikia i\u0161mesti elektronik\u0105 skaitykite \u010dia!\",\"breadcrumb\":{\"@id\":\"https:\/\/www.epa.lt\/en\/duk\/kur-ismesti-elektronika\/#breadcrumb\"},\"inLanguage\":\"en-US\",\"potentialAction\":[{\"@type\":\"ReadAction\",\"target\":[\"https:\/\/www.epa.lt\/en\/duk\/kur-ismesti-elektronika\/\"]}]},{\"@type\":\"BreadcrumbList\",\"@id\":\"https:\/\/www.epa.lt\/en\/duk\/kur-ismesti-elektronika\/#breadcrumb\",\"itemListElement\":[{\"@type\":\"ListItem\",\"position\":1,\"name\":\"Home\",\"item\":\"https:\/\/www.epa.lt\/en\/\"},{\"@type\":\"ListItem\",\"position\":2,\"name\":\"Da\u017eniausiai u\u017eduodami klausimai apie elektronikos surinkim\u0105 (DUK)\",\"item\":\"https:\/\/www.epa.lt\/en\/duk\/\"},{\"@type\":\"ListItem\",\"position\":3,\"name\":\"Kur i\u0161mesti elektronik\u0105?\"}]},{\"@type\":\"WebSite\",\"@id\":\"https:\/\/www.epa.lt\/en\/#website\",\"url\":\"https:\/\/www.epa.lt\/en\/\",\"name\":\"{:lt}EPA (Elektronikos platintoj\u0173 asociacija){:}{:en}EPA (Distributors of electronics association) {:}\",\"description\":\"Electronic waste management\",\"publisher\":{\"@id\":\"https:\/\/www.epa.lt\/en\/#organization\"},\"potentialAction\":[{\"@type\":\"SearchAction\",\"target\":{\"@type\":\"EntryPoint\",\"urlTemplate\":\"https:\/\/www.epa.lt\/en\/?s={search_term_string}\"},\"query-input\":{\"@type\":\"PropertyValueSpecification\",\"valueRequired\":true,\"valueName\":\"search_term_string\"}}],\"inLanguage\":\"en-US\"},{\"@type\":\"Organization\",\"@id\":\"https:\/\/www.epa.lt\/en\/#organization\",\"name\":\"{:lt}EPA (Elektronikos platintoj\u0173 asociacija){:}{:en}EPA (Distributors of electronics association) {:}\",\"url\":\"https:\/\/www.epa.lt\/en\/\",\"logo\":{\"@type\":\"ImageObject\",\"inLanguage\":\"en-US\",\"@id\":\"https:\/\/www.epa.lt\/en\/#\/schema\/logo\/image\/\",\"url\":\"https:\/\/www.epa.lt\/wp-content\/uploads\/2018\/04\/EPA_logo_RGB_t_vidus.png\",\"contentUrl\":\"https:\/\/www.epa.lt\/wp-content\/uploads\/2018\/04\/EPA_logo_RGB_t_vidus.png\",\"width\":945,\"height\":945,\"caption\":\"{:lt}EPA (Elektronikos platintoj\u0173 asociacija){:}{:en}EPA (Distributors of electronics association) {:}\"},\"image\":{\"@id\":\"https:\/\/www.epa.lt\/en\/#\/schema\/logo\/image\/\"},\"sameAs\":[\"https:\/\/www.facebook.com\/asociacija.epa\"]}]}<\/script>\n<!-- \/ Yoast SEO Premium plugin. -->","yoast_head_json":{"title":"Kur i\u0161mesti elektronik\u0105? - EPA (Distributors of electronics association)","robots":{"index":"index","follow":"follow","max-snippet":"max-snippet:-1","max-image-preview":"max-image-preview:large","max-video-preview":"max-video-preview:-1"},"canonical":"https:\/\/www.epa.lt\/en\/duk\/kur-ismesti-elektronika\/","og_locale":"en_US","og_type":"article","og_title":"Kur i\u0161mesti elektronik\u0105? - EPA (Distributors of electronics association)","og_url":"https:\/\/www.epa.lt\/en\/duk\/kur-ismesti-elektronika\/","og_site_name":"EPA (Distributors of electronics association)","article_publisher":"https:\/\/www.facebook.com\/asociacija.epa","article_modified_time":"2025-02-08T08:49:31+00:00","twitter_card":"summary_large_image","twitter_misc":{"Est. reading time":"5 minutes"},"schema":{"@context":"https:\/\/schema.org","@graph":[{"@type":"WebPage","@id":"https:\/\/www.epa.lt\/en\/duk\/kur-ismesti-elektronika\/","url":"https:\/\/www.epa.lt\/en\/duk\/kur-ismesti-elektronika\/","name":"Kur i\u0161mesti elektronik\u0105? - EPA (Distributors of electronics association)","isPartOf":{"@id":"https:\/\/www.epa.lt\/en\/#website"},"datePublished":"2023-06-20T06:30:43+00:00","dateModified":"2025-02-08T08:49:31+00:00","description":"Daugiau informacijos apie tai, kur reikia i\u0161mesti elektronik\u0105 skaitykite \u010dia!","breadcrumb":{"@id":"https:\/\/www.epa.lt\/en\/duk\/kur-ismesti-elektronika\/#breadcrumb"},"inLanguage":"en-US","potentialAction":[{"@type":"ReadAction","target":["https:\/\/www.epa.lt\/en\/duk\/kur-ismesti-elektronika\/"]}]},{"@type":"BreadcrumbList","@id":"https:\/\/www.epa.lt\/en\/duk\/kur-ismesti-elektronika\/#breadcrumb","itemListElement":[{"@type":"ListItem","position":1,"name":"Home","item":"https:\/\/www.epa.lt\/en\/"},{"@type":"ListItem","position":2,"name":"Da\u017eniausiai u\u017eduodami klausimai apie elektronikos surinkim\u0105 (DUK)","item":"https:\/\/www.epa.lt\/en\/duk\/"},{"@type":"ListItem","position":3,"name":"Kur i\u0161mesti elektronik\u0105?"}]},{"@type":"WebSite","@id":"https:\/\/www.epa.lt\/en\/#website","url":"https:\/\/www.epa.lt\/en\/","name":"{:lt}EPA (Elektronikos platintoj\u0173 asociacija){:}{:en}EPA (Distributors of electronics association) {:}","description":"Electronic waste management","publisher":{"@id":"https:\/\/www.epa.lt\/en\/#organization"},"potentialAction":[{"@type":"SearchAction","target":{"@type":"EntryPoint","urlTemplate":"https:\/\/www.epa.lt\/en\/?s={search_term_string}"},"query-input":{"@type":"PropertyValueSpecification","valueRequired":true,"valueName":"search_term_string"}}],"inLanguage":"en-US"},{"@type":"Organization","@id":"https:\/\/www.epa.lt\/en\/#organization","name":"{:lt}EPA (Elektronikos platintoj\u0173 asociacija){:}{:en}EPA (Distributors of electronics association) {:}","url":"https:\/\/www.epa.lt\/en\/","logo":{"@type":"ImageObject","inLanguage":"en-US","@id":"https:\/\/www.epa.lt\/en\/#\/schema\/logo\/image\/","url":"https:\/\/www.epa.lt\/wp-content\/uploads\/2018\/04\/EPA_logo_RGB_t_vidus.png","contentUrl":"https:\/\/www.epa.lt\/wp-content\/uploads\/2018\/04\/EPA_logo_RGB_t_vidus.png","width":945,"height":945,"caption":"{:lt}EPA (Elektronikos platintoj\u0173 asociacija){:}{:en}EPA (Distributors of electronics association) {:}"},"image":{"@id":"https:\/\/www.epa.lt\/en\/#\/schema\/logo\/image\/"},"sameAs":["https:\/\/www.facebook.com\/asociacija.epa"]}]}},"_links":{"self":[{"href":"https:\/\/www.epa.lt\/en\/wp-json\/wp\/v2\/pages\/2306","targetHints":{"allow":["GET"]}}],"collection":[{"href":"https:\/\/www.epa.lt\/en\/wp-json\/wp\/v2\/pages"}],"about":[{"href":"https:\/\/www.epa.lt\/en\/wp-json\/wp\/v2\/types\/page"}],"author":[{"embeddable":true,"href":"https:\/\/www.epa.lt\/en\/wp-json\/wp\/v2\/users\/2"}],"replies":[{"embeddable":true,"href":"https:\/\/www.epa.lt\/en\/wp-json\/wp\/v2\/comments?post=2306"}],"version-history":[{"count":8,"href":"https:\/\/www.epa.lt\/en\/wp-json\/wp\/v2\/pages\/2306\/revisions"}],"predecessor-version":[{"id":3216,"href":"https:\/\/www.epa.lt\/en\/wp-json\/wp\/v2\/pages\/2306\/revisions\/3216"}],"up":[{"embeddable":true,"href":"https:\/\/www.epa.lt\/en\/wp-json\/wp\/v2\/pages\/16"}],"wp:attachment":[{"href":"https:\/\/www.epa.lt\/en\/wp-json\/wp\/v2\/media?parent=2306"}],"curies":[{"name":"wp","href":"https:\/\/api.w.org\/{rel}","templated":true}]}}