{"id":2174,"date":"2023-04-11T09:11:11","date_gmt":"2023-04-11T06:11:11","guid":{"rendered":"https:\/\/www.epa.lt\/?page_id=2174"},"modified":"2023-06-20T10:02:56","modified_gmt":"2023-06-20T07:02:56","slug":"daugiau-svaros-daugiau-ziedu","status":"publish","type":"page","link":"https:\/\/www.epa.lt\/en\/daugiau-svaros-daugiau-ziedu\/","title":{"rendered":"\u201eDaugiau \u0161varos \u2013 daugiau \u017eied\u0173!\u201c"},"content":{"rendered":"<ul>\n<li>Vienas svarbiausi\u0173 projekto \u201eDaugiau \u0161varos \u2013 daugiau \u017eied\u0173!\u201c tiksl\u0173 \u2013 suteikti sodinink\u0173 bendrij\u0173 nariams galimyb\u0119 saugiai ir atsakingai perduoti elektronikos atliekas \u012f \u012fgaliot\u0173 tvarkytoj\u0173 rankas. Vykdant projekt\u0105 skleid\u017eiama \u017einia, kaip tai padaryti nemokamai, i\u0161naudojant jau esam\u0105 infrastrukt\u016br\u0105 bei EPA paslaugas.<\/li>\n<li>Projekto akcija vykdoma 2023 m. gegu\u017e\u0117s m\u0117nes\u012f ir yra skirta Vilniaus rajono sodinink\u0173 bendrijoms.<\/li>\n<li>Norin\u010dias dalyvauti akcijoje sodinink\u0173 bendrijas registruoja j\u0173 pirmininkai, jie pasirenka vien\u0105 i\u0161 gegu\u017e\u0117s pirmadieni\u0173. Apie tai prane\u0161ama e. pa\u0161tu <a href=\"mailto:socprojektai@epa.lt\">socprojektai@epa.lt<\/a> arba skambinama tel. <a href=\"tel:+370%20678%2058584\">+370 678 58584<\/a> EPA projekt\u0173 vadovei Laurai Jurevi\u010dienei iki 2023 m. baland\u017eio 21 Registruojantis nurodomas sodinink\u0173 bendrijos pavadinimas, adresas, pasirinkta data, bendrijai atstovaujamo asmens tel. nr., e. pa\u0161to adresas.<\/li>\n<li>Pasirinktos akcijos dienos i\u0161vakar\u0117se stambiagabarit\u0117s elektronikos atliekos i\u0161ne\u0161amos \u012f kiem\u0105 ar prie kiemo varteli\u0173. Kartu su jomis galima palikti smulkiosios elektronikos, baterij\u0173 ir dujo\u0161vy\u010di\u0173 lemp\u0173 atliekas. Jei akcijos dien\u0105 sodinink\u0173 bendrijos nariai bus namuose, bet negali i\u0161ne\u0161ti stambiagabari\u010di\u0173 atliek\u0173, jiems padeda EPA projekto komanda.<\/li>\n<li>Akcijos metu nemokamai surinktos elektronikos atliekos perduodamos \u012fgaliotiems tvarkytojams ir saugiai sutvarkomos. I\u0161 tinkam\u0173 perdirbti atliek\u0173 i\u0161gaunamos vertingos med\u017eiagos, kurios v\u0117liau panaudojamos naujiems produktams gaminti. Tokiu b\u016bdu aplinka ir \u017emon\u0117s apsaugomi nuo neigiamo ter\u0161al\u0173 poveikio, tausojami i\u0161kastiniai i\u0161tekliai, stabdoma klimato kaita.<\/li>\n<li>Dalyvauti akcijoje negalintieji kvie\u010diami kreiptis \u012f EPA asociacij\u0105 d\u0117l nemokamo stambiagabarit\u0117s elektronikos atliek\u0173 i\u0161ve\u017eimo bendra tvarka: e. pa\u0161tu <a href=\"mailto:administratore@epa.lt\">administratore@epa.lt<\/a> arba tel. +370\u00a0695 55111<\/li>\n<\/ul>\n<p><a href=\"https:\/\/www.epa.lt\/wp-content\/uploads\/2023\/04\/Sodininku-projektas-kvietimas-2.pdf\">KVIETIMAS<\/a><\/p>\n<p><a href=\"https:\/\/www.epa.lt\/wp-content\/uploads\/2023\/04\/Sodininku-projektas-plakatas.pdf\">PLAKATAS<\/a><\/p>\n","protected":false},"excerpt":{"rendered":"<p>Vienas svarbiausi\u0173 projekto \u201eDaugiau \u0161varos \u2013 daugiau \u017eied\u0173!\u201c tiksl\u0173 \u2013 suteikti sodinink\u0173 bendrij\u0173 nariams galimyb\u0119 saugiai ir atsakingai perduoti elektronikos atliekas \u012f \u012fgaliot\u0173 tvarkytoj\u0173 rankas. Vykdant projekt\u0105 skleid\u017eiama \u017einia, kaip tai padaryti nemokamai, i\u0161naudojant jau esam\u0105 infrastrukt\u016br\u0105 bei EPA paslaugas. Projekto akcija vykdoma 2023 m. gegu\u017e\u0117s m\u0117nes\u012f ir yra skirta Vilniaus rajono sodinink\u0173 bendrijoms. Norin\u010dias [&hellip;]<\/p>\n","protected":false},"author":2,"featured_media":0,"parent":0,"menu_order":0,"comment_status":"closed","ping_status":"closed","template":"","meta":{"_acf_changed":false,"sfsi_plus_gutenberg_text_before_share":"","sfsi_plus_gutenberg_show_text_before_share":"","sfsi_plus_gutenberg_icon_type":"","sfsi_plus_gutenberg_icon_alignemt":"","sfsi_plus_gutenburg_max_per_row":"","footnotes":""},"class_list":["post-2174","page","type-page","status-publish","hentry"],"translation":{"provider":"WPGlobus","version":"3.0.0","language":"en","enabled_languages":["lt","en"],"languages":{"lt":{"title":true,"content":true,"excerpt":false},"en":{"title":false,"content":false,"excerpt":false}}},"acf":[],"yoast_head":"<!-- This site is optimized with the Yoast SEO Premium plugin v25.6 (Yoast SEO v25.6) - https:\/\/yoast.com\/wordpress\/plugins\/seo\/ -->\n<title>\u201eDaugiau \u0161varos \u2013 daugiau \u017eied\u0173!\u201c - EPA (Distributors of electronics association)<\/title>\n<meta name=\"robots\" content=\"index, follow, max-snippet:-1, max-image-preview:large, max-video-preview:-1\" \/>\n<link rel=\"canonical\" href=\"https:\/\/www.epa.lt\/daugiau-svaros-daugiau-ziedu\/\" \/>\n<meta property=\"og:locale\" content=\"en_US\" \/>\n<meta property=\"og:type\" content=\"article\" \/>\n<meta property=\"og:title\" content=\"\u201eDaugiau \u0161varos \u2013 daugiau \u017eied\u0173!\u201c - EPA (Distributors of electronics association)\" \/>\n<meta property=\"og:url\" content=\"https:\/\/www.epa.lt\/daugiau-svaros-daugiau-ziedu\/\" \/>\n<meta property=\"og:site_name\" content=\"EPA (Distributors of electronics association)\" \/>\n<meta property=\"article:publisher\" content=\"https:\/\/www.facebook.com\/asociacija.epa\" \/>\n<meta property=\"article:modified_time\" content=\"2023-06-20T07:02:56+00:00\" \/>\n<meta name=\"twitter:card\" content=\"summary_large_image\" \/>\n<meta name=\"twitter:label1\" content=\"Est. reading time\" \/>\n\t<meta name=\"twitter:data1\" content=\"2 minutes\" \/>\n<script type=\"application\/ld+json\" class=\"yoast-schema-graph\">{\"@context\":\"https:\/\/schema.org\",\"@graph\":[{\"@type\":\"WebPage\",\"@id\":\"https:\/\/www.epa.lt\/daugiau-svaros-daugiau-ziedu\/\",\"url\":\"https:\/\/www.epa.lt\/daugiau-svaros-daugiau-ziedu\/\",\"name\":\"\u201eDaugiau \u0161varos \u2013 daugiau \u017eied\u0173!\u201c - EPA (Distributors of electronics association)\",\"isPartOf\":{\"@id\":\"https:\/\/www.epa.lt\/#website\"},\"datePublished\":\"2023-04-11T06:11:11+00:00\",\"dateModified\":\"2023-06-20T07:02:56+00:00\",\"breadcrumb\":{\"@id\":\"https:\/\/www.epa.lt\/daugiau-svaros-daugiau-ziedu\/#breadcrumb\"},\"inLanguage\":\"en-US\",\"potentialAction\":[{\"@type\":\"ReadAction\",\"target\":[\"https:\/\/www.epa.lt\/daugiau-svaros-daugiau-ziedu\/\"]}]},{\"@type\":\"BreadcrumbList\",\"@id\":\"https:\/\/www.epa.lt\/daugiau-svaros-daugiau-ziedu\/#breadcrumb\",\"itemListElement\":[{\"@type\":\"ListItem\",\"position\":1,\"name\":\"Home\",\"item\":\"https:\/\/www.epa.lt\/\"},{\"@type\":\"ListItem\",\"position\":2,\"name\":\"\u201eDaugiau \u0161varos \u2013 daugiau \u017eied\u0173!\u201c\"}]},{\"@type\":\"WebSite\",\"@id\":\"https:\/\/www.epa.lt\/#website\",\"url\":\"https:\/\/www.epa.lt\/\",\"name\":\"{:lt}EPA (Elektronikos platintoj\u0173 asociacija){:}{:en}EPA (Distributors of electronics association) {:}\",\"description\":\"Electronic waste management\",\"publisher\":{\"@id\":\"https:\/\/www.epa.lt\/#organization\"},\"potentialAction\":[{\"@type\":\"SearchAction\",\"target\":{\"@type\":\"EntryPoint\",\"urlTemplate\":\"https:\/\/www.epa.lt\/?s={search_term_string}\"},\"query-input\":{\"@type\":\"PropertyValueSpecification\",\"valueRequired\":true,\"valueName\":\"search_term_string\"}}],\"inLanguage\":\"en-US\"},{\"@type\":\"Organization\",\"@id\":\"https:\/\/www.epa.lt\/#organization\",\"name\":\"{:lt}EPA (Elektronikos platintoj\u0173 asociacija){:}{:en}EPA (Distributors of electronics association) {:}\",\"url\":\"https:\/\/www.epa.lt\/\",\"logo\":{\"@type\":\"ImageObject\",\"inLanguage\":\"en-US\",\"@id\":\"https:\/\/www.epa.lt\/#\/schema\/logo\/image\/\",\"url\":\"https:\/\/www.epa.lt\/wp-content\/uploads\/2018\/04\/EPA_logo_RGB_t_vidus.png\",\"contentUrl\":\"https:\/\/www.epa.lt\/wp-content\/uploads\/2018\/04\/EPA_logo_RGB_t_vidus.png\",\"width\":945,\"height\":945,\"caption\":\"{:lt}EPA (Elektronikos platintoj\u0173 asociacija){:}{:en}EPA (Distributors of electronics association) {:}\"},\"image\":{\"@id\":\"https:\/\/www.epa.lt\/#\/schema\/logo\/image\/\"},\"sameAs\":[\"https:\/\/www.facebook.com\/asociacija.epa\"]}]}<\/script>\n<!-- \/ Yoast SEO Premium plugin. -->","yoast_head_json":{"title":"\u201eDaugiau \u0161varos \u2013 daugiau \u017eied\u0173!\u201c - EPA (Distributors of electronics association)","robots":{"index":"index","follow":"follow","max-snippet":"max-snippet:-1","max-image-preview":"max-image-preview:large","max-video-preview":"max-video-preview:-1"},"canonical":"https:\/\/www.epa.lt\/daugiau-svaros-daugiau-ziedu\/","og_locale":"en_US","og_type":"article","og_title":"\u201eDaugiau \u0161varos \u2013 daugiau \u017eied\u0173!\u201c - EPA (Distributors of electronics association)","og_url":"https:\/\/www.epa.lt\/daugiau-svaros-daugiau-ziedu\/","og_site_name":"EPA (Distributors of electronics association)","article_publisher":"https:\/\/www.facebook.com\/asociacija.epa","article_modified_time":"2023-06-20T07:02:56+00:00","twitter_card":"summary_large_image","twitter_misc":{"Est. reading time":"2 minutes"},"schema":{"@context":"https:\/\/schema.org","@graph":[{"@type":"WebPage","@id":"https:\/\/www.epa.lt\/daugiau-svaros-daugiau-ziedu\/","url":"https:\/\/www.epa.lt\/daugiau-svaros-daugiau-ziedu\/","name":"\u201eDaugiau \u0161varos \u2013 daugiau \u017eied\u0173!\u201c - EPA (Distributors of electronics association)","isPartOf":{"@id":"https:\/\/www.epa.lt\/#website"},"datePublished":"2023-04-11T06:11:11+00:00","dateModified":"2023-06-20T07:02:56+00:00","breadcrumb":{"@id":"https:\/\/www.epa.lt\/daugiau-svaros-daugiau-ziedu\/#breadcrumb"},"inLanguage":"en-US","potentialAction":[{"@type":"ReadAction","target":["https:\/\/www.epa.lt\/daugiau-svaros-daugiau-ziedu\/"]}]},{"@type":"BreadcrumbList","@id":"https:\/\/www.epa.lt\/daugiau-svaros-daugiau-ziedu\/#breadcrumb","itemListElement":[{"@type":"ListItem","position":1,"name":"Home","item":"https:\/\/www.epa.lt\/"},{"@type":"ListItem","position":2,"name":"\u201eDaugiau \u0161varos \u2013 daugiau \u017eied\u0173!\u201c"}]},{"@type":"WebSite","@id":"https:\/\/www.epa.lt\/#website","url":"https:\/\/www.epa.lt\/","name":"{:lt}EPA (Elektronikos platintoj\u0173 asociacija){:}{:en}EPA (Distributors of electronics association) {:}","description":"Electronic waste management","publisher":{"@id":"https:\/\/www.epa.lt\/#organization"},"potentialAction":[{"@type":"SearchAction","target":{"@type":"EntryPoint","urlTemplate":"https:\/\/www.epa.lt\/?s={search_term_string}"},"query-input":{"@type":"PropertyValueSpecification","valueRequired":true,"valueName":"search_term_string"}}],"inLanguage":"en-US"},{"@type":"Organization","@id":"https:\/\/www.epa.lt\/#organization","name":"{:lt}EPA (Elektronikos platintoj\u0173 asociacija){:}{:en}EPA (Distributors of electronics association) {:}","url":"https:\/\/www.epa.lt\/","logo":{"@type":"ImageObject","inLanguage":"en-US","@id":"https:\/\/www.epa.lt\/#\/schema\/logo\/image\/","url":"https:\/\/www.epa.lt\/wp-content\/uploads\/2018\/04\/EPA_logo_RGB_t_vidus.png","contentUrl":"https:\/\/www.epa.lt\/wp-content\/uploads\/2018\/04\/EPA_logo_RGB_t_vidus.png","width":945,"height":945,"caption":"{:lt}EPA (Elektronikos platintoj\u0173 asociacija){:}{:en}EPA (Distributors of electronics association) {:}"},"image":{"@id":"https:\/\/www.epa.lt\/#\/schema\/logo\/image\/"},"sameAs":["https:\/\/www.facebook.com\/asociacija.epa"]}]}},"_links":{"self":[{"href":"https:\/\/www.epa.lt\/en\/wp-json\/wp\/v2\/pages\/2174","targetHints":{"allow":["GET"]}}],"collection":[{"href":"https:\/\/www.epa.lt\/en\/wp-json\/wp\/v2\/pages"}],"about":[{"href":"https:\/\/www.epa.lt\/en\/wp-json\/wp\/v2\/types\/page"}],"author":[{"embeddable":true,"href":"https:\/\/www.epa.lt\/en\/wp-json\/wp\/v2\/users\/2"}],"replies":[{"embeddable":true,"href":"https:\/\/www.epa.lt\/en\/wp-json\/wp\/v2\/comments?post=2174"}],"version-history":[{"count":5,"href":"https:\/\/www.epa.lt\/en\/wp-json\/wp\/v2\/pages\/2174\/revisions"}],"predecessor-version":[{"id":2310,"href":"https:\/\/www.epa.lt\/en\/wp-json\/wp\/v2\/pages\/2174\/revisions\/2310"}],"wp:attachment":[{"href":"https:\/\/www.epa.lt\/en\/wp-json\/wp\/v2\/media?parent=2174"}],"curies":[{"name":"wp","href":"https:\/\/api.w.org\/{rel}","templated":true}]}}