{"id":2108,"date":"2023-01-25T12:37:07","date_gmt":"2023-01-25T09:37:07","guid":{"rendered":"https:\/\/www.epa.lt\/?page_id=2108"},"modified":"2023-06-20T10:17:24","modified_gmt":"2023-06-20T07:17:24","slug":"epa-projekto-atsakingas-skaitytojas-astuntieji-metai-rekordiniai","status":"publish","type":"page","link":"https:\/\/www.epa.lt\/en\/epa-projekto-atsakingas-skaitytojas-astuntieji-metai-rekordiniai\/","title":{"rendered":"EPA projekto \u201eAtsakingas skaitytojas\u201c a\u0161tuntieji metai \u2013 rekordiniai"},"content":{"rendered":"<p><strong><a href=\"https:\/\/www.epa.lt\/epa-projekto-atsakingas-skaitytojas-astuntieji-metai-rekordiniai\/fb-post-biblioteku-ii-etapas\/\" rel=\"attachment wp-att-2110\"><img loading=\"lazy\" decoding=\"async\" class=\"wp-image-2110 alignleft\" src=\"https:\/\/www.epa.lt\/wp-content\/uploads\/2023\/01\/FB-post-biblioteku-II-etapas.jpg\" alt=\"\" width=\"617\" height=\"617\" srcset=\"https:\/\/www.epa.lt\/wp-content\/uploads\/2023\/01\/FB-post-biblioteku-II-etapas.jpg 1200w, https:\/\/www.epa.lt\/wp-content\/uploads\/2023\/01\/FB-post-biblioteku-II-etapas-150x150.jpg 150w, https:\/\/www.epa.lt\/wp-content\/uploads\/2023\/01\/FB-post-biblioteku-II-etapas-300x300.jpg 300w, https:\/\/www.epa.lt\/wp-content\/uploads\/2023\/01\/FB-post-biblioteku-II-etapas-768x768.jpg 768w, https:\/\/www.epa.lt\/wp-content\/uploads\/2023\/01\/FB-post-biblioteku-II-etapas-1024x1024.jpg 1024w\" sizes=\"auto, (max-width: 617px) 100vw, 617px\" \/><\/a>S\u0117kmingai baig\u0117me EPA projekto Lietuvai ir jos bibliotekoms \u201eAtsakingas skaitytojas\u201c a\u0161tuntuosius metus. Per du 2022 m. projekto etapus konkurse dalyvavusios bibliotekos suriko rekordin\u012f kiek\u012f elektronikos ir baterij\u0173 atliek\u0173 \u2013 daugiau nei 67 t\u016bkstan\u010dius ir 968 kilogramus. Tai \u2013 net 13 t\u016bkst. 798 kilogramais daugiau negu 2021-aisiais, kuomet buvo surinkta 53 968 kilogramai. <\/strong><\/p>\n<p>D\u017eiaugiam\u0117s bibliotek\u0173 aktyvumu ir rezultatyvumu \u2013 juk tai rei\u0161kia, kad gyvename vis \u0161variau, vis daugiau \u017emoni\u0173 su\u017eino, kaip teisingai i\u0161mesti elektronikos ir baterij\u0173 atliekas, daugeliui atsakinga elgsena tampa \u012fpro\u010diu.<\/p>\n<p>Projekto \u201eAtsakingas skaitytojas\u201c antrajame etape (2022 m. rugpj\u016b\u010dio\u2013gruod\u017eio m\u0117n.) konkurso dalyv\u0117s surinko 30\u00a0973,4 kilogramo elektronikos ir baterij\u0173 atliek\u0173. Pagrindin\u012f konkurso priz\u0105 \u2013 500 eur\u0173 vert\u0117s skaitytoj\u0173 m\u0117gstamiausi\u0173 knyg\u0173 krep\u0161el\u012f \u2013 laim\u0117jo dvi daugiausia elektronikos ir baterij\u0173 atliek\u0173 surinkusios bibliotekos \u2013 \u0160aki\u0173 rajono savivaldyb\u0117s vie\u0161oji biblioteka (16014,8 kg) ir Jurbarko rajono savivaldyb\u0117s vie\u0161osios bibliotekos Vad\u017egirio filialas (3329 kg).<\/p>\n<p>\u0160aki\u0173 rajono savivaldyb\u0117s vie\u0161osios bibliotekos darbuotoja Gen\u0117 Di\u010dpinigaitien\u0117 savo aktyvumu, renkant elektronikos atliekas, gars\u0117ja ir u\u017e rajono rib\u0173. Na, o Jurbarko rajono savivaldyb\u0117s vie\u0161osios bibliotekos Vad\u017egirio filialo skaitytojai u\u017e laim\u0117t\u0105 knyg\u0173 krep\u0161el\u012f tur\u0117t\u0173 b\u016bti d\u0117kingi \u0161io projekto kuratorei bibliotekininkei Erikai \u017dievienei. Sveikiname bibliotek\u0173 kolektyvus, j\u0173 skaitytojus ir \u0161auni\u0105sias bibliotekininkes, kuravusias projekt\u0105!<\/p>\n<p>Kitos \u012f labiausiai pasi\u017eym\u0117jusi\u0173 s\u0105ra\u0161\u0105 patekusios konkurso dalyv\u0117s:<\/p>\n<ul>\n<li>Jurbarko rajono savivaldyb\u0117s vie\u0161osios bibliotekos Vie\u0161vil\u0117s filialas (surinko 2785 kg elektronikos bei baterij\u0173 atliek\u0173 ir laim\u0117jo 300 EUR dovan\u0173 kupon\u0105)<\/li>\n<li>Skuodo rajono savivaldyb\u0117s Romualdo Granausko vie\u0161oji biblioteka (surinko 2555,6 kg elektronikos bei baterij\u0173 atliek\u0173 ir laim\u0117jo 150 EUR dovan\u0173 kupon\u0105)<\/li>\n<li>Jurbarko rajono savivaldyb\u0117s vie\u0161osios bibliotekos Baltraiti\u0161k\u0117s filialas (surinko 1646 kg elektronikos bei baterij\u0173 atliek\u0173 ir laim\u0117jo 100 EUR dovan\u0173 kupon\u0105)<\/li>\n<li>\u0160ilal\u0117s rajono savivaldyb\u0117s vie\u0161osios bibliotekos Paj\u016brio filialas (surinko 1356 kg elektronikos bei baterij\u0173 atliek\u0173 ir laim\u0117jo 50 EUR dovan\u0173 kupon\u0105)<\/li>\n<li>Kalvarijos savivaldyb\u0117s vie\u0161oji biblioteka (surinko 908 kg elektronikos bei baterij\u0173 atliek\u0173 ir laim\u0117jo 50 EUR dovan\u0173 kupon\u0105)<\/li>\n<li>Mol\u0117t\u0173 rajono savivaldyb\u0117s vie\u0161oji biblioteka (surinko 750 kg elektronikos bei baterij\u0173 atliek\u0173 ir laim\u0117jo 50 EUR dovan\u0173 kupon\u0105)<\/li>\n<\/ul>\n<p>D\u0117kojame visoms projekto dalyv\u0117ms ir linkime gra\u017ei\u0173 skaitymo bei tvarumo met\u0173!<\/p>\n","protected":false},"excerpt":{"rendered":"<p>S\u0117kmingai baig\u0117me EPA projekto Lietuvai ir jos bibliotekoms \u201eAtsakingas skaitytojas\u201c a\u0161tuntuosius metus. Per du 2022 m. projekto etapus konkurse dalyvavusios bibliotekos suriko rekordin\u012f kiek\u012f elektronikos ir baterij\u0173 atliek\u0173 \u2013 daugiau nei 67 t\u016bkstan\u010dius ir 968 kilogramus. Tai \u2013 net 13 t\u016bkst. 798 kilogramais daugiau negu 2021-aisiais, kuomet buvo surinkta 53 968 kilogramai. D\u017eiaugiam\u0117s bibliotek\u0173 aktyvumu [&hellip;]<\/p>\n","protected":false},"author":2,"featured_media":0,"parent":0,"menu_order":0,"comment_status":"closed","ping_status":"closed","template":"","meta":{"_acf_changed":false,"sfsi_plus_gutenberg_text_before_share":"","sfsi_plus_gutenberg_show_text_before_share":"","sfsi_plus_gutenberg_icon_type":"","sfsi_plus_gutenberg_icon_alignemt":"","sfsi_plus_gutenburg_max_per_row":"","footnotes":""},"class_list":["post-2108","page","type-page","status-publish","hentry"],"translation":{"provider":"WPGlobus","version":"3.0.0","language":"en","enabled_languages":["lt","en"],"languages":{"lt":{"title":true,"content":true,"excerpt":false},"en":{"title":false,"content":false,"excerpt":false}}},"acf":[],"yoast_head":"<!-- This site is optimized with the Yoast SEO Premium plugin v25.6 (Yoast SEO v25.6) - https:\/\/yoast.com\/wordpress\/plugins\/seo\/ -->\n<title>EPA projekto \u201eAtsakingas skaitytojas\u201c a\u0161tuntieji metai \u2013 rekordiniai - EPA (Distributors of electronics association)<\/title>\n<meta name=\"robots\" content=\"index, follow, max-snippet:-1, max-image-preview:large, max-video-preview:-1\" \/>\n<link rel=\"canonical\" href=\"https:\/\/www.epa.lt\/en\/epa-projekto-atsakingas-skaitytojas-astuntieji-metai-rekordiniai\/\" \/>\n<meta property=\"og:locale\" content=\"en_US\" \/>\n<meta property=\"og:type\" content=\"article\" \/>\n<meta property=\"og:title\" content=\"EPA projekto \u201eAtsakingas skaitytojas\u201c a\u0161tuntieji metai \u2013 rekordiniai - EPA (Distributors of electronics association)\" \/>\n<meta property=\"og:url\" content=\"https:\/\/www.epa.lt\/en\/epa-projekto-atsakingas-skaitytojas-astuntieji-metai-rekordiniai\/\" \/>\n<meta property=\"og:site_name\" content=\"EPA (Distributors of electronics association)\" \/>\n<meta property=\"article:publisher\" content=\"https:\/\/www.facebook.com\/asociacija.epa\" \/>\n<meta property=\"article:modified_time\" content=\"2023-06-20T07:17:24+00:00\" \/>\n<meta property=\"og:image\" content=\"https:\/\/www.epa.lt\/wp-content\/uploads\/2023\/01\/FB-post-biblioteku-II-etapas.jpg\" \/>\n<meta name=\"twitter:card\" content=\"summary_large_image\" \/>\n<meta name=\"twitter:label1\" content=\"Est. reading time\" \/>\n\t<meta name=\"twitter:data1\" content=\"2 minutes\" \/>\n<script type=\"application\/ld+json\" class=\"yoast-schema-graph\">{\"@context\":\"https:\/\/schema.org\",\"@graph\":[{\"@type\":\"WebPage\",\"@id\":\"https:\/\/www.epa.lt\/en\/epa-projekto-atsakingas-skaitytojas-astuntieji-metai-rekordiniai\/\",\"url\":\"https:\/\/www.epa.lt\/en\/epa-projekto-atsakingas-skaitytojas-astuntieji-metai-rekordiniai\/\",\"name\":\"EPA projekto \u201eAtsakingas skaitytojas\u201c a\u0161tuntieji metai \u2013 rekordiniai - EPA (Distributors of electronics association)\",\"isPartOf\":{\"@id\":\"https:\/\/www.epa.lt\/en\/#website\"},\"primaryImageOfPage\":{\"@id\":\"https:\/\/www.epa.lt\/en\/epa-projekto-atsakingas-skaitytojas-astuntieji-metai-rekordiniai\/#primaryimage\"},\"image\":{\"@id\":\"https:\/\/www.epa.lt\/en\/epa-projekto-atsakingas-skaitytojas-astuntieji-metai-rekordiniai\/#primaryimage\"},\"thumbnailUrl\":\"https:\/\/www.epa.lt\/wp-content\/uploads\/2023\/01\/FB-post-biblioteku-II-etapas.jpg\",\"datePublished\":\"2023-01-25T09:37:07+00:00\",\"dateModified\":\"2023-06-20T07:17:24+00:00\",\"breadcrumb\":{\"@id\":\"https:\/\/www.epa.lt\/en\/epa-projekto-atsakingas-skaitytojas-astuntieji-metai-rekordiniai\/#breadcrumb\"},\"inLanguage\":\"en-US\",\"potentialAction\":[{\"@type\":\"ReadAction\",\"target\":[\"https:\/\/www.epa.lt\/en\/epa-projekto-atsakingas-skaitytojas-astuntieji-metai-rekordiniai\/\"]}]},{\"@type\":\"ImageObject\",\"inLanguage\":\"en-US\",\"@id\":\"https:\/\/www.epa.lt\/en\/epa-projekto-atsakingas-skaitytojas-astuntieji-metai-rekordiniai\/#primaryimage\",\"url\":\"https:\/\/www.epa.lt\/wp-content\/uploads\/2023\/01\/FB-post-biblioteku-II-etapas.jpg\",\"contentUrl\":\"https:\/\/www.epa.lt\/wp-content\/uploads\/2023\/01\/FB-post-biblioteku-II-etapas.jpg\"},{\"@type\":\"BreadcrumbList\",\"@id\":\"https:\/\/www.epa.lt\/en\/epa-projekto-atsakingas-skaitytojas-astuntieji-metai-rekordiniai\/#breadcrumb\",\"itemListElement\":[{\"@type\":\"ListItem\",\"position\":1,\"name\":\"Home\",\"item\":\"https:\/\/www.epa.lt\/en\/\"},{\"@type\":\"ListItem\",\"position\":2,\"name\":\"EPA projekto \u201eAtsakingas skaitytojas\u201c a\u0161tuntieji metai \u2013 rekordiniai\"}]},{\"@type\":\"WebSite\",\"@id\":\"https:\/\/www.epa.lt\/en\/#website\",\"url\":\"https:\/\/www.epa.lt\/en\/\",\"name\":\"{:lt}EPA (Elektronikos platintoj\u0173 asociacija){:}{:en}EPA (Distributors of electronics association) {:}\",\"description\":\"Electronic waste management\",\"publisher\":{\"@id\":\"https:\/\/www.epa.lt\/en\/#organization\"},\"potentialAction\":[{\"@type\":\"SearchAction\",\"target\":{\"@type\":\"EntryPoint\",\"urlTemplate\":\"https:\/\/www.epa.lt\/en\/?s={search_term_string}\"},\"query-input\":{\"@type\":\"PropertyValueSpecification\",\"valueRequired\":true,\"valueName\":\"search_term_string\"}}],\"inLanguage\":\"en-US\"},{\"@type\":\"Organization\",\"@id\":\"https:\/\/www.epa.lt\/en\/#organization\",\"name\":\"{:lt}EPA (Elektronikos platintoj\u0173 asociacija){:}{:en}EPA (Distributors of electronics association) {:}\",\"url\":\"https:\/\/www.epa.lt\/en\/\",\"logo\":{\"@type\":\"ImageObject\",\"inLanguage\":\"en-US\",\"@id\":\"https:\/\/www.epa.lt\/en\/#\/schema\/logo\/image\/\",\"url\":\"https:\/\/www.epa.lt\/wp-content\/uploads\/2018\/04\/EPA_logo_RGB_t_vidus.png\",\"contentUrl\":\"https:\/\/www.epa.lt\/wp-content\/uploads\/2018\/04\/EPA_logo_RGB_t_vidus.png\",\"width\":945,\"height\":945,\"caption\":\"{:lt}EPA (Elektronikos platintoj\u0173 asociacija){:}{:en}EPA (Distributors of electronics association) {:}\"},\"image\":{\"@id\":\"https:\/\/www.epa.lt\/en\/#\/schema\/logo\/image\/\"},\"sameAs\":[\"https:\/\/www.facebook.com\/asociacija.epa\"]}]}<\/script>\n<!-- \/ Yoast SEO Premium plugin. -->","yoast_head_json":{"title":"EPA projekto \u201eAtsakingas skaitytojas\u201c a\u0161tuntieji metai \u2013 rekordiniai - EPA (Distributors of electronics association)","robots":{"index":"index","follow":"follow","max-snippet":"max-snippet:-1","max-image-preview":"max-image-preview:large","max-video-preview":"max-video-preview:-1"},"canonical":"https:\/\/www.epa.lt\/en\/epa-projekto-atsakingas-skaitytojas-astuntieji-metai-rekordiniai\/","og_locale":"en_US","og_type":"article","og_title":"EPA projekto \u201eAtsakingas skaitytojas\u201c a\u0161tuntieji metai \u2013 rekordiniai - EPA (Distributors of electronics association)","og_url":"https:\/\/www.epa.lt\/en\/epa-projekto-atsakingas-skaitytojas-astuntieji-metai-rekordiniai\/","og_site_name":"EPA (Distributors of electronics association)","article_publisher":"https:\/\/www.facebook.com\/asociacija.epa","article_modified_time":"2023-06-20T07:17:24+00:00","og_image":[{"url":"https:\/\/www.epa.lt\/wp-content\/uploads\/2023\/01\/FB-post-biblioteku-II-etapas.jpg","type":"","width":"","height":""}],"twitter_card":"summary_large_image","twitter_misc":{"Est. reading time":"2 minutes"},"schema":{"@context":"https:\/\/schema.org","@graph":[{"@type":"WebPage","@id":"https:\/\/www.epa.lt\/en\/epa-projekto-atsakingas-skaitytojas-astuntieji-metai-rekordiniai\/","url":"https:\/\/www.epa.lt\/en\/epa-projekto-atsakingas-skaitytojas-astuntieji-metai-rekordiniai\/","name":"EPA projekto \u201eAtsakingas skaitytojas\u201c a\u0161tuntieji metai \u2013 rekordiniai - EPA (Distributors of electronics association)","isPartOf":{"@id":"https:\/\/www.epa.lt\/en\/#website"},"primaryImageOfPage":{"@id":"https:\/\/www.epa.lt\/en\/epa-projekto-atsakingas-skaitytojas-astuntieji-metai-rekordiniai\/#primaryimage"},"image":{"@id":"https:\/\/www.epa.lt\/en\/epa-projekto-atsakingas-skaitytojas-astuntieji-metai-rekordiniai\/#primaryimage"},"thumbnailUrl":"https:\/\/www.epa.lt\/wp-content\/uploads\/2023\/01\/FB-post-biblioteku-II-etapas.jpg","datePublished":"2023-01-25T09:37:07+00:00","dateModified":"2023-06-20T07:17:24+00:00","breadcrumb":{"@id":"https:\/\/www.epa.lt\/en\/epa-projekto-atsakingas-skaitytojas-astuntieji-metai-rekordiniai\/#breadcrumb"},"inLanguage":"en-US","potentialAction":[{"@type":"ReadAction","target":["https:\/\/www.epa.lt\/en\/epa-projekto-atsakingas-skaitytojas-astuntieji-metai-rekordiniai\/"]}]},{"@type":"ImageObject","inLanguage":"en-US","@id":"https:\/\/www.epa.lt\/en\/epa-projekto-atsakingas-skaitytojas-astuntieji-metai-rekordiniai\/#primaryimage","url":"https:\/\/www.epa.lt\/wp-content\/uploads\/2023\/01\/FB-post-biblioteku-II-etapas.jpg","contentUrl":"https:\/\/www.epa.lt\/wp-content\/uploads\/2023\/01\/FB-post-biblioteku-II-etapas.jpg"},{"@type":"BreadcrumbList","@id":"https:\/\/www.epa.lt\/en\/epa-projekto-atsakingas-skaitytojas-astuntieji-metai-rekordiniai\/#breadcrumb","itemListElement":[{"@type":"ListItem","position":1,"name":"Home","item":"https:\/\/www.epa.lt\/en\/"},{"@type":"ListItem","position":2,"name":"EPA projekto \u201eAtsakingas skaitytojas\u201c a\u0161tuntieji metai \u2013 rekordiniai"}]},{"@type":"WebSite","@id":"https:\/\/www.epa.lt\/en\/#website","url":"https:\/\/www.epa.lt\/en\/","name":"{:lt}EPA (Elektronikos platintoj\u0173 asociacija){:}{:en}EPA (Distributors of electronics association) {:}","description":"Electronic waste management","publisher":{"@id":"https:\/\/www.epa.lt\/en\/#organization"},"potentialAction":[{"@type":"SearchAction","target":{"@type":"EntryPoint","urlTemplate":"https:\/\/www.epa.lt\/en\/?s={search_term_string}"},"query-input":{"@type":"PropertyValueSpecification","valueRequired":true,"valueName":"search_term_string"}}],"inLanguage":"en-US"},{"@type":"Organization","@id":"https:\/\/www.epa.lt\/en\/#organization","name":"{:lt}EPA (Elektronikos platintoj\u0173 asociacija){:}{:en}EPA (Distributors of electronics association) {:}","url":"https:\/\/www.epa.lt\/en\/","logo":{"@type":"ImageObject","inLanguage":"en-US","@id":"https:\/\/www.epa.lt\/en\/#\/schema\/logo\/image\/","url":"https:\/\/www.epa.lt\/wp-content\/uploads\/2018\/04\/EPA_logo_RGB_t_vidus.png","contentUrl":"https:\/\/www.epa.lt\/wp-content\/uploads\/2018\/04\/EPA_logo_RGB_t_vidus.png","width":945,"height":945,"caption":"{:lt}EPA (Elektronikos platintoj\u0173 asociacija){:}{:en}EPA (Distributors of electronics association) {:}"},"image":{"@id":"https:\/\/www.epa.lt\/en\/#\/schema\/logo\/image\/"},"sameAs":["https:\/\/www.facebook.com\/asociacija.epa"]}]}},"_links":{"self":[{"href":"https:\/\/www.epa.lt\/en\/wp-json\/wp\/v2\/pages\/2108","targetHints":{"allow":["GET"]}}],"collection":[{"href":"https:\/\/www.epa.lt\/en\/wp-json\/wp\/v2\/pages"}],"about":[{"href":"https:\/\/www.epa.lt\/en\/wp-json\/wp\/v2\/types\/page"}],"author":[{"embeddable":true,"href":"https:\/\/www.epa.lt\/en\/wp-json\/wp\/v2\/users\/2"}],"replies":[{"embeddable":true,"href":"https:\/\/www.epa.lt\/en\/wp-json\/wp\/v2\/comments?post=2108"}],"version-history":[{"count":5,"href":"https:\/\/www.epa.lt\/en\/wp-json\/wp\/v2\/pages\/2108\/revisions"}],"predecessor-version":[{"id":2327,"href":"https:\/\/www.epa.lt\/en\/wp-json\/wp\/v2\/pages\/2108\/revisions\/2327"}],"wp:attachment":[{"href":"https:\/\/www.epa.lt\/en\/wp-json\/wp\/v2\/media?parent=2108"}],"curies":[{"name":"wp","href":"https:\/\/api.w.org\/{rel}","templated":true}]}}