{"id":2087,"date":"2022-12-12T10:13:05","date_gmt":"2022-12-12T07:13:05","guid":{"rendered":"https:\/\/www.epa.lt\/?page_id=2087"},"modified":"2023-06-20T10:13:48","modified_gmt":"2023-06-20T07:13:48","slug":"uzsiteses-elektronikos-prietaisu-poilsis-marinsime-ar-pasigailesime","status":"publish","type":"page","link":"https:\/\/www.epa.lt\/en\/uzsiteses-elektronikos-prietaisu-poilsis-marinsime-ar-pasigailesime\/","title":{"rendered":"U\u017esit\u0119s\u0119s elektronikos prietais\u0173 poilsis: marinsime ar pasigail\u0117sime?"},"content":{"rendered":"<h1 class=\"pagrindinio\">U\u017esit\u0119s\u0119s elektronikos prietais\u0173 poilsis: marinsime ar pasigail\u0117sime?<\/h1>\n<p><a href=\"https:\/\/www.epa.lt\/naujienos\/aplinkosaugos-olimpiadoje-suzibejusi-astuntoke-mylekime-vieta-kurioje-gyvename\/epa_saldytuvas\/\" rel=\"attachment wp-att-2072\"><img loading=\"lazy\" decoding=\"async\" class=\"wp-image-2072 alignleft\" src=\"https:\/\/www.epa.lt\/wp-content\/uploads\/2022\/11\/EPA_saldytuvas.jpg\" alt=\"\" width=\"548\" height=\"752\" srcset=\"https:\/\/www.epa.lt\/wp-content\/uploads\/2022\/11\/EPA_saldytuvas.jpg 1080w, https:\/\/www.epa.lt\/wp-content\/uploads\/2022\/11\/EPA_saldytuvas-219x300.jpg 219w, https:\/\/www.epa.lt\/wp-content\/uploads\/2022\/11\/EPA_saldytuvas-768x1054.jpg 768w, https:\/\/www.epa.lt\/wp-content\/uploads\/2022\/11\/EPA_saldytuvas-746x1024.jpg 746w\" sizes=\"auto, (max-width: 548px) 100vw, 548px\" \/><\/a>Kiek nenaudojam\u0173 elektronikos prietais\u0173 suskai\u010diuotum\u0117te savo spintose, sand\u0117liukuose? Kiek j\u0173 yra veikiantys, bet ne\u017einia kada buvote \u012fjung\u0119? Kurie j\u0173 seniai suged\u0119 \u2013 ketinote taisyti, bet taip ir neprisiruo\u0161\u0117te? Dovan\u0173 pirkimo m\u0117nesio \u012fkar\u0161tis \u2013 geras metas revizuoti savo pod\u0117lius. \u012evertinkime, kuriuos \u0161i\u0173 prietais\u0173 gal\u0117tume padovanoti ar parduoti, o kurie tur\u0117t\u0173 keliauti \u012f elektronikos atliek\u0173 konteinerius ar netgi nei\u0161\u0117jus i\u0161 nam\u0173 b\u016bt\u0173 perduoti tiesiogiai elektronikos atliek\u0173 tvarkymo organizatoriams.<\/p>\n<p><strong>Prioritetas \u2013 naudoti<\/strong><\/p>\n<p>\u201eStambiagabarit\u0117s elektronikos atliekas, tokias kaip suged\u0119, nebenaudojami \u0161aldytuvai, elektrin\u0117s virykl\u0117s, orkait\u0117s, skalbykl\u0117s, gartraukiai ir pana\u0161\u016bs, i\u0161 nam\u0173 nemokamai i\u0161ve\u017eame jau daugiau kaip de\u0161imtmetis. Tereikia paskambinti telefonu ar registruoti i\u0161ve\u017eim\u0105 m\u016bs\u0173 interneto svetain\u0117je. Nemokamai ne\u0161ame ir i\u0161 penkto auk\u0161to, va\u017eiuojame ir \u012f atokius vienkiemius, m\u016bs\u0173 komandai tai yra \u012fprasta rutina. Kartu su stambiagabarite galite atiduoti ir nebereikaling\u0105, sugedusi\u0105 smulki\u0105j\u0105 elektronika. Vis d\u0117lto ne i\u0161metimas, o tvarumas ir ilgesnis kiekvieno daikto naudojimo ciklas mums yra prioritetas. Skatindami atsaking\u0105 vartojim\u0105, pirmiausia si\u016blome apsvarstyti panaudoto daikto dovanojimo ar pardavimo galimyb\u0119\u201c, \u2013 sako Elektronikos platintoj\u0173 asociacijos (EPA) projekt\u0173 vadov\u0117 Laura Jurevi\u010dien\u0117.<\/p>\n<p>Jos teigimu, gruodis yra ypa\u010d tinkamas metas \u012fvertinti, k\u0105 turime, bet nenaudojame, kod\u0117l nenaudojame, kuriuos prietaisus planuojame naudoti, \u012fsigyti ar j\u0173 atsisakyti. Kal\u0117d\u0173 laukimo metas yra ir geriausias laikas pagalvoti, k\u0105 i\u0161 savo nenaudojam\u0173, bet veikian\u010di\u0173 prietais\u0173 gal\u0117tume padovanoti tiems, kuriems toki\u0173 daikt\u0173 labai reikia ar tr\u016bksta.<\/p>\n<p>\u201e\u0160iais laikais yra tikrai daug \u012fvairi\u0173 dovanojimo platform\u0173, dalis j\u0173 turi paskyras socialiniuose tinkluose, kita dalis veikia kaip \u012fvairios socialiniams poreikiams tenkinti skirtos organizacijos, skirstan\u010dios labdar\u0105. Nemanau, kad b\u016bt\u0173 sunku padovanoti nenaudojam\u0105 daikt\u0105, kuris tapt\u0173 d\u017eiaugsmu kam nors, kas apie j\u012f galb\u016bt svajoja. O juk dovanojimas teikia d\u017eiaugsmo ir dovanojan\u010diam asmeniui\u201c, \u2013 primena L. Jurevi\u010dien\u0117.<\/p>\n<p><strong>Nenaudojant vert\u0117, deja, ma\u017e\u0117ja\u00a0<\/strong><\/p>\n<p>EPA projekt\u0173 vadov\u0117 taip pat pastebi, kad elektronikos prietaisai yra ypatinga daikt\u0173 r\u016b\u0161is. Esame \u012fprat\u0119, kad daugelis kokybi\u0161k\u0173 daikt\u0173, b\u0117gant metams, \u012fgyja papildomos vert\u0117s kaip vinta\u017einiai ar antikvariniai, kuriuos vis dar galime naudoti pagal paskirt\u012f. Tuo tarpu elektronikos prietaisai po tam tikro laiko tampa nebeefektyv\u016bs ar net ir visai nebetinkami. Vieni j\u0173 naudoja per daug elektros energijos, nebeatlieka savo funkcij\u0173 taip gerai, kaip nauji, inovatyv\u016bs modeliai, dar kit\u0173 pasensta operacin\u0117 sistema. Kai kurie toki\u0173 labai sen\u0173 elektronikos prietais\u0173 galb\u016bt tikt\u0173 muziejui, dekoracijai, meno k\u016brybai, bet naudoti juos b\u016bt\u0173 nebepatogu arba ir ne\u012fmanoma.<\/p>\n<p>\u201eKuo ilgiau savo lentynoje ar sand\u0117liuke laikome nenaudojam\u0105 prietais\u0105, tuo didesn\u0117 tikimyb\u0117, kad jo nebepanaudosime ir net nebepadovanosime. Juk nefunkcionalus, neefektyvus prietaisas nebebus reikalingas niekam. Tad kviestume vienok\u012f ar kitok\u012f sprendim\u0105 d\u0117l sen\u0173 prietais\u0173 priimti kuo grei\u010diau: parduoti, dovanoti ar palyd\u0117ti j\u012f \u012f kelion\u0119 pas \u012fgaliotus elektronikos atliek\u0173 tvarkytojus ir perdirb\u0117jus. Visais atvejais bus ir daugiau tvarkos, ir naudos\u201c, \u2013 ai\u0161kina EPA projekt\u0173 vadov\u0117.<\/p>\n<p><strong>8 \u017eingsniai nenaudojamiems elektronikos prietaisams \u012fvertinti<\/strong><\/p>\n<p>1. \u012evertinkime, ar jie laikomi tinkamomis s\u0105lygomis. Netinkamomis s\u0105lygomis, pavyzd\u017eiui, dr\u0117gname, ne\u0161ildomame sand\u0117liuke laikomi elektronikos prietaisai d\u0117l juose prasid\u0117jusi\u0173 chemini\u0173 reakcij\u0173 gali virsti aplinkai ir \u017emoni\u0173 sveikatai kenksmingais ter\u0161alais.<br \/>\n2. Prisiminkime, kod\u0117l nustojome naudoti prietais\u0105. Gali paai\u0161k\u0117ti, kad jis suged\u0119s, remontuoti nebeapsimoka, arba tiesiog ka\u017ekada pasirod\u0117 mums visi\u0161kai nebereikalingas.<br \/>\n3. \u012evertinkime, kiek laiko nebenaudojame. Jei nenaudojome ilgiau nei metus, tik\u0117tina, kad jis tikrai mums nereikalingas. Kai kuri\u0105 retai naudojam\u0105 \u012frang\u0105 galima i\u0161sinuomoti!<br \/>\n4. Apsvarstykime, ar galime \u0161\u012f prietais\u0105 parduoti. Panaudot\u0173 daikt\u0173 pardavimo platformose galime rasti nema\u017eai informacijos apie rinkos poreikius ir kainas. Kai kada, taupant laik\u0105, tiesiog galime \u012fkelti skelbim\u0105 ir steb\u0117ti, kokio d\u0117mesio jis sulauk\u0117.<br \/>\n5. Suskai\u010diuokime, ar apsimoka taisyti. Jei prietaiso nenaudojate d\u0117l to, kad jis suged\u0119s, pasidom\u0117kite taisymo kaina. Vadovaukit\u0117s taisykle: jei taisymo i\u0161laidos nevir\u0161ija 50 proc. naujo daikto kainos, taisykite.<br \/>\n6. Nepamir\u0161kime dovanojimo galimyb\u0117s. Pasirink\u0119 dovanoti i\u0161vengsite r\u016bpes\u010di\u0173, bendraudami su potencialiais pirk\u0117jais. Per atiduotuves dovanojami veikiantys elektronikos prietaisai turi nemenk\u0105 paklaus\u0105 \u2013 atsisveikinsite su jais \u017eaibi\u0161kai.<br \/>\n7. Sugedus\u012f ir bevert\u012f smulk\u0173 prietais\u0105 i\u0161meskite \u012f special\u0173j\u012f konteiner\u012f. Elektronikos atliekoms skirt\u0105 konteiner\u012f galite rasti kuriame nors prekybos centre, bibliotekoje ar kitoje \u012fstaigoje.<br \/>\n8. Stambiagabarit\u0117s elektronikos atliekas atiduokite \u012fgaliotiems atliek\u0173 surink\u0117jams. EPA \u0161ias atliekas i\u0161 nam\u0173 i\u0161ve\u017ea nemokamai. Skambinkite tel. +370 695 55111 arba registruokit\u0117s www.epa.lt svetain\u0117je \u2013 \u010dia rasite ir elektronikos atliek\u0173 surinkimo viet\u0173 s\u0105ra\u0161\u0105. Kitas kelias \u2013 nuve\u017eti \u0161ias atliekas \u012f stambiagabari\u010di\u0173 atliek\u0173 surinkimo aik\u0161tel\u0119 patiems.<\/p>\n","protected":false},"excerpt":{"rendered":"<p>U\u017esit\u0119s\u0119s elektronikos prietais\u0173 poilsis: marinsime ar pasigail\u0117sime? Kiek nenaudojam\u0173 elektronikos prietais\u0173 suskai\u010diuotum\u0117te savo spintose, sand\u0117liukuose? Kiek j\u0173 yra veikiantys, bet ne\u017einia kada buvote \u012fjung\u0119? Kurie j\u0173 seniai suged\u0119 \u2013 ketinote taisyti, bet taip ir neprisiruo\u0161\u0117te? Dovan\u0173 pirkimo m\u0117nesio \u012fkar\u0161tis \u2013 geras metas revizuoti savo pod\u0117lius. \u012evertinkime, kuriuos \u0161i\u0173 prietais\u0173 gal\u0117tume padovanoti ar parduoti, o kurie [&hellip;]<\/p>\n","protected":false},"author":2,"featured_media":0,"parent":0,"menu_order":0,"comment_status":"closed","ping_status":"closed","template":"","meta":{"_acf_changed":false,"sfsi_plus_gutenberg_text_before_share":"","sfsi_plus_gutenberg_show_text_before_share":"","sfsi_plus_gutenberg_icon_type":"","sfsi_plus_gutenberg_icon_alignemt":"","sfsi_plus_gutenburg_max_per_row":"","footnotes":""},"class_list":["post-2087","page","type-page","status-publish","hentry"],"translation":{"provider":"WPGlobus","version":"3.0.0","language":"en","enabled_languages":["lt","en"],"languages":{"lt":{"title":true,"content":true,"excerpt":false},"en":{"title":true,"content":true,"excerpt":false}}},"acf":[],"yoast_head":"<!-- This site is optimized with the Yoast SEO Premium plugin v25.6 (Yoast SEO v25.6) - https:\/\/yoast.com\/wordpress\/plugins\/seo\/ -->\n<title>U\u017esit\u0119s\u0119s elektronikos prietais\u0173 poilsis: marinsime ar pasigail\u0117sime? - EPA (Distributors of electronics association)<\/title>\n<meta name=\"robots\" content=\"index, follow, max-snippet:-1, max-image-preview:large, max-video-preview:-1\" \/>\n<link rel=\"canonical\" href=\"https:\/\/www.epa.lt\/uzsiteses-elektronikos-prietaisu-poilsis-marinsime-ar-pasigailesime\/\" \/>\n<meta property=\"og:locale\" content=\"en_US\" \/>\n<meta property=\"og:type\" content=\"article\" \/>\n<meta property=\"og:title\" content=\"U\u017esit\u0119s\u0119s elektronikos prietais\u0173 poilsis: marinsime ar pasigail\u0117sime? - EPA (Distributors of electronics association)\" \/>\n<meta property=\"og:url\" content=\"https:\/\/www.epa.lt\/uzsiteses-elektronikos-prietaisu-poilsis-marinsime-ar-pasigailesime\/\" \/>\n<meta property=\"og:site_name\" content=\"EPA (Distributors of electronics association)\" \/>\n<meta property=\"article:publisher\" content=\"https:\/\/www.facebook.com\/asociacija.epa\" \/>\n<meta property=\"article:modified_time\" content=\"2023-06-20T07:13:48+00:00\" \/>\n<meta property=\"og:image\" content=\"https:\/\/www.epa.lt\/wp-content\/uploads\/2022\/11\/EPA_saldytuvas.jpg\" \/>\n<meta name=\"twitter:card\" content=\"summary_large_image\" \/>\n<meta name=\"twitter:label1\" content=\"Est. reading time\" \/>\n\t<meta name=\"twitter:data1\" content=\"8 minutes\" \/>\n<script type=\"application\/ld+json\" class=\"yoast-schema-graph\">{\"@context\":\"https:\/\/schema.org\",\"@graph\":[{\"@type\":\"WebPage\",\"@id\":\"https:\/\/www.epa.lt\/uzsiteses-elektronikos-prietaisu-poilsis-marinsime-ar-pasigailesime\/\",\"url\":\"https:\/\/www.epa.lt\/uzsiteses-elektronikos-prietaisu-poilsis-marinsime-ar-pasigailesime\/\",\"name\":\"U\u017esit\u0119s\u0119s elektronikos prietais\u0173 poilsis: marinsime ar pasigail\u0117sime? - EPA (Distributors of electronics association)\",\"isPartOf\":{\"@id\":\"https:\/\/www.epa.lt\/#website\"},\"primaryImageOfPage\":{\"@id\":\"https:\/\/www.epa.lt\/uzsiteses-elektronikos-prietaisu-poilsis-marinsime-ar-pasigailesime\/#primaryimage\"},\"image\":{\"@id\":\"https:\/\/www.epa.lt\/uzsiteses-elektronikos-prietaisu-poilsis-marinsime-ar-pasigailesime\/#primaryimage\"},\"thumbnailUrl\":\"https:\/\/www.epa.lt\/wp-content\/uploads\/2022\/11\/EPA_saldytuvas.jpg\",\"datePublished\":\"2022-12-12T07:13:05+00:00\",\"dateModified\":\"2023-06-20T07:13:48+00:00\",\"breadcrumb\":{\"@id\":\"https:\/\/www.epa.lt\/uzsiteses-elektronikos-prietaisu-poilsis-marinsime-ar-pasigailesime\/#breadcrumb\"},\"inLanguage\":\"en-US\",\"potentialAction\":[{\"@type\":\"ReadAction\",\"target\":[\"https:\/\/www.epa.lt\/uzsiteses-elektronikos-prietaisu-poilsis-marinsime-ar-pasigailesime\/\"]}]},{\"@type\":\"ImageObject\",\"inLanguage\":\"en-US\",\"@id\":\"https:\/\/www.epa.lt\/uzsiteses-elektronikos-prietaisu-poilsis-marinsime-ar-pasigailesime\/#primaryimage\",\"url\":\"https:\/\/www.epa.lt\/wp-content\/uploads\/2022\/11\/EPA_saldytuvas.jpg\",\"contentUrl\":\"https:\/\/www.epa.lt\/wp-content\/uploads\/2022\/11\/EPA_saldytuvas.jpg\"},{\"@type\":\"BreadcrumbList\",\"@id\":\"https:\/\/www.epa.lt\/uzsiteses-elektronikos-prietaisu-poilsis-marinsime-ar-pasigailesime\/#breadcrumb\",\"itemListElement\":[{\"@type\":\"ListItem\",\"position\":1,\"name\":\"Home\",\"item\":\"https:\/\/www.epa.lt\/\"},{\"@type\":\"ListItem\",\"position\":2,\"name\":\"U\u017esit\u0119s\u0119s elektronikos prietais\u0173 poilsis: marinsime ar pasigail\u0117sime?\"}]},{\"@type\":\"WebSite\",\"@id\":\"https:\/\/www.epa.lt\/#website\",\"url\":\"https:\/\/www.epa.lt\/\",\"name\":\"{:lt}EPA (Elektronikos platintoj\u0173 asociacija){:}{:en}EPA (Distributors of electronics association) {:}\",\"description\":\"Electronic waste management\",\"publisher\":{\"@id\":\"https:\/\/www.epa.lt\/#organization\"},\"potentialAction\":[{\"@type\":\"SearchAction\",\"target\":{\"@type\":\"EntryPoint\",\"urlTemplate\":\"https:\/\/www.epa.lt\/?s={search_term_string}\"},\"query-input\":{\"@type\":\"PropertyValueSpecification\",\"valueRequired\":true,\"valueName\":\"search_term_string\"}}],\"inLanguage\":\"en-US\"},{\"@type\":\"Organization\",\"@id\":\"https:\/\/www.epa.lt\/#organization\",\"name\":\"{:lt}EPA (Elektronikos platintoj\u0173 asociacija){:}{:en}EPA (Distributors of electronics association) {:}\",\"url\":\"https:\/\/www.epa.lt\/\",\"logo\":{\"@type\":\"ImageObject\",\"inLanguage\":\"en-US\",\"@id\":\"https:\/\/www.epa.lt\/#\/schema\/logo\/image\/\",\"url\":\"https:\/\/www.epa.lt\/wp-content\/uploads\/2018\/04\/EPA_logo_RGB_t_vidus.png\",\"contentUrl\":\"https:\/\/www.epa.lt\/wp-content\/uploads\/2018\/04\/EPA_logo_RGB_t_vidus.png\",\"width\":945,\"height\":945,\"caption\":\"{:lt}EPA (Elektronikos platintoj\u0173 asociacija){:}{:en}EPA (Distributors of electronics association) {:}\"},\"image\":{\"@id\":\"https:\/\/www.epa.lt\/#\/schema\/logo\/image\/\"},\"sameAs\":[\"https:\/\/www.facebook.com\/asociacija.epa\"]}]}<\/script>\n<!-- \/ Yoast SEO Premium plugin. -->","yoast_head_json":{"title":"U\u017esit\u0119s\u0119s elektronikos prietais\u0173 poilsis: marinsime ar pasigail\u0117sime? - EPA (Distributors of electronics association)","robots":{"index":"index","follow":"follow","max-snippet":"max-snippet:-1","max-image-preview":"max-image-preview:large","max-video-preview":"max-video-preview:-1"},"canonical":"https:\/\/www.epa.lt\/uzsiteses-elektronikos-prietaisu-poilsis-marinsime-ar-pasigailesime\/","og_locale":"en_US","og_type":"article","og_title":"U\u017esit\u0119s\u0119s elektronikos prietais\u0173 poilsis: marinsime ar pasigail\u0117sime? - EPA (Distributors of electronics association)","og_url":"https:\/\/www.epa.lt\/uzsiteses-elektronikos-prietaisu-poilsis-marinsime-ar-pasigailesime\/","og_site_name":"EPA (Distributors of electronics association)","article_publisher":"https:\/\/www.facebook.com\/asociacija.epa","article_modified_time":"2023-06-20T07:13:48+00:00","og_image":[{"url":"https:\/\/www.epa.lt\/wp-content\/uploads\/2022\/11\/EPA_saldytuvas.jpg","type":"","width":"","height":""}],"twitter_card":"summary_large_image","twitter_misc":{"Est. reading time":"8 minutes"},"schema":{"@context":"https:\/\/schema.org","@graph":[{"@type":"WebPage","@id":"https:\/\/www.epa.lt\/uzsiteses-elektronikos-prietaisu-poilsis-marinsime-ar-pasigailesime\/","url":"https:\/\/www.epa.lt\/uzsiteses-elektronikos-prietaisu-poilsis-marinsime-ar-pasigailesime\/","name":"U\u017esit\u0119s\u0119s elektronikos prietais\u0173 poilsis: marinsime ar pasigail\u0117sime? - EPA (Distributors of electronics association)","isPartOf":{"@id":"https:\/\/www.epa.lt\/#website"},"primaryImageOfPage":{"@id":"https:\/\/www.epa.lt\/uzsiteses-elektronikos-prietaisu-poilsis-marinsime-ar-pasigailesime\/#primaryimage"},"image":{"@id":"https:\/\/www.epa.lt\/uzsiteses-elektronikos-prietaisu-poilsis-marinsime-ar-pasigailesime\/#primaryimage"},"thumbnailUrl":"https:\/\/www.epa.lt\/wp-content\/uploads\/2022\/11\/EPA_saldytuvas.jpg","datePublished":"2022-12-12T07:13:05+00:00","dateModified":"2023-06-20T07:13:48+00:00","breadcrumb":{"@id":"https:\/\/www.epa.lt\/uzsiteses-elektronikos-prietaisu-poilsis-marinsime-ar-pasigailesime\/#breadcrumb"},"inLanguage":"en-US","potentialAction":[{"@type":"ReadAction","target":["https:\/\/www.epa.lt\/uzsiteses-elektronikos-prietaisu-poilsis-marinsime-ar-pasigailesime\/"]}]},{"@type":"ImageObject","inLanguage":"en-US","@id":"https:\/\/www.epa.lt\/uzsiteses-elektronikos-prietaisu-poilsis-marinsime-ar-pasigailesime\/#primaryimage","url":"https:\/\/www.epa.lt\/wp-content\/uploads\/2022\/11\/EPA_saldytuvas.jpg","contentUrl":"https:\/\/www.epa.lt\/wp-content\/uploads\/2022\/11\/EPA_saldytuvas.jpg"},{"@type":"BreadcrumbList","@id":"https:\/\/www.epa.lt\/uzsiteses-elektronikos-prietaisu-poilsis-marinsime-ar-pasigailesime\/#breadcrumb","itemListElement":[{"@type":"ListItem","position":1,"name":"Home","item":"https:\/\/www.epa.lt\/"},{"@type":"ListItem","position":2,"name":"U\u017esit\u0119s\u0119s elektronikos prietais\u0173 poilsis: marinsime ar pasigail\u0117sime?"}]},{"@type":"WebSite","@id":"https:\/\/www.epa.lt\/#website","url":"https:\/\/www.epa.lt\/","name":"{:lt}EPA (Elektronikos platintoj\u0173 asociacija){:}{:en}EPA (Distributors of electronics association) {:}","description":"Electronic waste management","publisher":{"@id":"https:\/\/www.epa.lt\/#organization"},"potentialAction":[{"@type":"SearchAction","target":{"@type":"EntryPoint","urlTemplate":"https:\/\/www.epa.lt\/?s={search_term_string}"},"query-input":{"@type":"PropertyValueSpecification","valueRequired":true,"valueName":"search_term_string"}}],"inLanguage":"en-US"},{"@type":"Organization","@id":"https:\/\/www.epa.lt\/#organization","name":"{:lt}EPA (Elektronikos platintoj\u0173 asociacija){:}{:en}EPA (Distributors of electronics association) {:}","url":"https:\/\/www.epa.lt\/","logo":{"@type":"ImageObject","inLanguage":"en-US","@id":"https:\/\/www.epa.lt\/#\/schema\/logo\/image\/","url":"https:\/\/www.epa.lt\/wp-content\/uploads\/2018\/04\/EPA_logo_RGB_t_vidus.png","contentUrl":"https:\/\/www.epa.lt\/wp-content\/uploads\/2018\/04\/EPA_logo_RGB_t_vidus.png","width":945,"height":945,"caption":"{:lt}EPA (Elektronikos platintoj\u0173 asociacija){:}{:en}EPA (Distributors of electronics association) {:}"},"image":{"@id":"https:\/\/www.epa.lt\/#\/schema\/logo\/image\/"},"sameAs":["https:\/\/www.facebook.com\/asociacija.epa"]}]}},"_links":{"self":[{"href":"https:\/\/www.epa.lt\/en\/wp-json\/wp\/v2\/pages\/2087","targetHints":{"allow":["GET"]}}],"collection":[{"href":"https:\/\/www.epa.lt\/en\/wp-json\/wp\/v2\/pages"}],"about":[{"href":"https:\/\/www.epa.lt\/en\/wp-json\/wp\/v2\/types\/page"}],"author":[{"embeddable":true,"href":"https:\/\/www.epa.lt\/en\/wp-json\/wp\/v2\/users\/2"}],"replies":[{"embeddable":true,"href":"https:\/\/www.epa.lt\/en\/wp-json\/wp\/v2\/comments?post=2087"}],"version-history":[{"count":4,"href":"https:\/\/www.epa.lt\/en\/wp-json\/wp\/v2\/pages\/2087\/revisions"}],"predecessor-version":[{"id":2324,"href":"https:\/\/www.epa.lt\/en\/wp-json\/wp\/v2\/pages\/2087\/revisions\/2324"}],"wp:attachment":[{"href":"https:\/\/www.epa.lt\/en\/wp-json\/wp\/v2\/media?parent=2087"}],"curies":[{"name":"wp","href":"https:\/\/api.w.org\/{rel}","templated":true}]}}