{"id":204,"date":"2018-04-24T16:36:17","date_gmt":"2018-04-24T13:36:17","guid":{"rendered":"https:\/\/www.epa.lt\/?page_id=204"},"modified":"2024-11-22T12:28:10","modified_gmt":"2024-11-22T09:28:10","slug":"atsakingas-skaitytojas","status":"publish","type":"page","link":"https:\/\/www.epa.lt\/en\/akcijos-ir-projektai\/atsakingas-skaitytojas\/","title":{"rendered":"ATSAKINGAS SKAITYTOJAS. Projektas Lietuvos bibliotekoms ir bendruomen\u0117ms."},"content":{"rendered":"<p style=\"font-weight: 400;\">Sveikiname atsakingiausias Lietuvos bibliotekas projekte \u201eAtsakingas skaitytojas 2024\u201c!<\/p>\n<p style=\"font-weight: 400;\">Net 50 bibliotek\u0173 dalyvavo projekto \u201eAtsakingas skaitytojas\u201c konkurse, aktyviai rinko elektronikos atliekas ir skatino tvarius \u012fpro\u010dius savo bendruomen\u0117se. Per vis\u0105 projekto laikotarp\u012f buvo surinkta 50,0085 tonos elektronikos atliek\u0173, baterij\u0173 ir akumuliatori\u0173.<\/p>\n<p style=\"font-weight: 400;\">Skelbiame 2024 met\u0173 laim\u0117tojus:<\/p>\n<p style=\"font-weight: 400;\">Elektronikos atliek\u0173 surinkimo kategorijoje:<\/p>\n<p style=\"font-weight: 400;\">1 vieta. \u0160aki\u0173 rajono savivaldyb\u0117s vie\u0161oji biblioteka \u2013 pagrindinis prizas: meninink\u0117s Nomedos Mar\u010d\u0117nait\u0117s vie\u0161nag\u0117 ir specialus prizas!<\/p>\n<p style=\"font-weight: 400;\">2 vieta: Jurbarko rajono savivaldyb\u0117s vie\u0161oji biblioteka, Vie\u0161vil\u0117s filialas \u2013 specialus prizas!<\/p>\n<p style=\"font-weight: 400;\">3 vieta: Jurbarko rajono savivaldyb\u0117s vie\u0161oji biblioteka, Vad\u017egirio filialas \u2013 specialus prizas!<\/p>\n<p style=\"font-weight: 400;\">Baterij\u0173 ir akumuliatori\u0173 kategorijos laim\u0117tojai:<\/p>\n<p style=\"font-weight: 400;\">1 vieta. Ukmerg\u0117s rajono savivaldyb\u0117s Vlado \u0160laito vie\u0161oji biblioteka \u2013 specialus prizas!<\/p>\n<p style=\"font-weight: 400;\">2 vieta. Mol\u0117t\u0173 rajono savivaldyb\u0117s vie\u0161oji biblioteka \u2013 specialus prizas!<\/p>\n<p style=\"font-weight: 400;\">3 vieta. \u0160iauli\u0173 miesto savivaldyb\u0117s vie\u0161oji biblioteka \u2013 specialus prizas!<\/p>\n<p style=\"font-weight: 400;\">\n<p style=\"font-weight: 400;\">D\u0117kojame visoms bibliotekoms ir j\u0173 skaitytojams u\u017e atsaking\u0105 po\u017ei\u016br\u012f \u012f aplinkos apsaug\u0105. D\u0117ka j\u016bs\u0173 kartu kuriame \u0161varesn\u0119 Lietuv\u0105!<\/p>\n<p><img loading=\"lazy\" decoding=\"async\" class=\" wp-image-3041 aligncenter\" src=\"https:\/\/www.epa.lt\/wp-content\/uploads\/2024\/11\/FB-post-biblioteku-sveikiname-300x300.jpg\" alt=\"\" width=\"568\" height=\"568\" srcset=\"https:\/\/www.epa.lt\/wp-content\/uploads\/2024\/11\/FB-post-biblioteku-sveikiname-300x300.jpg 300w, https:\/\/www.epa.lt\/wp-content\/uploads\/2024\/11\/FB-post-biblioteku-sveikiname-1024x1024.jpg 1024w, https:\/\/www.epa.lt\/wp-content\/uploads\/2024\/11\/FB-post-biblioteku-sveikiname-150x150.jpg 150w, https:\/\/www.epa.lt\/wp-content\/uploads\/2024\/11\/FB-post-biblioteku-sveikiname-768x768.jpg 768w, https:\/\/www.epa.lt\/wp-content\/uploads\/2024\/11\/FB-post-biblioteku-sveikiname.jpg 1200w\" sizes=\"auto, (max-width: 568px) 100vw, 568px\" \/><\/p>\n<p>Bendruomeni\u0161kumas \u2013 svarbus geresnio, draugi\u0161kesnio, atsakingesnio gyvenimo veiksnys. Tuo pagr\u012fstas ir nuo 2015 met\u0173 EPA vykdomas projektas \u201eAtsakingas skaitytojas\u201c. D\u017eiugu matyti \u012f projekt\u0105 kasmet \u012fsitraukian\u010dias Lietuvos bibliotekas.<\/p>\n<p>Nuo did\u017ei\u0173j\u0173 miest\u0173 nutolusi\u0173 miesteli\u0173 ir kaim\u0173 bendruomen\u0117ms \u201eAtsakingas skaitytojas\u201c suteikia \u00a0galimyb\u0117 saugiai, atsakingai, be didesni\u0173 r\u016bpes\u010di\u0173 i\u0161mesti elektronikos atliekas. Teisingas po\u017ei\u016bris \u012f elektronikos atliekas ir atsakinga elgsena integruojama \u012f bendr\u0105j\u0105 kult\u016br\u0105, tampa pilieti\u0161kumo dalimi.<\/p>\n<p>Visoms \u0161alims naudingo projektas centre yra bibliotekoms skirtas konkursas. Konkurse dalyvaujan\u010dios kult\u016bros \u012fstaigos kvie\u010dia savo skaitytojus:<\/p>\n<ul>\n<li>atne\u0161ti \u012f bibliotek\u0105 nebenaudojam\u0105 smulki\u0105j\u0105 elektronik\u0105 ir panaudotas baterijas \/ akumuliatorius,<\/li>\n<li>registruotis bibliotekoje nemokamam nebenaudojamos, nebetaisytinos stambiosios elektronikos \u012frangos i\u0161ve\u017eimui i\u0161 nam\u0173,<\/li>\n<li>prisid\u0117ti prie aplinkosaugos u\u017edavini\u0173 ir tvarumo kult\u016bros puosel\u0117jimo,<\/li>\n<li>pelnyti papildom\u0105 naud\u0105 bibliotekai, skaitytojams, bendruomen\u0117s kult\u016brai.<\/li>\n<\/ul>\n<p>2024 m. konkursas vykdomas vienu etapu \u2013 baland\u017eio\u2013spalio m\u0117n.<\/p>\n<ul>\n<li><strong>Pagrindinis konkurso prizas<\/strong> atiteks aktyviausiai bibliotekai, surinkusiai <strong>daugiausia <\/strong>elektronikos atliek\u0173, tai \u2013 susitikimas su \u017einoma Lietuvos menininke, knyg\u0173 autore ir iliustratore, laid\u0173 ved\u0117ja Nomeda Mar\u010d\u0117naite ir dovan\u0173 \u010dekis.<\/li>\n<li><strong>Dovan\u0173 \u010dekiai atitenka antr\u0105 ir tre\u010di\u0105 viet\u0105 u\u017e\u0117musioms bibliotekoms, surinkusioms daugiausiai elektronikos. <\/strong><\/li>\n<li><strong>Kiti dovan\u0173 \u010dekiai<\/strong> bus skiriami 3 daugiausiai baterij\u0173 \/ akumuliatori\u0173 atliek\u0173 surinkusioms bibliotekoms (neskiriami toms, kurios laim\u0117s prizus elektronikos atliek\u0173 kategorijose).<\/li>\n<\/ul>\n<p>Projekto komunikacija \u017einiasklaidoje ir socialiniuose tinkluose kartu su projekto partneriais ir \u017einomu \u0161alyje k\u016br\u0117ju padeda formuoti atsaking\u0105 po\u017ei\u016br\u012f \u012f elektronikos atliek\u0173 tvarkym\u0105, vartojim\u0105, aplinkosaugos bei ekonomikos tvarumo i\u0161\u0161\u016bkius.<\/p>\n<p>Projekto \u201eAtsakingas skaitytojas\u201c partner\u0117s yra Lietuvos savivaldybi\u0173 vie\u0161\u0173j\u0173 bibliotek\u0173 asociacija ir Lietuvos bibliotekinink\u0173 draugija.<\/p>\n<ul>\n<li><a href=\"https:\/\/www.epa.lt\/wp-content\/uploads\/2024\/03\/2024_EPA_Taisykles_Atsakingas-skaitytojas_red_final.pdf\">Projekto taisykl\u0117s<\/a><\/li>\n<li><a href=\"https:\/\/www.epa.lt\/wp-content\/uploads\/2024\/03\/Kvietimas-A4-Atsakingas-skaitytojas.pdf\">Kvietimas dalyvauti projekte<\/a><\/li>\n<li><a href=\"https:\/\/www.epa.lt\/wp-content\/uploads\/2024\/03\/A3-plakatas.pdf\">Plakatas spausdinimui (A3)<\/a><\/li>\n<li><a href=\"https:\/\/www.epa.lt\/wp-content\/uploads\/2024\/03\/A4-plakatas-1.pdf\">Plakatas spausdinimui (A4)<\/a><\/li>\n<li><a href=\"https:\/\/www.epa.lt\/wp-content\/uploads\/2023\/05\/EPa_registracijos-forma.pdf\">Gyventoj\u0173 registracijos forma\u00a0<\/a><\/li>\n<\/ul>\n","protected":false},"excerpt":{"rendered":"<p>Sveikiname atsakingiausias Lietuvos bibliotekas projekte \u201eAtsakingas skaitytojas 2024\u201c! Net 50 bibliotek\u0173 dalyvavo projekto \u201eAtsakingas skaitytojas\u201c konkurse, aktyviai rinko elektronikos atliekas ir skatino tvarius \u012fpro\u010dius savo bendruomen\u0117se. Per vis\u0105 projekto laikotarp\u012f buvo surinkta 50,0085 tonos elektronikos atliek\u0173, baterij\u0173 ir akumuliatori\u0173. Skelbiame 2024 met\u0173 laim\u0117tojus: Elektronikos atliek\u0173 surinkimo kategorijoje: 1 vieta. \u0160aki\u0173 rajono savivaldyb\u0117s vie\u0161oji biblioteka \u2013 [&hellip;]<\/p>\n","protected":false},"author":2,"featured_media":0,"parent":35,"menu_order":0,"comment_status":"closed","ping_status":"closed","template":"","meta":{"_acf_changed":false,"sfsi_plus_gutenberg_text_before_share":"","sfsi_plus_gutenberg_show_text_before_share":"","sfsi_plus_gutenberg_icon_type":"","sfsi_plus_gutenberg_icon_alignemt":"","sfsi_plus_gutenburg_max_per_row":"","footnotes":""},"class_list":["post-204","page","type-page","status-publish","hentry"],"translation":{"provider":"WPGlobus","version":"3.0.0","language":"en","enabled_languages":["lt","en"],"languages":{"lt":{"title":true,"content":true,"excerpt":false},"en":{"title":false,"content":false,"excerpt":false}}},"acf":[],"yoast_head":"<!-- This site is optimized with the Yoast SEO Premium plugin v25.6 (Yoast SEO v25.6) - https:\/\/yoast.com\/wordpress\/plugins\/seo\/ -->\n<title>ATSAKINGAS SKAITYTOJAS. Projektas Lietuvos bibliotekoms ir bendruomen\u0117ms. - EPA (Distributors of electronics association)<\/title>\n<meta name=\"robots\" content=\"index, follow, max-snippet:-1, max-image-preview:large, max-video-preview:-1\" \/>\n<link rel=\"canonical\" href=\"https:\/\/www.epa.lt\/en\/akcijos-ir-projektai\/atsakingas-skaitytojas\/\" \/>\n<meta property=\"og:locale\" content=\"en_US\" \/>\n<meta property=\"og:type\" content=\"article\" \/>\n<meta property=\"og:title\" content=\"ATSAKINGAS SKAITYTOJAS. Projektas Lietuvos bibliotekoms ir bendruomen\u0117ms. - EPA (Distributors of electronics association)\" \/>\n<meta property=\"og:url\" content=\"https:\/\/www.epa.lt\/en\/akcijos-ir-projektai\/atsakingas-skaitytojas\/\" \/>\n<meta property=\"og:site_name\" content=\"EPA (Distributors of electronics association)\" \/>\n<meta property=\"article:publisher\" content=\"https:\/\/www.facebook.com\/asociacija.epa\" \/>\n<meta property=\"article:modified_time\" content=\"2024-11-22T09:28:10+00:00\" \/>\n<meta property=\"og:image\" content=\"https:\/\/www.epa.lt\/wp-content\/uploads\/2024\/11\/FB-post-biblioteku-sveikiname-300x300.jpg\" \/>\n<meta name=\"twitter:card\" content=\"summary_large_image\" \/>\n<meta name=\"twitter:label1\" content=\"Est. reading time\" \/>\n\t<meta name=\"twitter:data1\" content=\"3 minutes\" \/>\n<script type=\"application\/ld+json\" class=\"yoast-schema-graph\">{\"@context\":\"https:\/\/schema.org\",\"@graph\":[{\"@type\":\"WebPage\",\"@id\":\"https:\/\/www.epa.lt\/en\/akcijos-ir-projektai\/atsakingas-skaitytojas\/\",\"url\":\"https:\/\/www.epa.lt\/en\/akcijos-ir-projektai\/atsakingas-skaitytojas\/\",\"name\":\"ATSAKINGAS SKAITYTOJAS. Projektas Lietuvos bibliotekoms ir bendruomen\u0117ms. - EPA (Distributors of electronics association)\",\"isPartOf\":{\"@id\":\"https:\/\/www.epa.lt\/en\/#website\"},\"primaryImageOfPage\":{\"@id\":\"https:\/\/www.epa.lt\/en\/akcijos-ir-projektai\/atsakingas-skaitytojas\/#primaryimage\"},\"image\":{\"@id\":\"https:\/\/www.epa.lt\/en\/akcijos-ir-projektai\/atsakingas-skaitytojas\/#primaryimage\"},\"thumbnailUrl\":\"https:\/\/www.epa.lt\/wp-content\/uploads\/2024\/11\/FB-post-biblioteku-sveikiname-300x300.jpg\",\"datePublished\":\"2018-04-24T13:36:17+00:00\",\"dateModified\":\"2024-11-22T09:28:10+00:00\",\"description\":\"Atsakingas skaitytojas - EPA ir Lietuvos bibliotek\u0173 vystomas konkursas. R\u016b\u0161iuokime ir \u0161vieskim\u0117s drauge!\",\"breadcrumb\":{\"@id\":\"https:\/\/www.epa.lt\/en\/akcijos-ir-projektai\/atsakingas-skaitytojas\/#breadcrumb\"},\"inLanguage\":\"en-US\",\"potentialAction\":[{\"@type\":\"ReadAction\",\"target\":[\"https:\/\/www.epa.lt\/en\/akcijos-ir-projektai\/atsakingas-skaitytojas\/\"]}]},{\"@type\":\"ImageObject\",\"inLanguage\":\"en-US\",\"@id\":\"https:\/\/www.epa.lt\/en\/akcijos-ir-projektai\/atsakingas-skaitytojas\/#primaryimage\",\"url\":\"https:\/\/www.epa.lt\/wp-content\/uploads\/2024\/11\/FB-post-biblioteku-sveikiname-300x300.jpg\",\"contentUrl\":\"https:\/\/www.epa.lt\/wp-content\/uploads\/2024\/11\/FB-post-biblioteku-sveikiname-300x300.jpg\"},{\"@type\":\"BreadcrumbList\",\"@id\":\"https:\/\/www.epa.lt\/en\/akcijos-ir-projektai\/atsakingas-skaitytojas\/#breadcrumb\",\"itemListElement\":[{\"@type\":\"ListItem\",\"position\":1,\"name\":\"Home\",\"item\":\"https:\/\/www.epa.lt\/en\/\"},{\"@type\":\"ListItem\",\"position\":2,\"name\":\"Actions and Projects\",\"item\":\"https:\/\/www.epa.lt\/en\/akcijos-ir-projektai\/\"},{\"@type\":\"ListItem\",\"position\":3,\"name\":\"ATSAKINGAS SKAITYTOJAS. Projektas Lietuvos bibliotekoms ir bendruomen\u0117ms.\"}]},{\"@type\":\"WebSite\",\"@id\":\"https:\/\/www.epa.lt\/en\/#website\",\"url\":\"https:\/\/www.epa.lt\/en\/\",\"name\":\"{:lt}EPA (Elektronikos platintoj\u0173 asociacija){:}{:en}EPA (Distributors of electronics association) {:}\",\"description\":\"Electronic waste management\",\"publisher\":{\"@id\":\"https:\/\/www.epa.lt\/en\/#organization\"},\"potentialAction\":[{\"@type\":\"SearchAction\",\"target\":{\"@type\":\"EntryPoint\",\"urlTemplate\":\"https:\/\/www.epa.lt\/en\/?s={search_term_string}\"},\"query-input\":{\"@type\":\"PropertyValueSpecification\",\"valueRequired\":true,\"valueName\":\"search_term_string\"}}],\"inLanguage\":\"en-US\"},{\"@type\":\"Organization\",\"@id\":\"https:\/\/www.epa.lt\/en\/#organization\",\"name\":\"{:lt}EPA (Elektronikos platintoj\u0173 asociacija){:}{:en}EPA (Distributors of electronics association) {:}\",\"url\":\"https:\/\/www.epa.lt\/en\/\",\"logo\":{\"@type\":\"ImageObject\",\"inLanguage\":\"en-US\",\"@id\":\"https:\/\/www.epa.lt\/en\/#\/schema\/logo\/image\/\",\"url\":\"https:\/\/www.epa.lt\/wp-content\/uploads\/2018\/04\/EPA_logo_RGB_t_vidus.png\",\"contentUrl\":\"https:\/\/www.epa.lt\/wp-content\/uploads\/2018\/04\/EPA_logo_RGB_t_vidus.png\",\"width\":945,\"height\":945,\"caption\":\"{:lt}EPA (Elektronikos platintoj\u0173 asociacija){:}{:en}EPA (Distributors of electronics association) {:}\"},\"image\":{\"@id\":\"https:\/\/www.epa.lt\/en\/#\/schema\/logo\/image\/\"},\"sameAs\":[\"https:\/\/www.facebook.com\/asociacija.epa\"]}]}<\/script>\n<!-- \/ Yoast SEO Premium plugin. -->","yoast_head_json":{"title":"ATSAKINGAS SKAITYTOJAS. Projektas Lietuvos bibliotekoms ir bendruomen\u0117ms. - EPA (Distributors of electronics association)","robots":{"index":"index","follow":"follow","max-snippet":"max-snippet:-1","max-image-preview":"max-image-preview:large","max-video-preview":"max-video-preview:-1"},"canonical":"https:\/\/www.epa.lt\/en\/akcijos-ir-projektai\/atsakingas-skaitytojas\/","og_locale":"en_US","og_type":"article","og_title":"ATSAKINGAS SKAITYTOJAS. Projektas Lietuvos bibliotekoms ir bendruomen\u0117ms. - EPA (Distributors of electronics association)","og_url":"https:\/\/www.epa.lt\/en\/akcijos-ir-projektai\/atsakingas-skaitytojas\/","og_site_name":"EPA (Distributors of electronics association)","article_publisher":"https:\/\/www.facebook.com\/asociacija.epa","article_modified_time":"2024-11-22T09:28:10+00:00","og_image":[{"url":"https:\/\/www.epa.lt\/wp-content\/uploads\/2024\/11\/FB-post-biblioteku-sveikiname-300x300.jpg","type":"","width":"","height":""}],"twitter_card":"summary_large_image","twitter_misc":{"Est. reading time":"3 minutes"},"schema":{"@context":"https:\/\/schema.org","@graph":[{"@type":"WebPage","@id":"https:\/\/www.epa.lt\/en\/akcijos-ir-projektai\/atsakingas-skaitytojas\/","url":"https:\/\/www.epa.lt\/en\/akcijos-ir-projektai\/atsakingas-skaitytojas\/","name":"ATSAKINGAS SKAITYTOJAS. Projektas Lietuvos bibliotekoms ir bendruomen\u0117ms. - EPA (Distributors of electronics association)","isPartOf":{"@id":"https:\/\/www.epa.lt\/en\/#website"},"primaryImageOfPage":{"@id":"https:\/\/www.epa.lt\/en\/akcijos-ir-projektai\/atsakingas-skaitytojas\/#primaryimage"},"image":{"@id":"https:\/\/www.epa.lt\/en\/akcijos-ir-projektai\/atsakingas-skaitytojas\/#primaryimage"},"thumbnailUrl":"https:\/\/www.epa.lt\/wp-content\/uploads\/2024\/11\/FB-post-biblioteku-sveikiname-300x300.jpg","datePublished":"2018-04-24T13:36:17+00:00","dateModified":"2024-11-22T09:28:10+00:00","description":"Atsakingas skaitytojas - EPA ir Lietuvos bibliotek\u0173 vystomas konkursas. R\u016b\u0161iuokime ir \u0161vieskim\u0117s drauge!","breadcrumb":{"@id":"https:\/\/www.epa.lt\/en\/akcijos-ir-projektai\/atsakingas-skaitytojas\/#breadcrumb"},"inLanguage":"en-US","potentialAction":[{"@type":"ReadAction","target":["https:\/\/www.epa.lt\/en\/akcijos-ir-projektai\/atsakingas-skaitytojas\/"]}]},{"@type":"ImageObject","inLanguage":"en-US","@id":"https:\/\/www.epa.lt\/en\/akcijos-ir-projektai\/atsakingas-skaitytojas\/#primaryimage","url":"https:\/\/www.epa.lt\/wp-content\/uploads\/2024\/11\/FB-post-biblioteku-sveikiname-300x300.jpg","contentUrl":"https:\/\/www.epa.lt\/wp-content\/uploads\/2024\/11\/FB-post-biblioteku-sveikiname-300x300.jpg"},{"@type":"BreadcrumbList","@id":"https:\/\/www.epa.lt\/en\/akcijos-ir-projektai\/atsakingas-skaitytojas\/#breadcrumb","itemListElement":[{"@type":"ListItem","position":1,"name":"Home","item":"https:\/\/www.epa.lt\/en\/"},{"@type":"ListItem","position":2,"name":"Actions and Projects","item":"https:\/\/www.epa.lt\/en\/akcijos-ir-projektai\/"},{"@type":"ListItem","position":3,"name":"ATSAKINGAS SKAITYTOJAS. Projektas Lietuvos bibliotekoms ir bendruomen\u0117ms."}]},{"@type":"WebSite","@id":"https:\/\/www.epa.lt\/en\/#website","url":"https:\/\/www.epa.lt\/en\/","name":"{:lt}EPA (Elektronikos platintoj\u0173 asociacija){:}{:en}EPA (Distributors of electronics association) {:}","description":"Electronic waste management","publisher":{"@id":"https:\/\/www.epa.lt\/en\/#organization"},"potentialAction":[{"@type":"SearchAction","target":{"@type":"EntryPoint","urlTemplate":"https:\/\/www.epa.lt\/en\/?s={search_term_string}"},"query-input":{"@type":"PropertyValueSpecification","valueRequired":true,"valueName":"search_term_string"}}],"inLanguage":"en-US"},{"@type":"Organization","@id":"https:\/\/www.epa.lt\/en\/#organization","name":"{:lt}EPA (Elektronikos platintoj\u0173 asociacija){:}{:en}EPA (Distributors of electronics association) {:}","url":"https:\/\/www.epa.lt\/en\/","logo":{"@type":"ImageObject","inLanguage":"en-US","@id":"https:\/\/www.epa.lt\/en\/#\/schema\/logo\/image\/","url":"https:\/\/www.epa.lt\/wp-content\/uploads\/2018\/04\/EPA_logo_RGB_t_vidus.png","contentUrl":"https:\/\/www.epa.lt\/wp-content\/uploads\/2018\/04\/EPA_logo_RGB_t_vidus.png","width":945,"height":945,"caption":"{:lt}EPA (Elektronikos platintoj\u0173 asociacija){:}{:en}EPA (Distributors of electronics association) {:}"},"image":{"@id":"https:\/\/www.epa.lt\/en\/#\/schema\/logo\/image\/"},"sameAs":["https:\/\/www.facebook.com\/asociacija.epa"]}]}},"_links":{"self":[{"href":"https:\/\/www.epa.lt\/en\/wp-json\/wp\/v2\/pages\/204","targetHints":{"allow":["GET"]}}],"collection":[{"href":"https:\/\/www.epa.lt\/en\/wp-json\/wp\/v2\/pages"}],"about":[{"href":"https:\/\/www.epa.lt\/en\/wp-json\/wp\/v2\/types\/page"}],"author":[{"embeddable":true,"href":"https:\/\/www.epa.lt\/en\/wp-json\/wp\/v2\/users\/2"}],"replies":[{"embeddable":true,"href":"https:\/\/www.epa.lt\/en\/wp-json\/wp\/v2\/comments?post=204"}],"version-history":[{"count":67,"href":"https:\/\/www.epa.lt\/en\/wp-json\/wp\/v2\/pages\/204\/revisions"}],"predecessor-version":[{"id":3042,"href":"https:\/\/www.epa.lt\/en\/wp-json\/wp\/v2\/pages\/204\/revisions\/3042"}],"up":[{"embeddable":true,"href":"https:\/\/www.epa.lt\/en\/wp-json\/wp\/v2\/pages\/35"}],"wp:attachment":[{"href":"https:\/\/www.epa.lt\/en\/wp-json\/wp\/v2\/media?parent=204"}],"curies":[{"name":"wp","href":"https:\/\/api.w.org\/{rel}","templated":true}]}}