{"id":1969,"date":"2022-09-20T08:30:53","date_gmt":"2022-09-20T05:30:53","guid":{"rendered":"https:\/\/www.epa.lt\/?page_id=1969"},"modified":"2023-06-20T10:14:56","modified_gmt":"2023-06-20T07:14:56","slug":"epa-asociacijos-webinaro-metodine-medziaga","status":"publish","type":"page","link":"https:\/\/www.epa.lt\/en\/duk\/epa-asociacijos-webinaro-metodine-medziaga\/","title":{"rendered":"EPA Asociacijos Webinaro metodin\u0117 med\u017eiaga"},"content":{"rendered":"<p>GPAIS: kod\u0117l taip svarbu pateikti duomenis ir kaip tai padaryti?<\/p>\n<p>Kam reikalinga GPAIS ir ko \u0161ia sistema siekiama? Kokius dokumentus privalo tur\u0117ti \u012fmon\u0117, pateikianti duomenis GPAIS sistemoje? Kada ir kokius duomenis reikia pateikti GPAIS? K\u0105 reik\u0117t\u0173 \u017einoti apie naujausius GPAIS modulio pakeitimus? Kokia atsakomyb\u0117 gresia neu\u017epild\u017eius duomen\u0173 ir kod\u0117l jie tokie svarb\u016bs valstyb\u0117s mastu? Reikia pripa\u017einti, kad klausim\u0173, susijusiu su GPAIS, netr\u016bksta, dauguma j\u0173 kartojasi. Jeigu vykdydami savo veikl\u0105 norime b\u016bti socialiai atsakingi bei norime didesnio sklandumo ir ai\u0161kumo, gerai tur\u0117ti bent dal\u012f atsakym\u0173 \u012f pana\u0161ius klausimus.<\/p>\n<p>Vieninga gamini\u0173, pakuo\u010di\u0173 ir atliek\u0173 apskaitos informacin\u0117 sistema (GPAIS) sukurta \u012fgyvendinant 2014\u20132020 met\u0173 Europos S\u0105jungos fond\u0173 investicij\u0173 veiksm\u0173 program\u0105. Projekto tikslas \u2013 sukurti ir \u012fdiegti funkcionali\u0105 viening\u0105 gamini\u0173, pakuo\u010di\u0173, atliek\u0173 susidarymo ir tvarkymo apskaitos informacin\u0119 sistem\u0105, kuri u\u017etikrint\u0173 Valstybinio atliek\u0173 tvarkymo plano numatyt\u0173 tiksl\u0173 vykdym\u0105 ir \u012fmon\u0117se vykdomos apskaitos veiksming\u0105 steb\u0117sen\u0105, kontrol\u0119 ir planavim\u0105.<\/p>\n<p>Nors EPA n\u0117ra \u012fpareigota r\u016bpintis teisingu duomen\u0173 pateikimu GPAIS, vis d\u0117lto akivaizdu, kad \u0161i sistema yra svarbi grandis elektronikos atliek\u0173 tvarkymo sektoriuje. Tod\u0117l asociacija nelieka abejinga, gird\u0117dama apie problemas, su kuriomis EPA nariai susiduria, naudodamiesi GPAIS. \u017dinome ir apie tai, kad iki \u0161iol n\u0117ra ir profesionaliai parengt\u0173 GPAIS naudojimosi instrukcij\u0173 ar vadov\u0117li\u0173, o d\u0117l nuolatini\u0173 sistemos poky\u010di\u0173 ne syk\u012f naudotis \u0161ia sistema tampa gana problemi\u0161ka. Kita vertus, \u012fstatymuose numatyta rinkos dalyvi\u0173 atsakomyb\u0117 u\u017e tai, kad GPAIS duomenys n\u0117ra pateikiami arba jie pateikiami neteisingai.<\/p>\n<p>Siekdami sklandesnio bendradarbiavimo su visomis m\u016bs\u0173 sektoriaus grandimis bei tik\u0117damiesi didesn\u0117s elektronikos atliek\u0173 sektoriaus pa\u017eangos, papra\u0161\u0117me ekspert\u0173 pasidalinti aktualia informacija, susijusia su GPAIS. \u012e EPA nariams svarbius klausimus atsak\u0117 aplinkosaugos konsultant\u0117 Dovil\u0117 Ge\u010diauskien\u0117 ir advokat\u0173 kontoros \u201eBajorien\u0117, \u010celkis &#038; partneriai\u201c advokatas dr. Paulius \u010celkis.<\/p>\n<p><a href=\"https:\/\/www.epa.lt\/wp-content\/uploads\/2022\/09\/METODIN\u0116-MED\u017dIAGA.pdf\">METODIN\u0116 MED\u017dIAGA<\/a><\/p>\n","protected":false},"excerpt":{"rendered":"<p>GPAIS: kod\u0117l taip svarbu pateikti duomenis ir kaip tai padaryti? Kam reikalinga GPAIS ir ko \u0161ia sistema siekiama? Kokius dokumentus privalo tur\u0117ti \u012fmon\u0117, pateikianti duomenis GPAIS sistemoje? Kada ir kokius duomenis reikia pateikti GPAIS? K\u0105 reik\u0117t\u0173 \u017einoti apie naujausius GPAIS modulio pakeitimus? Kokia atsakomyb\u0117 gresia neu\u017epild\u017eius duomen\u0173 ir kod\u0117l jie tokie svarb\u016bs valstyb\u0117s mastu? Reikia [&hellip;]<\/p>\n","protected":false},"author":2,"featured_media":0,"parent":16,"menu_order":0,"comment_status":"closed","ping_status":"closed","template":"","meta":{"_acf_changed":false,"sfsi_plus_gutenberg_text_before_share":"","sfsi_plus_gutenberg_show_text_before_share":"","sfsi_plus_gutenberg_icon_type":"","sfsi_plus_gutenberg_icon_alignemt":"","sfsi_plus_gutenburg_max_per_row":"","footnotes":""},"class_list":["post-1969","page","type-page","status-publish","hentry"],"translation":{"provider":"WPGlobus","version":"3.0.0","language":"en","enabled_languages":["lt","en"],"languages":{"lt":{"title":true,"content":true,"excerpt":false},"en":{"title":false,"content":false,"excerpt":false}}},"acf":[],"yoast_head":"<!-- This site is optimized with the Yoast SEO Premium plugin v25.6 (Yoast SEO v25.6) - https:\/\/yoast.com\/wordpress\/plugins\/seo\/ -->\n<title>EPA Asociacijos Webinaro metodin\u0117 med\u017eiaga - EPA (Distributors of electronics association)<\/title>\n<meta name=\"robots\" content=\"index, follow, max-snippet:-1, max-image-preview:large, max-video-preview:-1\" \/>\n<link rel=\"canonical\" href=\"https:\/\/epa.lt\/duk\/epa-asociacijos-webinaro-metodine-medziaga\/\" \/>\n<meta property=\"og:locale\" content=\"en_US\" \/>\n<meta property=\"og:type\" content=\"article\" \/>\n<meta property=\"og:title\" content=\"EPA Asociacijos Webinaro metodin\u0117 med\u017eiaga - EPA (Distributors of electronics association)\" \/>\n<meta property=\"og:url\" content=\"https:\/\/epa.lt\/duk\/epa-asociacijos-webinaro-metodine-medziaga\/\" \/>\n<meta property=\"og:site_name\" content=\"EPA (Distributors of electronics association)\" \/>\n<meta property=\"article:publisher\" content=\"https:\/\/www.facebook.com\/asociacija.epa\" \/>\n<meta property=\"article:modified_time\" content=\"2023-06-20T07:14:56+00:00\" \/>\n<meta name=\"twitter:card\" content=\"summary_large_image\" \/>\n<meta name=\"twitter:label1\" content=\"Est. reading time\" \/>\n\t<meta name=\"twitter:data1\" content=\"2 minutes\" \/>\n<script type=\"application\/ld+json\" class=\"yoast-schema-graph\">{\"@context\":\"https:\/\/schema.org\",\"@graph\":[{\"@type\":\"WebPage\",\"@id\":\"https:\/\/epa.lt\/duk\/epa-asociacijos-webinaro-metodine-medziaga\/\",\"url\":\"https:\/\/epa.lt\/duk\/epa-asociacijos-webinaro-metodine-medziaga\/\",\"name\":\"EPA Asociacijos Webinaro metodin\u0117 med\u017eiaga - EPA (Distributors of electronics association)\",\"isPartOf\":{\"@id\":\"https:\/\/epa.lt\/#website\"},\"datePublished\":\"2022-09-20T05:30:53+00:00\",\"dateModified\":\"2023-06-20T07:14:56+00:00\",\"breadcrumb\":{\"@id\":\"https:\/\/epa.lt\/duk\/epa-asociacijos-webinaro-metodine-medziaga\/#breadcrumb\"},\"inLanguage\":\"en-US\",\"potentialAction\":[{\"@type\":\"ReadAction\",\"target\":[\"https:\/\/epa.lt\/duk\/epa-asociacijos-webinaro-metodine-medziaga\/\"]}]},{\"@type\":\"BreadcrumbList\",\"@id\":\"https:\/\/epa.lt\/duk\/epa-asociacijos-webinaro-metodine-medziaga\/#breadcrumb\",\"itemListElement\":[{\"@type\":\"ListItem\",\"position\":1,\"name\":\"Home\",\"item\":\"https:\/\/epa.lt\/en\/\"},{\"@type\":\"ListItem\",\"position\":2,\"name\":\"Da\u017eniausiai u\u017eduodami klausimai apie elektronikos surinkim\u0105 (DUK)\",\"item\":\"https:\/\/www.epa.lt\/duk\/\"},{\"@type\":\"ListItem\",\"position\":3,\"name\":\"EPA Asociacijos Webinaro metodin\u0117 med\u017eiaga\"}]},{\"@type\":\"WebSite\",\"@id\":\"https:\/\/epa.lt\/#website\",\"url\":\"https:\/\/epa.lt\/\",\"name\":\"{:lt}EPA (Elektronikos platintoj\u0173 asociacija){:}{:en}EPA (Distributors of electronics association) {:}\",\"description\":\"Electronic waste management\",\"publisher\":{\"@id\":\"https:\/\/epa.lt\/#organization\"},\"potentialAction\":[{\"@type\":\"SearchAction\",\"target\":{\"@type\":\"EntryPoint\",\"urlTemplate\":\"https:\/\/epa.lt\/?s={search_term_string}\"},\"query-input\":{\"@type\":\"PropertyValueSpecification\",\"valueRequired\":true,\"valueName\":\"search_term_string\"}}],\"inLanguage\":\"en-US\"},{\"@type\":\"Organization\",\"@id\":\"https:\/\/epa.lt\/#organization\",\"name\":\"{:lt}EPA (Elektronikos platintoj\u0173 asociacija){:}{:en}EPA (Distributors of electronics association) {:}\",\"url\":\"https:\/\/epa.lt\/\",\"logo\":{\"@type\":\"ImageObject\",\"inLanguage\":\"en-US\",\"@id\":\"https:\/\/epa.lt\/#\/schema\/logo\/image\/\",\"url\":\"https:\/\/www.epa.lt\/wp-content\/uploads\/2018\/04\/EPA_logo_RGB_t_vidus.png\",\"contentUrl\":\"https:\/\/www.epa.lt\/wp-content\/uploads\/2018\/04\/EPA_logo_RGB_t_vidus.png\",\"width\":945,\"height\":945,\"caption\":\"{:lt}EPA (Elektronikos platintoj\u0173 asociacija){:}{:en}EPA (Distributors of electronics association) {:}\"},\"image\":{\"@id\":\"https:\/\/epa.lt\/#\/schema\/logo\/image\/\"},\"sameAs\":[\"https:\/\/www.facebook.com\/asociacija.epa\"]}]}<\/script>\n<!-- \/ Yoast SEO Premium plugin. -->","yoast_head_json":{"title":"EPA Asociacijos Webinaro metodin\u0117 med\u017eiaga - EPA (Distributors of electronics association)","robots":{"index":"index","follow":"follow","max-snippet":"max-snippet:-1","max-image-preview":"max-image-preview:large","max-video-preview":"max-video-preview:-1"},"canonical":"https:\/\/epa.lt\/duk\/epa-asociacijos-webinaro-metodine-medziaga\/","og_locale":"en_US","og_type":"article","og_title":"EPA Asociacijos Webinaro metodin\u0117 med\u017eiaga - EPA (Distributors of electronics association)","og_url":"https:\/\/epa.lt\/duk\/epa-asociacijos-webinaro-metodine-medziaga\/","og_site_name":"EPA (Distributors of electronics association)","article_publisher":"https:\/\/www.facebook.com\/asociacija.epa","article_modified_time":"2023-06-20T07:14:56+00:00","twitter_card":"summary_large_image","twitter_misc":{"Est. reading time":"2 minutes"},"schema":{"@context":"https:\/\/schema.org","@graph":[{"@type":"WebPage","@id":"https:\/\/epa.lt\/duk\/epa-asociacijos-webinaro-metodine-medziaga\/","url":"https:\/\/epa.lt\/duk\/epa-asociacijos-webinaro-metodine-medziaga\/","name":"EPA Asociacijos Webinaro metodin\u0117 med\u017eiaga - EPA (Distributors of electronics association)","isPartOf":{"@id":"https:\/\/epa.lt\/#website"},"datePublished":"2022-09-20T05:30:53+00:00","dateModified":"2023-06-20T07:14:56+00:00","breadcrumb":{"@id":"https:\/\/epa.lt\/duk\/epa-asociacijos-webinaro-metodine-medziaga\/#breadcrumb"},"inLanguage":"en-US","potentialAction":[{"@type":"ReadAction","target":["https:\/\/epa.lt\/duk\/epa-asociacijos-webinaro-metodine-medziaga\/"]}]},{"@type":"BreadcrumbList","@id":"https:\/\/epa.lt\/duk\/epa-asociacijos-webinaro-metodine-medziaga\/#breadcrumb","itemListElement":[{"@type":"ListItem","position":1,"name":"Home","item":"https:\/\/epa.lt\/en\/"},{"@type":"ListItem","position":2,"name":"Da\u017eniausiai u\u017eduodami klausimai apie elektronikos surinkim\u0105 (DUK)","item":"https:\/\/www.epa.lt\/duk\/"},{"@type":"ListItem","position":3,"name":"EPA Asociacijos Webinaro metodin\u0117 med\u017eiaga"}]},{"@type":"WebSite","@id":"https:\/\/epa.lt\/#website","url":"https:\/\/epa.lt\/","name":"{:lt}EPA (Elektronikos platintoj\u0173 asociacija){:}{:en}EPA (Distributors of electronics association) {:}","description":"Electronic waste management","publisher":{"@id":"https:\/\/epa.lt\/#organization"},"potentialAction":[{"@type":"SearchAction","target":{"@type":"EntryPoint","urlTemplate":"https:\/\/epa.lt\/?s={search_term_string}"},"query-input":{"@type":"PropertyValueSpecification","valueRequired":true,"valueName":"search_term_string"}}],"inLanguage":"en-US"},{"@type":"Organization","@id":"https:\/\/epa.lt\/#organization","name":"{:lt}EPA (Elektronikos platintoj\u0173 asociacija){:}{:en}EPA (Distributors of electronics association) {:}","url":"https:\/\/epa.lt\/","logo":{"@type":"ImageObject","inLanguage":"en-US","@id":"https:\/\/epa.lt\/#\/schema\/logo\/image\/","url":"https:\/\/www.epa.lt\/wp-content\/uploads\/2018\/04\/EPA_logo_RGB_t_vidus.png","contentUrl":"https:\/\/www.epa.lt\/wp-content\/uploads\/2018\/04\/EPA_logo_RGB_t_vidus.png","width":945,"height":945,"caption":"{:lt}EPA (Elektronikos platintoj\u0173 asociacija){:}{:en}EPA (Distributors of electronics association) {:}"},"image":{"@id":"https:\/\/epa.lt\/#\/schema\/logo\/image\/"},"sameAs":["https:\/\/www.facebook.com\/asociacija.epa"]}]}},"_links":{"self":[{"href":"https:\/\/www.epa.lt\/en\/wp-json\/wp\/v2\/pages\/1969","targetHints":{"allow":["GET"]}}],"collection":[{"href":"https:\/\/www.epa.lt\/en\/wp-json\/wp\/v2\/pages"}],"about":[{"href":"https:\/\/www.epa.lt\/en\/wp-json\/wp\/v2\/types\/page"}],"author":[{"embeddable":true,"href":"https:\/\/www.epa.lt\/en\/wp-json\/wp\/v2\/users\/2"}],"replies":[{"embeddable":true,"href":"https:\/\/www.epa.lt\/en\/wp-json\/wp\/v2\/comments?post=1969"}],"version-history":[{"count":5,"href":"https:\/\/www.epa.lt\/en\/wp-json\/wp\/v2\/pages\/1969\/revisions"}],"predecessor-version":[{"id":2325,"href":"https:\/\/www.epa.lt\/en\/wp-json\/wp\/v2\/pages\/1969\/revisions\/2325"}],"up":[{"embeddable":true,"href":"https:\/\/www.epa.lt\/en\/wp-json\/wp\/v2\/pages\/16"}],"wp:attachment":[{"href":"https:\/\/www.epa.lt\/en\/wp-json\/wp\/v2\/media?parent=1969"}],"curies":[{"name":"wp","href":"https:\/\/api.w.org\/{rel}","templated":true}]}}