{"id":1259,"date":"2020-09-11T08:19:26","date_gmt":"2020-09-11T05:19:26","guid":{"rendered":"https:\/\/www.epa.lt\/?page_id=1259"},"modified":"2023-06-20T10:06:07","modified_gmt":"2023-06-20T07:06:07","slug":"vaiku-piesiniu-konkursas-elektronika-nauda-atliekos-ne-beda","status":"publish","type":"page","link":"https:\/\/www.epa.lt\/en\/akcijos-ir-projektai\/vaiku-piesiniu-konkursas-elektronika-nauda-atliekos-ne-beda\/","title":{"rendered":"Vaik\u0173 pie\u0161ini\u0173 konkursas \u201eELEKTRONIKA \u2013 NAUDA, ATLIEKOS \u2013 NE B\u0116DA!\u201c"},"content":{"rendered":"<p>Elektronikos platintoj\u0173 asociacija (EPA) kvie\u010dia Lietuvos 1\u20134 klasi\u0173 mokinius dalyvauti vaik\u0173 pie\u0161ini\u0173 konkurse <strong>\u201eELEKTRONIKA \u2013 NAUDA, ATLIEKOS \u2013 NE B\u0116DA!\u201c<\/strong>, vyksian\u010diame 2020 met\u0173 rugs\u0117jo 21\u2013spalio 12 dienomis.<\/p>\n<p>\u0160iame konkurse kvie\u010diami dalyvauti visi pradini\u0173 klasi\u0173 mokytoj\u0173 vadovaujami \u0161alies pradini\u0173 klasi\u0173 mokiniai. Konkurso laim\u0117toj\u0173 paskelbimo diena \u2013 spalio 19 d.<\/p>\n<p>Pagrindinis vaik\u0173 pie\u0161ini\u0173 konkurso tikslas \u2013 pad\u0117ti spr\u0119sti spar\u010diai augan\u010di\u0173 elektronikos, baterij\u0173 ir akumuliatori\u0173 atliek\u0173 surinkimo problematik\u0105. Siekiama, kad teisingi elektronikos atliek\u0173 r\u016b\u0161iavimo \u012fpro\u010diai, atsakinga elgsena, saugant gamt\u0105 ir r\u016bpinantis sveikata, b\u016bt\u0173 prad\u0117ti formuoti kuo anks\u010diau.<\/p>\n<p><strong>Paroda Energetikos ir technikos muziejuje<\/strong><\/p>\n<p>Vaik\u0173 pie\u0161ini\u0173 konkurso projekto partneris \u2013 Energetikos ir technikos muziejus, jo patalpose numatyta geriausi\u0173 konkurso pie\u0161ini\u0173 ekspozicija.<\/p>\n<p>\u012evairaus am\u017eiaus lankytojus pritraukian\u010dioje kult\u016bros \u012fstaigoje eksponuojami pie\u0161iniai \u2013 puiki galimyb\u0117 i\u0161pl\u0117sti edukuojam\u0105 auditorij\u0105, pasakojant apie elektronikos atliek\u0173 problematik\u0105.<\/p>\n<p><strong>Pie\u0161ti kvie\u010diami pagal pasak\u0105<\/strong><\/p>\n<p>Pie\u0161ti elektronikos atliek\u0173 r\u016b\u0161iavimo tema vaikai kvie\u010diami, pasitelkus pasak\u0105. Joje atskleid\u017eiama \u017ealinga elgsena, veiksni \u0161i\u0173 atliek\u0173 surinkimo tvarka, neatsakingos elgsenos pasekm\u0117s, atliek\u0173 r\u016b\u0161iavimo ir tvarkymo nauda.<\/p>\n<p>Konkurse dalyvaujan\u010di\u0173 mokini\u0173 mokytojai kvie\u010diami atid\u017eiai perskaityti konkurso taisykles, u\u017epildyti duomen\u0173 apsaugos form\u0105, taip pat dalyvio anket\u0105, kuri\u0105 reik\u0117t\u0173 atsi\u0173sti kartu su pie\u0161iniu.<\/p>\n<p>Linkime visiems konkurso dalyviams prasmingo pokalbio apie elektronikos atliek\u0173 surinkim\u0105, atsaking\u0105 elgsen\u0105, saugant gamt\u0105 ir tausojant sveikat\u0105 bei s\u0117km\u0117s konkurse!<\/p>\n<p>\u00a0<\/p>\n<p><a href=\"https:\/\/www.epa.lt\/wp-content\/uploads\/2020\/09\/Taisykles.pdf\">Taisykl\u0117s<\/a><\/p>\n<p><a href=\"https:\/\/www.epa.lt\/wp-content\/uploads\/2020\/09\/Asmens-duomenu-apsauga.pdf\">Asmens duomen\u0173 apsauga (priedai)<\/a><\/p>\n<p><a href=\"https:\/\/www.epa.lt\/wp-content\/uploads\/2020\/09\/Plakatas-A4-spausdinimui.pdf\">Plakatas-A4-spausdinimui<\/a><\/p>\n<p><a href=\"https:\/\/www.epa.lt\/wp-content\/uploads\/2020\/09\/Pasaka-A4.pdf_IKELIMUI_SVETAINE.pdf\">Pasaka<\/a><\/p>\n<p>\u00a0<\/p>\n<p>\u00a0<\/p>\n<p>\u00a0<\/p>\n<p>\u00a0<\/p>\n<p>\u00a0<\/p>\n","protected":false},"excerpt":{"rendered":"<p>Elektronikos platintoj\u0173 asociacija (EPA) kvie\u010dia Lietuvos 1\u20134 klasi\u0173 mokinius dalyvauti vaik\u0173 pie\u0161ini\u0173 konkurse \u201eELEKTRONIKA \u2013 NAUDA, ATLIEKOS \u2013 NE B\u0116DA!\u201c, vyksian\u010diame 2020 met\u0173 rugs\u0117jo 21\u2013spalio 12 dienomis. \u0160iame konkurse kvie\u010diami dalyvauti visi pradini\u0173 klasi\u0173 mokytoj\u0173 vadovaujami \u0161alies pradini\u0173 klasi\u0173 mokiniai. Konkurso laim\u0117toj\u0173 paskelbimo diena \u2013 spalio 19 d. Pagrindinis vaik\u0173 pie\u0161ini\u0173 konkurso tikslas \u2013 pad\u0117ti [&hellip;]<\/p>\n","protected":false},"author":2,"featured_media":0,"parent":35,"menu_order":0,"comment_status":"closed","ping_status":"closed","template":"","meta":{"_acf_changed":false,"sfsi_plus_gutenberg_text_before_share":"","sfsi_plus_gutenberg_show_text_before_share":"","sfsi_plus_gutenberg_icon_type":"","sfsi_plus_gutenberg_icon_alignemt":"","sfsi_plus_gutenburg_max_per_row":"","footnotes":""},"class_list":["post-1259","page","type-page","status-publish","hentry"],"translation":{"provider":"WPGlobus","version":"3.0.0","language":"en","enabled_languages":["lt","en"],"languages":{"lt":{"title":true,"content":true,"excerpt":false},"en":{"title":false,"content":false,"excerpt":false}}},"acf":[],"yoast_head":"<!-- This site is optimized with the Yoast SEO Premium plugin v25.6 (Yoast SEO v25.6) - https:\/\/yoast.com\/wordpress\/plugins\/seo\/ -->\n<title>Vaik\u0173 pie\u0161ini\u0173 konkursas \u201eELEKTRONIKA \u2013 NAUDA, ATLIEKOS \u2013 NE B\u0116DA!\u201c - EPA (Distributors of electronics association)<\/title>\n<meta name=\"robots\" content=\"index, follow, max-snippet:-1, max-image-preview:large, max-video-preview:-1\" \/>\n<link rel=\"canonical\" href=\"https:\/\/epa.lt\/akcijos-ir-projektai\/vaiku-piesiniu-konkursas-elektronika-nauda-atliekos-ne-beda\/\" \/>\n<meta property=\"og:locale\" content=\"en_US\" \/>\n<meta property=\"og:type\" content=\"article\" \/>\n<meta property=\"og:title\" content=\"Vaik\u0173 pie\u0161ini\u0173 konkursas \u201eELEKTRONIKA \u2013 NAUDA, ATLIEKOS \u2013 NE B\u0116DA!\u201c - EPA (Distributors of electronics association)\" \/>\n<meta property=\"og:url\" content=\"https:\/\/epa.lt\/akcijos-ir-projektai\/vaiku-piesiniu-konkursas-elektronika-nauda-atliekos-ne-beda\/\" \/>\n<meta property=\"og:site_name\" content=\"EPA (Distributors of electronics association)\" \/>\n<meta property=\"article:publisher\" content=\"https:\/\/www.facebook.com\/asociacija.epa\" \/>\n<meta property=\"article:modified_time\" content=\"2023-06-20T07:06:07+00:00\" \/>\n<meta name=\"twitter:card\" content=\"summary_large_image\" \/>\n<meta name=\"twitter:label1\" content=\"Est. reading time\" \/>\n\t<meta name=\"twitter:data1\" content=\"2 minutes\" \/>\n<script type=\"application\/ld+json\" class=\"yoast-schema-graph\">{\"@context\":\"https:\/\/schema.org\",\"@graph\":[{\"@type\":\"WebPage\",\"@id\":\"https:\/\/epa.lt\/akcijos-ir-projektai\/vaiku-piesiniu-konkursas-elektronika-nauda-atliekos-ne-beda\/\",\"url\":\"https:\/\/epa.lt\/akcijos-ir-projektai\/vaiku-piesiniu-konkursas-elektronika-nauda-atliekos-ne-beda\/\",\"name\":\"Vaik\u0173 pie\u0161ini\u0173 konkursas \u201eELEKTRONIKA \u2013 NAUDA, ATLIEKOS \u2013 NE B\u0116DA!\u201c - EPA (Distributors of electronics association)\",\"isPartOf\":{\"@id\":\"https:\/\/epa.lt\/en\/#website\"},\"datePublished\":\"2020-09-11T05:19:26+00:00\",\"dateModified\":\"2023-06-20T07:06:07+00:00\",\"breadcrumb\":{\"@id\":\"https:\/\/epa.lt\/akcijos-ir-projektai\/vaiku-piesiniu-konkursas-elektronika-nauda-atliekos-ne-beda\/#breadcrumb\"},\"inLanguage\":\"en-US\",\"potentialAction\":[{\"@type\":\"ReadAction\",\"target\":[\"https:\/\/epa.lt\/akcijos-ir-projektai\/vaiku-piesiniu-konkursas-elektronika-nauda-atliekos-ne-beda\/\"]}]},{\"@type\":\"BreadcrumbList\",\"@id\":\"https:\/\/epa.lt\/akcijos-ir-projektai\/vaiku-piesiniu-konkursas-elektronika-nauda-atliekos-ne-beda\/#breadcrumb\",\"itemListElement\":[{\"@type\":\"ListItem\",\"position\":1,\"name\":\"Home\",\"item\":\"https:\/\/epa.lt\/en\/\"},{\"@type\":\"ListItem\",\"position\":2,\"name\":\"Akcijos ir projektai\",\"item\":\"https:\/\/epa.lt\/akcijos-ir-projektai\/\"},{\"@type\":\"ListItem\",\"position\":3,\"name\":\"Vaik\u0173 pie\u0161ini\u0173 konkursas \u201eELEKTRONIKA \u2013 NAUDA, ATLIEKOS \u2013 NE B\u0116DA!\u201c\"}]},{\"@type\":\"WebSite\",\"@id\":\"https:\/\/epa.lt\/en\/#website\",\"url\":\"https:\/\/epa.lt\/en\/\",\"name\":\"{:lt}EPA (Elektronikos platintoj\u0173 asociacija){:}{:en}EPA (Distributors of electronics association) {:}\",\"description\":\"Electronic waste management\",\"publisher\":{\"@id\":\"https:\/\/epa.lt\/en\/#organization\"},\"potentialAction\":[{\"@type\":\"SearchAction\",\"target\":{\"@type\":\"EntryPoint\",\"urlTemplate\":\"https:\/\/epa.lt\/en\/?s={search_term_string}\"},\"query-input\":{\"@type\":\"PropertyValueSpecification\",\"valueRequired\":true,\"valueName\":\"search_term_string\"}}],\"inLanguage\":\"en-US\"},{\"@type\":\"Organization\",\"@id\":\"https:\/\/epa.lt\/en\/#organization\",\"name\":\"{:lt}EPA (Elektronikos platintoj\u0173 asociacija){:}{:en}EPA (Distributors of electronics association) {:}\",\"url\":\"https:\/\/epa.lt\/en\/\",\"logo\":{\"@type\":\"ImageObject\",\"inLanguage\":\"en-US\",\"@id\":\"https:\/\/epa.lt\/en\/#\/schema\/logo\/image\/\",\"url\":\"https:\/\/www.epa.lt\/wp-content\/uploads\/2018\/04\/EPA_logo_RGB_t_vidus.png\",\"contentUrl\":\"https:\/\/www.epa.lt\/wp-content\/uploads\/2018\/04\/EPA_logo_RGB_t_vidus.png\",\"width\":945,\"height\":945,\"caption\":\"{:lt}EPA (Elektronikos platintoj\u0173 asociacija){:}{:en}EPA (Distributors of electronics association) {:}\"},\"image\":{\"@id\":\"https:\/\/epa.lt\/en\/#\/schema\/logo\/image\/\"},\"sameAs\":[\"https:\/\/www.facebook.com\/asociacija.epa\"]}]}<\/script>\n<!-- \/ Yoast SEO Premium plugin. -->","yoast_head_json":{"title":"Vaik\u0173 pie\u0161ini\u0173 konkursas \u201eELEKTRONIKA \u2013 NAUDA, ATLIEKOS \u2013 NE B\u0116DA!\u201c - EPA (Distributors of electronics association)","robots":{"index":"index","follow":"follow","max-snippet":"max-snippet:-1","max-image-preview":"max-image-preview:large","max-video-preview":"max-video-preview:-1"},"canonical":"https:\/\/epa.lt\/akcijos-ir-projektai\/vaiku-piesiniu-konkursas-elektronika-nauda-atliekos-ne-beda\/","og_locale":"en_US","og_type":"article","og_title":"Vaik\u0173 pie\u0161ini\u0173 konkursas \u201eELEKTRONIKA \u2013 NAUDA, ATLIEKOS \u2013 NE B\u0116DA!\u201c - EPA (Distributors of electronics association)","og_url":"https:\/\/epa.lt\/akcijos-ir-projektai\/vaiku-piesiniu-konkursas-elektronika-nauda-atliekos-ne-beda\/","og_site_name":"EPA (Distributors of electronics association)","article_publisher":"https:\/\/www.facebook.com\/asociacija.epa","article_modified_time":"2023-06-20T07:06:07+00:00","twitter_card":"summary_large_image","twitter_misc":{"Est. reading time":"2 minutes"},"schema":{"@context":"https:\/\/schema.org","@graph":[{"@type":"WebPage","@id":"https:\/\/epa.lt\/akcijos-ir-projektai\/vaiku-piesiniu-konkursas-elektronika-nauda-atliekos-ne-beda\/","url":"https:\/\/epa.lt\/akcijos-ir-projektai\/vaiku-piesiniu-konkursas-elektronika-nauda-atliekos-ne-beda\/","name":"Vaik\u0173 pie\u0161ini\u0173 konkursas \u201eELEKTRONIKA \u2013 NAUDA, ATLIEKOS \u2013 NE B\u0116DA!\u201c - EPA (Distributors of electronics association)","isPartOf":{"@id":"https:\/\/epa.lt\/en\/#website"},"datePublished":"2020-09-11T05:19:26+00:00","dateModified":"2023-06-20T07:06:07+00:00","breadcrumb":{"@id":"https:\/\/epa.lt\/akcijos-ir-projektai\/vaiku-piesiniu-konkursas-elektronika-nauda-atliekos-ne-beda\/#breadcrumb"},"inLanguage":"en-US","potentialAction":[{"@type":"ReadAction","target":["https:\/\/epa.lt\/akcijos-ir-projektai\/vaiku-piesiniu-konkursas-elektronika-nauda-atliekos-ne-beda\/"]}]},{"@type":"BreadcrumbList","@id":"https:\/\/epa.lt\/akcijos-ir-projektai\/vaiku-piesiniu-konkursas-elektronika-nauda-atliekos-ne-beda\/#breadcrumb","itemListElement":[{"@type":"ListItem","position":1,"name":"Home","item":"https:\/\/epa.lt\/en\/"},{"@type":"ListItem","position":2,"name":"Akcijos ir projektai","item":"https:\/\/epa.lt\/akcijos-ir-projektai\/"},{"@type":"ListItem","position":3,"name":"Vaik\u0173 pie\u0161ini\u0173 konkursas \u201eELEKTRONIKA \u2013 NAUDA, ATLIEKOS \u2013 NE B\u0116DA!\u201c"}]},{"@type":"WebSite","@id":"https:\/\/epa.lt\/en\/#website","url":"https:\/\/epa.lt\/en\/","name":"{:lt}EPA (Elektronikos platintoj\u0173 asociacija){:}{:en}EPA (Distributors of electronics association) {:}","description":"Electronic waste management","publisher":{"@id":"https:\/\/epa.lt\/en\/#organization"},"potentialAction":[{"@type":"SearchAction","target":{"@type":"EntryPoint","urlTemplate":"https:\/\/epa.lt\/en\/?s={search_term_string}"},"query-input":{"@type":"PropertyValueSpecification","valueRequired":true,"valueName":"search_term_string"}}],"inLanguage":"en-US"},{"@type":"Organization","@id":"https:\/\/epa.lt\/en\/#organization","name":"{:lt}EPA (Elektronikos platintoj\u0173 asociacija){:}{:en}EPA (Distributors of electronics association) {:}","url":"https:\/\/epa.lt\/en\/","logo":{"@type":"ImageObject","inLanguage":"en-US","@id":"https:\/\/epa.lt\/en\/#\/schema\/logo\/image\/","url":"https:\/\/www.epa.lt\/wp-content\/uploads\/2018\/04\/EPA_logo_RGB_t_vidus.png","contentUrl":"https:\/\/www.epa.lt\/wp-content\/uploads\/2018\/04\/EPA_logo_RGB_t_vidus.png","width":945,"height":945,"caption":"{:lt}EPA (Elektronikos platintoj\u0173 asociacija){:}{:en}EPA (Distributors of electronics association) {:}"},"image":{"@id":"https:\/\/epa.lt\/en\/#\/schema\/logo\/image\/"},"sameAs":["https:\/\/www.facebook.com\/asociacija.epa"]}]}},"_links":{"self":[{"href":"https:\/\/www.epa.lt\/en\/wp-json\/wp\/v2\/pages\/1259","targetHints":{"allow":["GET"]}}],"collection":[{"href":"https:\/\/www.epa.lt\/en\/wp-json\/wp\/v2\/pages"}],"about":[{"href":"https:\/\/www.epa.lt\/en\/wp-json\/wp\/v2\/types\/page"}],"author":[{"embeddable":true,"href":"https:\/\/www.epa.lt\/en\/wp-json\/wp\/v2\/users\/2"}],"replies":[{"embeddable":true,"href":"https:\/\/www.epa.lt\/en\/wp-json\/wp\/v2\/comments?post=1259"}],"version-history":[{"count":6,"href":"https:\/\/www.epa.lt\/en\/wp-json\/wp\/v2\/pages\/1259\/revisions"}],"predecessor-version":[{"id":2316,"href":"https:\/\/www.epa.lt\/en\/wp-json\/wp\/v2\/pages\/1259\/revisions\/2316"}],"up":[{"embeddable":true,"href":"https:\/\/www.epa.lt\/en\/wp-json\/wp\/v2\/pages\/35"}],"wp:attachment":[{"href":"https:\/\/www.epa.lt\/en\/wp-json\/wp\/v2\/media?parent=1259"}],"curies":[{"name":"wp","href":"https:\/\/api.w.org\/{rel}","templated":true}]}}