{"id":1103,"date":"2020-02-25T11:43:11","date_gmt":"2020-02-25T08:43:11","guid":{"rendered":"https:\/\/www.epa.lt\/?page_id=1103"},"modified":"2024-09-06T09:29:06","modified_gmt":"2024-09-06T06:29:06","slug":"senai-elektronikai-nauja-skrydi","status":"publish","type":"page","link":"https:\/\/www.epa.lt\/en\/senai-elektronikai-nauja-skrydi\/","title":{"rendered":"Senai elektronikai \u2013 nauj\u0105 skryd\u012f!"},"content":{"rendered":"<p><strong>Senai elektronikai \u2013 nauj\u0105 skryd\u012f!<\/strong><\/p>\n<p>Taip pavadintas meninink\u0117s Agn\u0117s Ki\u0161onait\u0117s k\u016brybinis projektas Vilniui. Projekto \u201eSenai elektronikai \u2013 nauj\u0105 skryd\u012f!\u201d rezultatas \u2013 Lietuvos sostinei sukurta erdvin\u0117 \u0161vie\u010dianti meno instaliacija i\u0161 smulkiosios elektronikos atliek\u0173. Meno k\u016brinys b\u016bt\u0173 skirtas 2020 m. bir\u017eelio 5 d. minimai Pasaulinei aplinkos apsaugos dienai bei tapt\u0173 \u201eKult\u016bros nakties\u201c festivalio dalimi.<\/p>\n<p><strong>Menininkei pad\u0117jo \u0161alies gyventojai<\/strong><\/p>\n<p>2020 m. pavasaris menin\u0117s instaliacijos k\u016br\u0117jai Agnei Ki\u0161onaitei buvo k\u016brybai reikalingos \u017ealiavos surinkimo laikotarpis. Smulkiosios elektronikos surinkimo akcijoje dalyvavo visi Lietuvos gyventojai.<\/p>\n<p>Seniems, stal\u010diuose ar sand\u0117liukuose kaupiamiems nenaudojamiems daiktams buvo sudaryta gera proga tapti meninio projekto dalimi. Pagal Elektronikos platintoj\u0173 asociacijos (EPA) inicijuot\u0105 meno projekt\u0105 \u0161iai instaliacijai bus panaudoti nebereikalingi, suged\u0119, smulk\u016bs elektronikos prietaisai ar j\u0173 dalys: mobilieji telefonai, krovikliai, nuotolinio valdymo pulteliai, elektriniai laikrod\u017eiai, ausin\u0117s, kompiuterio pel\u0117s, jungiamieji kabeliai, elektros \u0161akut\u0117s, \u017eibintuv\u0117liai, kompiuterio jungtys, atmintin\u0117s, elektroniniai \u017eaislai ir kiti pana\u0161\u016bs elektronikos prietaisai.<\/p>\n<p><strong>Tikslas \u2013 papuo\u0161ti Vilni\u0173<\/strong><\/p>\n<p>Nauj\u0105 meno k\u016brin\u012f visuomenei pristatys i\u0161 kasdieni\u0173 daikt\u0173 jau ne vien\u0105 meno objekt\u0105 suk\u016brusi meninink\u0117. I\u0161 elektronikos atliek\u0173 sukurta instaliacija papuo\u0161 Vilni\u0173, trauks d\u0117mes\u012f bei d\u017eiugins tiek sostin\u0117s gyventojus, tiek jos sve\u010dius.<\/p>\n<p>Pagrindinis projekto tikslas yra papuo\u0161ti Vilni\u0173, tuo pa\u010diu metu atkreipiant d\u0117mes\u012f \u012f elektronikos atliek\u0173 problematik\u0105 bei teisingo \u0161i\u0173 atliek\u0173 r\u016b\u0161iavimo, surinkimo bei tvarkymo b\u016btinyb\u0119.<\/p>\n<p>Meninink\u0117s Agn\u0117s Ki\u0161onait\u0117s kartu su EPA siun\u010diama \u017einia: jei nesi abejingas gro\u017eiui ir aplinkosaugai, suteik senai elektronikai naujus sparnus ir nauj\u0105 skryd\u012f!<\/p>\n<div  class=\"gridIMG\" style=\"display: grid; gap: 10px;\">\n<div style=\"width: 100%; padding-top: 100%; position: relative;\">\n        <img decoding=\"async\" src=\"https:\/\/www.epa.lt\/wp-content\/uploads\/2024\/09\/011__POT9256_2000px-1024x682.webp\" alt=\"\" style=\"position: absolute; top: 0; left: 0; width: 100%; height: 100%; object-fit: cover;\" \/>\n    <\/div>\n<div style=\"width: 100%; padding-top: 100%; position: relative;\">\n        <img decoding=\"async\" src=\"https:\/\/www.epa.lt\/wp-content\/uploads\/2024\/09\/EPA-instaliacija_1-682x1024.webp\" alt=\"\" style=\"position: absolute; top: 0; left: 0; width: 100%; height: 100%; object-fit: cover;\" \/>\n    <\/div>\n<div style=\"width: 100%; padding-top: 100%; position: relative;\">\n        <img decoding=\"async\" src=\"https:\/\/www.epa.lt\/wp-content\/uploads\/2024\/09\/EPA_pauksciai-nakti-1024x682.webp\" alt=\"\" style=\"position: absolute; top: 0; left: 0; width: 100%; height: 100%; object-fit: cover;\" \/>\n    <\/div>\n<div style=\"width: 100%; padding-top: 100%; position: relative;\">\n        <img decoding=\"async\" src=\"https:\/\/www.epa.lt\/wp-content\/uploads\/2024\/09\/IMG_8591-973x1024.webp\" alt=\"\" style=\"position: absolute; top: 0; left: 0; width: 100%; height: 100%; object-fit: cover;\" \/>\n    <\/div>\n<div style=\"width: 100%; padding-top: 100%; position: relative;\">\n        <img decoding=\"async\" src=\"https:\/\/www.epa.lt\/wp-content\/uploads\/2024\/09\/IMG_8600-768x1024.webp\" alt=\"\" style=\"position: absolute; top: 0; left: 0; width: 100%; height: 100%; object-fit: cover;\" \/>\n    <\/div>\n<div style=\"width: 100%; padding-top: 100%; position: relative;\">\n        <img decoding=\"async\" src=\"https:\/\/www.epa.lt\/wp-content\/uploads\/2024\/09\/IMG_8736-768x1024.webp\" alt=\"\" style=\"position: absolute; top: 0; left: 0; width: 100%; height: 100%; object-fit: cover;\" \/>\n    <\/div>\n<div style=\"width: 100%; padding-top: 100%; position: relative;\">\n        <img decoding=\"async\" src=\"https:\/\/www.epa.lt\/wp-content\/uploads\/2024\/09\/foto-G.Akelis-682x1024.webp\" alt=\"\" style=\"position: absolute; top: 0; left: 0; width: 100%; height: 100%; object-fit: cover;\" \/>\n    <\/div>\n<\/div>\n<style>\n@media (max-width: 1000px) {\n    .gridIMG {\n        grid-template-columns: repeat(2, minmax(0, 1fr));\n    }\n}\n@media (min-width: 1000px) {\n    .gridIMG {\n        grid-template-columns: repeat(3, minmax(0, 1fr));\n    }\n}\n@media (min-width: 1600px) {\n    .gridIMG{\n        grid-template-columns: repeat(4, minmax(0, 1fr));\n    }\n}\n<\/style>\n","protected":false},"excerpt":{"rendered":"<p>Senai elektronikai \u2013 nauj\u0105 skryd\u012f! Taip pavadintas meninink\u0117s Agn\u0117s Ki\u0161onait\u0117s k\u016brybinis projektas Vilniui. Projekto \u201eSenai elektronikai \u2013 nauj\u0105 skryd\u012f!\u201d rezultatas \u2013 Lietuvos sostinei sukurta erdvin\u0117 \u0161vie\u010dianti meno instaliacija i\u0161 smulkiosios elektronikos atliek\u0173. Meno k\u016brinys b\u016bt\u0173 skirtas 2020 m. bir\u017eelio 5 d. minimai Pasaulinei aplinkos apsaugos dienai bei tapt\u0173 \u201eKult\u016bros nakties\u201c festivalio dalimi. Menininkei pad\u0117jo \u0161alies [&hellip;]<\/p>\n","protected":false},"author":2,"featured_media":0,"parent":0,"menu_order":0,"comment_status":"closed","ping_status":"closed","template":"","meta":{"_acf_changed":false,"sfsi_plus_gutenberg_text_before_share":"","sfsi_plus_gutenberg_show_text_before_share":"","sfsi_plus_gutenberg_icon_type":"","sfsi_plus_gutenberg_icon_alignemt":"","sfsi_plus_gutenburg_max_per_row":"","footnotes":""},"class_list":["post-1103","page","type-page","status-publish","hentry"],"translation":{"provider":"WPGlobus","version":"3.0.0","language":"en","enabled_languages":["lt","en"],"languages":{"lt":{"title":true,"content":true,"excerpt":false},"en":{"title":false,"content":false,"excerpt":false}}},"acf":[],"yoast_head":"<!-- This site is optimized with the Yoast SEO Premium plugin v25.6 (Yoast SEO v25.6) - https:\/\/yoast.com\/wordpress\/plugins\/seo\/ -->\n<title>Senai elektronikai \u2013 nauj\u0105 skryd\u012f! - EPA (Distributors of electronics association)<\/title>\n<meta name=\"robots\" content=\"index, follow, max-snippet:-1, max-image-preview:large, max-video-preview:-1\" \/>\n<link rel=\"canonical\" href=\"https:\/\/epa.lt\/senai-elektronikai-nauja-skrydi\/\" \/>\n<meta property=\"og:locale\" content=\"en_US\" \/>\n<meta property=\"og:type\" content=\"article\" \/>\n<meta property=\"og:title\" content=\"Senai elektronikai \u2013 nauj\u0105 skryd\u012f! - EPA (Distributors of electronics association)\" \/>\n<meta property=\"og:url\" content=\"https:\/\/epa.lt\/senai-elektronikai-nauja-skrydi\/\" \/>\n<meta property=\"og:site_name\" content=\"EPA (Distributors of electronics association)\" \/>\n<meta property=\"article:publisher\" content=\"https:\/\/www.facebook.com\/asociacija.epa\" \/>\n<meta property=\"article:modified_time\" content=\"2024-09-06T06:29:06+00:00\" \/>\n<meta property=\"og:image\" content=\"https:\/\/www.epa.lt\/wp-content\/uploads\/2024\/09\/011__POT9256_2000px-1024x682.webp\" \/>\n<meta name=\"twitter:card\" content=\"summary_large_image\" \/>\n<meta name=\"twitter:label1\" content=\"Est. reading time\" \/>\n\t<meta name=\"twitter:data1\" content=\"3 minutes\" \/>\n<script type=\"application\/ld+json\" class=\"yoast-schema-graph\">{\"@context\":\"https:\/\/schema.org\",\"@graph\":[{\"@type\":\"WebPage\",\"@id\":\"https:\/\/epa.lt\/senai-elektronikai-nauja-skrydi\/\",\"url\":\"https:\/\/epa.lt\/senai-elektronikai-nauja-skrydi\/\",\"name\":\"Senai elektronikai \u2013 nauj\u0105 skryd\u012f! - EPA (Distributors of electronics association)\",\"isPartOf\":{\"@id\":\"https:\/\/www.epa.lt\/en\/#website\"},\"primaryImageOfPage\":{\"@id\":\"https:\/\/epa.lt\/senai-elektronikai-nauja-skrydi\/#primaryimage\"},\"image\":{\"@id\":\"https:\/\/epa.lt\/senai-elektronikai-nauja-skrydi\/#primaryimage\"},\"thumbnailUrl\":\"https:\/\/www.epa.lt\/wp-content\/uploads\/2024\/09\/011__POT9256_2000px-1024x682.webp\",\"datePublished\":\"2020-02-25T08:43:11+00:00\",\"dateModified\":\"2024-09-06T06:29:06+00:00\",\"description\":\"Elektronikos platintoj\u0173 asociacijos (EPA) ir meninink\u0117s Agn\u0117s Ki\u0161onait\u0117s inicijuotas k\u016brybinis projektas. Susipa\u017einkite!\",\"breadcrumb\":{\"@id\":\"https:\/\/epa.lt\/senai-elektronikai-nauja-skrydi\/#breadcrumb\"},\"inLanguage\":\"en-US\",\"potentialAction\":[{\"@type\":\"ReadAction\",\"target\":[\"https:\/\/epa.lt\/senai-elektronikai-nauja-skrydi\/\"]}]},{\"@type\":\"ImageObject\",\"inLanguage\":\"en-US\",\"@id\":\"https:\/\/epa.lt\/senai-elektronikai-nauja-skrydi\/#primaryimage\",\"url\":\"https:\/\/www.epa.lt\/wp-content\/uploads\/2024\/09\/011__POT9256_2000px-1024x682.webp\",\"contentUrl\":\"https:\/\/www.epa.lt\/wp-content\/uploads\/2024\/09\/011__POT9256_2000px-1024x682.webp\"},{\"@type\":\"BreadcrumbList\",\"@id\":\"https:\/\/epa.lt\/senai-elektronikai-nauja-skrydi\/#breadcrumb\",\"itemListElement\":[{\"@type\":\"ListItem\",\"position\":1,\"name\":\"Home\",\"item\":\"https:\/\/www.epa.lt\/en\/\"},{\"@type\":\"ListItem\",\"position\":2,\"name\":\"Senai elektronikai \u2013 nauj\u0105 skryd\u012f!\"}]},{\"@type\":\"WebSite\",\"@id\":\"https:\/\/www.epa.lt\/en\/#website\",\"url\":\"https:\/\/www.epa.lt\/en\/\",\"name\":\"{:lt}EPA (Elektronikos platintoj\u0173 asociacija){:}{:en}EPA (Distributors of electronics association) {:}\",\"description\":\"Electronic waste management\",\"publisher\":{\"@id\":\"https:\/\/www.epa.lt\/en\/#organization\"},\"potentialAction\":[{\"@type\":\"SearchAction\",\"target\":{\"@type\":\"EntryPoint\",\"urlTemplate\":\"https:\/\/www.epa.lt\/en\/?s={search_term_string}\"},\"query-input\":{\"@type\":\"PropertyValueSpecification\",\"valueRequired\":true,\"valueName\":\"search_term_string\"}}],\"inLanguage\":\"en-US\"},{\"@type\":\"Organization\",\"@id\":\"https:\/\/www.epa.lt\/en\/#organization\",\"name\":\"{:lt}EPA (Elektronikos platintoj\u0173 asociacija){:}{:en}EPA (Distributors of electronics association) {:}\",\"url\":\"https:\/\/www.epa.lt\/en\/\",\"logo\":{\"@type\":\"ImageObject\",\"inLanguage\":\"en-US\",\"@id\":\"https:\/\/www.epa.lt\/en\/#\/schema\/logo\/image\/\",\"url\":\"https:\/\/www.epa.lt\/wp-content\/uploads\/2018\/04\/EPA_logo_RGB_t_vidus.png\",\"contentUrl\":\"https:\/\/www.epa.lt\/wp-content\/uploads\/2018\/04\/EPA_logo_RGB_t_vidus.png\",\"width\":945,\"height\":945,\"caption\":\"{:lt}EPA (Elektronikos platintoj\u0173 asociacija){:}{:en}EPA (Distributors of electronics association) {:}\"},\"image\":{\"@id\":\"https:\/\/www.epa.lt\/en\/#\/schema\/logo\/image\/\"},\"sameAs\":[\"https:\/\/www.facebook.com\/asociacija.epa\"]}]}<\/script>\n<!-- \/ Yoast SEO Premium plugin. -->","yoast_head_json":{"title":"Senai elektronikai \u2013 nauj\u0105 skryd\u012f! - EPA (Distributors of electronics association)","robots":{"index":"index","follow":"follow","max-snippet":"max-snippet:-1","max-image-preview":"max-image-preview:large","max-video-preview":"max-video-preview:-1"},"canonical":"https:\/\/epa.lt\/senai-elektronikai-nauja-skrydi\/","og_locale":"en_US","og_type":"article","og_title":"Senai elektronikai \u2013 nauj\u0105 skryd\u012f! - EPA (Distributors of electronics association)","og_url":"https:\/\/epa.lt\/senai-elektronikai-nauja-skrydi\/","og_site_name":"EPA (Distributors of electronics association)","article_publisher":"https:\/\/www.facebook.com\/asociacija.epa","article_modified_time":"2024-09-06T06:29:06+00:00","og_image":[{"url":"https:\/\/www.epa.lt\/wp-content\/uploads\/2024\/09\/011__POT9256_2000px-1024x682.webp","type":"","width":"","height":""}],"twitter_card":"summary_large_image","twitter_misc":{"Est. reading time":"3 minutes"},"schema":{"@context":"https:\/\/schema.org","@graph":[{"@type":"WebPage","@id":"https:\/\/epa.lt\/senai-elektronikai-nauja-skrydi\/","url":"https:\/\/epa.lt\/senai-elektronikai-nauja-skrydi\/","name":"Senai elektronikai \u2013 nauj\u0105 skryd\u012f! - EPA (Distributors of electronics association)","isPartOf":{"@id":"https:\/\/www.epa.lt\/en\/#website"},"primaryImageOfPage":{"@id":"https:\/\/epa.lt\/senai-elektronikai-nauja-skrydi\/#primaryimage"},"image":{"@id":"https:\/\/epa.lt\/senai-elektronikai-nauja-skrydi\/#primaryimage"},"thumbnailUrl":"https:\/\/www.epa.lt\/wp-content\/uploads\/2024\/09\/011__POT9256_2000px-1024x682.webp","datePublished":"2020-02-25T08:43:11+00:00","dateModified":"2024-09-06T06:29:06+00:00","description":"Elektronikos platintoj\u0173 asociacijos (EPA) ir meninink\u0117s Agn\u0117s Ki\u0161onait\u0117s inicijuotas k\u016brybinis projektas. Susipa\u017einkite!","breadcrumb":{"@id":"https:\/\/epa.lt\/senai-elektronikai-nauja-skrydi\/#breadcrumb"},"inLanguage":"en-US","potentialAction":[{"@type":"ReadAction","target":["https:\/\/epa.lt\/senai-elektronikai-nauja-skrydi\/"]}]},{"@type":"ImageObject","inLanguage":"en-US","@id":"https:\/\/epa.lt\/senai-elektronikai-nauja-skrydi\/#primaryimage","url":"https:\/\/www.epa.lt\/wp-content\/uploads\/2024\/09\/011__POT9256_2000px-1024x682.webp","contentUrl":"https:\/\/www.epa.lt\/wp-content\/uploads\/2024\/09\/011__POT9256_2000px-1024x682.webp"},{"@type":"BreadcrumbList","@id":"https:\/\/epa.lt\/senai-elektronikai-nauja-skrydi\/#breadcrumb","itemListElement":[{"@type":"ListItem","position":1,"name":"Home","item":"https:\/\/www.epa.lt\/en\/"},{"@type":"ListItem","position":2,"name":"Senai elektronikai \u2013 nauj\u0105 skryd\u012f!"}]},{"@type":"WebSite","@id":"https:\/\/www.epa.lt\/en\/#website","url":"https:\/\/www.epa.lt\/en\/","name":"{:lt}EPA (Elektronikos platintoj\u0173 asociacija){:}{:en}EPA (Distributors of electronics association) {:}","description":"Electronic waste management","publisher":{"@id":"https:\/\/www.epa.lt\/en\/#organization"},"potentialAction":[{"@type":"SearchAction","target":{"@type":"EntryPoint","urlTemplate":"https:\/\/www.epa.lt\/en\/?s={search_term_string}"},"query-input":{"@type":"PropertyValueSpecification","valueRequired":true,"valueName":"search_term_string"}}],"inLanguage":"en-US"},{"@type":"Organization","@id":"https:\/\/www.epa.lt\/en\/#organization","name":"{:lt}EPA (Elektronikos platintoj\u0173 asociacija){:}{:en}EPA (Distributors of electronics association) {:}","url":"https:\/\/www.epa.lt\/en\/","logo":{"@type":"ImageObject","inLanguage":"en-US","@id":"https:\/\/www.epa.lt\/en\/#\/schema\/logo\/image\/","url":"https:\/\/www.epa.lt\/wp-content\/uploads\/2018\/04\/EPA_logo_RGB_t_vidus.png","contentUrl":"https:\/\/www.epa.lt\/wp-content\/uploads\/2018\/04\/EPA_logo_RGB_t_vidus.png","width":945,"height":945,"caption":"{:lt}EPA (Elektronikos platintoj\u0173 asociacija){:}{:en}EPA (Distributors of electronics association) {:}"},"image":{"@id":"https:\/\/www.epa.lt\/en\/#\/schema\/logo\/image\/"},"sameAs":["https:\/\/www.facebook.com\/asociacija.epa"]}]}},"_links":{"self":[{"href":"https:\/\/www.epa.lt\/en\/wp-json\/wp\/v2\/pages\/1103","targetHints":{"allow":["GET"]}}],"collection":[{"href":"https:\/\/www.epa.lt\/en\/wp-json\/wp\/v2\/pages"}],"about":[{"href":"https:\/\/www.epa.lt\/en\/wp-json\/wp\/v2\/types\/page"}],"author":[{"embeddable":true,"href":"https:\/\/www.epa.lt\/en\/wp-json\/wp\/v2\/users\/2"}],"replies":[{"embeddable":true,"href":"https:\/\/www.epa.lt\/en\/wp-json\/wp\/v2\/comments?post=1103"}],"version-history":[{"count":22,"href":"https:\/\/www.epa.lt\/en\/wp-json\/wp\/v2\/pages\/1103\/revisions"}],"predecessor-version":[{"id":2763,"href":"https:\/\/www.epa.lt\/en\/wp-json\/wp\/v2\/pages\/1103\/revisions\/2763"}],"wp:attachment":[{"href":"https:\/\/www.epa.lt\/en\/wp-json\/wp\/v2\/media?parent=1103"}],"curies":[{"name":"wp","href":"https:\/\/api.w.org\/{rel}","templated":true}]}}